{"id":937,"date":"2024-12-19T03:39:00","date_gmt":"2024-12-19T03:39:00","guid":{"rendered":"https:\/\/fmp-components.com\/product\/10017-china-factory-supply-tractor-hydraulic-cylinder-for-sale\/"},"modified":"2024-12-26T09:00:14","modified_gmt":"2024-12-26T09:00:14","slug":"10017-italy-factory-supply-tractor-hydraulic-cylinder-for-sale","status":"publish","type":"product","link":"https:\/\/fmp-components.com\/pt\/product\/10017-italy-factory-supply-tractor-hydraulic-cylinder-for-sale\/","title":{"rendered":"10017 It\u00e1lia F\u00e1brica de Fornecimento de Cilindro Hidr\u00e1ulico para Trator \u00e0 Venda"},"content":{"rendered":"<p>O Cilindro Hidr\u00e1ulico para Trator 10017, fornecido pela It\u00e1lia, foi projetado para oferecer desempenho e confiabilidade excepcionais em diversas aplica\u00e7\u00f5es de tratores. Fabricado com precis\u00e3o e qualidade, este cilindro hidr\u00e1ulico \u00e9 um componente essencial para aumentar a efici\u00eancia de suas m\u00e1quinas agr\u00edcolas.<\/p>\n<h4>Principais caracter\u00edsticas:<\/h4>\n<ul>\n<li><strong>Fabrica\u00e7\u00e3o de alta qualidade:<\/strong><br \/>\nProduzido na It\u00e1lia com rigorosos padr\u00f5es de controle de qualidade, o cilindro hidr\u00e1ulico 10017 \u00e9 feito para durar. Sua constru\u00e7\u00e3o robusta garante durabilidade, mesmo nos ambientes agr\u00edcolas mais exigentes.<\/li>\n<li><strong>Aplica\u00e7\u00f5es vers\u00e1teis:<\/strong><br \/>\nEste cilindro hidr\u00e1ulico \u00e9 adequado para uma variedade de aplica\u00e7\u00f5es em tratores, incluindo ara\u00e7\u00e3o, eleva\u00e7\u00e3o e reboque. Sua versatilidade o torna uma ferramenta indispens\u00e1vel para agricultores que buscam maximizar a funcionalidade de seus equipamentos.<\/li>\n<li><strong>Desempenho eficiente:<\/strong><br \/>\nO cilindro hidr\u00e1ulico 10017 opera com efici\u00eancia sob alta press\u00e3o, proporcionando potentes capacidades de eleva\u00e7\u00e3o e impuls\u00e3o. Essa efici\u00eancia aumenta a produtividade geral do seu trator, permitindo a conclus\u00e3o de tarefas mais r\u00e1pida e eficaz.<\/li>\n<li><strong>Op\u00e7\u00f5es personaliz\u00e1veis:<\/strong><br \/>\nDispon\u00edvel em diversos tamanhos e configura\u00e7\u00f5es, o cilindro 10017 pode ser personalizado para atender \u00e0s suas necessidades espec\u00edficas. Seja qual for a sua necessidade, como di\u00e2metros internos, comprimentos de curso ou tipos de conex\u00e3o, podemos fornecer solu\u00e7\u00f5es personalizadas para o seu equipamento.<\/li>\n<li><strong>Solu\u00e7\u00e3o econ\u00f4mica:<\/strong><br \/>\nCom pre\u00e7o de f\u00e1brica competitivo, o cilindro hidr\u00e1ulico 10017 oferece excelente custo-benef\u00edcio. Ele proporciona alto desempenho sem comprometer a qualidade, tornando-o acess\u00edvel para uma ampla gama de opera\u00e7\u00f5es agr\u00edcolas.<\/li>\n<\/ul>\n<p><img decoding=\"async\" class=\"aligncenter\" src=\"https:\/\/hzpt.com\/wp-content\/uploads\/2023\/12\/random-3.webp\" alt=\"\" title=\"\"><\/p>\n<h4>Especifica\u00e7\u00f5es t\u00e9cnicas:<\/h4>\n<table style=\"width: 101.159%; height: 176px;\">\n<thead>\n<tr style=\"height: 23px;\">\n<th style=\"height: 23px;\">Especifica\u00e7\u00e3o<\/th>\n<th style=\"height: 23px;\">Descri\u00e7\u00e3o<\/th>\n<\/tr>\n<\/thead>\n<tbody>\n<tr style=\"height: 26px;\">\n<td style=\"height: 26px;\"><strong>Tamanho do furo<\/strong><\/td>\n<td style=\"height: 26px;\">Personaliz\u00e1vel<\/td>\n<\/tr>\n<tr style=\"height: 26px;\">\n<td style=\"height: 26px;\"><strong>Comprimento do curso<\/strong><\/td>\n<td style=\"height: 26px;\">V\u00e1rias op\u00e7\u00f5es dispon\u00edveis<\/td>\n<\/tr>\n<tr style=\"height: 26px;\">\n<td style=\"height: 26px;\"><strong>Press\u00e3o M\u00e1xima<\/strong><\/td>\n<td style=\"height: 26px;\">At\u00e9 3000 PSI<\/td>\n<\/tr>\n<tr style=\"height: 26px;\">\n<td style=\"height: 26px;\"><strong>Material<\/strong><\/td>\n<td style=\"height: 26px;\">A\u00e7o ou alum\u00ednio de alta qualidade<\/td>\n<\/tr>\n<tr style=\"height: 26px;\">\n<td style=\"height: 26px;\"><strong>Tipo de conex\u00e3o<\/strong><\/td>\n<td style=\"height: 26px;\">Flangeado ou roscado<\/td>\n<\/tr>\n<\/tbody>\n<\/table>\n<h4>Princ\u00edpio de funcionamento:<\/h4>\n<p>O Cilindro Hidr\u00e1ulico do Trator 10017 opera com base no princ\u00edpio da press\u00e3o do fluido hidr\u00e1ulico. Quando o fluido hidr\u00e1ulico \u00e9 bombeado para dentro do cilindro, ele exerce for\u00e7a sobre o pist\u00e3o, gerando movimento linear para executar diversas tarefas. Este mecanismo confi\u00e1vel permite que os tratores operem com efici\u00eancia e efic\u00e1cia em uma variedade de aplica\u00e7\u00f5es agr\u00edcolas.<\/p>\n<p>Em resumo, o Cilindro Hidr\u00e1ulico para Trator 10017, fornecido pela It\u00e1lia, \u00e9 uma solu\u00e7\u00e3o dur\u00e1vel e eficiente para aprimorar o desempenho do trator. Sua constru\u00e7\u00e3o de alta qualidade, versatilidade e custo-benef\u00edcio o tornam um complemento essencial para qualquer opera\u00e7\u00e3o agr\u00edcola, ajudando a melhorar a produtividade e a efici\u00eancia operacional.<\/p>\n<p><img decoding=\"async\" src=\"https:\/\/hzpt.com\/wp-content\/uploads\/2023\/12\/random-5.webp\" alt=\"\" title=\"\"><\/p>\n<h2>Perguntas frequentes<\/h2>\n<p>P: Qual \u00e9 a capacidade dos seus cilindros hidr\u00e1ulicos?<br \/>\nR: A capacidade varia dependendo do modelo.<\/p>\n<p>P: Como posso fazer a manuten\u00e7\u00e3o do meu cilindro hidr\u00e1ulico?<br \/>\nR: A inspe\u00e7\u00e3o regular e a substitui\u00e7\u00e3o oportuna das veda\u00e7\u00f5es podem ajudar a manter seu cilindro hidr\u00e1ulico em boas condi\u00e7\u00f5es.<\/p>\n<p>P: Qual \u00e9 a capacidade de suporte dos seus cilindros?<br \/>\nR: Nossos cilindros t\u00eam capacidade de carga m\u00e9dia a alta.<\/p>\n<p>P: Posso personalizar meu pedido com base em requisitos espec\u00edficos?<br \/>\nR: Sim, convidamos os clientes a personalizar seus pedidos.<\/p>\n<p>P: Quais outros produtos voc\u00eas oferecem?<br \/>\nR: Tamb\u00e9m oferecemos cilindros para diversas m\u00e1quinas, como plataformas a\u00e9reas, ve\u00edculos industriais, sondas de perfura\u00e7\u00e3o rotativas, guindastes sobre caminh\u00f5es e muito mais.<\/p>\n<h2>Vantagens do Cilindro Tipo T Soldado<\/h2>\n<ul>\n<li style=\"list-style-type: none;\">\n<ul>\n<li><strong>For\u00e7a aumentada:<\/strong> Os cilindros do tipo T soldado s\u00e3o conhecidos por sua alta resist\u00eancia, tornando-os adequados para aplica\u00e7\u00f5es que exigem levantamento de peso. O processo de soldagem utilizado durante a fabrica\u00e7\u00e3o desses cilindros garante que eles estejam livres de pontos fracos e possam suportar altas press\u00f5es e tens\u00f5es.<\/li>\n<\/ul>\n<\/li>\n<\/ul>\n<p>Quando a press\u00e3o \u00e9 exercida sobre o cilindro, ela se distribui uniformemente por toda a superf\u00edcie, tornando-o resistente \u00e0 deforma\u00e7\u00e3o. Essa caracter\u00edstica garante que o cilindro mantenha sua forma e integridade estrutural mesmo em condi\u00e7\u00f5es extremas.<\/p>\n<ul>\n<li style=\"list-style-type: none;\">\n<ul>\n<li><strong>Preven\u00e7\u00e3o de vazamentos:<\/strong> Os cilindros do tipo T soldado s\u00e3o projetados para evitar vazamentos. O processo de soldagem utilizado durante a fabrica\u00e7\u00e3o garante que o cilindro fique completamente vedado e livre de poss\u00edveis vazamentos. Essa caracter\u00edstica os torna adequados para uso em aplica\u00e7\u00f5es onde vazamentos podem causar danos ou ferimentos graves.<\/li>\n<\/ul>\n<\/li>\n<\/ul>\n<p>As juntas soldadas s\u00e3o lisas, sem fendas ou ranhuras onde detritos ou sujeira podem se acumular, reduzindo o risco de corros\u00e3o e danos ao cilindro.<\/p>\n<ul>\n<li style=\"list-style-type: none;\">\n<ul>\n<li><strong>Personaliz\u00e1vel:<\/strong> Cilindros do tipo T soldado podem ser personalizados para atender a aplica\u00e7\u00f5es espec\u00edficas. Os cilindros est\u00e3o dispon\u00edveis em diferentes tamanhos e formatos e podem ser fabricados para atender aos requisitos espec\u00edficos da aplica\u00e7\u00e3o.<\/li>\n<\/ul>\n<\/li>\n<\/ul>\n<p>O processo de personaliza\u00e7\u00e3o permite que o cilindro seja otimizado para desempenho, garantindo sua adequa\u00e7\u00e3o \u00e0 aplica\u00e7\u00e3o pretendida. Essa caracter\u00edstica torna os cilindros do tipo T soldado ideais para uso em diversas aplica\u00e7\u00f5es industriais, incluindo constru\u00e7\u00e3o, minera\u00e7\u00e3o e movimenta\u00e7\u00e3o de materiais.<\/p>\n<ul>\n<li style=\"list-style-type: none;\">\n<ul>\n<li><strong>Custo-benef\u00edcio:<\/strong> Cilindros do tipo T soldado s\u00e3o mais econ\u00f4micos em compara\u00e7\u00e3o com outros tipos de cilindros. O processo de fabrica\u00e7\u00e3o usado para fabricar esses cilindros \u00e9 simples, tornando-os mais baratos do que outros tipos de cilindros.<\/li>\n<\/ul>\n<\/li>\n<\/ul>\n<p>Al\u00e9m disso, a alta resist\u00eancia e durabilidade dos cilindros tipo T soldado reduzem a necessidade de reparos e substitui\u00e7\u00f5es frequentes, economizando nos custos de manuten\u00e7\u00e3o. Essa caracter\u00edstica os torna uma escolha popular para muitos setores, especialmente aqueles com or\u00e7amento limitado.<\/p>\n<ul>\n<li style=\"list-style-type: none;\">\n<ul>\n<li><strong>Maior efici\u00eancia:<\/strong> Cilindros do tipo T soldado s\u00e3o altamente eficientes e eficazes. O design do cilindro garante que a for\u00e7a aplicada seja transferida diretamente para a carga, reduzindo a perda de energia e aumentando a efici\u00eancia.<\/li>\n<\/ul>\n<\/li>\n<\/ul>\n<p>As juntas soldadas s\u00e3o fortes e r\u00edgidas, minimizando a deflex\u00e3o e garantindo que o cilindro mantenha sua forma e integridade estrutural mesmo sob condi\u00e7\u00f5es extremas. Essa caracter\u00edstica torna os cilindros do tipo T soldado ideais para uso em aplica\u00e7\u00f5es que exigem alta efici\u00eancia e confiabilidade.<\/p>\n<p><img loading=\"lazy\" decoding=\"async\" class=\"size-full wp-image-977 aligncenter\" src=\"https:\/\/fmp-components.com\/wp-content\/uploads\/2024\/12\/Welded-Tee-Type-Cylinder3.webp\" alt=\"Cilindro tipo T soldado\" width=\"653\" height=\"600\" title=\"\" srcset=\"https:\/\/fmp-components.com\/wp-content\/uploads\/2024\/12\/Welded-Tee-Type-Cylinder3.webp 653w, https:\/\/fmp-components.com\/wp-content\/uploads\/2024\/12\/Welded-Tee-Type-Cylinder3-480x441.webp 480w\" sizes=\"(min-width: 0px) and (max-width: 480px) 480px, (min-width: 481px) 653px, 100vw\" \/><\/p>\n<h2>Aplica\u00e7\u00e3o de Cilindro Tipo T Soldado<\/h2>\n<h3>Introdu\u00e7\u00e3o<\/h3>\n<p>O cilindro tipo T soldado \u00e9 um tipo de cilindro hidr\u00e1ulico comumente utilizado em aplica\u00e7\u00f5es industriais. Ele \u00e9 projetado para fornecer alta pot\u00eancia de sa\u00edda em um conjunto compacto e econ\u00f4mico. Este tipo de cilindro consiste em um T soldado e uma haste de pist\u00e3o fixada ao T. O T \u00e9 conectado ao cilindro e cont\u00e9m um pist\u00e3o que se move para frente e para tr\u00e1s dentro do cilindro para gerar for\u00e7a.<\/p>\n<h3>Vantagens do Cilindro Tipo T Soldado<\/h3>\n<p>Existem v\u00e1rias vantagens em usar um cilindro tipo T soldado em aplica\u00e7\u00f5es industriais:<\/p>\n<ul>\n<li><b>Design compacto:<\/b> Os cilindros do tipo T soldado s\u00e3o projetados para serem compactos, o que os torna ideais para uso em aplica\u00e7\u00f5es onde o espa\u00e7o \u00e9 limitado.<\/li>\n<li><b>Alta efici\u00eancia:<\/b> Os cilindros do tipo T soldado s\u00e3o altamente eficientes, o que significa que eles podem gerar uma grande quantidade de for\u00e7a com o m\u00ednimo de energia investida.<\/li>\n<li><b>Dur\u00e1vel:<\/b> Os cilindros do tipo T soldado s\u00e3o projetados para serem altamente dur\u00e1veis, o que significa que podem suportar condi\u00e7\u00f5es operacionais adversas e durar muito tempo.<\/li>\n<li><b>Custo-benef\u00edcio:<\/b> Os cilindros do tipo T soldado s\u00e3o econ\u00f4micos, o que significa que oferecem uma boa rela\u00e7\u00e3o custo-benef\u00edcio.<\/li>\n<\/ul>\n<h3>Aplica\u00e7\u00f5es do Cilindro Tipo T Soldado<\/h3>\n<p>Existem muitas aplica\u00e7\u00f5es para cilindros do tipo T soldado em v\u00e1rios setores, incluindo:<\/p>\n<ul>\n<li><b>Fabrica\u00e7\u00e3o:<\/b> Cilindros do tipo T soldado s\u00e3o usados na fabrica\u00e7\u00e3o para operar m\u00e1quinas, mover cargas pesadas e moldar pe\u00e7as de metal.<\/li>\n<li><b>Agricultura:<\/b> Cilindros do tipo T soldado s\u00e3o usados na agricultura para operar sistemas hidr\u00e1ulicos em tratores, colheitadeiras e outros equipamentos agr\u00edcolas.<\/li>\n<li><b>Constru\u00e7\u00e3o:<\/b> Cilindros do tipo T soldado s\u00e3o usados na constru\u00e7\u00e3o para operar m\u00e1quinas como guindastes, escavadeiras e retroescavadeiras.<\/li>\n<li><b>Minera\u00e7\u00e3o:<\/b> Cilindros do tipo T soldado s\u00e3o usados na minera\u00e7\u00e3o para operar sistemas hidr\u00e1ulicos em equipamentos pesados, como tratores, carregadeiras e perfuratrizes.<\/li>\n<li><b>Transporte:<\/b> Cilindros do tipo T soldado s\u00e3o usados em transporte para operar sistemas hidr\u00e1ulicos em caminh\u00f5es, \u00f4nibus e outros ve\u00edculos.<\/li>\n<\/ul>\n<p>Concluindo, os cilindros em T soldados s\u00e3o um componente importante em muitas aplica\u00e7\u00f5es industriais. Eles s\u00e3o projetados para serem compactos, eficientes, dur\u00e1veis e econ\u00f4micos, tornando-os a escolha ideal para uma ampla gama de aplica\u00e7\u00f5es. Seja operando m\u00e1quinas em uma f\u00e1brica, equipamentos agr\u00edcolas em uma fazenda ou equipamentos pesados em uma mina, os cilindros em T soldados podem ajud\u00e1-lo a realizar o trabalho com efici\u00eancia e efic\u00e1cia.<\/p>\n<p><img loading=\"lazy\" decoding=\"async\" class=\"size-full wp-image-974 aligncenter\" src=\"https:\/\/fmp-components.com\/wp-content\/uploads\/2024\/12\/application-of-Welded-Tee-Type-Cylinder.webp\" alt=\"aplica\u00e7\u00e3o de cilindro tipo T soldado\" width=\"760\" height=\"860\" title=\"\" srcset=\"https:\/\/fmp-components.com\/wp-content\/uploads\/2024\/12\/application-of-Welded-Tee-Type-Cylinder.webp 760w, https:\/\/fmp-components.com\/wp-content\/uploads\/2024\/12\/application-of-Welded-Tee-Type-Cylinder-480x543.webp 480w\" sizes=\"(min-width: 0px) and (max-width: 480px) 480px, (min-width: 481px) 760px, 100vw\" \/><\/p>\n<h3>Sobre a FMP<\/h3>\n<p>A FMP \u00e9 l\u00edder na fabrica\u00e7\u00e3o e fornecimento de Cilindros Hidr\u00e1ulicos h\u00e1 mais de 30 anos. Nossa unidade industrial est\u00e1 localizada na It\u00e1lia e contamos com mais de 100 equipamentos, incluindo uma m\u00e1quina autom\u00e1tica de solda com prote\u00e7\u00e3o a g\u00e1s, uma furadeira de furos profundos, um torno CNC, uma retificadora cil\u00edndrica, uma m\u00e1quina autom\u00e1tica de limpeza, uma m\u00e1quina autom\u00e1tica de instala\u00e7\u00e3o, uma bancada de teste de desempenho de cilindros hidr\u00e1ulicos autom\u00e1ticos, uma linha autom\u00e1tica de pintura e muito mais. Nossos cilindros hidr\u00e1ulicos passam por rigorosos processos de processamento e inspe\u00e7\u00e3o para garantir a alta qualidade para nossos clientes.<\/p>\n<p>Na FMP, oferecemos os seguintes servi\u00e7os:<\/p>\n<ol>\n<li><strong>Servi\u00e7o de Design:<\/strong> Nossa equipe de design possui vasta experi\u00eancia em design e desenvolvimento de produtos de eixo universal. Se voc\u00ea precisar de novos produtos ou quiser melhorias adicionais, entre em contato conosco.<\/li>\n<li><strong>Servi\u00e7o de produto:<\/strong> Seguimos um processo rigoroso desde mat\u00e9rias-primas, corte, processamento bruto, testes, limpeza, montagem, embalagem e transporte para garantir produtos de alta qualidade.<\/li>\n<li><strong>Processo de amostra:<\/strong> Podemos desenvolver amostras de acordo com suas necessidades e modific\u00e1-las constantemente para atender \u00e0s suas necessidades.<\/li>\n<li><strong>P&amp;D:<\/strong> Acompanhamos as novas tend\u00eancias do mercado e desenvolvemos novos modelos de acordo com o surgimento de novos carros no mercado.<\/li>\n<li><strong>Personaliza\u00e7\u00e3o:<\/strong> Somos especializados na produ\u00e7\u00e3o e venda de v\u00e1rios tipos de cilindros hidr\u00e1ulicos e aceitamos personaliza\u00e7\u00e3o para atender \u00e0s suas necessidades espec\u00edficas.<\/li>\n<\/ol>\n<p>Temos orgulho da alta qualidade dos nossos cilindros hidr\u00e1ulicos e da nossa capacidade de oferecer um atendimento superior ao cliente. Entre em contato conosco hoje mesmo para saber mais sobre nossos produtos e servi\u00e7os.<\/p>\n<p><img decoding=\"async\" src=\"https:\/\/fmp-components.com\/wp-content\/uploads\/2024\/12\/fmp-factory-4.webp\" alt=\"F\u00e1brica de FMP\" width=\"800\" title=\"\"><br \/>\nAutor: CX<\/p>","protected":false},"excerpt":{"rendered":"<p>The 10017 Italy Factory Supply Tractor Hydraulic Cylinder is designed to deliver outstanding performance and reliability for various tractor applications. Manufactured with precision and quality, this hydraulic cylinder is an essential component for enhancing the efficiency of your agricultural machinery. Key Features: High-Quality Manufacturing: Produced in Italy with stringent quality control standards, the 10017 hydraulic [&hellip;]<\/p>","protected":false},"featured_media":1133,"comment_status":"closed","ping_status":"closed","template":"","meta":{"_et_pb_use_builder":"","_et_pb_old_content":"","_et_gb_content_width":""},"product_brand":[],"product_cat":[31],"product_tag":[34,35],"class_list":{"0":"post-937","1":"product","2":"type-product","3":"status-publish","4":"has-post-thumbnail","6":"product_cat-welded-tee-type-cylinder","7":"product_tag-hydraulic-cylinder","8":"product_tag-welded-tee-type-cylinder","10":"first","11":"instock","12":"product-type-simple"},"_links":{"self":[{"href":"https:\/\/fmp-components.com\/pt\/wp-json\/wp\/v2\/product\/937","targetHints":{"allow":["GET"]}}],"collection":[{"href":"https:\/\/fmp-components.com\/pt\/wp-json\/wp\/v2\/product"}],"about":[{"href":"https:\/\/fmp-components.com\/pt\/wp-json\/wp\/v2\/types\/product"}],"replies":[{"embeddable":true,"href":"https:\/\/fmp-components.com\/pt\/wp-json\/wp\/v2\/comments?post=937"}],"wp:featuredmedia":[{"embeddable":true,"href":"https:\/\/fmp-components.com\/pt\/wp-json\/wp\/v2\/media\/1133"}],"wp:attachment":[{"href":"https:\/\/fmp-components.com\/pt\/wp-json\/wp\/v2\/media?parent=937"}],"wp:term":[{"taxonomy":"product_brand","embeddable":true,"href":"https:\/\/fmp-components.com\/pt\/wp-json\/wp\/v2\/product_brand?post=937"},{"taxonomy":"product_cat","embeddable":true,"href":"https:\/\/fmp-components.com\/pt\/wp-json\/wp\/v2\/product_cat?post=937"},{"taxonomy":"product_tag","embeddable":true,"href":"https:\/\/fmp-components.com\/pt\/wp-json\/wp\/v2\/product_tag?post=937"}],"curies":[{"name":"wp","href":"https:\/\/api.w.org\/{rel}","templated":true}]}}