{"id":929,"date":"2024-12-19T03:39:00","date_gmt":"2024-12-19T03:39:00","guid":{"rendered":"https:\/\/fmp-components.com\/product\/10009-customized-stainless-steel-hydraulic-cylinders-mini-hydraulic-cylinder\/"},"modified":"2024-12-19T08:59:13","modified_gmt":"2024-12-19T08:59:13","slug":"10009-customized-stainless-steel-hydraulic-cylinders-mini-hydraulic-cylinder","status":"publish","type":"product","link":"https:\/\/fmp-components.com\/pt\/product\/10009-customized-stainless-steel-hydraulic-cylinders-mini-hydraulic-cylinder\/","title":{"rendered":"10009 Cilindros hidr\u00e1ulicos de a\u00e7o inoxid\u00e1vel personalizados Mini cilindro hidr\u00e1ulico"},"content":{"rendered":"<p>O Mini Cilindro Hidr\u00e1ulico 10009 de A\u00e7o Inoxid\u00e1vel Personalizado \u00e9 uma solu\u00e7\u00e3o compacta, por\u00e9m potente, projetada para aplica\u00e7\u00f5es que exigem precis\u00e3o e durabilidade. Fabricado em a\u00e7o inoxid\u00e1vel de alta qualidade, este mini cilindro hidr\u00e1ulico \u00e9 resistente \u00e0 corros\u00e3o e ao desgaste, tornando-o ideal para uso interno e externo.<\/p>\n<p><img decoding=\"async\" src=\"https:\/\/hzpt.com\/wp-content\/uploads\/2023\/12\/random-2.webp\" alt=\"\" title=\"\"><\/p>\n<h4>Principais caracter\u00edsticas:<\/h4>\n<ul>\n<li><strong>Design personaliz\u00e1vel:<\/strong><br \/>\nFeito sob medida para atender a requisitos operacionais espec\u00edficos, o minicilindro hidr\u00e1ulico 10009 pode ser personalizado em termos de comprimento de curso, tamanho do furo e tipos de conex\u00e3o para se adequar a diversas aplica\u00e7\u00f5es.<\/li>\n<li><strong>Tamanho compacto:<\/strong><br \/>\nSeu design compacto permite f\u00e1cil instala\u00e7\u00e3o em espa\u00e7os apertados, tornando-o perfeito para m\u00e1quinas e sistemas onde o espa\u00e7o \u00e9 limitado, sem comprometer o desempenho.<\/li>\n<li><strong>Constru\u00e7\u00e3o em a\u00e7o inoxid\u00e1vel:<\/strong><br \/>\nFeito de a\u00e7o inoxid\u00e1vel de alta qualidade, este cilindro oferece resist\u00eancia excepcional \u00e0 corros\u00e3o e a condi\u00e7\u00f5es ambientais adversas, garantindo longevidade e confiabilidade.<\/li>\n<li><strong>Alto desempenho:<\/strong><br \/>\nApesar de seu pequeno tamanho, o cilindro hidr\u00e1ulico oferece for\u00e7a e efici\u00eancia impressionantes, tornando-o adequado para uma variedade de aplica\u00e7\u00f5es, incluindo automa\u00e7\u00e3o, rob\u00f3tica e movimenta\u00e7\u00e3o de materiais.<\/li>\n<li><strong>Aplica\u00e7\u00f5es vers\u00e1teis:<\/strong><br \/>\nO mini cilindro hidr\u00e1ulico 10009 \u00e9 ideal para uso em v\u00e1rios setores, incluindo manufatura, automotivo e equipamentos m\u00e9dicos, onde precis\u00e3o e confiabilidade s\u00e3o primordiais.<\/li>\n<\/ul>\n<h4>Especifica\u00e7\u00f5es t\u00e9cnicas:<\/h4>\n<table style=\"width: 91.1077%; height: 188px;\">\n<thead>\n<tr>\n<th>Especifica\u00e7\u00e3o<\/th>\n<th>Descri\u00e7\u00e3o<\/th>\n<\/tr>\n<\/thead>\n<tbody>\n<tr>\n<td><strong>Tamanho do furo<\/strong><\/td>\n<td>Personaliz\u00e1vel<\/td>\n<\/tr>\n<tr>\n<td><strong>Comprimento do curso<\/strong><\/td>\n<td>Personaliz\u00e1vel<\/td>\n<\/tr>\n<tr>\n<td><strong>Press\u00e3o M\u00e1xima<\/strong><\/td>\n<td>At\u00e9 3000 PSI<\/td>\n<\/tr>\n<tr>\n<td><strong>Material<\/strong><\/td>\n<td>A\u00e7o inoxid\u00e1vel de alta qualidade<\/td>\n<\/tr>\n<tr>\n<td><strong>Tipo de conex\u00e3o<\/strong><\/td>\n<td>Flangeado, roscado ou personalizado<\/td>\n<\/tr>\n<\/tbody>\n<\/table>\n<h4><\/h4>\n<h4><img loading=\"lazy\" decoding=\"async\" class=\"size-full wp-image-977 aligncenter\" src=\"https:\/\/fmp-components.com\/wp-content\/uploads\/2024\/12\/Welded-Tee-Type-Cylinder3.webp\" alt=\"Cilindro tipo T soldado\" width=\"653\" height=\"600\" title=\"\" srcset=\"https:\/\/fmp-components.com\/wp-content\/uploads\/2024\/12\/Welded-Tee-Type-Cylinder3.webp 653w, https:\/\/fmp-components.com\/wp-content\/uploads\/2024\/12\/Welded-Tee-Type-Cylinder3-480x441.webp 480w\" sizes=\"(min-width: 0px) and (max-width: 480px) 480px, (min-width: 481px) 653px, 100vw\" \/>Princ\u00edpio de funcionamento:<\/h4>\n<p>O Mini Cilindro Hidr\u00e1ulico de A\u00e7o Inoxid\u00e1vel Personalizado 10009 opera com base no princ\u00edpio da press\u00e3o do fluido hidr\u00e1ulico. Quando o fluido hidr\u00e1ulico \u00e9 bombeado para dentro do cilindro, ele exerce press\u00e3o sobre o pist\u00e3o, gerando movimento linear. Este mecanismo permite controle preciso e a\u00e7\u00e3o potente, tornando-o essencial para aplica\u00e7\u00f5es que exigem desempenho preciso e confi\u00e1vel.<\/p>\n<p>Em resumo, o Mini Cilindro Hidr\u00e1ulico de A\u00e7o Inoxid\u00e1vel Personalizado 10009 \u00e9 uma solu\u00e7\u00e3o vers\u00e1til e eficiente para diversas necessidades industriais. Seus recursos personaliz\u00e1veis, constru\u00e7\u00e3o dur\u00e1vel em a\u00e7o inoxid\u00e1vel e alto desempenho o tornam um componente indispens\u00e1vel para aumentar a produtividade e a efici\u00eancia operacional em diversas aplica\u00e7\u00f5es.<\/p>\n<p><img decoding=\"async\" src=\"https:\/\/hzpt.com\/wp-content\/uploads\/2023\/12\/random-1.webp?v=1694163707\" alt=\"\" title=\"\"><\/p>\n<h3>Caracter\u00edsticas \u00fanicas<\/h3>\n<ul>\n<li><strong>Economia de energia:<\/strong><br \/>\nO cilindro hidr\u00e1ulico foi projetado para consumir o m\u00ednimo de energia durante a opera\u00e7\u00e3o, o que se traduz em economia significativa de custos ao longo do tempo. Ao otimizar o uso de energia, este produto n\u00e3o apenas reduz as contas de energia, mas tamb\u00e9m contribui para os esfor\u00e7os de sustentabilidade, minimizando seu impacto ambiental. Este design energeticamente eficiente o torna uma op\u00e7\u00e3o econ\u00f4mica para empresas que buscam aumentar sua efici\u00eancia operacional sem comprometer o desempenho.<\/li>\n<li><strong>Alta efici\u00eancia:<\/strong><br \/>\nProjetado para m\u00e1xima produtividade, o cilindro hidr\u00e1ulico opera com n\u00edveis de efici\u00eancia excepcionalmente altos. Sua engenharia avan\u00e7ada garante um desempenho consistente e confi\u00e1vel, permitindo tempos de ciclo mais r\u00e1pidos e maior produtividade. Essa opera\u00e7\u00e3o de alta efici\u00eancia \u00e9 crucial em ambientes industriais exigentes, onde cada segundo conta, tornando-se um recurso inestim\u00e1vel para aprimorar o fluxo de trabalho e atingir as metas de produ\u00e7\u00e3o.<\/li>\n<li><strong>Seguran\u00e7a:<\/strong><br \/>\nA seguran\u00e7a \u00e9 um fator primordial no projeto deste cilindro hidr\u00e1ulico. Ele incorpora diversos recursos de seguran\u00e7a, incluindo v\u00e1lvulas de al\u00edvio de press\u00e3o, veda\u00e7\u00f5es robustas e mecanismos de seguran\u00e7a contra falhas, para garantir uma opera\u00e7\u00e3o segura em diversas condi\u00e7\u00f5es. Esses aprimoramentos de seguran\u00e7a protegem tanto o equipamento quanto os operadores, reduzindo o risco de acidentes e tempo de inatividade. Ao priorizar a seguran\u00e7a, este produto inspira confian\u00e7a nos usu\u00e1rios, permitindo que operem as m\u00e1quinas com tranquilidade.<\/li>\n<\/ul>\n<h2>Vantagens do Cilindro Tipo T Soldado<\/h2>\n<ul>\n<li style=\"list-style-type: none;\">\n<ul>\n<li><strong>For\u00e7a aumentada:<\/strong> Os cilindros do tipo T soldado s\u00e3o conhecidos por sua alta resist\u00eancia, tornando-os adequados para aplica\u00e7\u00f5es que exigem levantamento de peso. O processo de soldagem utilizado durante a fabrica\u00e7\u00e3o desses cilindros garante que eles estejam livres de pontos fracos e possam suportar altas press\u00f5es e tens\u00f5es.<\/li>\n<\/ul>\n<\/li>\n<\/ul>\n<p>Quando a press\u00e3o \u00e9 exercida sobre o cilindro, ela se distribui uniformemente por toda a superf\u00edcie, tornando-o resistente \u00e0 deforma\u00e7\u00e3o. Essa caracter\u00edstica garante que o cilindro mantenha sua forma e integridade estrutural mesmo em condi\u00e7\u00f5es extremas.<\/p>\n<ul>\n<li style=\"list-style-type: none;\">\n<ul>\n<li><strong>Preven\u00e7\u00e3o de vazamentos:<\/strong> Os cilindros do tipo T soldado s\u00e3o projetados para evitar vazamentos. O processo de soldagem utilizado durante a fabrica\u00e7\u00e3o garante que o cilindro fique completamente vedado e livre de poss\u00edveis vazamentos. Essa caracter\u00edstica os torna adequados para uso em aplica\u00e7\u00f5es onde vazamentos podem causar danos ou ferimentos graves.<\/li>\n<\/ul>\n<\/li>\n<\/ul>\n<p>As juntas soldadas s\u00e3o lisas, sem fendas ou ranhuras onde detritos ou sujeira podem se acumular, reduzindo o risco de corros\u00e3o e danos ao cilindro.<\/p>\n<ul>\n<li style=\"list-style-type: none;\">\n<ul>\n<li><strong>Personaliz\u00e1vel:<\/strong> Cilindros do tipo T soldado podem ser personalizados para atender a aplica\u00e7\u00f5es espec\u00edficas. Os cilindros est\u00e3o dispon\u00edveis em diferentes tamanhos e formatos e podem ser fabricados para atender aos requisitos espec\u00edficos da aplica\u00e7\u00e3o.<\/li>\n<\/ul>\n<\/li>\n<\/ul>\n<p>O processo de personaliza\u00e7\u00e3o permite que o cilindro seja otimizado para desempenho, garantindo sua adequa\u00e7\u00e3o \u00e0 aplica\u00e7\u00e3o pretendida. Essa caracter\u00edstica torna os cilindros do tipo T soldado ideais para uso em diversas aplica\u00e7\u00f5es industriais, incluindo constru\u00e7\u00e3o, minera\u00e7\u00e3o e movimenta\u00e7\u00e3o de materiais.<\/p>\n<ul>\n<li style=\"list-style-type: none;\">\n<ul>\n<li><strong>Custo-benef\u00edcio:<\/strong> Cilindros do tipo T soldado s\u00e3o mais econ\u00f4micos em compara\u00e7\u00e3o com outros tipos de cilindros. O processo de fabrica\u00e7\u00e3o usado para fabricar esses cilindros \u00e9 simples, tornando-os mais baratos do que outros tipos de cilindros.<\/li>\n<\/ul>\n<\/li>\n<\/ul>\n<p>Al\u00e9m disso, a alta resist\u00eancia e durabilidade dos cilindros tipo T soldado reduzem a necessidade de reparos e substitui\u00e7\u00f5es frequentes, economizando nos custos de manuten\u00e7\u00e3o. Essa caracter\u00edstica os torna uma escolha popular para muitos setores, especialmente aqueles com or\u00e7amento limitado.<\/p>\n<ul>\n<li style=\"list-style-type: none;\">\n<ul>\n<li><strong>Maior efici\u00eancia:<\/strong> Cilindros do tipo T soldado s\u00e3o altamente eficientes e eficazes. O design do cilindro garante que a for\u00e7a aplicada seja transferida diretamente para a carga, reduzindo a perda de energia e aumentando a efici\u00eancia.<\/li>\n<\/ul>\n<\/li>\n<\/ul>\n<p>As juntas soldadas s\u00e3o fortes e r\u00edgidas, minimizando a deflex\u00e3o e garantindo que o cilindro mantenha sua forma e integridade estrutural mesmo sob condi\u00e7\u00f5es extremas. Essa caracter\u00edstica torna os cilindros do tipo T soldado ideais para uso em aplica\u00e7\u00f5es que exigem alta efici\u00eancia e confiabilidade.<\/p>\n<p><img loading=\"lazy\" decoding=\"async\" class=\"size-full wp-image-974 aligncenter\" src=\"https:\/\/fmp-components.com\/wp-content\/uploads\/2024\/12\/application-of-Welded-Tee-Type-Cylinder.webp\" alt=\"aplica\u00e7\u00e3o de cilindro tipo T soldado\" width=\"760\" height=\"860\" title=\"\" srcset=\"https:\/\/fmp-components.com\/wp-content\/uploads\/2024\/12\/application-of-Welded-Tee-Type-Cylinder.webp 760w, https:\/\/fmp-components.com\/wp-content\/uploads\/2024\/12\/application-of-Welded-Tee-Type-Cylinder-480x543.webp 480w\" sizes=\"(min-width: 0px) and (max-width: 480px) 480px, (min-width: 481px) 760px, 100vw\" \/><\/p>\n<h2>Aplica\u00e7\u00e3o de Cilindro Tipo T Soldado<\/h2>\n<ol>\n<li>\n<h3>Ind\u00fastria automotiva<\/h3>\n<p>Cilindros tipo T\u00ea soldados s\u00e3o amplamente utilizados na ind\u00fastria automotiva. S\u00e3o utilizados em portas de autom\u00f3veis, elevadores de cap\u00f4 e porta-malas, tetos convers\u00edveis e sistemas de dire\u00e7\u00e3o hidr\u00e1ulica. Esses cilindros s\u00e3o preferidos devido \u00e0 sua capacidade de fornecer alta pot\u00eancia com baixa necessidade de espa\u00e7o. O projeto do cilindro tipo T\u00ea \u00e9 adequado para aplica\u00e7\u00f5es em que a for\u00e7a precisa ser transferida em duas dire\u00e7\u00f5es diferentes.<\/p>\n<p>Al\u00e9m disso, a constru\u00e7\u00e3o soldada desses cilindros permite que operem em altas temperaturas e press\u00f5es sem vazamentos, o que os torna adequados para uso em motores, transmiss\u00f5es e sistemas de freios.<\/li>\n<li>\n<h3>Ind\u00fastria de manufatura<\/h3>\n<p>Cilindros tipo T\u00ea soldados tamb\u00e9m s\u00e3o utilizados na ind\u00fastria de manufatura. S\u00e3o utilizados em prensas hidr\u00e1ulicas, m\u00e1quinas de forjamento e m\u00e1quinas de corte de metal. A alta pot\u00eancia de sa\u00edda desses cilindros os torna ideais para aplica\u00e7\u00f5es que exigem muita for\u00e7a em um espa\u00e7o pequeno.<\/p>\n<p>O design do cilindro tipo T tamb\u00e9m \u00e9 adequado para aplica\u00e7\u00f5es em que a for\u00e7a precisa ser transferida em duas dire\u00e7\u00f5es diferentes. Por exemplo, em uma prensa hidr\u00e1ulica, o cilindro tipo T pode ser usado para aplicar for\u00e7a tanto vertical quanto horizontalmente, permitindo processos de fabrica\u00e7\u00e3o mais complexos.<\/li>\n<li>\n<h3>Ind\u00fastria aeroespacial<\/h3>\n<p>Cilindros tipo T\u00ea Soldado s\u00e3o utilizados na ind\u00fastria aeroespacial para uma variedade de aplica\u00e7\u00f5es. S\u00e3o utilizados em sistemas de trem de pouso, portas de carga e sistemas de controle de voo. A alta pot\u00eancia e o design compacto desses cilindros os tornam ideais para uso no espa\u00e7o limitado dispon\u00edvel em uma aeronave.<\/p>\n<p>A constru\u00e7\u00e3o soldada desses cilindros tamb\u00e9m os torna resistentes \u00e0s altas press\u00f5es e temperaturas experimentadas durante o voo. Al\u00e9m disso, o design do cilindro tipo T permite que a for\u00e7a seja transferida em duas dire\u00e7\u00f5es diferentes, tornando-o ideal para aplica\u00e7\u00f5es em que a for\u00e7a precisa ser aplicada em \u00e2ngulo.<\/li>\n<li>\n<h3>Ind\u00fastria da Constru\u00e7\u00e3o<\/h3>\n<p>Cilindros tipo T\u00ea Soldado s\u00e3o utilizados na ind\u00fastria da constru\u00e7\u00e3o para aplica\u00e7\u00f5es de eleva\u00e7\u00e3o e movimenta\u00e7\u00e3o de cargas pesadas. S\u00e3o utilizados em guindastes, escavadeiras e retroescavadeiras. A alta pot\u00eancia de sa\u00edda e o design compacto desses cilindros os tornam ideais para uso em espa\u00e7os limitados em canteiros de obras.<\/p>\n<p>O design do cilindro tipo T permite que a for\u00e7a seja transferida em duas dire\u00e7\u00f5es diferentes, tornando-o ideal para aplica\u00e7\u00f5es onde a for\u00e7a precisa ser aplicada em \u00e2ngulo. Al\u00e9m disso, a constru\u00e7\u00e3o soldada desses cilindros permite que operem em altas press\u00f5es e temperaturas sem vazamentos, tornando-os adequados para uso em ambientes externos adversos.<\/li>\n<\/ol>\n<h3>Sobre a FMP<\/h3>\n<p>A FMP \u00e9 l\u00edder na fabrica\u00e7\u00e3o e fornecimento de Cilindros Hidr\u00e1ulicos h\u00e1 mais de 30 anos. Nossa unidade industrial est\u00e1 localizada na It\u00e1lia e contamos com mais de 100 equipamentos, incluindo m\u00e1quinas de solda autom\u00e1tica com prote\u00e7\u00e3o a g\u00e1s, mandriladoras de furos profundos, tornos CNC, retificadoras cil\u00edndricas, m\u00e1quinas de limpeza autom\u00e1tica, m\u00e1quinas de instala\u00e7\u00e3o autom\u00e1tica, bancadas de teste de desempenho de cilindros hidr\u00e1ulicos autom\u00e1ticos, linhas de pintura autom\u00e1ticas e muito mais.<\/p>\n<p>Nossos Cilindros Hidr\u00e1ulicos s\u00e3o projetados e processados \u200b\u200bcom rigoroso controle de qualidade para garantir que entregamos apenas o melhor aos nossos clientes. Nossos servi\u00e7os incluem:<\/p>\n<ol>\n<li><strong>Servi\u00e7o de Design:<\/strong> Nossa experiente equipe de design pode ajudar voc\u00ea com quaisquer necessidades de novos produtos ou melhorias que voc\u00ea queira.<\/li>\n<li><strong>Servi\u00e7o de produto:<\/strong> Garantimos a qualidade durante todo o processo de sele\u00e7\u00e3o de mat\u00e9rias-primas, corte, processamento bruto, testes, limpeza, montagem, embalagem e transporte.<\/li>\n<li><strong>Processo de amostra:<\/strong> Podemos desenvolver e modificar constantemente amostras de acordo com suas necessidades espec\u00edficas.<\/li>\n<li><strong>P&amp;D:<\/strong> Estudamos novas necessidades de mercado e desenvolvemos novos modelos de acordo.<\/li>\n<li><strong>Personaliza\u00e7\u00e3o:<\/strong> Aceitamos solicita\u00e7\u00f5es de personaliza\u00e7\u00e3o para todos os tipos de Cilindros Hidr\u00e1ulicos.<\/li>\n<\/ol>\n<p>Nosso compromisso com a qualidade e a satisfa\u00e7\u00e3o do cliente nos diferencia de outros fabricantes. Buscamos oferecer os melhores produtos e servi\u00e7os para atender \u00e0s suas necessidades.<\/p>\n<p><img decoding=\"async\" src=\"https:\/\/fmp-components.com\/wp-content\/uploads\/2024\/12\/fmp-factory-4.webp\" alt=\"F\u00e1brica de FMP\" width=\"800\" title=\"\"><br \/>\nAutor: CX<\/p>","protected":false},"excerpt":{"rendered":"<p>The 10009 Customized Stainless Steel Mini Hydraulic Cylinder is a compact yet powerful solution designed for applications requiring precision and durability. Crafted from high-quality stainless steel, this mini hydraulic cylinder is resistant to corrosion and wear, making it ideal for both indoor and outdoor use. Key Features: Customizable Design: Tailored to meet specific operational requirements, [&hellip;]<\/p>","protected":false},"featured_media":1132,"comment_status":"closed","ping_status":"closed","template":"","meta":{"_et_pb_use_builder":"","_et_pb_old_content":"","_et_gb_content_width":""},"product_brand":[],"product_cat":[31],"product_tag":[34,35],"class_list":{"0":"post-929","1":"product","2":"type-product","3":"status-publish","4":"has-post-thumbnail","6":"product_cat-welded-tee-type-cylinder","7":"product_tag-hydraulic-cylinder","8":"product_tag-welded-tee-type-cylinder","10":"first","11":"instock","12":"product-type-simple"},"_links":{"self":[{"href":"https:\/\/fmp-components.com\/pt\/wp-json\/wp\/v2\/product\/929","targetHints":{"allow":["GET"]}}],"collection":[{"href":"https:\/\/fmp-components.com\/pt\/wp-json\/wp\/v2\/product"}],"about":[{"href":"https:\/\/fmp-components.com\/pt\/wp-json\/wp\/v2\/types\/product"}],"replies":[{"embeddable":true,"href":"https:\/\/fmp-components.com\/pt\/wp-json\/wp\/v2\/comments?post=929"}],"wp:featuredmedia":[{"embeddable":true,"href":"https:\/\/fmp-components.com\/pt\/wp-json\/wp\/v2\/media\/1132"}],"wp:attachment":[{"href":"https:\/\/fmp-components.com\/pt\/wp-json\/wp\/v2\/media?parent=929"}],"wp:term":[{"taxonomy":"product_brand","embeddable":true,"href":"https:\/\/fmp-components.com\/pt\/wp-json\/wp\/v2\/product_brand?post=929"},{"taxonomy":"product_cat","embeddable":true,"href":"https:\/\/fmp-components.com\/pt\/wp-json\/wp\/v2\/product_cat?post=929"},{"taxonomy":"product_tag","embeddable":true,"href":"https:\/\/fmp-components.com\/pt\/wp-json\/wp\/v2\/product_tag?post=929"}],"curies":[{"name":"wp","href":"https:\/\/api.w.org\/{rel}","templated":true}]}}