{"id":919,"date":"2024-12-19T03:39:00","date_gmt":"2024-12-19T03:39:00","guid":{"rendered":"https:\/\/fmp-components.com\/product\/10001-selected-products-double-acting-hydraulic-cylinder-with-end-plug-hole-for-agricultural-machinery-american-standard-black-serious\/"},"modified":"2024-12-26T09:00:43","modified_gmt":"2024-12-26T09:00:43","slug":"10001-selected-products-double-acting-hydraulic-cylinder-with-end-plug-hole-for-agricultural-machinery-american-standard-black-serious","status":"publish","type":"product","link":"https:\/\/fmp-components.com\/pt\/product\/10001-selected-products-double-acting-hydraulic-cylinder-with-end-plug-hole-for-agricultural-machinery-american-standard-black-serious\/","title":{"rendered":"10001 Produtos selecionados Cilindro hidr\u00e1ulico de dupla a\u00e7\u00e3o com furo de tamp\u00e3o final para m\u00e1quinas agr\u00edcolas American Standard BLACK Serious"},"content":{"rendered":"<div class=\"ChatMessage_chatMessage__xkgHx\" data-complete=\"true\">\n<div class=\"ChatMessage_messageRow__DHlnq\">\n<div class=\"ChatMessage_messageWrapper__4Ugd6\">\n<div class=\"Message_rowWithFooter__FShU6\">\n<div class=\"Message_row__ug_UU\">\n<div class=\"Message_messageBubbleWrapper__sEq8z\">\n<div class=\"Message_leftSideMessageBubble__VPdk6\">\n<div class=\"Message_messageTextContainer__w64Sc\">\n<div>\n<div class=\"Markdown_markdownContainer__Tz3HQ\">\n<p>O cilindro hidr\u00e1ulico de dupla a\u00e7\u00e3o 10001 Selected Products foi projetado para m\u00e1quinas agr\u00edcolas, oferecendo desempenho confi\u00e1vel e durabilidade. Desenvolvido para atender aos padr\u00f5es americanos, este cilindro hidr\u00e1ulico possui um orif\u00edcio para buj\u00e3o na extremidade, proporcionando maior versatilidade em diversas aplica\u00e7\u00f5es.<\/p>\n<h4>Principais caracter\u00edsticas:<\/h4>\n<ul>\n<li><strong>Mecanismo de dupla a\u00e7\u00e3o:<\/strong><br \/>\nEste cilindro hidr\u00e1ulico opera tanto em extens\u00e3o quanto em retra\u00e7\u00e3o, garantindo movimentos eficientes e controlados. O design de dupla a\u00e7\u00e3o amplia sua funcionalidade para uma vasta gama de tarefas agr\u00edcolas, desde o levantamento de implementos at\u00e9 o empurrar e puxar.<\/li>\n<li><strong>Design do orif\u00edcio do tamp\u00e3o final:<\/strong><br \/>\nA inclus\u00e3o de um orif\u00edcio para buj\u00e3o na extremidade permite f\u00e1cil fixa\u00e7\u00e3o e personaliza\u00e7\u00e3o, tornando-o adequado para diversas configura\u00e7\u00f5es de m\u00e1quinas agr\u00edcolas. Esse recurso aumenta a adaptabilidade do cilindro, garantindo que ele atenda a necessidades operacionais espec\u00edficas.<\/li>\n<li><strong>Constru\u00e7\u00e3o de alta qualidade:<\/strong><br \/>\nFabricado com materiais de alta qualidade, o cilindro hidr\u00e1ulico 10001 foi projetado para suportar as condi\u00e7\u00f5es exigentes dos ambientes agr\u00edcolas. Sua constru\u00e7\u00e3o robusta garante desempenho e confiabilidade duradouros, mesmo sob cargas pesadas.<\/li>\n<li><strong>Conformidade com os padr\u00f5es americanos:<\/strong><br \/>\nProjetado para atender aos padr\u00f5es da ind\u00fastria americana, este cilindro hidr\u00e1ulico garante compatibilidade e seguran\u00e7a em aplica\u00e7\u00f5es agr\u00edcolas. Os agricultores podem confiar em sua qualidade e desempenho em suas opera\u00e7\u00f5es.<\/li>\n<li><strong>Aplica\u00e7\u00f5es vers\u00e1teis:<\/strong><br \/>\nO cilindro hidr\u00e1ulico 10001 \u00e9 ideal para uma variedade de m\u00e1quinas agr\u00edcolas, incluindo tratores, colheitadeiras e carregadeiras. Sua versatilidade o torna um valioso complemento para qualquer opera\u00e7\u00e3o agr\u00edcola.<\/li>\n<\/ul>\n<h4>Especifica\u00e7\u00f5es t\u00e9cnicas:<\/h4>\n<table style=\"width: 97.8316%; height: 216px;\">\n<thead>\n<tr>\n<th>Especifica\u00e7\u00e3o<\/th>\n<th>Descri\u00e7\u00e3o<\/th>\n<\/tr>\n<\/thead>\n<tbody>\n<tr>\n<td><strong>Capacidade de carga<\/strong><\/td>\n<td>Personaliz\u00e1vel<\/td>\n<\/tr>\n<tr>\n<td><strong>Tamanho do furo<\/strong><\/td>\n<td>V\u00e1rias op\u00e7\u00f5es dispon\u00edveis<\/td>\n<\/tr>\n<tr>\n<td><strong>Comprimento do curso<\/strong><\/td>\n<td>Personaliz\u00e1vel<\/td>\n<\/tr>\n<tr>\n<td><strong>Press\u00e3o M\u00e1xima<\/strong><\/td>\n<td>At\u00e9 3000 PSI<\/td>\n<\/tr>\n<tr>\n<td><strong>Material<\/strong><\/td>\n<td>A\u00e7o de alta qualidade<\/td>\n<\/tr>\n<tr>\n<td><strong>Tipo de conex\u00e3o<\/strong><\/td>\n<td>Flangeado ou roscado<\/td>\n<\/tr>\n<\/tbody>\n<\/table>\n<h4>Princ\u00edpio de funcionamento:<\/h4>\n<p>O cilindro hidr\u00e1ulico de dupla a\u00e7\u00e3o 10001 opera com base na press\u00e3o do fluido hidr\u00e1ulico. Quando o fluido hidr\u00e1ulico \u00e9 bombeado para dentro do cilindro, ele exerce for\u00e7a sobre o pist\u00e3o, gerando movimento linear em ambas as dire\u00e7\u00f5es. Esse mecanismo eficaz permite um controle preciso das tarefas agr\u00edcolas, aumentando a efici\u00eancia e a produtividade.<\/p>\n<p>Em resumo, o cilindro hidr\u00e1ulico de dupla a\u00e7\u00e3o 10001 Selected Products com furo para buj\u00e3o na extremidade \u00e9 uma solu\u00e7\u00e3o confi\u00e1vel e vers\u00e1til para m\u00e1quinas agr\u00edcolas. Sua constru\u00e7\u00e3o robusta, conformidade com as normas americanas e adaptabilidade o tornam uma ferramenta essencial para agricultores que buscam melhorar a efici\u00eancia operacional.<\/p>\n<\/div>\n<\/div>\n<\/div>\n<\/div>\n<\/div>\n<\/div>\n<\/div>\n<\/div>\n<\/div>\n<\/div>\n<p><img decoding=\"async\" src=\"https:\/\/hzpt.com\/wp-content\/uploads\/2023\/12\/random-2.webp\" alt=\"\" title=\"\"><\/p>\n<h2>Introdu\u00e7\u00e3o ao produto<\/h2>\n<p>O cilindro hidr\u00e1ulico de dupla a\u00e7\u00e3o com orif\u00edcio para buj\u00e3o de extremidade \u00e9 um cilindro hidr\u00e1ulico vers\u00e1til e confi\u00e1vel, projetado para atender \u00e0s exig\u00eancias de setores como agricultura, minera\u00e7\u00e3o e constru\u00e7\u00e3o. Este produto possui um longo hist\u00f3rico de desempenho e durabilidade comprovados e est\u00e1 dispon\u00edvel em diversos tipos e tamanhos para atender a uma ampla gama de aplica\u00e7\u00f5es espec\u00edficas.<\/p>\n<p>A instala\u00e7\u00e3o e a manuten\u00e7\u00e3o deste cilindro hidr\u00e1ulico s\u00e3o f\u00e1ceis, tornando-o uma escolha popular para empresas que buscam um produto descomplicado e que ofere\u00e7a resultados excepcionais. Seja voc\u00ea agricultor, trabalhador da constru\u00e7\u00e3o civil ou mineiro, o Cilindro Hidr\u00e1ulico de Dupla A\u00e7\u00e3o com Orif\u00edcio para Tamp\u00e3o \u00e9 uma ferramenta essencial que pode ajud\u00e1-lo a realizar o trabalho de forma r\u00e1pida, eficiente e segura.<\/p>\n<h2>Sele\u00e7\u00e3o e promo\u00e7\u00e3o de produtos<\/h2>\n<p>A escolha do \u00f3leo hidr\u00e1ulico e da veda\u00e7\u00e3o corretos \u00e9 crucial para o funcionamento eficiente do cilindro hidr\u00e1ulico de dupla a\u00e7\u00e3o. \u00c9 importante substituir o \u00f3leo hidr\u00e1ulico regularmente e verificar o cilindro hidr\u00e1ulico para garantir o desempenho ideal. Na FMP, fornecemos orienta\u00e7\u00f5es sobre como selecionar o \u00f3leo hidr\u00e1ulico e a veda\u00e7\u00e3o corretos, bem como sobre como substituir e verificar o cilindro hidr\u00e1ulico.<\/p>\n<p>A FMP \u00e9 uma empresa l\u00edder no mercado de cilindros hidr\u00e1ulicos para m\u00e1quinas m\u00f3veis na It\u00e1lia. Oferecemos uma ampla gama de produtos, incluindo cilindros hidr\u00e1ulicos de inclina\u00e7\u00e3o, dire\u00e7\u00e3o e eleva\u00e7\u00e3o, todos projetados para oferecer desempenho e durabilidade excepcionais. Nossa capacidade de produ\u00e7\u00e3o de 200.000 conjuntos e 300 conjuntos de diversos equipamentos de produ\u00e7\u00e3o CNC totalmente automatizados, al\u00e9m de equipamentos de montagem de cilindros hidr\u00e1ulicos tamb\u00e9m totalmente automatizados, garantem que possamos atender \u00e0s necessidades de empresas de todos os portes.<\/p>\n<p>Se voc\u00ea precisa de um cilindro hidr\u00e1ulico de dupla a\u00e7\u00e3o para fins agr\u00edcolas, de constru\u00e7\u00e3o ou de minera\u00e7\u00e3o, a FMP tem o produto certo para voc\u00ea a pre\u00e7os competitivos. Al\u00e9m disso, oferecemos um excelente servi\u00e7o para garantir a total satisfa\u00e7\u00e3o de nossos clientes com suas compras.<\/p>\n<p>Al\u00e9m disso, a FMP fornece uma gama de outros cilindros hidr\u00e1ulicos, incluindo cilindros para plataformas elevat\u00f3rias, cilindros hidr\u00e1ulicos para ve\u00edculos industriais, cilindros para perfuratrizes rotativas, cilindros para guindastes automotivos, cilindros hidr\u00e1ulicos para m\u00e1quinas de constru\u00e7\u00e3o, cilindros hidr\u00e1ulicos para empilhadeiras, cilindros para caminh\u00f5es basculantes de minera\u00e7\u00e3o, cilindros hidr\u00e1ulicos para m\u00e1quinas de saneamento e muito mais. Tamb\u00e9m oferecemos servi\u00e7os de personaliza\u00e7\u00e3o para clientes com requisitos espec\u00edficos.<\/p>\n<p><img decoding=\"async\" src=\"https:\/\/hzpt.com\/wp-content\/uploads\/2023\/12\/random-6.webp\" alt=\"F\u00e1brica FMP\" title=\"\"><\/p>\n<h2>Perguntas frequentes<\/h2>\n<p>P: Para que serve o cilindro hidr\u00e1ulico de dupla a\u00e7\u00e3o com orif\u00edcio para buj\u00e3o na extremidade?<\/p>\n<p>A: O cilindro hidr\u00e1ulico de dupla a\u00e7\u00e3o \u00e9 utilizado em diversas aplica\u00e7\u00f5es, como agricultura, constru\u00e7\u00e3o civil, minera\u00e7\u00e3o e muito mais. Esses cilindros s\u00e3o componentes essenciais de m\u00e1quinas pesadas, fornecendo a for\u00e7a necess\u00e1ria para levantar, empurrar e puxar cargas volumosas.<\/p>\n<p>P: Como funciona o sistema hidr\u00e1ulico?<\/p>\n<p>A: O sistema hidr\u00e1ulico funciona utilizando um fluido pressurizado para exercer for\u00e7a sobre um pist\u00e3o. O pist\u00e3o, ent\u00e3o, move a carga, permitindo a movimenta\u00e7\u00e3o f\u00e1cil e eficiente de m\u00e1quinas pesadas. O sistema hidr\u00e1ulico funciona com base no princ\u00edpio da lei de Pascal, que afirma que a press\u00e3o aplicada a um fluido confinado \u00e9 transmitida uniformemente por todo o fluido em todas as dire\u00e7\u00f5es.<\/p>\n<p>P: Quais s\u00e3o as vantagens do cilindro hidr\u00e1ulico de dupla a\u00e7\u00e3o?<\/p>\n<p>A: O cilindro hidr\u00e1ulico de dupla a\u00e7\u00e3o \u00e9 energeticamente eficiente, altamente eficaz e seguro de usar. Oferece desempenho e durabilidade excepcionais, tornando-se uma ferramenta essencial para o bom funcionamento de m\u00e1quinas pesadas.<\/p>\n<h2>Vantagens do Cilindro Tipo T Soldado<\/h2>\n<ul>\n<li style=\"list-style-type: none;\">\n<ul>\n<li><strong>For\u00e7a aumentada:<\/strong> Os cilindros do tipo T soldado s\u00e3o conhecidos por sua alta resist\u00eancia, tornando-os adequados para aplica\u00e7\u00f5es que exigem levantamento de peso. O processo de soldagem utilizado durante a fabrica\u00e7\u00e3o desses cilindros garante que eles estejam livres de pontos fracos e possam suportar altas press\u00f5es e tens\u00f5es.<\/li>\n<\/ul>\n<\/li>\n<\/ul>\n<p>Quando a press\u00e3o \u00e9 exercida sobre o cilindro, ela se distribui uniformemente por toda a superf\u00edcie, tornando-o resistente \u00e0 deforma\u00e7\u00e3o. Essa caracter\u00edstica garante que o cilindro mantenha sua forma e integridade estrutural mesmo em condi\u00e7\u00f5es extremas.<\/p>\n<ul>\n<li style=\"list-style-type: none;\">\n<ul>\n<li><strong>Preven\u00e7\u00e3o de vazamentos:<\/strong> Os cilindros do tipo T soldado s\u00e3o projetados para evitar vazamentos. O processo de soldagem utilizado durante a fabrica\u00e7\u00e3o garante que o cilindro fique completamente vedado e livre de poss\u00edveis vazamentos. Essa caracter\u00edstica os torna adequados para uso em aplica\u00e7\u00f5es onde vazamentos podem causar danos ou ferimentos graves.<\/li>\n<\/ul>\n<\/li>\n<\/ul>\n<p>As juntas soldadas s\u00e3o lisas, sem fendas ou ranhuras onde detritos ou sujeira podem se acumular, reduzindo o risco de corros\u00e3o e danos ao cilindro.<\/p>\n<ul>\n<li style=\"list-style-type: none;\">\n<ul>\n<li><strong>Personaliz\u00e1vel:<\/strong> Cilindros do tipo T soldado podem ser personalizados para atender a aplica\u00e7\u00f5es espec\u00edficas. Os cilindros est\u00e3o dispon\u00edveis em diferentes tamanhos e formatos e podem ser fabricados para atender aos requisitos espec\u00edficos da aplica\u00e7\u00e3o.<\/li>\n<\/ul>\n<\/li>\n<\/ul>\n<p>O processo de personaliza\u00e7\u00e3o permite que o cilindro seja otimizado para desempenho, garantindo sua adequa\u00e7\u00e3o \u00e0 aplica\u00e7\u00e3o pretendida. Essa caracter\u00edstica torna os cilindros do tipo T soldado ideais para uso em diversas aplica\u00e7\u00f5es industriais, incluindo constru\u00e7\u00e3o, minera\u00e7\u00e3o e movimenta\u00e7\u00e3o de materiais.<\/p>\n<ul>\n<li style=\"list-style-type: none;\">\n<ul>\n<li><strong>Custo-benef\u00edcio:<\/strong> Cilindros do tipo T soldado s\u00e3o mais econ\u00f4micos em compara\u00e7\u00e3o com outros tipos de cilindros. O processo de fabrica\u00e7\u00e3o usado para fabricar esses cilindros \u00e9 simples, tornando-os mais baratos do que outros tipos de cilindros.<\/li>\n<\/ul>\n<\/li>\n<\/ul>\n<p>Al\u00e9m disso, a alta resist\u00eancia e durabilidade dos cilindros tipo T soldado reduzem a necessidade de reparos e substitui\u00e7\u00f5es frequentes, economizando nos custos de manuten\u00e7\u00e3o. Essa caracter\u00edstica os torna uma escolha popular para muitos setores, especialmente aqueles com or\u00e7amento limitado.<\/p>\n<ul>\n<li style=\"list-style-type: none;\">\n<ul>\n<li><strong>Maior efici\u00eancia:<\/strong> Cilindros do tipo T soldado s\u00e3o altamente eficientes e eficazes. O design do cilindro garante que a for\u00e7a aplicada seja transferida diretamente para a carga, reduzindo a perda de energia e aumentando a efici\u00eancia.<\/li>\n<\/ul>\n<\/li>\n<\/ul>\n<p>As juntas soldadas s\u00e3o fortes e r\u00edgidas, minimizando a deflex\u00e3o e garantindo que o cilindro mantenha sua forma e integridade estrutural mesmo sob condi\u00e7\u00f5es extremas. Essa caracter\u00edstica torna os cilindros do tipo T soldado ideais para uso em aplica\u00e7\u00f5es que exigem alta efici\u00eancia e confiabilidade.<\/p>\n<p><img loading=\"lazy\" decoding=\"async\" class=\"size-full wp-image-977 aligncenter\" src=\"https:\/\/fmp-components.com\/wp-content\/uploads\/2024\/12\/Welded-Tee-Type-Cylinder3.webp\" alt=\"Cilindro tipo T soldado\" width=\"653\" height=\"600\" title=\"\" srcset=\"https:\/\/fmp-components.com\/wp-content\/uploads\/2024\/12\/Welded-Tee-Type-Cylinder3.webp 653w, https:\/\/fmp-components.com\/wp-content\/uploads\/2024\/12\/Welded-Tee-Type-Cylinder3-480x441.webp 480w\" sizes=\"(min-width: 0px) and (max-width: 480px) 480px, (min-width: 481px) 653px, 100vw\" \/><\/p>\n<h2>Aplica\u00e7\u00e3o de Cilindro Tipo T Soldado<\/h2>\n<ol>\n<li>\n<h3>Ind\u00fastria automotiva<\/h3>\n<p>Cilindros tipo T\u00ea soldados s\u00e3o amplamente utilizados na ind\u00fastria automotiva. S\u00e3o utilizados em portas de autom\u00f3veis, elevadores de cap\u00f4 e porta-malas, tetos convers\u00edveis e sistemas de dire\u00e7\u00e3o hidr\u00e1ulica. Esses cilindros s\u00e3o preferidos devido \u00e0 sua capacidade de fornecer alta pot\u00eancia com baixa necessidade de espa\u00e7o. O projeto do cilindro tipo T\u00ea \u00e9 adequado para aplica\u00e7\u00f5es em que a for\u00e7a precisa ser transferida em duas dire\u00e7\u00f5es diferentes.<\/p>\n<p>Al\u00e9m disso, a constru\u00e7\u00e3o soldada desses cilindros permite que operem em altas temperaturas e press\u00f5es sem vazamentos, o que os torna adequados para uso em motores, transmiss\u00f5es e sistemas de freios.<\/li>\n<li>\n<h3>Ind\u00fastria de manufatura<\/h3>\n<p>Cilindros tipo T\u00ea soldados tamb\u00e9m s\u00e3o utilizados na ind\u00fastria de manufatura. S\u00e3o utilizados em prensas hidr\u00e1ulicas, m\u00e1quinas de forjamento e m\u00e1quinas de corte de metal. A alta pot\u00eancia de sa\u00edda desses cilindros os torna ideais para aplica\u00e7\u00f5es que exigem muita for\u00e7a em um espa\u00e7o pequeno.<\/p>\n<p>O design do cilindro tipo T tamb\u00e9m \u00e9 adequado para aplica\u00e7\u00f5es em que a for\u00e7a precisa ser transferida em duas dire\u00e7\u00f5es diferentes. Por exemplo, em uma prensa hidr\u00e1ulica, o cilindro tipo T pode ser usado para aplicar for\u00e7a tanto vertical quanto horizontalmente, permitindo processos de fabrica\u00e7\u00e3o mais complexos.<\/li>\n<li>\n<h3>Ind\u00fastria aeroespacial<\/h3>\n<p>Cilindros tipo T\u00ea Soldado s\u00e3o utilizados na ind\u00fastria aeroespacial para uma variedade de aplica\u00e7\u00f5es. S\u00e3o utilizados em sistemas de trem de pouso, portas de carga e sistemas de controle de voo. A alta pot\u00eancia e o design compacto desses cilindros os tornam ideais para uso no espa\u00e7o limitado dispon\u00edvel em uma aeronave.<\/p>\n<p>A constru\u00e7\u00e3o soldada desses cilindros tamb\u00e9m os torna resistentes \u00e0s altas press\u00f5es e temperaturas experimentadas durante o voo. Al\u00e9m disso, o design do cilindro tipo T permite que a for\u00e7a seja transferida em duas dire\u00e7\u00f5es diferentes, tornando-o ideal para aplica\u00e7\u00f5es em que a for\u00e7a precisa ser aplicada em \u00e2ngulo.<\/li>\n<li>\n<h3>Ind\u00fastria da Constru\u00e7\u00e3o<\/h3>\n<p>Cilindros tipo T\u00ea Soldado s\u00e3o utilizados na ind\u00fastria da constru\u00e7\u00e3o para aplica\u00e7\u00f5es de eleva\u00e7\u00e3o e movimenta\u00e7\u00e3o de cargas pesadas. S\u00e3o utilizados em guindastes, escavadeiras e retroescavadeiras. A alta pot\u00eancia de sa\u00edda e o design compacto desses cilindros os tornam ideais para uso em espa\u00e7os limitados em canteiros de obras.<\/p>\n<p>O design do cilindro tipo T permite que a for\u00e7a seja transferida em duas dire\u00e7\u00f5es diferentes, tornando-o ideal para aplica\u00e7\u00f5es onde a for\u00e7a precisa ser aplicada em \u00e2ngulo. Al\u00e9m disso, a constru\u00e7\u00e3o soldada desses cilindros permite que operem em altas press\u00f5es e temperaturas sem vazamentos, tornando-os adequados para uso em ambientes externos adversos.<\/li>\n<\/ol>\n<h3>Sobre a FMP<\/h3>\n<p>A FMP \u00e9 uma empresa consolidada com mais de 30 anos de experi\u00eancia na fabrica\u00e7\u00e3o e venda de diversos tipos de cilindros hidr\u00e1ulicos. Nossa \u00e1rea industrial est\u00e1 localizada na It\u00e1lia e nos orgulhamos de nossas instala\u00e7\u00f5es de \u00faltima gera\u00e7\u00e3o, equipadas com mais de 100 equipamentos avan\u00e7ados, incluindo m\u00e1quinas autom\u00e1ticas de soldagem com prote\u00e7\u00e3o gasosa, m\u00e1quinas de mandrilamento de furos profundos, tornos CNC, retificadoras cil\u00edndricas, m\u00e1quinas autom\u00e1ticas de limpeza, m\u00e1quinas autom\u00e1ticas de instala\u00e7\u00e3o, bancadas autom\u00e1ticas para testes de desempenho de cilindros hidr\u00e1ulicos e linhas autom\u00e1ticas de pintura.<\/p>\n<p><img decoding=\"async\" src=\"https:\/\/fmp-components.com\/wp-content\/uploads\/2024\/12\/fmp-factory-4.webp\" alt=\"F\u00e1brica de FMP\" width=\"800\" title=\"\"><\/p>\n<p>Na FMP, priorizamos a qualidade e a confiabilidade de nossos produtos. Cada cilindro hidr\u00e1ulico passa por rigorosos processos de fabrica\u00e7\u00e3o e inspe\u00e7\u00e3o para garantir a mais alta qualidade para nossos clientes.<\/p>\n<p>Apresentamos aqui as principais vantagens e caracter\u00edsticas dos nossos produtos e da nossa empresa:<\/p>\n<ol>\n<li>Servi\u00e7o de Design: Nossa experiente equipe de design \u00e9 especializada no projeto e desenvolvimento de eixos universais. Seja para atender a requisitos espec\u00edficos de novos produtos ou para aprimorar ainda mais o seu neg\u00f3cio, estamos aqui para ajud\u00e1-lo.<\/li>\n<li>Servi\u00e7o de Produto: Nosso servi\u00e7o de produto abrangente inclui um processo simplificado, desde a mat\u00e9ria-prima at\u00e9 o transporte. Cuidamos de tudo, desde o corte e o processamento inicial at\u00e9 os testes, a limpeza, a montagem, a embalagem e o transporte, garantindo uma experi\u00eancia perfeita para nossos clientes.<\/li>\n<li>Processo de Amostragem: Oferecemos desenvolvimento de amostras de acordo com suas necessidades. Nossa equipe modifica continuamente as amostras para atender \u00e0s suas necessidades espec\u00edficas, garantindo a satisfa\u00e7\u00e3o do cliente.<\/li>\n<li>P&amp;D: Mantemo-nos na vanguarda do mercado estudando as novas necessidades e desenvolvendo novos modelos sempre que novos carros s\u00e3o lan\u00e7ados. Essa dedica\u00e7\u00e3o \u00e0 pesquisa e ao desenvolvimento nos permite oferecer solu\u00e7\u00f5es inovadoras aos nossos clientes.<\/li>\n<li>Personaliza\u00e7\u00e3o: Al\u00e9m da nossa linha padr\u00e3o de cilindros hidr\u00e1ulicos, aceitamos solicita\u00e7\u00f5es de personaliza\u00e7\u00e3o. Nossa equipe pode trabalhar em estreita colabora\u00e7\u00e3o com voc\u00ea para desenvolver solu\u00e7\u00f5es sob medida que atendam perfeitamente \u00e0s suas necessidades espec\u00edficas.<\/li>\n<\/ol>\n<p>Escolha a FMP para cilindros hidr\u00e1ulicos confi\u00e1veis \u200b\u200be de alta qualidade. Colabore conosco e experimente nosso compromisso com a excel\u00eancia. Entre em contato hoje mesmo para discutir suas necessidades de cilindros hidr\u00e1ulicos e como podemos ajud\u00e1-lo.<\/p>\n<p>Autor: CX<\/p>","protected":false},"excerpt":{"rendered":"<p>The 10001 Selected Products Double Acting Hydraulic Cylinder is engineered for agricultural machinery, providing reliable performance and durability. Designed to meet American standards, this hydraulic cylinder features an end plug hole for enhanced versatility in various applications. Key Features: Double Acting Mechanism: This hydraulic cylinder operates in both extension and retraction, ensuring efficient and controlled [&hellip;]<\/p>","protected":false},"featured_media":1132,"comment_status":"closed","ping_status":"closed","template":"","meta":{"_et_pb_use_builder":"","_et_pb_old_content":"","_et_gb_content_width":""},"product_brand":[],"product_cat":[31],"product_tag":[34,35],"class_list":{"0":"post-919","1":"product","2":"type-product","3":"status-publish","4":"has-post-thumbnail","6":"product_cat-welded-tee-type-cylinder","7":"product_tag-hydraulic-cylinder","8":"product_tag-welded-tee-type-cylinder","10":"first","11":"instock","12":"product-type-simple"},"_links":{"self":[{"href":"https:\/\/fmp-components.com\/pt\/wp-json\/wp\/v2\/product\/919","targetHints":{"allow":["GET"]}}],"collection":[{"href":"https:\/\/fmp-components.com\/pt\/wp-json\/wp\/v2\/product"}],"about":[{"href":"https:\/\/fmp-components.com\/pt\/wp-json\/wp\/v2\/types\/product"}],"replies":[{"embeddable":true,"href":"https:\/\/fmp-components.com\/pt\/wp-json\/wp\/v2\/comments?post=919"}],"wp:featuredmedia":[{"embeddable":true,"href":"https:\/\/fmp-components.com\/pt\/wp-json\/wp\/v2\/media\/1132"}],"wp:attachment":[{"href":"https:\/\/fmp-components.com\/pt\/wp-json\/wp\/v2\/media?parent=919"}],"wp:term":[{"taxonomy":"product_brand","embeddable":true,"href":"https:\/\/fmp-components.com\/pt\/wp-json\/wp\/v2\/product_brand?post=919"},{"taxonomy":"product_cat","embeddable":true,"href":"https:\/\/fmp-components.com\/pt\/wp-json\/wp\/v2\/product_cat?post=919"},{"taxonomy":"product_tag","embeddable":true,"href":"https:\/\/fmp-components.com\/pt\/wp-json\/wp\/v2\/product_tag?post=919"}],"curies":[{"name":"wp","href":"https:\/\/api.w.org\/{rel}","templated":true}]}}