{"id":885,"date":"2024-12-19T02:48:59","date_gmt":"2024-12-19T02:48:59","guid":{"rendered":"https:\/\/fmp-components.com\/?page_id=8"},"modified":"2024-12-19T02:50:44","modified_gmt":"2024-12-19T02:50:44","slug":"hydraulic-cylinder-for-double-shield-tunnel-boring-machine","status":"publish","type":"product","link":"https:\/\/fmp-components.com\/pt\/product\/hydraulic-cylinder-for-double-shield-tunnel-boring-machine\/","title":{"rendered":"Cilindro hidr\u00e1ulico para m\u00e1quina de perfura\u00e7\u00e3o de t\u00faneis de dupla blindagem"},"content":{"rendered":"<p style=\"text-align: center;\"><span style=\"font-size: 18pt;\">Cilindro hidr\u00e1ulico para m\u00e1quina de perfura\u00e7\u00e3o de t\u00faneis de dupla blindagem<\/span><\/p>\n<p>O Cilindro Hidr\u00e1ulico para M\u00e1quinas de Perfura\u00e7\u00e3o de T\u00faneis de Escudo Duplo \u00e9 um componente essencial projetado para aumentar a efici\u00eancia e a precis\u00e3o da escava\u00e7\u00e3o de t\u00faneis. Este sistema hidr\u00e1ulico avan\u00e7ado permite uma opera\u00e7\u00e3o eficaz dentro da estrutura exclusiva de escudo duplo, permitindo a perfura\u00e7\u00e3o e a instala\u00e7\u00e3o de suportes simultaneamente.<\/p>\n<p><img loading=\"lazy\" decoding=\"async\" class=\"alignnone size-full wp-image-911\" src=\"https:\/\/fmp-components.com\/wp-content\/uploads\/2024\/12\/Double-Shield-Tunnel-Boring-Machine-Support-Shoe-Cylinder-1.webp\" alt=\"Cilindro de sapata de suporte para m\u00e1quina de perfura\u00e7\u00e3o de t\u00fanel de dupla blindagem\" width=\"980\" height=\"554\" title=\"\" srcset=\"https:\/\/fmp-components.com\/wp-content\/uploads\/2024\/12\/Double-Shield-Tunnel-Boring-Machine-Support-Shoe-Cylinder-1.webp 980w, https:\/\/fmp-components.com\/wp-content\/uploads\/2024\/12\/Double-Shield-Tunnel-Boring-Machine-Support-Shoe-Cylinder-1-480x271.webp 480w\" sizes=\"(min-width: 0px) and (max-width: 480px) 480px, (min-width: 481px) 980px, 100vw\" \/><\/p>\n<h4>Principais caracter\u00edsticas:<\/h4>\n<ul>\n<li><strong>Alta capacidade de empuxo:<\/strong><br \/>\nProjetados para fornecer for\u00e7a substancial, esses cilindros hidr\u00e1ulicos facilitam a escava\u00e7\u00e3o r\u00e1pida, reduzindo significativamente os cronogramas do projeto e melhorando a produtividade geral.<\/li>\n<li><strong>Durabilidade robusta:<\/strong><br \/>\nConstru\u00eddos com materiais de alta resist\u00eancia, os cilindros s\u00e3o projetados para suportar as condi\u00e7\u00f5es adversas encontradas em t\u00faneis, garantindo desempenho e confiabilidade duradouros.<\/li>\n<li><strong>Controle de precis\u00e3o:<\/strong><br \/>\nO sistema hidr\u00e1ulico permite movimento e controle precisos da m\u00e1quina de perfura\u00e7\u00e3o, possibilitando alinhamento e tunelamento precisos, o que \u00e9 essencial para atender \u00e0s especifica\u00e7\u00f5es do projeto e aos padr\u00f5es de seguran\u00e7a.<\/li>\n<li><strong>Estabilidade aprimorada:<\/strong><br \/>\nEsses cilindros contribuem para a estabilidade geral do sistema de blindagem dupla, garantindo uma opera\u00e7\u00e3o segura em diversas forma\u00e7\u00f5es geol\u00f3gicas e minimizando o risco de acidentes.<\/li>\n<li><strong>Aplica\u00e7\u00f5es vers\u00e1teis:<\/strong><br \/>\nAdequados para uma ampla gama de projetos, incluindo sistemas de metr\u00f4, t\u00faneis de servi\u00e7os p\u00fablicos e desenvolvimentos de infraestrutura, esses cilindros hidr\u00e1ulicos s\u00e3o adapt\u00e1veis \u200b\u200ba diversas necessidades de constru\u00e7\u00e3o de t\u00faneis.<\/li>\n<li><strong>Baixos requisitos de manuten\u00e7\u00e3o:<\/strong><br \/>\nO design dur\u00e1vel reduz o desgaste, resultando em menores custos de manuten\u00e7\u00e3o e menos tempo de inatividade, o que melhora a efici\u00eancia geral do projeto.<\/li>\n<li><strong>Recursos avan\u00e7ados de seguran\u00e7a:<\/strong><br \/>\nEquipados com mecanismos de seguran\u00e7a para evitar desengate acidental, esses cilindros hidr\u00e1ulicos garantem uma opera\u00e7\u00e3o segura, protegendo a equipe e o maquin\u00e1rio durante a escava\u00e7\u00e3o.<\/li>\n<\/ul>\n<p>O Cilindro Hidr\u00e1ulico para M\u00e1quinas de Perfura\u00e7\u00e3o de T\u00faneis de Dupla Blindagem \u00e9 um componente vital na tecnologia moderna de perfura\u00e7\u00e3o de t\u00faneis, proporcionando alto desempenho, durabilidade e seguran\u00e7a. Sua integra\u00e7\u00e3o em m\u00e1quinas de perfura\u00e7\u00e3o de t\u00faneis aumenta significativamente a efici\u00eancia e o sucesso de projetos de constru\u00e7\u00e3o subterr\u00e2nea, tornando-o indispens\u00e1vel para o desenvolvimento de infraestrutura.<\/p>\n<h2>Cilindro de sapata de suporte para m\u00e1quina de perfura\u00e7\u00e3o de t\u00fanel de blindagem dupla<\/h2>\n<p><img loading=\"lazy\" decoding=\"async\" class=\"size-full wp-image-912 aligncenter\" src=\"https:\/\/fmp-components.com\/wp-content\/uploads\/2024\/12\/Double-Shield-Tunnel-Boring-Machine-Support-Shoe-Cylinder.webp\" alt=\"Cilindro de sapata de suporte para m\u00e1quina de perfura\u00e7\u00e3o de t\u00fanel de blindagem dupla\" width=\"500\" height=\"200\" title=\"\" srcset=\"https:\/\/fmp-components.com\/wp-content\/uploads\/2024\/12\/Double-Shield-Tunnel-Boring-Machine-Support-Shoe-Cylinder.webp 500w, https:\/\/fmp-components.com\/wp-content\/uploads\/2024\/12\/Double-Shield-Tunnel-Boring-Machine-Support-Shoe-Cylinder-480x192.webp 480w\" sizes=\"(min-width: 0px) and (max-width: 480px) 480px, (min-width: 481px) 500px, 100vw\" \/><\/p>\n<table style=\"width: 94.1786%; height: 146px;\" border=\"1\" cellspacing=\"0\" cellpadding=\"0\">\n<tbody>\n<tr>\n<td>Nome do produto<\/td>\n<td>Cilindro de sapata de suporte para m\u00e1quina de perfura\u00e7\u00e3o de t\u00fanel de blindagem dupla<\/td>\n<\/tr>\n<tr>\n<td>Caracter\u00edsticas:<\/td>\n<td>Fornece o impulso do tunelamento da cabe\u00e7a de corte<\/td>\n<\/tr>\n<tr>\n<td>Di\u00e2metro do furo:<\/td>\n<td>320 mm \uff5e 700 mm<\/td>\n<\/tr>\n<tr>\n<td>Di\u00e2metro da haste:<\/td>\n<td>220 mm \uff5e 500 mm<br \/>\nCurso: 300 mm \uff5e 1200 mm<\/td>\n<\/tr>\n<tr>\n<td>Press\u00e3o:<\/td>\n<td>at\u00e9 35 MPa<\/td>\n<\/tr>\n<tr>\n<td>Aplica\u00e7\u00f5es:<\/td>\n<td>M\u00e1quina de perfura\u00e7\u00e3o de t\u00faneis de blindagem dupla<\/td>\n<\/tr>\n<\/tbody>\n<\/table>\n<h2>Cilindro de torque para m\u00e1quina de perfura\u00e7\u00e3o de t\u00fanel com blindagem dupla<\/h2>\n<p><img loading=\"lazy\" decoding=\"async\" class=\"size-full wp-image-907 aligncenter\" src=\"https:\/\/fmp-components.com\/wp-content\/uploads\/2024\/12\/Double-Shield-Tunnel-Boring-Machine-Torque-Cylinder.webp\" alt=\"Cilindro de torque para m\u00e1quina de perfura\u00e7\u00e3o de t\u00fanel com blindagem dupla\" width=\"500\" height=\"200\" title=\"\" srcset=\"https:\/\/fmp-components.com\/wp-content\/uploads\/2024\/12\/Double-Shield-Tunnel-Boring-Machine-Torque-Cylinder.webp 500w, https:\/\/fmp-components.com\/wp-content\/uploads\/2024\/12\/Double-Shield-Tunnel-Boring-Machine-Torque-Cylinder-480x192.webp 480w\" sizes=\"(min-width: 0px) and (max-width: 480px) 480px, (min-width: 481px) 500px, 100vw\" \/><\/p>\n<table style=\"width: 94.832%; height: 150px;\" border=\"1\" cellspacing=\"0\" cellpadding=\"0\">\n<tbody>\n<tr>\n<td>Nome do produto<\/td>\n<td>Cilindro de torque para m\u00e1quina de perfura\u00e7\u00e3o de t\u00fanel com blindagem dupla<\/td>\n<\/tr>\n<tr>\n<td>Caracter\u00edsticas:<\/td>\n<td>Transmitir o torque da cabe\u00e7a de corte<\/td>\n<\/tr>\n<tr>\n<td>Especifica\u00e7\u00e3o:<\/td>\n<td>V\u00e1rias estruturas e especifica\u00e7\u00f5es de cilindros de torque podem ser projetadas e produzidas de acordo com os requisitos do cliente<\/td>\n<\/tr>\n<tr>\n<td>Press\u00e3o:<\/td>\n<td>at\u00e9 25 MPa<br \/>\nRequisitos especiais at\u00e9 35 MPa<\/td>\n<\/tr>\n<tr>\n<td>Aplica\u00e7\u00f5es:<\/td>\n<td>M\u00e1quina de perfura\u00e7\u00e3o de t\u00faneis de blindagem dupla<\/td>\n<\/tr>\n<\/tbody>\n<\/table>\n<h2>Cilindro de impulso principal da m\u00e1quina de perfura\u00e7\u00e3o de t\u00fanel de blindagem dupla<\/h2>\n<p><img loading=\"lazy\" decoding=\"async\" class=\"size-full wp-image-906 aligncenter\" src=\"https:\/\/fmp-components.com\/wp-content\/uploads\/2024\/12\/Double-Shield-Tunnel-Boring-Machine-Main-Thrust-Cylinder.webp\" alt=\"Cilindro de impulso principal da m\u00e1quina de perfura\u00e7\u00e3o de t\u00fanel de blindagem dupla\" width=\"500\" height=\"200\" title=\"\" srcset=\"https:\/\/fmp-components.com\/wp-content\/uploads\/2024\/12\/Double-Shield-Tunnel-Boring-Machine-Main-Thrust-Cylinder.webp 500w, https:\/\/fmp-components.com\/wp-content\/uploads\/2024\/12\/Double-Shield-Tunnel-Boring-Machine-Main-Thrust-Cylinder-480x192.webp 480w\" sizes=\"(min-width: 0px) and (max-width: 480px) 480px, (min-width: 481px) 500px, 100vw\" \/><\/p>\n<table style=\"width: 96.1207%; height: 146px;\" border=\"1\" cellspacing=\"0\" cellpadding=\"0\">\n<tbody>\n<tr>\n<td>Nome do produto<\/td>\n<td>Cilindro de impulso principal da m\u00e1quina de perfura\u00e7\u00e3o de t\u00fanel de blindagem dupla<\/td>\n<\/tr>\n<tr>\n<td>Caracter\u00edsticas:<\/td>\n<td>Fornecer o impulso do tunelamento avan\u00e7ado TBM<\/td>\n<\/tr>\n<tr>\n<td>Di\u00e2metro do furo:<\/td>\n<td>220 mm \uff5e 380 mm<\/td>\n<\/tr>\n<tr>\n<td>Di\u00e2metro da haste:<\/td>\n<td>150 mm \uff5e 280 mm<br \/>\nCurso: 1100mm\uff5e1700mm<\/td>\n<\/tr>\n<tr>\n<td>Press\u00e3o:<\/td>\n<td>at\u00e9 35 MPa<\/td>\n<\/tr>\n<tr>\n<td>Aplica\u00e7\u00f5es:<\/td>\n<td>M\u00e1quina de perfura\u00e7\u00e3o de t\u00faneis de blindagem dupla<\/td>\n<\/tr>\n<\/tbody>\n<\/table>\n<h2>Cilindro de empuxo auxiliar para m\u00e1quina de perfura\u00e7\u00e3o de t\u00fanel com blindagem dupla<\/h2>\n<p><img loading=\"lazy\" decoding=\"async\" class=\"size-full wp-image-904 aligncenter\" src=\"https:\/\/fmp-components.com\/wp-content\/uploads\/2024\/12\/Double-Shield-Tunnel-Boring-Machine-Auxiliary-Thrust-Cylinder.webp\" alt=\"Cilindro de empuxo auxiliar para m\u00e1quina de perfura\u00e7\u00e3o de t\u00fanel com blindagem dupla\" width=\"500\" height=\"200\" title=\"\" srcset=\"https:\/\/fmp-components.com\/wp-content\/uploads\/2024\/12\/Double-Shield-Tunnel-Boring-Machine-Auxiliary-Thrust-Cylinder.webp 500w, https:\/\/fmp-components.com\/wp-content\/uploads\/2024\/12\/Double-Shield-Tunnel-Boring-Machine-Auxiliary-Thrust-Cylinder-480x192.webp 480w\" sizes=\"(min-width: 0px) and (max-width: 480px) 480px, (min-width: 481px) 500px, 100vw\" \/><\/p>\n<table style=\"width: 97.5599%; height: 190px;\" border=\"1\" cellspacing=\"0\" cellpadding=\"0\">\n<tbody>\n<tr>\n<td>Nome do produto<\/td>\n<td>Cilindro de empuxo auxiliar para m\u00e1quina de perfura\u00e7\u00e3o de t\u00fanel com blindagem dupla<\/td>\n<\/tr>\n<tr>\n<td>Caracter\u00edsticas:<\/td>\n<td>Contando com a for\u00e7a de rea\u00e7\u00e3o do cilindro auxiliar de press\u00e3o para empurrar o peda\u00e7o do tubo para fazer o TBM avan\u00e7ar<\/td>\n<\/tr>\n<tr>\n<td>Di\u00e2metro do furo:<\/td>\n<td>220 mm \uff5e 320 mm<\/td>\n<\/tr>\n<tr>\n<td>Di\u00e2metro da haste:<\/td>\n<td>180 mm \uff5e 240 mm<br \/>\nCurso: 2100mm\uff5e2600mm<\/td>\n<\/tr>\n<tr>\n<td>Press\u00e3o:<\/td>\n<td>at\u00e9 35 MPa<br \/>\nRequisitos especiais at\u00e9 45 MPa<\/td>\n<\/tr>\n<tr>\n<td>Aplica\u00e7\u00f5es:<\/td>\n<td>M\u00e1quina de perfura\u00e7\u00e3o de t\u00faneis de blindagem dupla<\/td>\n<\/tr>\n<\/tbody>\n<\/table>\n<h3><\/h3>\n<h3>Como funciona o cilindro hidr\u00e1ulico da tuneladora de blindagem dupla?<\/h3>\n<p>O cilindro hidr\u00e1ulico de uma tuneladora de blindagem dupla (TBM) desempenha um papel crucial no processo de escava\u00e7\u00e3o de t\u00faneis. Aqui est\u00e1 uma vis\u00e3o geral de seu funcionamento:<\/p>\n<ul>\n<li><strong>Gera\u00e7\u00e3o de energia hidr\u00e1ulica:<\/strong><br \/>\nO sistema hidr\u00e1ulico gera energia utilizando fluido hidr\u00e1ulico, que \u00e9 pressurizado por bombas hidr\u00e1ulicas. Essa pressuriza\u00e7\u00e3o cria a for\u00e7a que \u00e9 transmitida aos cilindros hidr\u00e1ulicos.<\/li>\n<li><strong>Gera\u00e7\u00e3o de empuxo:<\/strong><br \/>\nO cilindro hidr\u00e1ulico converte a energia do fluido hidr\u00e1ulico em energia mec\u00e2nica, fornecendo empuxo \u00e0 TBM. Esse empuxo impulsiona a m\u00e1quina para a frente na rocha ou no solo, permitindo uma escava\u00e7\u00e3o eficaz.<\/li>\n<li><strong>Mecanismo de Escudo Duplo:<\/strong><br \/>\nEm uma TBM de dupla blindagem, h\u00e1 duas blindagens: a frontal (de corte) e a traseira (de suporte). Cilindros hidr\u00e1ulicos s\u00e3o integrados em ambas as blindagens, permitindo a escava\u00e7\u00e3o e a instala\u00e7\u00e3o de suporte simultaneamente.<\/li>\n<li><strong>Opera\u00e7\u00e3o do cabe\u00e7ote de corte:<\/strong><br \/>\nOs cilindros hidr\u00e1ulicos controlam o movimento da cabe\u00e7a de corte na parte frontal da TBM. Ao estender e retrair, eles ajudam a posicionar as ferramentas de corte para romper o solo com efic\u00e1cia.<\/li>\n<\/ul>\n<p><img loading=\"lazy\" decoding=\"async\" class=\"alignnone size-full wp-image-909\" src=\"https:\/\/fmp-components.com\/wp-content\/uploads\/2024\/12\/Double-Shield-Tunnel-Boring-Machine-Torque-Cylinder-1.webp\" alt=\"Cilindro de torque para m\u00e1quina de perfura\u00e7\u00e3o de t\u00fanel de dupla blindagem\" width=\"1024\" height=\"555\" title=\"\" srcset=\"https:\/\/fmp-components.com\/wp-content\/uploads\/2024\/12\/Double-Shield-Tunnel-Boring-Machine-Torque-Cylinder-1.webp 1024w, https:\/\/fmp-components.com\/wp-content\/uploads\/2024\/12\/Double-Shield-Tunnel-Boring-Machine-Torque-Cylinder-1-980x531.webp 980w, https:\/\/fmp-components.com\/wp-content\/uploads\/2024\/12\/Double-Shield-Tunnel-Boring-Machine-Torque-Cylinder-1-480x260.webp 480w\" sizes=\"(min-width: 0px) and (max-width: 480px) 480px, (min-width: 481px) and (max-width: 980px) 980px, (min-width: 981px) 1024px, 100vw\" \/><\/p>\n<ul>\n<li><strong>Suporte \u00e0 instala\u00e7\u00e3o:<\/strong><br \/>\n\u00c0 medida que a m\u00e1quina avan\u00e7a, a prote\u00e7\u00e3o traseira utiliza cilindros hidr\u00e1ulicos para instalar estruturas de suporte (como segmentos ou revestimentos) atr\u00e1s da cabe\u00e7a de corte, garantindo a estabilidade do t\u00fanel durante a escava\u00e7\u00e3o.<\/li>\n<li><strong>Controle de Feedback:<\/strong><br \/>\nO sistema hidr\u00e1ulico \u00e9 equipado com sensores e sistemas de controle que monitoram a press\u00e3o e a posi\u00e7\u00e3o dos cilindros hidr\u00e1ulicos. Esse feedback permite ajustes precisos, garantindo desempenho e seguran\u00e7a ideais.<\/li>\n<li><strong>Estabilidade e Seguran\u00e7a:<\/strong><br \/>\nOs cilindros hidr\u00e1ulicos contribuem para a estabilidade geral do TBM, ajudando a manter o alinhamento e o equil\u00edbrio, o que reduz o risco de acidentes e interrup\u00e7\u00f5es operacionais.<\/li>\n<li><strong>Adaptabilidade:<\/strong><br \/>\nO sistema hidr\u00e1ulico pode ser ajustado para acomodar diferentes tipos de solo e condi\u00e7\u00f5es geol\u00f3gicas, tornando-o vers\u00e1til para v\u00e1rios projetos de escava\u00e7\u00e3o de t\u00faneis.<\/li>\n<\/ul>\n<p>Por meio do gerenciamento eficaz de empuxo, estabilidade e suporte, os cilindros hidr\u00e1ulicos em uma m\u00e1quina de perfura\u00e7\u00e3o de t\u00faneis de dupla blindagem s\u00e3o essenciais para uma escava\u00e7\u00e3o de t\u00faneis bem-sucedida e segura, aumentando a efici\u00eancia e a confiabilidade da constru\u00e7\u00e3o subterr\u00e2nea moderna.<\/p>\n<p><img loading=\"lazy\" decoding=\"async\" class=\"alignnone  wp-image-914\" src=\"https:\/\/fmp-components.com\/wp-content\/uploads\/2024\/12\/Double-Shield-Tunnel-Boring-Machine-Main-Thrust-Cylinder-1.webp\" alt=\"Cilindro de impulso principal da m\u00e1quina de perfura\u00e7\u00e3o de t\u00fanel de blindagem dupla\" width=\"907\" height=\"305\" title=\"\" srcset=\"https:\/\/fmp-components.com\/wp-content\/uploads\/2024\/12\/Double-Shield-Tunnel-Boring-Machine-Main-Thrust-Cylinder-1.webp 907w, https:\/\/fmp-components.com\/wp-content\/uploads\/2024\/12\/Double-Shield-Tunnel-Boring-Machine-Main-Thrust-Cylinder-1-480x161.webp 480w\" sizes=\"(min-width: 0px) and (max-width: 480px) 480px, (min-width: 481px) 907px, 100vw\" \/><\/p>\n<h3>Sobre a FMP<\/h3>\n<p>A FMP \u00e9 uma empresa especializada em fabrica\u00e7\u00e3o mec\u00e2nica, dedicada \u00e0 produ\u00e7\u00e3o de cilindros hidr\u00e1ulicos. Desde a sua funda\u00e7\u00e3o, a empresa tem se concentrado na pesquisa e fabrica\u00e7\u00e3o de tecnologia hidr\u00e1ulica, transitando com sucesso de uma gama diversificada de produtos, que inclu\u00eda m\u00e1quinas para colheita e constru\u00e7\u00e3o, para a especializa\u00e7\u00e3o em componentes para tratores agr\u00edcolas. Com mais de uma d\u00e9cada de experi\u00eancia em fabrica\u00e7\u00e3o e gest\u00e3o, a FMP garante produtos de alta qualidade por meio de t\u00e9cnicas avan\u00e7adas de produ\u00e7\u00e3o.<\/p>\n<p>\u00c0 medida que a empresa evoluiu, desenvolveu uma linha de produ\u00e7\u00e3o de usinagem abrangente, uma linha de montagem e uma linha de revestimento. Nossa equipe \u00e9 composta por gestores qualificados, projetistas mec\u00e2nicos experientes e t\u00e9cnicos altamente treinados que trabalham juntos para manter a qualidade da produ\u00e7\u00e3o est\u00e1vel, controlando eficazmente a continuidade e a efici\u00eancia do processo.<\/p>\n<p>A FMP defende a filosofia de \"Inova\u00e7\u00e3o Tecnol\u00f3gica Impulsionando o Progresso, Qualidade Criando Marcas, Artesanato Garantindo a Qualidade e Construindo Relacionamentos de Longo Prazo em que Todos Ganhamos\". Nosso compromisso em fornecer produtos de alta qualidade e atendimento ao cliente superior continua sendo um objetivo fundamental, \u00e0 medida que continuamos a atender \u00e0s necessidades em constante evolu\u00e7\u00e3o do mercado.<\/p>\n<p><img loading=\"lazy\" decoding=\"async\" class=\"alignnone size-full wp-image-426\" src=\"https:\/\/fmp-components.com\/wp-content\/uploads\/2024\/12\/Sanitation-Machinery-Locking-Hydraulic-Cylinder-factory.webp\" sizes=\"(min-width: 0px) and (max-width: 480px) 480px, (min-width: 481px) and (max-width: 980px) 980px, (min-width: 981px) and (max-width: 1280px) 1280px, (min-width: 1281px) 1414px, 100vw\" srcset=\"https:\/\/fmp-components.com\/wp-content\/uploads\/2024\/12\/Sanitation-Machinery-Locking-Hydraulic-Cylinder-factory.webp 1414w, https:\/\/fmp-components.com\/wp-content\/uploads\/2024\/12\/Sanitation-Machinery-Locking-Hydraulic-Cylinder-factory-1280x529.webp 1280w, https:\/\/fmp-components.com\/wp-content\/uploads\/2024\/12\/Sanitation-Machinery-Locking-Hydraulic-Cylinder-factory-980x405.webp 980w, https:\/\/fmp-components.com\/wp-content\/uploads\/2024\/12\/Sanitation-Machinery-Locking-Hydraulic-Cylinder-factory-480x198.webp 480w\" alt=\"F\u00e1brica de Cilindros Hidr\u00e1ulicos de Bloqueio de M\u00e1quinas de Saneamento\" width=\"1414\" height=\"584\" title=\"\"><\/p>\n<p>Autor: CX<\/p>","protected":false},"excerpt":{"rendered":"<p>O Cilindro Hidr\u00e1ulico para M\u00e1quinas de Perfura\u00e7\u00e3o de T\u00faneis de Escudo Duplo \u00e9 um componente essencial projetado para proporcionar empuxo robusto e controle preciso durante o processo de perfura\u00e7\u00e3o de t\u00faneis. Projetados para operar com efic\u00e1cia em condi\u00e7\u00f5es geol\u00f3gicas desafiadoras, esses cilindros suportam o sistema de escudo duplo, permitindo escava\u00e7\u00e3o e instala\u00e7\u00e3o de suporte simult\u00e2neas. Sua constru\u00e7\u00e3o dur\u00e1vel garante longevidade e confiabilidade, enquanto a tecnologia hidr\u00e1ulica avan\u00e7ada permite movimentos suaves e precisos, essenciais para manter o alinhamento e a seguran\u00e7a. Este sistema hidr\u00e1ulico aumenta significativamente a efici\u00eancia e a efic\u00e1cia da constru\u00e7\u00e3o de t\u00faneis, tornando-o adequado para uma variedade de projetos subterr\u00e2neos, incluindo sistemas de metr\u00f4 e t\u00faneis de servi\u00e7os p\u00fablicos.<\/p>","protected":false},"featured_media":908,"comment_status":"open","ping_status":"closed","template":"","meta":{"_et_pb_use_builder":"","_et_pb_old_content":"","_et_gb_content_width":""},"product_brand":[],"product_cat":[30],"product_tag":[],"class_list":{"0":"post-885","1":"product","2":"type-product","3":"status-publish","4":"has-post-thumbnail","6":"product_cat-tunnel-boring-machine-hydraulic-cylinders","8":"first","9":"instock","10":"shipping-taxable","11":"product-type-simple"},"_links":{"self":[{"href":"https:\/\/fmp-components.com\/pt\/wp-json\/wp\/v2\/product\/885","targetHints":{"allow":["GET"]}}],"collection":[{"href":"https:\/\/fmp-components.com\/pt\/wp-json\/wp\/v2\/product"}],"about":[{"href":"https:\/\/fmp-components.com\/pt\/wp-json\/wp\/v2\/types\/product"}],"replies":[{"embeddable":true,"href":"https:\/\/fmp-components.com\/pt\/wp-json\/wp\/v2\/comments?post=885"}],"wp:featuredmedia":[{"embeddable":true,"href":"https:\/\/fmp-components.com\/pt\/wp-json\/wp\/v2\/media\/908"}],"wp:attachment":[{"href":"https:\/\/fmp-components.com\/pt\/wp-json\/wp\/v2\/media?parent=885"}],"wp:term":[{"taxonomy":"product_brand","embeddable":true,"href":"https:\/\/fmp-components.com\/pt\/wp-json\/wp\/v2\/product_brand?post=885"},{"taxonomy":"product_cat","embeddable":true,"href":"https:\/\/fmp-components.com\/pt\/wp-json\/wp\/v2\/product_cat?post=885"},{"taxonomy":"product_tag","embeddable":true,"href":"https:\/\/fmp-components.com\/pt\/wp-json\/wp\/v2\/product_tag?post=885"}],"curies":[{"name":"wp","href":"https:\/\/api.w.org\/{rel}","templated":true}]}}