{"id":816,"date":"2024-12-18T07:55:12","date_gmt":"2024-12-18T07:55:12","guid":{"rendered":"https:\/\/fmp-components.com\/?page_id=8"},"modified":"2024-12-18T08:06:02","modified_gmt":"2024-12-18T08:06:02","slug":"hydraulic-cylinder-for-wave-tide-power-generation","status":"publish","type":"product","link":"https:\/\/fmp-components.com\/pt\/product\/hydraulic-cylinder-for-wave-tide-power-generation\/","title":{"rendered":"Cilindro hidr\u00e1ulico para gera\u00e7\u00e3o de energia por ondas\/mar\u00e9s"},"content":{"rendered":"<p style=\"text-align: center;\"><span style=\"font-size: 18pt;\">Cilindro hidr\u00e1ulico para gera\u00e7\u00e3o de energia por ondas\/mar\u00e9s<\/span><\/p>\n<p>O Cilindro Hidr\u00e1ulico para Gera\u00e7\u00e3o de Energia das Ondas\/Mar\u00e9s \u00e9 um dispositivo de ponta projetado para aproveitar a energia das ondas oce\u00e2nicas e dos movimentos das mar\u00e9s. Essa solu\u00e7\u00e3o inovadora converte energia cin\u00e9tica em energia utiliz\u00e1vel, contribuindo para a produ\u00e7\u00e3o de energia sustent\u00e1vel.<\/p>\n<h4>Principais caracter\u00edsticas:<\/h4>\n<ul>\n<li><strong>Design robusto:<\/strong> Projetado para suportar ambientes mar\u00edtimos severos, nosso cilindro hidr\u00e1ulico \u00e9 constru\u00eddo com materiais de alta resist\u00eancia que resistem \u00e0 corros\u00e3o e ao desgaste.<\/li>\n<li><strong>Alta efici\u00eancia:<\/strong> Otimizado para m\u00e1xima extra\u00e7\u00e3o de energia, o sistema hidr\u00e1ulico garante a convers\u00e3o eficaz da energia das ondas e das mar\u00e9s em energia hidr\u00e1ulica.<\/li>\n<li><strong>Aplica\u00e7\u00e3o vers\u00e1til:<\/strong> Adequado para diversos projetos de energia marinha, incluindo instala\u00e7\u00f5es offshore e costeiras, este cilindro hidr\u00e1ulico pode ser integrado em sistemas de energia existentes ou utilizado em novos empreendimentos.<\/li>\n<li><strong>F\u00e1cil manuten\u00e7\u00e3o:<\/strong> Projetado para facilitar o acesso, o cilindro hidr\u00e1ulico simplifica os procedimentos de manuten\u00e7\u00e3o, garantindo confiabilidade a longo prazo e reduzindo o tempo de inatividade.<\/li>\n<li><strong>Ecologicamente correto:<\/strong> Ao utilizar energia marinha renov\u00e1vel, este produto contribui para a redu\u00e7\u00e3o das emiss\u00f5es de carbono e promove solu\u00e7\u00f5es energ\u00e9ticas sustent\u00e1veis.<\/li>\n<\/ul>\n<p>O cilindro hidr\u00e1ulico para gera\u00e7\u00e3o de energia das ondas\/mar\u00e9s representa um avan\u00e7o significativo no campo das energias renov\u00e1veis. Ao capturar eficazmente a energia dos movimentos oce\u00e2nicos, desempenha um papel crucial na transi\u00e7\u00e3o para um futuro energ\u00e9tico mais sustent\u00e1vel.<\/p>\n<h2>Cilindro hidr\u00e1ulico para equipamento de gera\u00e7\u00e3o de energia das ondas\/mar\u00e9s<\/h2>\n<table border=\"1\" cellspacing=\"0\" cellpadding=\"0\">\n<tbody>\n<tr>\n<td>Nome do produto<\/td>\n<td>Cilindro para equipamento de gera\u00e7\u00e3o de energia das ondas\/mar\u00e9s<\/td>\n<\/tr>\n<tr>\n<td>Caracter\u00edsticas:<\/td>\n<td>A energia das ondas \u00e9 convertida em energia hidr\u00e1ulica para movimentar os cilindros hidr\u00e1ulicos. O \u00f3leo de alta press\u00e3o, por sua vez, aciona o motor el\u00e9trico, que gera eletricidade e, finalmente, \u00e9 convertida em energia el\u00e9trica.<\/td>\n<\/tr>\n<tr>\n<td>Di\u00e2metro do furo:<\/td>\n<td>\u00a0At\u00e9 250 mm<\/td>\n<\/tr>\n<tr>\n<td>Di\u00e2metro da haste:<\/td>\n<td>At\u00e9 190 mm<br \/>\nCurso de at\u00e9 4800 mm<\/td>\n<\/tr>\n<tr>\n<td>Press\u00e3o:<\/td>\n<td>at\u00e9 31,5 MPa<\/td>\n<\/tr>\n<tr>\n<td>Aplica\u00e7\u00f5es:<\/td>\n<td>Gera\u00e7\u00e3o de energia das ondas\/mar\u00e9s<\/td>\n<\/tr>\n<\/tbody>\n<\/table>\n<h3>Vantagens dos cilindros hidr\u00e1ulicos em equipamentos de gera\u00e7\u00e3o de energia das ondas\/mar\u00e9s<\/h3>\n<p>Os cilindros hidr\u00e1ulicos desempenham um papel crucial na opera\u00e7\u00e3o de sistemas de gera\u00e7\u00e3o de energia das ondas e das mar\u00e9s. Aqui est\u00e3o as principais vantagens da utiliza\u00e7\u00e3o de cilindros hidr\u00e1ulicos neste contexto:<\/p>\n<ol>\n<li><strong>Alta densidade de pot\u00eancia:<\/strong> Os cilindros hidr\u00e1ulicos oferecem uma excelente rela\u00e7\u00e3o pot\u00eancia\/peso, permitindo projetos compactos e eficientes. Isso \u00e9 especialmente ben\u00e9fico em aplica\u00e7\u00f5es de energia das ondas e das mar\u00e9s, onde o espa\u00e7o \u00e9 limitado e o equipamento muitas vezes precisa ser submerso.<\/li>\n<li><strong>Durabilidade e confiabilidade:<\/strong> Conhecidos por sua robustez, os cilindros hidr\u00e1ulicos podem suportar ambientes marinhos agressivos, incluindo \u00e1gua salgada e condi\u00e7\u00f5es clim\u00e1ticas extremas. S\u00e3o projetados para opera\u00e7\u00e3o de longo prazo com manuten\u00e7\u00e3o m\u00ednima, o que os torna ideais para sistemas continuamente expostos \u00e0s intemp\u00e9ries.<\/li>\n<li><strong>Controle preciso:<\/strong> Esses cilindros oferecem controle preciso sobre os movimentos dos componentes em sistemas de energia das ondas e das mar\u00e9s. Isso \u00e9 essencial para otimizar a capta\u00e7\u00e3o de energia e adaptar-se \u00e0s mudan\u00e7as nas condi\u00e7\u00f5es ambientais.<\/li>\n<li><strong>Escalabilidade:<\/strong> Os sistemas hidr\u00e1ulicos s\u00e3o facilmente escal\u00e1veis, permitindo a personaliza\u00e7\u00e3o com base nas diferentes necessidades de gera\u00e7\u00e3o de energia. Ao modificar o tamanho e o n\u00famero de cilindros, o equipamento pode ser adaptado a requisitos energ\u00e9ticos espec\u00edficos.<\/li>\n<li><strong>Efici\u00eancia de convers\u00e3o de energia:<\/strong> Os cilindros hidr\u00e1ulicos convertem eficazmente os movimentos das ondas e das mar\u00e9s em energia mec\u00e2nica, capturando energia de forma eficiente e transformando-a em movimento rotacional para geradores ou outros dispositivos.<\/li>\n<li><strong>Impacto ambiental m\u00ednimo:<\/strong> Em compara\u00e7\u00e3o com outros m\u00e9todos de gera\u00e7\u00e3o de energia, os cilindros hidr\u00e1ulicos t\u00eam um baixo impacto ambiental. Eles n\u00e3o produzem emiss\u00f5es diretas e operam silenciosamente, minimizando a polui\u00e7\u00e3o sonora e protegendo os ecossistemas marinhos.<\/li>\n<li><strong>Flexibilidade de design:<\/strong> Os cilindros hidr\u00e1ulicos oferecem uma flexibilidade de projeto significativa, permitindo que os engenheiros personalizem o tamanho, o comprimento do curso e a for\u00e7a de sa\u00edda para otimizar o desempenho e a efici\u00eancia do sistema para aplica\u00e7\u00f5es espec\u00edficas de gera\u00e7\u00e3o de energia das ondas e das mar\u00e9s.<\/li>\n<\/ol>\n<p><img loading=\"lazy\" decoding=\"async\" class=\"alignnone  wp-image-819\" src=\"https:\/\/fmp-components.com\/wp-content\/uploads\/2024\/12\/Wave-Tide-Power-Generation-Equipment-Hydraulic-Cylinder.webp\" alt=\"Cilindro hidr\u00e1ulico para equipamento de gera\u00e7\u00e3o de energia das ondas e mar\u00e9s\" width=\"925\" height=\"308\" title=\"\" srcset=\"https:\/\/fmp-components.com\/wp-content\/uploads\/2024\/12\/Wave-Tide-Power-Generation-Equipment-Hydraulic-Cylinder.webp 925w, https:\/\/fmp-components.com\/wp-content\/uploads\/2024\/12\/Wave-Tide-Power-Generation-Equipment-Hydraulic-Cylinder-480x160.webp 480w\" sizes=\"(min-width: 0px) and (max-width: 480px) 480px, (min-width: 481px) 925px, 100vw\" \/><\/p>\n<h3>Escolha os cilindros hidr\u00e1ulicos FMP para gera\u00e7\u00e3o de energia das ondas\/mar\u00e9s.<\/h3>\n<p>A FMP \u00e9 uma fabricante l\u00edder de cilindros hidr\u00e1ulicos projetados especificamente para a gera\u00e7\u00e3o de energia das ondas e das mar\u00e9s. Reconhecidos por sua qualidade, durabilidade e confiabilidade, os cilindros da FMP s\u00e3o perfeitos para o ambiente marinho adverso.<\/p>\n<h4>Benef\u00edcios de escolher cilindros hidr\u00e1ulicos FMP:<\/h4>\n<ul>\n<li><strong>Alta efici\u00eancia:<\/strong> Os cilindros hidr\u00e1ulicos da FMP s\u00e3o projetados para m\u00e1xima efici\u00eancia, convertendo a energia das ondas e das mar\u00e9s em energia hidr\u00e1ulica com perdas m\u00ednimas.<\/li>\n<li><strong>Longa vida \u00fatil:<\/strong> Constru\u00eddos para durar, esses cilindros apresentam componentes robustos e uma estrutura que suporta as exigentes condi\u00e7\u00f5es mar\u00edtimas.<\/li>\n<li><strong>Baixa manuten\u00e7\u00e3o:<\/strong> Projetados para exigir manuten\u00e7\u00e3o m\u00ednima, os cilindros hidr\u00e1ulicos FMP requerem pouca manuten\u00e7\u00e3o, garantindo ao mesmo tempo um desempenho confi\u00e1vel.<\/li>\n<li><strong>Design personaliz\u00e1vel:<\/strong> A FMP oferece uma gama diversificada de projetos de cilindros hidr\u00e1ulicos, personalizados para atender aos requisitos espec\u00edficos de cada projeto de gera\u00e7\u00e3o de energia das ondas e das mar\u00e9s.<\/li>\n<\/ul>\n<p>Os cilindros hidr\u00e1ulicos da FMP foram implementados com sucesso em diversos projetos ao redor do mundo, incluindo a usina de energia das ondas Oyster em Orkney, na Esc\u00f3cia, e a lagoa de mar\u00e9 de Penghu em Taiwan.<\/p>\n<h4>Considera\u00e7\u00f5es para a sele\u00e7\u00e3o de cilindros hidr\u00e1ulicos FMP:<\/h4>\n<ol>\n<li><strong>Tipo de dispositivo de gera\u00e7\u00e3o de energia:<\/strong> Os requisitos espec\u00edficos para seus cilindros hidr\u00e1ulicos depender\u00e3o do dispositivo utilizado. Por exemplo, conversores de energia das ondas (WECs) podem precisar de cilindros com alta densidade de pot\u00eancia e cursos mais longos, enquanto barragens de mar\u00e9 requerem cilindros com maior capacidade de for\u00e7a.<\/li>\n<li><strong>Ambiente operacional:<\/strong> Considere fatores como profundidade da \u00e1gua, salinidade e temperatura, pois eles podem influenciar o desempenho e a vida \u00fatil dos cilindros hidr\u00e1ulicos.<\/li>\n<li><strong>Or\u00e7amento:<\/strong> A FMP oferece uma variedade de cilindros hidr\u00e1ulicos em diferentes faixas de pre\u00e7o. \u00c9 essencial encontrar um equil\u00edbrio entre o seu or\u00e7amento e a qualidade e o desempenho que voc\u00ea precisa.<\/li>\n<\/ol>\n<p>Para obter ajuda na sele\u00e7\u00e3o dos cilindros hidr\u00e1ulicos FMP mais adequados para o seu projeto de gera\u00e7\u00e3o de energia das ondas ou das mar\u00e9s, entre em contato diretamente com a FMP. Seus engenheiros experientes est\u00e3o prontos para ajud\u00e1-lo a identificar as melhores solu\u00e7\u00f5es, personalizadas para suas necessidades espec\u00edficas.<\/p>\n<p><img loading=\"lazy\" decoding=\"async\" class=\"alignnone size-full wp-image-818\" src=\"https:\/\/fmp-components.com\/wp-content\/uploads\/2024\/12\/Wave-Tide-Power-Generation-Equipment-Hydraulic-Cylinder-Advantages.webp\" alt=\"Vantagens do Cilindro Hidr\u00e1ulico para Gera\u00e7\u00e3o de Energia de Ondas e Mar\u00e9s\" width=\"1000\" height=\"501\" title=\"\" srcset=\"https:\/\/fmp-components.com\/wp-content\/uploads\/2024\/12\/Wave-Tide-Power-Generation-Equipment-Hydraulic-Cylinder-Advantages.webp 1000w, https:\/\/fmp-components.com\/wp-content\/uploads\/2024\/12\/Wave-Tide-Power-Generation-Equipment-Hydraulic-Cylinder-Advantages-980x491.webp 980w, https:\/\/fmp-components.com\/wp-content\/uploads\/2024\/12\/Wave-Tide-Power-Generation-Equipment-Hydraulic-Cylinder-Advantages-480x240.webp 480w\" sizes=\"(min-width: 0px) and (max-width: 480px) 480px, (min-width: 481px) and (max-width: 980px) 980px, (min-width: 981px) 1000px, 100vw\" \/><\/p>\n<h3>Sobre a FMP<\/h3>\n<p>A FMP \u00e9 uma empresa especializada em fabrica\u00e7\u00e3o mec\u00e2nica, dedicada \u00e0 produ\u00e7\u00e3o de cilindros hidr\u00e1ulicos. Desde a sua funda\u00e7\u00e3o, a empresa tem se concentrado na pesquisa e fabrica\u00e7\u00e3o de tecnologia hidr\u00e1ulica, transitando com sucesso de uma gama diversificada de produtos, que inclu\u00eda m\u00e1quinas para colheita e constru\u00e7\u00e3o, para a especializa\u00e7\u00e3o em componentes para tratores agr\u00edcolas. Com mais de uma d\u00e9cada de experi\u00eancia em fabrica\u00e7\u00e3o e gest\u00e3o, a FMP garante produtos de alta qualidade por meio de t\u00e9cnicas avan\u00e7adas de produ\u00e7\u00e3o.<\/p>\n<p>\u00c0 medida que a empresa evoluiu, desenvolveu uma linha de produ\u00e7\u00e3o de usinagem abrangente, uma linha de montagem e uma linha de revestimento. Nossa equipe \u00e9 composta por gestores qualificados, projetistas mec\u00e2nicos experientes e t\u00e9cnicos altamente treinados que trabalham juntos para manter a qualidade da produ\u00e7\u00e3o est\u00e1vel, controlando eficazmente a continuidade e a efici\u00eancia do processo.<\/p>\n<p>A FMP defende a filosofia de \"Inova\u00e7\u00e3o Tecnol\u00f3gica Impulsionando o Progresso, Qualidade Criando Marcas, Artesanato Garantindo a Qualidade e Construindo Relacionamentos de Longo Prazo em que Todos Ganhamos\". Nosso compromisso em fornecer produtos de alta qualidade e atendimento ao cliente superior continua sendo um objetivo fundamental, \u00e0 medida que continuamos a atender \u00e0s necessidades em constante evolu\u00e7\u00e3o do mercado.<\/p>\n<p><img loading=\"lazy\" decoding=\"async\" class=\"alignnone size-full wp-image-426\" src=\"https:\/\/fmp-components.com\/wp-content\/uploads\/2024\/12\/Sanitation-Machinery-Locking-Hydraulic-Cylinder-factory.webp\" sizes=\"(min-width: 0px) and (max-width: 480px) 480px, (min-width: 481px) and (max-width: 980px) 980px, (min-width: 981px) and (max-width: 1280px) 1280px, (min-width: 1281px) 1414px, 100vw\" srcset=\"https:\/\/fmp-components.com\/wp-content\/uploads\/2024\/12\/Sanitation-Machinery-Locking-Hydraulic-Cylinder-factory.webp 1414w, https:\/\/fmp-components.com\/wp-content\/uploads\/2024\/12\/Sanitation-Machinery-Locking-Hydraulic-Cylinder-factory-1280x529.webp 1280w, https:\/\/fmp-components.com\/wp-content\/uploads\/2024\/12\/Sanitation-Machinery-Locking-Hydraulic-Cylinder-factory-980x405.webp 980w, https:\/\/fmp-components.com\/wp-content\/uploads\/2024\/12\/Sanitation-Machinery-Locking-Hydraulic-Cylinder-factory-480x198.webp 480w\" alt=\"F\u00e1brica de Cilindros Hidr\u00e1ulicos de Bloqueio de M\u00e1quinas de Saneamento\" width=\"1414\" height=\"584\" title=\"\"><\/p>\n<p>Autor: CX<\/p>","protected":false},"excerpt":{"rendered":"<p>O cilindro hidr\u00e1ulico para equipamentos de gera\u00e7\u00e3o de energia das ondas e mar\u00e9s \u00e9 um componente hidr\u00e1ulico vital, projetado para aproveitar a energia das ondas oce\u00e2nicas e dos movimentos das mar\u00e9s. Este cilindro desempenha um papel crucial na convers\u00e3o da energia cin\u00e9tica da \u00e1gua em energia mec\u00e2nica, facilitando a opera\u00e7\u00e3o de diversos mecanismos de gera\u00e7\u00e3o de energia. Constru\u00eddo com materiais de alta resist\u00eancia e anticorrosivos, ele \u00e9 projetado para suportar o ambiente marinho adverso, incluindo a exposi\u00e7\u00e3o \u00e0 \u00e1gua salgada e condi\u00e7\u00f5es clim\u00e1ticas extremas. O sistema hidr\u00e1ulico permite movimentos suaves e eficientes, maximizando a captura de energia e garantindo a confiabilidade e a durabilidade do equipamento. Este cilindro hidr\u00e1ulico \u00e9 essencial para otimizar o desempenho de sistemas de energia das ondas e mar\u00e9s, contribuindo significativamente para solu\u00e7\u00f5es de energia sustent\u00e1vel e renov\u00e1vel.<\/p>","protected":false},"featured_media":817,"comment_status":"open","ping_status":"closed","template":"","meta":{"_et_pb_use_builder":"","_et_pb_old_content":"","_et_gb_content_width":""},"product_brand":[],"product_cat":[29],"product_tag":[],"class_list":{"0":"post-816","1":"product","2":"type-product","3":"status-publish","4":"has-post-thumbnail","6":"product_cat-energy-technology-hydraulic-cylinders","8":"first","9":"instock","10":"shipping-taxable","11":"product-type-simple"},"_links":{"self":[{"href":"https:\/\/fmp-components.com\/pt\/wp-json\/wp\/v2\/product\/816","targetHints":{"allow":["GET"]}}],"collection":[{"href":"https:\/\/fmp-components.com\/pt\/wp-json\/wp\/v2\/product"}],"about":[{"href":"https:\/\/fmp-components.com\/pt\/wp-json\/wp\/v2\/types\/product"}],"replies":[{"embeddable":true,"href":"https:\/\/fmp-components.com\/pt\/wp-json\/wp\/v2\/comments?post=816"}],"wp:featuredmedia":[{"embeddable":true,"href":"https:\/\/fmp-components.com\/pt\/wp-json\/wp\/v2\/media\/817"}],"wp:attachment":[{"href":"https:\/\/fmp-components.com\/pt\/wp-json\/wp\/v2\/media?parent=816"}],"wp:term":[{"taxonomy":"product_brand","embeddable":true,"href":"https:\/\/fmp-components.com\/pt\/wp-json\/wp\/v2\/product_brand?post=816"},{"taxonomy":"product_cat","embeddable":true,"href":"https:\/\/fmp-components.com\/pt\/wp-json\/wp\/v2\/product_cat?post=816"},{"taxonomy":"product_tag","embeddable":true,"href":"https:\/\/fmp-components.com\/pt\/wp-json\/wp\/v2\/product_tag?post=816"}],"curies":[{"name":"wp","href":"https:\/\/api.w.org\/{rel}","templated":true}]}}