{"id":809,"date":"2024-12-18T07:45:43","date_gmt":"2024-12-18T07:45:43","guid":{"rendered":"https:\/\/fmp-components.com\/?page_id=8"},"modified":"2024-12-18T07:51:27","modified_gmt":"2024-12-18T07:51:27","slug":"desalination-equipment-hydraulic-cylinders","status":"publish","type":"product","link":"https:\/\/fmp-components.com\/pt\/product\/desalination-equipment-hydraulic-cylinders\/","title":{"rendered":"Cilindros Hidr\u00e1ulicos para Equipamentos de Dessaliniza\u00e7\u00e3o"},"content":{"rendered":"<p style=\"text-align: center;\"><span style=\"font-size: 18pt;\">Cilindros Hidr\u00e1ulicos para Equipamentos de Dessaliniza\u00e7\u00e3o<\/span><\/p>\n<p>Os cilindros hidr\u00e1ulicos para equipamentos de dessaliniza\u00e7\u00e3o s\u00e3o componentes hidr\u00e1ulicos essenciais, projetados especificamente para uso em usinas de dessaliniza\u00e7\u00e3o. Esses cilindros desempenham um papel fundamental na movimenta\u00e7\u00e3o e opera\u00e7\u00e3o de diversas m\u00e1quinas envolvidas no processo de tratamento de \u00e1gua, como bombas, v\u00e1lvulas e sistemas de filtra\u00e7\u00e3o.<\/p>\n<h4>Principais caracter\u00edsticas:<\/h4>\n<ul>\n<li><strong>Constru\u00e7\u00e3o de alta resist\u00eancia:<\/strong> Fabricados com materiais dur\u00e1veis \u200b\u200be resistentes \u00e0 corros\u00e3o, esses cilindros hidr\u00e1ulicos s\u00e3o projetados para suportar os ambientes agressivos t\u00edpicos das opera\u00e7\u00f5es de dessaliniza\u00e7\u00e3o, incluindo a exposi\u00e7\u00e3o \u00e0 \u00e1gua salgada e altas press\u00f5es.<\/li>\n<li><strong>Desempenho confi\u00e1vel:<\/strong> Projetados para alta efici\u00eancia, esses cilindros fornecem for\u00e7a hidr\u00e1ulica consistente e potente, garantindo o funcionamento eficaz dos equipamentos de dessaliniza\u00e7\u00e3o e contribuindo para a confiabilidade geral do processo de tratamento de \u00e1gua.<\/li>\n<li><strong>Controle preciso:<\/strong> O projeto hidr\u00e1ulico permite ajustes suaves e precisos, aumentando a efici\u00eancia operacional de v\u00e1lvulas e bombas, o que \u00e9 crucial para otimizar o fluxo de \u00e1gua e os processos de tratamento.<\/li>\n<li><strong>Aplica\u00e7\u00e3o vers\u00e1til:<\/strong> Adequados para diversas tecnologias de dessaliniza\u00e7\u00e3o, incluindo osmose reversa e destila\u00e7\u00e3o instant\u00e2nea em m\u00faltiplos est\u00e1gios, esses cilindros hidr\u00e1ulicos podem se adaptar a diferentes necessidades operacionais, tornando-os vers\u00e1teis para diversas aplica\u00e7\u00f5es.<\/li>\n<li><strong>Baixos requisitos de manuten\u00e7\u00e3o:<\/strong> Projetados para minimizar o desgaste, esses cilindros reduzem a necessidade de manuten\u00e7\u00e3o frequente, contribuindo para a diminui\u00e7\u00e3o dos custos operacionais e o aumento da produtividade em instala\u00e7\u00f5es de dessaliniza\u00e7\u00e3o.<\/li>\n<\/ul>\n<p>Em resumo, os cilindros hidr\u00e1ulicos para equipamentos de dessaliniza\u00e7\u00e3o s\u00e3o componentes vitais que otimizam o desempenho e a efici\u00eancia das usinas de dessaliniza\u00e7\u00e3o, aumentando significativamente sua efic\u00e1cia no fornecimento de \u00e1gua doce a partir da \u00e1gua do mar e garantindo a gest\u00e3o sustent\u00e1vel dos recursos h\u00eddricos.<\/p>\n<h2>Cilindro hidr\u00e1ulico para equipamento de dessaliniza\u00e7\u00e3o<\/h2>\n<table style=\"width: 98.4268%; height: 316px;\" border=\"1\" cellspacing=\"0\" cellpadding=\"0\">\n<tbody>\n<tr>\n<td>Nome do produto<\/td>\n<td>Cilindros hidr\u00e1ulicos para equipamentos de dessaliniza\u00e7\u00e3o<\/td>\n<\/tr>\n<tr>\n<td>Caracter\u00edsticas:<\/td>\n<td>Extrair e comprimir a \u00e1gua do mar e envi\u00e1-la para o dispositivo de filtragem.<\/td>\n<\/tr>\n<tr>\n<td>Di\u00e2metro do furo:<\/td>\n<td>At\u00e9 300 mm<\/td>\n<\/tr>\n<tr>\n<td>Di\u00e2metro da haste:<\/td>\n<td>At\u00e9 185 mm<br \/>\nCurso de at\u00e9 1000 mm<\/td>\n<\/tr>\n<tr>\n<td>Temperatura de opera\u00e7\u00e3o:<\/td>\n<td>-20~30\u2103<\/td>\n<\/tr>\n<tr>\n<td>Velocidade de trabalho:<\/td>\n<td>at\u00e9 110 mm\/s<\/td>\n<\/tr>\n<tr>\n<td>Frequ\u00eancia de funcionamento:<\/td>\n<td>24 horas<\/td>\n<\/tr>\n<tr>\n<td>Vazamentos internos e externos:<\/td>\n<td>&lt; 5 ml\/min<\/td>\n<\/tr>\n<tr>\n<td>Press\u00e3o:<\/td>\n<td>at\u00e9 11 MPa<br \/>\nPress\u00e3o inicial &lt; 0,1 MPa<\/td>\n<\/tr>\n<tr>\n<td>Aplica\u00e7\u00f5es:<\/td>\n<td>Equipamentos de dessaliniza\u00e7\u00e3o<\/td>\n<\/tr>\n<\/tbody>\n<\/table>\n<h2>Caracter\u00edsticas do projeto do cilindro hidr\u00e1ulico do equipamento de dessaliniza\u00e7\u00e3o<\/h2>\n<ul>\n<li><strong>Resist\u00eancia \u00e0 corros\u00e3o:<\/strong> Fabricado em a\u00e7o inoxid\u00e1vel duplex sem soldas, este design resiste eficazmente \u00e0 corros\u00e3o da \u00e1gua do mar, garantindo longevidade e confiabilidade.<\/li>\n<li><strong>Durabilidade aprimorada:<\/strong> O cilindro hidr\u00e1ulico e a haste do pist\u00e3o s\u00e3o revestidos com tinta cer\u00e2mica, proporcionando maior resist\u00eancia ao desgaste superficial e durabilidade geral.<\/li>\n<li><strong>Veda\u00e7\u00e3o personalizada:<\/strong> Configura\u00e7\u00f5es e materiais de veda\u00e7\u00e3o especializados s\u00e3o utilizados para remover eficazmente micr\u00f3bios e areia fina da \u00e1gua do mar, maximizando a confiabilidade e a vida \u00fatil das veda\u00e7\u00f5es.<\/li>\n<li><strong>Projeto otimizado de v\u00e1lvulas:<\/strong> O cilindro hidr\u00e1ulico possui uma v\u00e1lvula de entrada e sa\u00edda de \u00e1gua do mar com design especial, garantindo o transporte eficiente de \u00e1gua do mar.<\/li>\n<li><strong>Processo de montagem limpa:<\/strong> Um procedimento exclusivo de montagem e desengorduramento garante que o cilindro hidr\u00e1ulico esteja livre de manchas de \u00f3leo, mantendo o desempenho e a limpeza ideais.<\/li>\n<\/ul>\n<p><img loading=\"lazy\" decoding=\"async\" class=\"wp-image-813 aligncenter\" src=\"https:\/\/fmp-components.com\/wp-content\/uploads\/2024\/12\/Hydraulic-Cylinders-in-Desalination-Equipment-Benefits.webp\" alt=\"Benef\u00edcios dos cilindros hidr\u00e1ulicos em equipamentos de dessaliniza\u00e7\u00e3o\" width=\"814\" height=\"407\" title=\"\"><\/p>\n<h2>Benef\u00edcios dos cilindros hidr\u00e1ulicos em equipamentos de dessaliniza\u00e7\u00e3o<\/h2>\n<p>Os cilindros hidr\u00e1ulicos oferecem in\u00fameras vantagens para equipamentos de dessaliniza\u00e7\u00e3o, incluindo:<\/p>\n<ol>\n<li><strong>Alta rela\u00e7\u00e3o pot\u00eancia-peso:<\/strong> Esses cilindros exercem uma for\u00e7a substancial, mantendo-se relativamente leves, o que \u00e9 crucial para sistemas de dessaliniza\u00e7\u00e3o que precisam transportar componentes pesados, como membranas de osmose reversa e coletores de salmoura.<\/li>\n<li><strong>Controle de velocidade vari\u00e1vel:<\/strong> Os cilindros hidr\u00e1ulicos podem ser ajustados para se moverem em v\u00e1rias velocidades, permitindo um controle preciso dos processos de dessaliniza\u00e7\u00e3o, como a taxa de rejei\u00e7\u00e3o da salmoura e a velocidade de limpeza da membrana.<\/li>\n<li><strong>Precis\u00e3o de posicionamento:<\/strong> Eles permitem o posicionamento de alta precis\u00e3o dos componentes do equipamento, garantindo opera\u00e7\u00e3o e efici\u00eancia ideais nos processos de dessaliniza\u00e7\u00e3o.<\/li>\n<li><strong>Uso eficiente de energia:<\/strong> Os sistemas hidr\u00e1ulicos s\u00e3o conhecidos pela sua efici\u00eancia energ\u00e9tica, o que \u00e9 essencial para as centrais de dessaliniza\u00e7\u00e3o que t\u00eam de funcionar continuamente.<\/li>\n<li><strong>Durabilidade e confiabilidade:<\/strong> Os cilindros hidr\u00e1ulicos s\u00e3o constru\u00eddos para serem robustos e confi\u00e1veis, capazes de suportar as condi\u00e7\u00f5es adversas t\u00edpicas das instala\u00e7\u00f5es de dessaliniza\u00e7\u00e3o, incluindo altas temperaturas e exposi\u00e7\u00e3o a produtos qu\u00edmicos corrosivos.<\/li>\n<\/ol>\n<p><img loading=\"lazy\" decoding=\"async\" class=\"alignnone  wp-image-814\" src=\"https:\/\/fmp-components.com\/wp-content\/uploads\/2024\/12\/Desalination-Equipment-Hydraulic-Cylinder.webp\" alt=\"Cilindro hidr\u00e1ulico para equipamento de dessaliniza\u00e7\u00e3o\" width=\"900\" height=\"451\" title=\"\"><\/p>\n<h3>Sobre a FMP<\/h3>\n<p>A FMP \u00e9 uma empresa especializada em fabrica\u00e7\u00e3o mec\u00e2nica, dedicada \u00e0 produ\u00e7\u00e3o de cilindros hidr\u00e1ulicos. Desde a sua funda\u00e7\u00e3o, a empresa tem se concentrado na pesquisa e fabrica\u00e7\u00e3o de tecnologia hidr\u00e1ulica, transitando com sucesso de uma gama diversificada de produtos, que inclu\u00eda m\u00e1quinas para colheita e constru\u00e7\u00e3o, para a especializa\u00e7\u00e3o em componentes para tratores agr\u00edcolas. Com mais de uma d\u00e9cada de experi\u00eancia em fabrica\u00e7\u00e3o e gest\u00e3o, a FMP garante produtos de alta qualidade por meio de t\u00e9cnicas avan\u00e7adas de produ\u00e7\u00e3o.<\/p>\n<p>\u00c0 medida que a empresa evoluiu, desenvolveu uma linha de produ\u00e7\u00e3o de usinagem abrangente, uma linha de montagem e uma linha de revestimento. Nossa equipe \u00e9 composta por gestores qualificados, projetistas mec\u00e2nicos experientes e t\u00e9cnicos altamente treinados que trabalham juntos para manter a qualidade da produ\u00e7\u00e3o est\u00e1vel, controlando eficazmente a continuidade e a efici\u00eancia do processo.<\/p>\n<p>A FMP defende a filosofia de \"Inova\u00e7\u00e3o Tecnol\u00f3gica Impulsionando o Progresso, Qualidade Criando Marcas, Artesanato Garantindo a Qualidade e Construindo Relacionamentos de Longo Prazo em que Todos Ganhamos\". Nosso compromisso em fornecer produtos de alta qualidade e atendimento ao cliente superior continua sendo um objetivo fundamental, \u00e0 medida que continuamos a atender \u00e0s necessidades em constante evolu\u00e7\u00e3o do mercado.<\/p>\n<p><img loading=\"lazy\" decoding=\"async\" class=\"alignnone size-full wp-image-426\" src=\"https:\/\/fmp-components.com\/wp-content\/uploads\/2024\/12\/Sanitation-Machinery-Locking-Hydraulic-Cylinder-factory.webp\" sizes=\"(min-width: 0px) and (max-width: 480px) 480px, (min-width: 481px) and (max-width: 980px) 980px, (min-width: 981px) and (max-width: 1280px) 1280px, (min-width: 1281px) 1414px, 100vw\" srcset=\"https:\/\/fmp-components.com\/wp-content\/uploads\/2024\/12\/Sanitation-Machinery-Locking-Hydraulic-Cylinder-factory.webp 1414w, https:\/\/fmp-components.com\/wp-content\/uploads\/2024\/12\/Sanitation-Machinery-Locking-Hydraulic-Cylinder-factory-1280x529.webp 1280w, https:\/\/fmp-components.com\/wp-content\/uploads\/2024\/12\/Sanitation-Machinery-Locking-Hydraulic-Cylinder-factory-980x405.webp 980w, https:\/\/fmp-components.com\/wp-content\/uploads\/2024\/12\/Sanitation-Machinery-Locking-Hydraulic-Cylinder-factory-480x198.webp 480w\" alt=\"F\u00e1brica de Cilindros Hidr\u00e1ulicos de Bloqueio de M\u00e1quinas de Saneamento\" width=\"1414\" height=\"584\" title=\"\"><\/p>\n<p>Autor: CX<\/p>\n<p>&nbsp;<\/p>","protected":false},"excerpt":{"rendered":"<p>Os cilindros hidr\u00e1ulicos para equipamentos de dessaliniza\u00e7\u00e3o s\u00e3o componentes essenciais em usinas de dessaliniza\u00e7\u00e3o, facilitando a movimenta\u00e7\u00e3o e a opera\u00e7\u00e3o de diversas m\u00e1quinas envolvidas no processo de tratamento de \u00e1gua. Esses cilindros hidr\u00e1ulicos fornecem a for\u00e7a necess\u00e1ria para controlar v\u00e1lvulas, bombas e outros equipamentos, garantindo a opera\u00e7\u00e3o eficiente na convers\u00e3o de \u00e1gua do mar em \u00e1gua doce. Constru\u00eddos com materiais de alta resist\u00eancia e anticorrosivos, s\u00e3o projetados para suportar as condi\u00e7\u00f5es adversas t\u00edpicas de ambientes de dessaliniza\u00e7\u00e3o, incluindo a exposi\u00e7\u00e3o \u00e0 \u00e1gua salgada e altas press\u00f5es. A a\u00e7\u00e3o hidr\u00e1ulica suave permite um controle e ajustes precisos, aumentando a efici\u00eancia e a confiabilidade do processo de dessaliniza\u00e7\u00e3o. Esses cilindros hidr\u00e1ulicos desempenham um papel vital na otimiza\u00e7\u00e3o do desempenho dos equipamentos de dessaliniza\u00e7\u00e3o, contribuindo significativamente para a gest\u00e3o eficaz dos recursos h\u00eddricos.<\/p>","protected":false},"featured_media":812,"comment_status":"open","ping_status":"closed","template":"","meta":{"_et_pb_use_builder":"","_et_pb_old_content":"","_et_gb_content_width":""},"product_brand":[],"product_cat":[29],"product_tag":[],"class_list":{"0":"post-809","1":"product","2":"type-product","3":"status-publish","4":"has-post-thumbnail","6":"product_cat-energy-technology-hydraulic-cylinders","8":"first","9":"instock","10":"shipping-taxable","11":"product-type-simple"},"_links":{"self":[{"href":"https:\/\/fmp-components.com\/pt\/wp-json\/wp\/v2\/product\/809","targetHints":{"allow":["GET"]}}],"collection":[{"href":"https:\/\/fmp-components.com\/pt\/wp-json\/wp\/v2\/product"}],"about":[{"href":"https:\/\/fmp-components.com\/pt\/wp-json\/wp\/v2\/types\/product"}],"replies":[{"embeddable":true,"href":"https:\/\/fmp-components.com\/pt\/wp-json\/wp\/v2\/comments?post=809"}],"wp:featuredmedia":[{"embeddable":true,"href":"https:\/\/fmp-components.com\/pt\/wp-json\/wp\/v2\/media\/812"}],"wp:attachment":[{"href":"https:\/\/fmp-components.com\/pt\/wp-json\/wp\/v2\/media?parent=809"}],"wp:term":[{"taxonomy":"product_brand","embeddable":true,"href":"https:\/\/fmp-components.com\/pt\/wp-json\/wp\/v2\/product_brand?post=809"},{"taxonomy":"product_cat","embeddable":true,"href":"https:\/\/fmp-components.com\/pt\/wp-json\/wp\/v2\/product_cat?post=809"},{"taxonomy":"product_tag","embeddable":true,"href":"https:\/\/fmp-components.com\/pt\/wp-json\/wp\/v2\/product_tag?post=809"}],"curies":[{"name":"wp","href":"https:\/\/api.w.org\/{rel}","templated":true}]}}