{"id":8005,"date":"2025-04-15T05:33:41","date_gmt":"2025-04-15T05:33:41","guid":{"rendered":"https:\/\/fmp-components.com\/?post_type=product&#038;p=8005"},"modified":"2025-04-15T06:05:24","modified_gmt":"2025-04-15T06:05:24","slug":"plastic-gear-rack","status":"publish","type":"product","link":"https:\/\/fmp-components.com\/pt\/product\/plastic-gear-rack\/","title":{"rendered":"Cremalheira de pl\u00e1stico"},"content":{"rendered":"<h2>Cremalheira de pl\u00e1stico: precis\u00e3o e desempenho para as ind\u00fastrias italianas<\/h2>\n<p>As estantes de pl\u00e1stico s\u00e3o componentes essenciais em m\u00e1quinas, sistemas de automa\u00e7\u00e3o e mecanismos de dire\u00e7\u00e3o que convertem movimento rotativo em movimento linear preciso. Ao contr\u00e1rio das estantes de metal tradicionais, as estantes de pl\u00e1stico feitas de materiais de alto desempenho, como nylon e polioximetileno (POM), oferecem vantagens exclusivas, incluindo resist\u00eancia \u00e0 corros\u00e3o, baixo ru\u00eddo e propriedades autolubrificantes, tornando-as a escolha ideal para uma ampla gama de ind\u00fastrias na It\u00e1lia.<\/p>\n<p><img loading=\"lazy\" decoding=\"async\" class=\"size-full wp-image-8009 aligncenter\" src=\"https:\/\/fmp-components.com\/wp-content\/uploads\/2025\/04\/plastic-gear-rack-product-1.webp\" alt=\"produto de cremalheira de pl\u00e1stico\" width=\"1000\" height=\"1000\" title=\"\" srcset=\"https:\/\/fmp-components.com\/wp-content\/uploads\/2025\/04\/plastic-gear-rack-product-1.webp 1000w, https:\/\/fmp-components.com\/wp-content\/uploads\/2025\/04\/plastic-gear-rack-product-1-980x980.webp 980w, https:\/\/fmp-components.com\/wp-content\/uploads\/2025\/04\/plastic-gear-rack-product-1-480x480.webp 480w\" sizes=\"(min-width: 0px) and (max-width: 480px) 480px, (min-width: 481px) and (max-width: 980px) 980px, (min-width: 981px) 1000px, 100vw\" \/><\/p>\n<div class=\"message-bubble rounded-3xl prose dark:prose-invert break-words text-primary min-h-7 prose-p:opacity-95 prose-strong:opacity-100 w-full max-w-none\" dir=\"auto\">\n<h3 class=\"\" dir=\"auto\">Por que escolher cremalheiras de pl\u00e1stico?<\/h3>\n<p class=\"break-words\" dir=\"auto\">Cremalheiras de pl\u00e1stico, especialmente aquelas com \u00e2ngulo de press\u00e3o de 20\u00b0, s\u00e3o o padr\u00e3o da ind\u00fastria devido aos seus dentes mais grossos e resistentes em compara\u00e7\u00e3o com as alternativas de 14,5\u00b0. Fabricadas com materiais como nylon de grau aliment\u00edcio e POM branco, elas se destacam em ambientes que exigem higiene, como f\u00e1bricas de processamento de alimentos ou aplica\u00e7\u00f5es cient\u00edficas. Os principais benef\u00edcios incluem:<\/p>\n<ul class=\"marker:text-secondary\" dir=\"auto\">\n<li class=\"break-words\"><strong>Durabilidade e resist\u00eancia ao desgaste<\/strong>: As cremalheiras de nylon e acetal resistem ao desgaste, sujeira e poeira, garantindo um desempenho duradouro.<\/li>\n<li class=\"break-words\"><strong>N\u00e3o requer lubrifica\u00e7\u00e3o<\/strong>: As propriedades autolubrificantes os tornam adequados para ambientes desafiadores, como m\u00e1quinas CNC ou sistemas ferrovi\u00e1rios.<\/li>\n<li class=\"break-words\"><strong>Opera\u00e7\u00e3o silenciosa<\/strong>: Cremalheiras de pl\u00e1stico funcionam mais silenciosamente do que as de metal, perfeitas para aplica\u00e7\u00f5es sens\u00edveis a ru\u00eddo.<\/li>\n<li class=\"break-words\"><strong>Resist\u00eancia \u00e0 corros\u00e3o e qu\u00edmica<\/strong>: Ideal para ind\u00fastrias onde componentes met\u00e1licos podem se degradar.<\/li>\n<\/ul>\n<p class=\"break-words\" dir=\"auto\">Cremalheiras de pl\u00e1stico oferecem precis\u00e3o e confiabilidade para aplica\u00e7\u00f5es como sistemas de automa\u00e7\u00e3o e elevadores.<\/p>\n<div>\n<h3 dir=\"auto\">Aplica\u00e7\u00f5es de cremalheiras de pl\u00e1stico<\/h3>\n<p class=\"break-words\" dir=\"auto\">As cremalheiras de pl\u00e1stico s\u00e3o vers\u00e1teis e atendem a uma variedade de ind\u00fastrias na It\u00e1lia:<\/p>\n<ul class=\"marker:text-secondary\" dir=\"auto\">\n<li class=\"break-words\"><strong>M\u00e1quinas CNC<\/strong>:Nas zonas industriais de Mil\u00e3o, as cremalheiras garantem um controle preciso dos movimentos.<\/li>\n<li class=\"break-words\"><strong>Processamento de alimentos<\/strong>: O setor aliment\u00edcio de Bolonha se beneficia de cremalheiras de POM de grau aliment\u00edcio que atendem a rigorosos padr\u00f5es de higiene.<\/li>\n<li class=\"break-words\"><strong>Sistemas de Automa\u00e7\u00e3o<\/strong>:De Veneza a Floren\u00e7a, cremalheiras acionam rob\u00f3tica e sistemas de transporte.<\/li>\n<li class=\"break-words\"><strong>Mecanismos de dire\u00e7\u00e3o<\/strong>: Usado em ve\u00edculos e m\u00e1quinas em toda a It\u00e1lia, garantindo uma opera\u00e7\u00e3o suave.<\/li>\n<\/ul>\n<p class=\"break-words\" dir=\"auto\">Seu design leve e alta capacidade de carga os tornam a melhor escolha para engenheiros que buscam efici\u00eancia e desempenho.<\/p>\n<table style=\"border-collapse: collapse; width: 96.3542%; height: 122px;\" border=\"0\" width=\"180\" cellspacing=\"0\" cellpadding=\"0\">\n<tbody>\n<tr style=\"height: 14.40pt;\">\n<td style=\"height: 14.40pt; width: 54.00pt;\" align=\"right\" width=\"90\" height=\"24\"><img loading=\"lazy\" decoding=\"async\" class=\"size-full wp-image-8013 aligncenter\" src=\"https:\/\/fmp-components.com\/wp-content\/uploads\/2025\/04\/plastic-gear-rack-product-5.webp\" alt=\"produto de cremalheira de pl\u00e1stico\" width=\"810\" height=\"810\" title=\"\" srcset=\"https:\/\/fmp-components.com\/wp-content\/uploads\/2025\/04\/plastic-gear-rack-product-5.webp 810w, https:\/\/fmp-components.com\/wp-content\/uploads\/2025\/04\/plastic-gear-rack-product-5-480x480.webp 480w\" sizes=\"(min-width: 0px) and (max-width: 480px) 480px, (min-width: 481px) 810px, 100vw\" \/><\/td>\n<td style=\"width: 54.00pt;\" align=\"right\" width=\"90\"><img loading=\"lazy\" decoding=\"async\" class=\"size-full wp-image-8012 aligncenter\" src=\"https:\/\/fmp-components.com\/wp-content\/uploads\/2025\/04\/plastic-gear-rack-product-6.webp\" alt=\"produto de cremalheira de pl\u00e1stico\" width=\"810\" height=\"810\" title=\"\" srcset=\"https:\/\/fmp-components.com\/wp-content\/uploads\/2025\/04\/plastic-gear-rack-product-6.webp 810w, https:\/\/fmp-components.com\/wp-content\/uploads\/2025\/04\/plastic-gear-rack-product-6-480x480.webp 480w\" sizes=\"(min-width: 0px) and (max-width: 480px) 480px, (min-width: 481px) 810px, 100vw\" \/><\/td>\n<\/tr>\n<tr style=\"height: 14.40pt;\">\n<td style=\"height: 14.40pt;\" align=\"right\" height=\"24\"><img loading=\"lazy\" decoding=\"async\" class=\"size-full wp-image-8014 aligncenter\" src=\"https:\/\/fmp-components.com\/wp-content\/uploads\/2025\/04\/plastic-gear-rack-product-4.webp\" alt=\"produto de cremalheira de pl\u00e1stico\" width=\"810\" height=\"810\" title=\"\" srcset=\"https:\/\/fmp-components.com\/wp-content\/uploads\/2025\/04\/plastic-gear-rack-product-4.webp 810w, https:\/\/fmp-components.com\/wp-content\/uploads\/2025\/04\/plastic-gear-rack-product-4-480x480.webp 480w\" sizes=\"(min-width: 0px) and (max-width: 480px) 480px, (min-width: 481px) 810px, 100vw\" \/><\/td>\n<td align=\"right\"><img loading=\"lazy\" decoding=\"async\" class=\"size-full wp-image-8015 aligncenter\" src=\"https:\/\/fmp-components.com\/wp-content\/uploads\/2025\/04\/plastic-gear-rack-product-3.webp\" alt=\"produto de cremalheira de pl\u00e1stico\" width=\"810\" height=\"810\" title=\"\" srcset=\"https:\/\/fmp-components.com\/wp-content\/uploads\/2025\/04\/plastic-gear-rack-product-3.webp 810w, https:\/\/fmp-components.com\/wp-content\/uploads\/2025\/04\/plastic-gear-rack-product-3-480x480.webp 480w\" sizes=\"(min-width: 0px) and (max-width: 480px) 480px, (min-width: 481px) 810px, 100vw\" \/><\/td>\n<\/tr>\n<\/tbody>\n<\/table>\n<div>\n<h2 class=\"\" dir=\"auto\">Especifica\u00e7\u00f5es t\u00e9cnicas do m\u00f3dulo 1 Cremalheira de pl\u00e1stico<\/h2>\n<p class=\"break-words\" dir=\"auto\">Nossa cremalheira de pl\u00e1stico M\u00f3dulo 1, feita de POM branco, \u00e9 um excelente exemplo de engenharia de qualidade. As principais especifica\u00e7\u00f5es incluem:<\/p>\n<ul class=\"marker:text-secondary\" dir=\"auto\">\n<li class=\"break-words\"><strong>Dimens\u00f5es<\/strong>: 15 mm (b) x 15 mm (A) x 14 mm (a), com comprimento nominal de 250 mm.<\/li>\n<li class=\"break-words\"><strong>M\u00f3dulo<\/strong>: 1, seguindo as normas DIN 867\/DIN 3972.<\/li>\n<li class=\"break-words\"><strong>\u00c2ngulo de press\u00e3o<\/strong>: 20\u00b0, garantindo compatibilidade com engrenagens retas padr\u00e3o.<\/li>\n<li class=\"break-words\"><strong>Peso<\/strong>: Apenas 75 gramas, ideal para montagens leves.<\/li>\n<li class=\"break-words\"><strong>Material<\/strong>: POM de grau aliment\u00edcio, adequado para aplica\u00e7\u00f5es abrasivas e cient\u00edficas.<\/li>\n<\/ul>\n<p class=\"break-words\" dir=\"auto\">Esta cremalheira combina perfeitamente com engrenagens retas correspondentes, permitindo movimento linear suave em aplica\u00e7\u00f5es que v\u00e3o desde rob\u00f3tica em Bolonha at\u00e9 sistemas ferrovi\u00e1rios em Veneza.<\/p>\n<div>\n<h2 class=\"\" dir=\"auto\">Sobre a FMP: Seu parceiro de confian\u00e7a para cremalheiras de pl\u00e1stico<\/h2>\n<p class=\"break-words\" dir=\"auto\">Na FMP, somos especializados na fabrica\u00e7\u00e3o de uma ampla gama de cremalheiras de pl\u00e1stico, incluindo produtos de nylon e acetal (POM), projetadas para atender \u00e0s necessidades das ind\u00fastrias em toda a It\u00e1lia. Com base na expertise da Plastic Machining Company, produzimos cremalheiras de metal originais (OEM) e de reposi\u00e7\u00e3o que atendem aos padr\u00f5es da ind\u00fastria, oferecendo resist\u00eancia superior ao desgaste e opera\u00e7\u00e3o silenciosa. Nossa linha de produtos inclui toda a linha Poly-Hi Solidur, garantindo versatilidade para aplica\u00e7\u00f5es em Mil\u00e3o, Veneza, Floren\u00e7a, Bolonha e outras regi\u00f5es.<\/p>\n<p class=\"break-words\" dir=\"auto\">Entendemos que seu projeto pode exigir especifica\u00e7\u00f5es \u00fanicas. \u00c9 por isso que oferecemos cremalheiras de pl\u00e1stico personalizadas, adaptadas \u00e0s suas necessidades exatas. Se voc\u00ea n\u00e3o encontrar o modelo que procura em nossa lista de produtos, n\u00e3o se preocupe: ele pode n\u00e3o estar dispon\u00edvel ainda. Basta nos enviar um e-mail com suas necessidades e nossos engenheiros responder\u00e3o em at\u00e9 24 horas com uma solu\u00e7\u00e3o. Entre em contato com a FMP hoje mesmo para aprimorar suas m\u00e1quinas com cremalheiras de pl\u00e1stico projetadas com precis\u00e3o, atendendo com orgulho \u00e0s ind\u00fastrias inovadoras da It\u00e1lia.<\/p>\n<p dir=\"auto\"><img loading=\"lazy\" decoding=\"async\" class=\"size-full wp-image-8010 aligncenter\" src=\"https:\/\/fmp-components.com\/wp-content\/uploads\/2025\/04\/plastic-gear-rack-product-2.webp\" alt=\"produto de cremalheira de pl\u00e1stico\" width=\"1005\" height=\"638\" title=\"\"><\/p>\n<\/div>\n<\/div>\n<\/div>\n<\/div>","protected":false},"excerpt":{"rendered":"<p>Plastic Gear Rack: Precision and Performance for Italian Industries Plastic racks are key components in machinery, automation systems and steering mechanisms that convert rotary motion into precise linear motion. Unlike traditional metal racks, plastic racks made from high-performance materials such as nylon and polyoxymethylene (POM) offer unique advantages, including corrosion resistance, low noise and self-lubricating [&hellip;]<\/p>","protected":false},"featured_media":8008,"comment_status":"open","ping_status":"closed","template":"","meta":{"_et_pb_use_builder":"","_et_pb_old_content":"","_et_gb_content_width":""},"product_brand":[],"product_cat":[117],"product_tag":[],"class_list":{"0":"post-8005","1":"product","2":"type-product","3":"status-publish","4":"has-post-thumbnail","6":"product_cat-plastic-gears","8":"first","9":"instock","10":"shipping-taxable","11":"product-type-simple"},"_links":{"self":[{"href":"https:\/\/fmp-components.com\/pt\/wp-json\/wp\/v2\/product\/8005","targetHints":{"allow":["GET"]}}],"collection":[{"href":"https:\/\/fmp-components.com\/pt\/wp-json\/wp\/v2\/product"}],"about":[{"href":"https:\/\/fmp-components.com\/pt\/wp-json\/wp\/v2\/types\/product"}],"replies":[{"embeddable":true,"href":"https:\/\/fmp-components.com\/pt\/wp-json\/wp\/v2\/comments?post=8005"}],"wp:featuredmedia":[{"embeddable":true,"href":"https:\/\/fmp-components.com\/pt\/wp-json\/wp\/v2\/media\/8008"}],"wp:attachment":[{"href":"https:\/\/fmp-components.com\/pt\/wp-json\/wp\/v2\/media?parent=8005"}],"wp:term":[{"taxonomy":"product_brand","embeddable":true,"href":"https:\/\/fmp-components.com\/pt\/wp-json\/wp\/v2\/product_brand?post=8005"},{"taxonomy":"product_cat","embeddable":true,"href":"https:\/\/fmp-components.com\/pt\/wp-json\/wp\/v2\/product_cat?post=8005"},{"taxonomy":"product_tag","embeddable":true,"href":"https:\/\/fmp-components.com\/pt\/wp-json\/wp\/v2\/product_tag?post=8005"}],"curies":[{"name":"wp","href":"https:\/\/api.w.org\/{rel}","templated":true}]}}