{"id":7977,"date":"2025-04-15T01:36:16","date_gmt":"2025-04-15T01:36:16","guid":{"rendered":"https:\/\/fmp-components.com\/?post_type=product&#038;p=7977"},"modified":"2025-04-15T01:50:22","modified_gmt":"2025-04-15T01:50:22","slug":"plastic-gear-set","status":"publish","type":"product","link":"https:\/\/fmp-components.com\/pt\/product\/plastic-gear-set\/","title":{"rendered":"Conjunto de engrenagens de pl\u00e1stico"},"content":{"rendered":"<h2>Conjuntos de engrenagens de pl\u00e1stico: precis\u00e3o e versatilidade para aplica\u00e7\u00f5es mec\u00e2nicas.<\/h2>\n<p>Os conjuntos de engrenagens de pl\u00e1stico s\u00e3o componentes essenciais em sistemas mec\u00e2nicos modernos, oferecendo solu\u00e7\u00f5es leves, dur\u00e1veis \u200b\u200be econ\u00f4micas para transmiss\u00e3o de pot\u00eancia. Esses conjuntos geralmente incluem engrenagens de tamanhos e n\u00fameros de dentes variados, projetadas para funcionar perfeitamente em conjunto em aplica\u00e7\u00f5es que v\u00e3o da rob\u00f3tica \u00e0 eletr\u00f4nica de consumo. Em cidades italianas impulsionadas pela inova\u00e7\u00e3o, como Mil\u00e3o, Veneza, Floren\u00e7a e Bolonha, os conjuntos de engrenagens de pl\u00e1stico s\u00e3o amplamente utilizados devido \u00e0 sua resist\u00eancia \u00e0 ferrugem, baixa manuten\u00e7\u00e3o e capacidade de operar sem lubrifica\u00e7\u00e3o. Fabricados com pl\u00e1sticos de engenharia de alta qualidade, eles proporcionam desempenho confi\u00e1vel em diversos setores.<\/p>\n<div>\n<h3 dir=\"auto\">Vantagens dos conjuntos de engrenagens de pl\u00e1stico<\/h3>\n<p class=\"break-words\" dir=\"auto\">Os conjuntos de engrenagens de pl\u00e1stico oferecem diversas vantagens que os tornam a escolha preferida em rela\u00e7\u00e3o \u00e0s alternativas de metal, especialmente nos polos de design e fabrica\u00e7\u00e3o da It\u00e1lia:<\/p>\n<ul class=\"marker:text-secondary\" dir=\"auto\">\n<li class=\"break-words\"><strong>Leve<\/strong>Fabricadas com materiais como poliacetal (POM), nylon e Duracon, as engrenagens de pl\u00e1stico reduzem o peso do sistema, sendo ideais para aplica\u00e7\u00f5es nos laborat\u00f3rios de rob\u00f3tica de Floren\u00e7a ou nos setores de automa\u00e7\u00e3o de Veneza.<\/li>\n<li class=\"break-words\"><strong>Resist\u00eancia \u00e0 corros\u00e3o<\/strong>Ao contr\u00e1rio das engrenagens met\u00e1licas, os conjuntos de engrenagens de pl\u00e1stico s\u00e3o resistentes \u00e0 ferrugem, garantindo longa vida \u00fatil em ambientes \u00famidos ou expostos a produtos qu\u00edmicos, comuns nas zonas industriais de Bolonha.<\/li>\n<li class=\"break-words\"><strong>Baixo ru\u00eddo<\/strong>As engrenagens de pl\u00e1stico funcionam silenciosamente, tornando-as adequadas para eletr\u00f4nicos de consumo e dispositivos m\u00e9dicos produzidos nos mercados tecnol\u00f3gicos de Mil\u00e3o.<\/li>\n<li class=\"break-words\"><strong>Produ\u00e7\u00e3o com boa rela\u00e7\u00e3o custo-benef\u00edcio<\/strong>A moldagem por inje\u00e7\u00e3o permite a produ\u00e7\u00e3o em grande volume a baixos custos, apoiando a fabrica\u00e7\u00e3o escal\u00e1vel para empresas italianas.<\/li>\n<li class=\"break-words\"><strong>N\u00e3o necessita de lubrifica\u00e7\u00e3o.<\/strong>Muitas engrenagens de pl\u00e1stico, como as feitas de nylon, podem ser acopladas a engrenagens de metal sem lubrifica\u00e7\u00e3o, reduzindo os custos de manuten\u00e7\u00e3o.<\/li>\n<\/ul>\n<p class=\"break-words\" dir=\"auto\">Apesar de sua menor resist\u00eancia em compara\u00e7\u00e3o com o metal, a sele\u00e7\u00e3o cuidadosa dos materiais e o projeto atenuam essas limita\u00e7\u00f5es, garantindo um desempenho confi\u00e1vel para cargas e condi\u00e7\u00f5es espec\u00edficas.<\/p>\n<div>\n<h3 dir=\"auto\">Materiais utilizados em conjuntos de engrenagens de pl\u00e1stico<\/h3>\n<p class=\"break-words\" dir=\"auto\">O desempenho de um conjunto de engrenagens de pl\u00e1stico depende muito do material utilizado. As op\u00e7\u00f5es mais comuns incluem:<\/p>\n<ul class=\"marker:text-secondary\" dir=\"auto\">\n<li class=\"break-words\"><strong>Poliacetal (POM)<\/strong>Conhecido por seu baixo atrito e alta resist\u00eancia ao desgaste, ideal para engrenagens de precis\u00e3o em aplica\u00e7\u00f5es automotivas e industriais.<\/li>\n<li class=\"break-words\"><strong>Nylon (MC901)<\/strong>Oferece excelente resist\u00eancia \u00e0 tra\u00e7\u00e3o e elasticidade, sendo perfeito para conjuntos de engrenagens de alta resist\u00eancia no setor de m\u00e1quinas de Bolonha.<\/li>\n<li class=\"break-words\"><strong>Duracon<\/strong>Uma op\u00e7\u00e3o econ\u00f4mica para engrenagens moldadas por inje\u00e7\u00e3o, adequada para aplica\u00e7\u00f5es com cargas leves, como projetos de bricolagem em Floren\u00e7a.<\/li>\n<li class=\"break-words\"><strong>PEEK e U-PE<\/strong>Utilizado em ambientes de alto desempenho que exigem resist\u00eancia qu\u00edmica, frequentemente encontrado na fabrica\u00e7\u00e3o de dispositivos m\u00e9dicos em Mil\u00e3o.<\/li>\n<li class=\"break-words\"><strong>Variantes refor\u00e7adas<\/strong>Engrenagens com cubos de a\u00e7o inoxid\u00e1vel ou lat\u00e3o (por exemplo, acetal com n\u00facleos de SUS303) aumentam a durabilidade em ambientes exigentes.<\/li>\n<\/ul>\n<p class=\"break-words\" dir=\"auto\">Esses materiais permitem que os fabricantes italianos adaptem os conjuntos de engrenagens a necessidades espec\u00edficas, equilibrando resist\u00eancia, peso e resist\u00eancia ambiental.<\/p>\n<p dir=\"auto\"><img loading=\"lazy\" decoding=\"async\" class=\"size-full wp-image-7983 aligncenter\" src=\"https:\/\/fmp-components.com\/wp-content\/uploads\/2025\/04\/plastic-gear-set-product.webp\" alt=\"Conjunto de engrenagens de pl\u00e1stico\" width=\"853\" height=\"697\" title=\"\" srcset=\"https:\/\/fmp-components.com\/wp-content\/uploads\/2025\/04\/plastic-gear-set-product.webp 853w, https:\/\/fmp-components.com\/wp-content\/uploads\/2025\/04\/plastic-gear-set-product-480x392.webp 480w\" sizes=\"(min-width: 0px) and (max-width: 480px) 480px, (min-width: 481px) 853px, 100vw\" \/><\/p>\n<div>\n<h3 dir=\"auto\">Tipos de engrenagens em conjuntos de engrenagens de pl\u00e1stico<\/h3>\n<p class=\"break-words\" dir=\"auto\">Os conjuntos de engrenagens de pl\u00e1stico normalmente incluem uma variedade de tipos de engrenagens para atender a diferentes requisitos mec\u00e2nicos:<\/p>\n<ul class=\"marker:text-secondary\" dir=\"auto\">\n<li class=\"break-words\"><strong>Engrenagens retas<\/strong>Simples e eficiente, usado para transmiss\u00e3o de energia direta em produtos de consumo.<\/li>\n<li class=\"break-words\"><strong>Engrenagens c\u00f4nicas<\/strong>Facilitar o movimento angular, comum em sistemas rob\u00f3ticos e automotivos em Veneza.<\/li>\n<li class=\"break-words\"><strong>Engrenagens de esquadria<\/strong>Permite a transfer\u00eancia de energia a 90 graus, ideal para m\u00e1quinas compactas.<\/li>\n<li class=\"break-words\"><strong>Rodas sem-fim e sem-fim<\/strong>Proporcionam rela\u00e7\u00f5es de engrenagem elevadas para um controle preciso, utilizadas nos equipamentos de automa\u00e7\u00e3o de Mil\u00e3o.<\/li>\n<li class=\"break-words\"><strong>Prateleiras<\/strong>Converter movimento rotacional em linear, suportando aplica\u00e7\u00f5es como m\u00e1quinas CNC em Bolonha.<\/li>\n<\/ul>\n<p class=\"break-words\" dir=\"auto\">Os m\u00f3dulos variam de 0,5 a 4, com acabamentos dent\u00e1rios cortados ou moldados por inje\u00e7\u00e3o para atingir classifica\u00e7\u00f5es como JIS N9-N12, garantindo compatibilidade com diversos sistemas.<\/p>\n<div>\n<h3 dir=\"auto\">Aplica\u00e7\u00f5es em diversos setores<\/h3>\n<p class=\"break-words\" dir=\"auto\">Os conjuntos de engrenagens de pl\u00e1stico s\u00e3o vers\u00e1teis e atendem a uma ampla gama de ind\u00fastrias na din\u00e2mica economia italiana:<\/p>\n<ul class=\"marker:text-secondary\" dir=\"auto\">\n<li class=\"break-words\"><strong>Rob\u00f3tica<\/strong>Engrenagens leves permitem movimentos \u00e1geis em prot\u00f3tipos desenvolvidos nos polos tecnol\u00f3gicos de Floren\u00e7a.<\/li>\n<li class=\"break-words\"><strong>Eletr\u00f4nicos de consumo<\/strong>Engrenagens silenciosas e dur\u00e1veis \u200b\u200balimentam dispositivos como impressoras e c\u00e2meras, populares nos est\u00fadios de design de Mil\u00e3o.<\/li>\n<li class=\"break-words\"><strong>Equipamentos m\u00e9dicos<\/strong>Engrenagens anticorrosivas garantem a confiabilidade das ferramentas de diagn\u00f3stico fabricadas em Bolonha.<\/li>\n<li class=\"break-words\"><strong>Automotivo<\/strong>Engrenagens de pl\u00e1stico reduzem o peso em sistemas auxiliares, beneficiando os fornecedores automotivos de Veneza.<\/li>\n<li class=\"break-words\"><strong>Fa\u00e7a Voc\u00ea Mesmo e Educa\u00e7\u00e3o<\/strong>Conjuntos de equipamentos acess\u00edveis inspiram inova\u00e7\u00e3o em salas de aula e espa\u00e7os de cria\u00e7\u00e3o por toda a It\u00e1lia.<\/li>\n<\/ul>\n<p class=\"break-words\" dir=\"auto\">Sua adaptabilidade os torna um pilar fundamental tanto na prototipagem quanto na produ\u00e7\u00e3o no cen\u00e1rio industrial italiano.<\/p>\n<div>\n<h2 class=\"\" dir=\"auto\">Sobre a FMP: Sua fonte confi\u00e1vel de engrenagens de pl\u00e1stico.<\/h2>\n<p class=\"break-words\" dir=\"auto\">Na FMP, orgulhamo-nos de ser um fabricante l\u00edder de engrenagens pl\u00e1sticas, atendendo empresas em Mil\u00e3o, Veneza, Floren\u00e7a e Bolonha. Nossa extensa linha de produtos inclui engrenagens cil\u00edndricas de dentes retos, c\u00f4nicas, de esquadria, sem-fim e cremalheiras, fabricadas com precis\u00e3o para atender \u00e0s necessidades de diversos setores, da rob\u00f3tica \u00e0 ind\u00fastria automotiva. Somos especializados em:<\/p>\n<ul class=\"marker:text-secondary\" dir=\"auto\">\n<li class=\"break-words\"><strong>Solu\u00e7\u00f5es completas para engrenagens<\/strong>Oferecemos uma variedade de engrenagens pl\u00e1sticas para atender a qualquer aplica\u00e7\u00e3o mec\u00e2nica.<\/li>\n<li class=\"break-words\"><strong>Fabrica\u00e7\u00e3o personalizada<\/strong>Aceitamos encomendas totalmente personalizadas, projetando engrenagens de acordo com suas especifica\u00e7\u00f5es exatas, seja para prot\u00f3tipos ou produ\u00e7\u00e3o em larga escala.<\/li>\n<li class=\"break-words\"><strong>Suporte r\u00e1pido<\/strong>N\u00e3o encontrou o modelo de engrenagem que precisa em nosso cat\u00e1logo? \u00c9 prov\u00e1vel que ainda n\u00e3o o tenhamos adicionado. Envie-nos um e-mail com suas necessidades e nossos engenheiros responder\u00e3o em at\u00e9 24 horas com uma solu\u00e7\u00e3o personalizada.<\/li>\n<\/ul>\n<p class=\"break-words\" dir=\"auto\">Localizada no cora\u00e7\u00e3o industrial da It\u00e1lia, a FMP combina moldagem por inje\u00e7\u00e3o de \u00faltima gera\u00e7\u00e3o com um compromisso com a qualidade, garantindo o sucesso dos seus projetos. Entre em contato conosco hoje mesmo. <a href=\"mailto:info@fmpcomponents.it\">info@fmpcomponents.it<\/a> Descubra como nossos conjuntos de engrenagens de pl\u00e1stico podem impulsionar sua inova\u00e7\u00e3o.<\/p>\n<p dir=\"auto\"><img loading=\"lazy\" decoding=\"async\" class=\"wp-image-7981 aligncenter\" src=\"https:\/\/fmp-components.com\/wp-content\/uploads\/2025\/04\/plastic-gear-set-factory.webp\" alt=\"conjunto de engrenagens de pl\u00e1stico de f\u00e1brica\" width=\"901\" height=\"751\" title=\"\" srcset=\"https:\/\/fmp-components.com\/wp-content\/uploads\/2025\/04\/plastic-gear-set-factory.webp 901w, https:\/\/fmp-components.com\/wp-content\/uploads\/2025\/04\/plastic-gear-set-factory-480x400.webp 480w\" sizes=\"(min-width: 0px) and (max-width: 480px) 480px, (min-width: 481px) 901px, 100vw\" \/><\/p>\n<\/div>\n<\/div>\n<\/div>\n<\/div>\n<\/div>","protected":false},"excerpt":{"rendered":"<p>Plastic Gear Sets: Precision and Versatility for Mechanical Applications Plastic gear sets are essential components in modern mechanical systems, offering lightweight, durable, and cost-effective solutions for power transmission. These sets typically include gears of varying sizes and tooth counts, designed to work seamlessly together in applications ranging from robotics to consumer electronics. In Italy\u2019s innovation-driven [&hellip;]<\/p>","protected":false},"featured_media":7960,"comment_status":"open","ping_status":"closed","template":"","meta":{"_et_pb_use_builder":"","_et_pb_old_content":"","_et_gb_content_width":""},"product_brand":[],"product_cat":[117],"product_tag":[],"class_list":{"0":"post-7977","1":"product","2":"type-product","3":"status-publish","4":"has-post-thumbnail","6":"product_cat-plastic-gears","8":"first","9":"instock","10":"shipping-taxable","11":"product-type-simple"},"_links":{"self":[{"href":"https:\/\/fmp-components.com\/pt\/wp-json\/wp\/v2\/product\/7977","targetHints":{"allow":["GET"]}}],"collection":[{"href":"https:\/\/fmp-components.com\/pt\/wp-json\/wp\/v2\/product"}],"about":[{"href":"https:\/\/fmp-components.com\/pt\/wp-json\/wp\/v2\/types\/product"}],"replies":[{"embeddable":true,"href":"https:\/\/fmp-components.com\/pt\/wp-json\/wp\/v2\/comments?post=7977"}],"wp:featuredmedia":[{"embeddable":true,"href":"https:\/\/fmp-components.com\/pt\/wp-json\/wp\/v2\/media\/7960"}],"wp:attachment":[{"href":"https:\/\/fmp-components.com\/pt\/wp-json\/wp\/v2\/media?parent=7977"}],"wp:term":[{"taxonomy":"product_brand","embeddable":true,"href":"https:\/\/fmp-components.com\/pt\/wp-json\/wp\/v2\/product_brand?post=7977"},{"taxonomy":"product_cat","embeddable":true,"href":"https:\/\/fmp-components.com\/pt\/wp-json\/wp\/v2\/product_cat?post=7977"},{"taxonomy":"product_tag","embeddable":true,"href":"https:\/\/fmp-components.com\/pt\/wp-json\/wp\/v2\/product_tag?post=7977"}],"curies":[{"name":"wp","href":"https:\/\/api.w.org\/{rel}","templated":true}]}}