{"id":7925,"date":"2025-04-11T05:36:47","date_gmt":"2025-04-11T05:36:47","guid":{"rendered":"https:\/\/fmp-components.com\/?post_type=product&#038;p=7925"},"modified":"2025-04-11T05:45:56","modified_gmt":"2025-04-11T05:45:56","slug":"flywheel-ring-gear","status":"publish","type":"product","link":"https:\/\/fmp-components.com\/pt\/product\/flywheel-ring-gear\/","title":{"rendered":"Engrenagem anelar do volante"},"content":{"rendered":"<h2>Engrenagens de anel do volante: Precis\u00e3o e desempenho para as ind\u00fastrias italianas<\/h2>\n<div>Volante <a href=\"https:\/\/fmp-components.com\/pt\/ring-gear\/\">engrenagens de anel<\/a> As engrenagens de anel s\u00e3o componentes cr\u00edticos em m\u00e1quinas automotivas e industriais, garantindo uma transmiss\u00e3o de pot\u00eancia suave entre o motor e o motor de arranque. Projetadas para durabilidade e precis\u00e3o, essas engrenagens s\u00e3o essenciais para ve\u00edculos e equipamentos utilizados em toda a It\u00e1lia, desde as ruas movimentadas de Mil\u00e3o at\u00e9 as rotas panor\u00e2micas de Floren\u00e7a. Na FMP, fabricamos engrenagens de anel que atendem a rigorosos padr\u00f5es de qualidade, oferecendo desempenho confi\u00e1vel para uma ampla gama de aplica\u00e7\u00f5es. Seja em Veneza, realizando manuten\u00e7\u00e3o em motores mar\u00edtimos, ou em Bolonha, prestando servi\u00e7os em m\u00e1quinas pesadas, nossas engrenagens de anel s\u00e3o projetadas para suportar alto torque e condi\u00e7\u00f5es severas, garantindo efici\u00eancia duradoura.<\/div>\n<p><img loading=\"lazy\" decoding=\"async\" class=\"alignnone size-full wp-image-7927\" src=\"https:\/\/fmp-components.com\/wp-content\/uploads\/2025\/04\/flywheel-ring-gear-product-detail.webp\" alt=\"Detalhes do produto: engrenagem anular do volante\" width=\"1200\" height=\"1200\" title=\"\" srcset=\"https:\/\/fmp-components.com\/wp-content\/uploads\/2025\/04\/flywheel-ring-gear-product-detail.webp 1200w, https:\/\/fmp-components.com\/wp-content\/uploads\/2025\/04\/flywheel-ring-gear-product-detail-980x980.webp 980w, https:\/\/fmp-components.com\/wp-content\/uploads\/2025\/04\/flywheel-ring-gear-product-detail-480x480.webp 480w\" sizes=\"(min-width: 0px) and (max-width: 480px) 480px, (min-width: 481px) and (max-width: 980px) 980px, (min-width: 981px) 1200px, 100vw\" \/><\/p>\n<h2>Por que escolher as engrenagens de volante de alta qualidade da FMP?<\/h2>\n<div>Na diversificada paisagem industrial da It\u00e1lia, desde as oficinas artesanais de Floren\u00e7a at\u00e9 os polos automotivos de Mil\u00e3o, a demanda por engrenagens de volante robustas est\u00e1 em constante crescimento. Essas engrenagens s\u00e3o fabricadas com materiais de alta qualidade para resistir ao desgaste, proporcionando um engate perfeito com os motores de partida. Na FMP, oferecemos uma ampla gama de engrenagens de volante adequadas para carros, caminh\u00f5es e equipamentos industriais, garantindo compatibilidade com diversos modelos. Se voc\u00ea estiver em Veneza ou Bolonha e n\u00e3o encontrar o modelo espec\u00edfico de engrenagem de volante que precisa, n\u00e3o se preocupe \u2014 nossa equipe pode personalizar solu\u00e7\u00f5es sob medida para suas necessidades, fornecendo produtos de engenharia de precis\u00e3o que mant\u00eam suas opera\u00e7\u00f5es funcionando sem problemas.<\/div>\n<div>\n<h3>FMP: Seu parceiro de confian\u00e7a em engrenagens de volante na It\u00e1lia<\/h3>\n<p>A FMP \u00e9 uma fabricante l\u00edder de engrenagens de anel para volantes. Nossa empresa \u00e9 especializada em uma ampla gama de engrenagens de anel e oferece um servi\u00e7o personalizado para atender \u00e0s suas especifica\u00e7\u00f5es exclusivas. Se voc\u00ea n\u00e3o encontrar o modelo que precisa em nossa lista de produtos, pode ser porque ainda n\u00e3o o adicionamos. Basta nos informar suas necessidades por e-mail e um de nossos engenheiros especializados responder\u00e1 em at\u00e9 24 horas com uma solu\u00e7\u00e3o sob medida. Onde quer que voc\u00ea esteja na It\u00e1lia, a FMP pode fornecer engrenagens de anel dur\u00e1veis \u200b\u200be de alta qualidade para impulsionar o seu neg\u00f3cio.<\/p>\n<table style=\"border-collapse: collapse; width: 103.578%; height: 58px;\" border=\"0\" width=\"240\" cellspacing=\"0\" cellpadding=\"0\">\n<tbody>\n<tr style=\"height: 14.40pt;\">\n<td style=\"height: 14.40pt; width: 48.00pt;\" align=\"right\" width=\"80\" height=\"24\"><img loading=\"lazy\" decoding=\"async\" class=\"size-full wp-image-7931 aligncenter\" src=\"https:\/\/fmp-components.com\/wp-content\/uploads\/2025\/04\/flywheel-ring-gear-product-1.webp\" alt=\"produto de engrenagem anular do volante\" width=\"750\" height=\"750\" title=\"\" srcset=\"https:\/\/fmp-components.com\/wp-content\/uploads\/2025\/04\/flywheel-ring-gear-product-1.webp 750w, https:\/\/fmp-components.com\/wp-content\/uploads\/2025\/04\/flywheel-ring-gear-product-1-480x480.webp 480w\" sizes=\"(min-width: 0px) and (max-width: 480px) 480px, (min-width: 481px) 750px, 100vw\" \/><\/td>\n<td style=\"width: 48.00pt;\" align=\"right\" width=\"80\"><img loading=\"lazy\" decoding=\"async\" class=\"size-full wp-image-7929 aligncenter\" src=\"https:\/\/fmp-components.com\/wp-content\/uploads\/2025\/04\/flywheel-ring-gear-product-2.webp\" alt=\"produto de engrenagem anular do volante\" width=\"800\" height=\"800\" title=\"\" srcset=\"https:\/\/fmp-components.com\/wp-content\/uploads\/2025\/04\/flywheel-ring-gear-product-2.webp 800w, https:\/\/fmp-components.com\/wp-content\/uploads\/2025\/04\/flywheel-ring-gear-product-2-480x480.webp 480w\" sizes=\"(min-width: 0px) and (max-width: 480px) 480px, (min-width: 481px) 800px, 100vw\" \/><\/td>\n<td style=\"width: 48.00pt;\" align=\"right\" width=\"80\"><img loading=\"lazy\" decoding=\"async\" class=\"size-full wp-image-7930 aligncenter\" src=\"https:\/\/fmp-components.com\/wp-content\/uploads\/2025\/04\/flywheel-ring-gear-product-3.webp\" alt=\"produto de engrenagem anular do volante\" width=\"800\" height=\"800\" title=\"\" srcset=\"https:\/\/fmp-components.com\/wp-content\/uploads\/2025\/04\/flywheel-ring-gear-product-3.webp 800w, https:\/\/fmp-components.com\/wp-content\/uploads\/2025\/04\/flywheel-ring-gear-product-3-480x480.webp 480w\" sizes=\"(min-width: 0px) and (max-width: 480px) 480px, (min-width: 481px) 800px, 100vw\" \/><\/td>\n<\/tr>\n<\/tbody>\n<\/table>\n<\/div>","protected":false},"excerpt":{"rendered":"<p>Flywheel Ring Gears: Precision and Performance for Italian Industries Flywheel ring gears are critical components in automotive and industrial machinery, ensuring smooth power transmission between the engine and the starter motor. Designed for durability and precision, these gears are essential for vehicles and equipment used across Italy, from the bustling streets of Milan to the [&hellip;]<\/p>","protected":false},"featured_media":7926,"comment_status":"open","ping_status":"closed","template":"","meta":{"_et_pb_use_builder":"","_et_pb_old_content":"","_et_gb_content_width":""},"product_brand":[],"product_cat":[114],"product_tag":[],"class_list":{"0":"post-7925","1":"product","2":"type-product","3":"status-publish","4":"has-post-thumbnail","6":"product_cat-ring-gear","8":"first","9":"instock","10":"shipping-taxable","11":"product-type-simple"},"_links":{"self":[{"href":"https:\/\/fmp-components.com\/pt\/wp-json\/wp\/v2\/product\/7925","targetHints":{"allow":["GET"]}}],"collection":[{"href":"https:\/\/fmp-components.com\/pt\/wp-json\/wp\/v2\/product"}],"about":[{"href":"https:\/\/fmp-components.com\/pt\/wp-json\/wp\/v2\/types\/product"}],"replies":[{"embeddable":true,"href":"https:\/\/fmp-components.com\/pt\/wp-json\/wp\/v2\/comments?post=7925"}],"wp:featuredmedia":[{"embeddable":true,"href":"https:\/\/fmp-components.com\/pt\/wp-json\/wp\/v2\/media\/7926"}],"wp:attachment":[{"href":"https:\/\/fmp-components.com\/pt\/wp-json\/wp\/v2\/media?parent=7925"}],"wp:term":[{"taxonomy":"product_brand","embeddable":true,"href":"https:\/\/fmp-components.com\/pt\/wp-json\/wp\/v2\/product_brand?post=7925"},{"taxonomy":"product_cat","embeddable":true,"href":"https:\/\/fmp-components.com\/pt\/wp-json\/wp\/v2\/product_cat?post=7925"},{"taxonomy":"product_tag","embeddable":true,"href":"https:\/\/fmp-components.com\/pt\/wp-json\/wp\/v2\/product_tag?post=7925"}],"curies":[{"name":"wp","href":"https:\/\/api.w.org\/{rel}","templated":true}]}}