{"id":7920,"date":"2025-04-11T03:30:53","date_gmt":"2025-04-11T03:30:53","guid":{"rendered":"https:\/\/fmp-components.com\/?post_type=product&#038;p=7920"},"modified":"2025-04-11T03:45:02","modified_gmt":"2025-04-11T03:45:02","slug":"external-ring-gear","status":"publish","type":"product","link":"https:\/\/fmp-components.com\/pt\/product\/external-ring-gear\/","title":{"rendered":"Engrenagem de anel externo"},"content":{"rendered":"<h2>Engrenagens de anel externas de alta qualidade para engenharia de precis\u00e3o.<\/h2>\n<p>As engrenagens anulares externas s\u00e3o componentes cr\u00edticos em diversos sistemas mec\u00e2nicos, reconhecidas por sua durabilidade e precis\u00e3o na transmiss\u00e3o de torque e movimento. Essas engrenagens, com dentes na circunfer\u00eancia externa, s\u00e3o amplamente utilizadas em ind\u00fastrias como a automotiva, aeroespacial e de m\u00e1quinas industriais. Em cidades como Mil\u00e3o e Veneza, onde a manufatura avan\u00e7ada prospera, as engrenagens anulares externas desempenham um papel fundamental para garantir o funcionamento perfeito de equipamentos de alto desempenho. Projetadas para se encaixarem com pinh\u00f5es ou outras engrenagens, elas proporcionam uma transmiss\u00e3o de pot\u00eancia confi\u00e1vel, tornando-as indispens\u00e1veis \u200b\u200bpara aplica\u00e7\u00f5es que exigem solu\u00e7\u00f5es mec\u00e2nicas robustas e eficientes.<\/p>\n<h2>Misturador de pe\u00e7as de cimento Micro 5000mm com engrenagem anular externa em a\u00e7o fundido<\/h2>\n<p>A FMP dedica-se principalmente \u00e0 pesquisa, desenvolvimento e fabrica\u00e7\u00e3o de engrenagens de baixa velocidade, alta carga e alta pot\u00eancia. Estabeleceu um sistema de especifica\u00e7\u00f5es padr\u00e3o para projeto, fabrica\u00e7\u00e3o, teste e inspe\u00e7\u00e3o com base em normas avan\u00e7adas e conta com uma equipe de engenheiros e t\u00e9cnicos inovadores.<\/p>\n<p><img loading=\"lazy\" decoding=\"async\" class=\"size-full wp-image-7922 aligncenter\" src=\"https:\/\/fmp-components.com\/wp-content\/uploads\/2025\/04\/External-Ring-Gear-1.webp\" alt=\"Engrenagem de anel externo\" width=\"790\" height=\"686\" title=\"\" srcset=\"https:\/\/fmp-components.com\/wp-content\/uploads\/2025\/04\/External-Ring-Gear-1.webp 790w, https:\/\/fmp-components.com\/wp-content\/uploads\/2025\/04\/External-Ring-Gear-1-480x417.webp 480w\" sizes=\"(min-width: 0px) and (max-width: 480px) 480px, (min-width: 481px) 790px, 100vw\" \/><\/p>\n<table style=\"width: 100%;\" border=\"1\" width=\"100%\" cellspacing=\"0\" cellpadding=\"0\">\n<tbody>\n<tr>\n<th style=\"width: 13.8116%;\">Forma:<\/th>\n<td style=\"width: 35.9743%;\">Minhoca<\/td>\n<th style=\"width: 15.2034%;\">Doen\u00e7a:<\/th>\n<td style=\"width: 34.6895%;\">Novo<\/td>\n<\/tr>\n<tr class=\"bg_gray\">\n<th style=\"width: 13.8116%;\">Ind\u00fastrias aplic\u00e1veis:<\/th>\n<td style=\"width: 35.9743%;\">F\u00e1brica, Obras de Constru\u00e7\u00e3o, Energia e Minera\u00e7\u00e3o<\/td>\n<th style=\"width: 15.2034%;\">Localiza\u00e7\u00e3o do showroom:<\/th>\n<td style=\"width: 34.6895%;\">Nenhum<\/td>\n<\/tr>\n<tr>\n<th style=\"width: 13.8116%;\">Material:<\/th>\n<td style=\"width: 35.9743%;\">A\u00e7o inoxid\u00e1vel, ZG35CrMo\/42CrMo<\/td>\n<th style=\"width: 15.2034%;\">Padr\u00e3o ou n\u00e3o padr\u00e3o:<\/th>\n<td style=\"width: 34.6895%;\">N\u00e3o padronizado<\/td>\n<\/tr>\n<tr class=\"bg_gray\">\n<th style=\"width: 13.8116%;\">Dire\u00e7\u00e3o:<\/th>\n<td style=\"width: 35.9743%;\">Esquerda, Direita<\/td>\n<th style=\"width: 15.2034%;\">Nome:<\/th>\n<td style=\"width: 34.6895%;\">Pe\u00e7as para betoneira: engrenagem sem-fim de a\u00e7o micro<\/td>\n<\/tr>\n<tr>\n<th style=\"width: 13.8116%;\">Di\u00e2metro:<\/th>\n<td style=\"width: 35.9743%;\">2000-8000mm<\/td>\n<th style=\"width: 15.2034%;\">Tipo de processamento:<\/th>\n<td style=\"width: 34.6895%;\">Elenco<\/td>\n<\/tr>\n<tr class=\"bg_gray\">\n<th style=\"width: 13.8116%;\">Certificado:<\/th>\n<td style=\"width: 35.9743%;\">ISO 9001:2000, ANSI, ASME, GES<\/td>\n<th style=\"width: 15.2034%;\">\u00c2mbito de aplica\u00e7\u00e3o:<\/th>\n<td style=\"width: 34.6895%;\">Instala\u00e7\u00f5es de cimento e minera\u00e7\u00e3o, redutor de velocidade, moinho de bolas, guincho de mina<\/td>\n<\/tr>\n<tr>\n<th style=\"width: 13.8116%;\">\u00c1reas de exporta\u00e7\u00e3o:<\/th>\n<td style=\"width: 35.9743%;\">R\u00fassia, Sudeste Asi\u00e1tico, \u00cdndia, \u00c1frica do Sul, Austr\u00e1lia<\/td>\n<th style=\"width: 15.2034%;\">Dureza:<\/th>\n<td style=\"width: 34.6895%;\">&lt;=217<\/td>\n<\/tr>\n<tr>\n<th style=\"width: 13.8116%;\" colspan=\"1\">Destaque:<\/th>\n<td style=\"width: 85.8672%;\" colspan=\"3\">Engrenagem helicoidal de a\u00e7o micro, engrenagem helicoidal de a\u00e7o de 5000 mm<\/td>\n<\/tr>\n<\/tbody>\n<\/table>\n<h3>FMP: Seu parceiro de confian\u00e7a para engrenagens de coroa externa<\/h3>\n<p>Na FMP, orgulhamo-nos de fabricar uma vasta gama de produtos externos. <a href=\"https:\/\/fmp-components.com\/pt\/ring-gear\/\">engrenagens de anel<\/a>Fabricados para atender aos mais altos padr\u00f5es da ind\u00fastria, os produtos da FMP s\u00e3o fabricados com base no cora\u00e7\u00e3o da rede industrial italiana e atendem empresas em Mil\u00e3o, Veneza, Floren\u00e7a, Bolonha e outras cidades, oferecendo solu\u00e7\u00f5es padr\u00e3o e personalizadas. Se voc\u00ea n\u00e3o encontrar o modelo de engrenagem anular espec\u00edfico que precisa em nossa lista de produtos, n\u00e3o se preocupe \u2014 provavelmente ainda n\u00e3o tivemos a oportunidade de adicion\u00e1-lo. Basta nos enviar um e-mail com suas necessidades e nossos engenheiros especializados responder\u00e3o em at\u00e9 24 horas com solu\u00e7\u00f5es sob medida para impulsionar suas opera\u00e7\u00f5es. Escolha a FMP para precis\u00e3o, confiabilidade e atendimento ao cliente incompar\u00e1vel em toda a It\u00e1lia.<\/p>\n<p><img loading=\"lazy\" decoding=\"async\" class=\"wp-image-7924 aligncenter\" src=\"https:\/\/fmp-components.com\/wp-content\/uploads\/2025\/04\/external_casting_steel_ring_gear_1.webp\" alt=\"engrenagem anelar de a\u00e7o fundido externo \" width=\"913\" height=\"667\" title=\"\" srcset=\"https:\/\/fmp-components.com\/wp-content\/uploads\/2025\/04\/external_casting_steel_ring_gear_1.webp 913w, https:\/\/fmp-components.com\/wp-content\/uploads\/2025\/04\/external_casting_steel_ring_gear_1-480x351.webp 480w\" sizes=\"(min-width: 0px) and (max-width: 480px) 480px, (min-width: 481px) 913px, 100vw\" \/><\/p>","protected":false},"excerpt":{"rendered":"<p>High-Quality External Ring Gears for Precision Engineering External ring gears are critical components in various mechanical systems, known for their durability and precision in transmitting torque and motion. These gears, featuring teeth on the outer circumference, are widely used in industries such as automotive, aerospace, and industrial machinery. In cities like Milan and Venice, where [&hellip;]<\/p>","protected":false},"featured_media":7923,"comment_status":"open","ping_status":"closed","template":"","meta":{"_et_pb_use_builder":"on","_et_pb_old_content":"<h2>High-Quality External Ring Gears for Precision Engineering<\/h2>\r\nExternal ring gears are critical components in various mechanical systems, known for their durability and precision in transmitting torque and motion. These gears, featuring teeth on the outer circumference, are widely used in industries such as automotive, aerospace, and industrial machinery. In cities like Milan and Venice, where advanced manufacturing thrives, external ring gears play a pivotal role in ensuring seamless operations for high-performance equipment. Designed to mesh with pinions or other gears, they provide reliable power transmission, making them indispensable for applications requiring robust and efficient mechanical solutions.\r\n<h2>Cement Parts Mixer Micro 5000mm External Casting Steel Ring Gear<\/h2>\r\nFMP is mainly engaged in the research, development and manufacturing of low-speed, heavy-load and high-power gears. It has established a standard specification system for design, manufacturing, testing and inspection based on advanced standards and has a group of innovative engineering and technical personnel.\r\n\r\n<img class=\"size-full wp-image-7922 aligncenter\" src=\"https:\/\/fmp-components.com\/wp-content\/uploads\/2025\/04\/External-Ring-Gear-1.webp\" alt=\"External Ring Gear\" width=\"790\" height=\"686\" \/>\r\n<table style=\"width: 100%;\" border=\"1\" width=\"100%\" cellspacing=\"0\" cellpadding=\"0\">\r\n<tbody>\r\n<tr>\r\n<th style=\"width: 13.8116%;\">Shape:<\/th>\r\n<td style=\"width: 35.9743%;\">Worm<\/td>\r\n<th style=\"width: 15.2034%;\">Condition:<\/th>\r\n<td style=\"width: 34.6895%;\">New<\/td>\r\n<\/tr>\r\n<tr class=\"bg_gray\">\r\n<th style=\"width: 13.8116%;\">Applicable Industries:<\/th>\r\n<td style=\"width: 35.9743%;\">Manufacturing Plant, Construction Works\u00a0, Energy &amp; Mining<\/td>\r\n<th style=\"width: 15.2034%;\">Showroom Location:<\/th>\r\n<td style=\"width: 34.6895%;\">None<\/td>\r\n<\/tr>\r\n<tr>\r\n<th style=\"width: 13.8116%;\">Material:<\/th>\r\n<td style=\"width: 35.9743%;\">Stainless Steel, ZG35CrMo\/42CrMo<\/td>\r\n<th style=\"width: 15.2034%;\">Standard Or Nonstandard:<\/th>\r\n<td style=\"width: 34.6895%;\">Nonstandard<\/td>\r\n<\/tr>\r\n<tr class=\"bg_gray\">\r\n<th style=\"width: 13.8116%;\">Direction:<\/th>\r\n<td style=\"width: 35.9743%;\">Left, Right<\/td>\r\n<th style=\"width: 15.2034%;\">Name:<\/th>\r\n<td style=\"width: 34.6895%;\">Cement Mixer Parts Micro Steel Worm Gear<\/td>\r\n<\/tr>\r\n<tr>\r\n<th style=\"width: 13.8116%;\">Diameter:<\/th>\r\n<td style=\"width: 35.9743%;\">2000-8000mm<\/td>\r\n<th style=\"width: 15.2034%;\">Processing Type:<\/th>\r\n<td style=\"width: 34.6895%;\">Casting<\/td>\r\n<\/tr>\r\n<tr class=\"bg_gray\">\r\n<th style=\"width: 13.8116%;\">Certificate:<\/th>\r\n<td style=\"width: 35.9743%;\">ISO 9001:2000,ANSI,ASME,GES<\/td>\r\n<th style=\"width: 15.2034%;\">Application Range:<\/th>\r\n<td style=\"width: 34.6895%;\">Cement And Mining Facilities,speed Reducer,ball Mill,mine Hoist<\/td>\r\n<\/tr>\r\n<tr>\r\n<th style=\"width: 13.8116%;\">Export Areas:<\/th>\r\n<td style=\"width: 35.9743%;\">Russia, Southeast Asia, India,South Africa, Australia<\/td>\r\n<th style=\"width: 15.2034%;\">Hardness:<\/th>\r\n<td style=\"width: 34.6895%;\">&lt;=217<\/td>\r\n<\/tr>\r\n<tr>\r\n<th style=\"width: 13.8116%;\" colspan=\"1\">High Light:<\/th>\r\n<td style=\"width: 85.8672%;\" colspan=\"3\">micro steel worm gear,\u00a0 5000mm steel worm gear<\/td>\r\n<\/tr>\r\n<\/tbody>\r\n<\/table>\r\n<h3>FMP: Your Trusted Partner for External Ring Gears<\/h3>\r\nAt FMP, we pride ourselves on manufacturing a wide range of external <a href=\"https:\/\/fmp-components.com\/en\/ring-gear\">ring gears<\/a>, crafted to meet the highest industry standards. Based in the heart of Italy\u2019s industrial network, we serve businesses in Milan, Venice, Florence, Bologna, and beyond, offering both standard and custom solutions. If you don\u2019t find the specific ring gear model you need in our product list, don\u2019t worry\u2014we likely haven\u2019t had the chance to upload it yet. Simply email us with your requirements, and our skilled engineers will respond within 24 hours with tailored solutions to power your operations. Choose FMP for precision, reliability, and unmatched customer service across Italy.\r\n\r\n<img class=\"wp-image-7924 aligncenter\" src=\"https:\/\/fmp-components.com\/wp-content\/uploads\/2025\/04\/external_casting_steel_ring_gear_1.webp\" alt=\"external casting steel ring gear \" width=\"913\" height=\"667\" \/>","_et_gb_content_width":""},"product_brand":[],"product_cat":[114],"product_tag":[],"class_list":{"0":"post-7920","1":"product","2":"type-product","3":"status-publish","4":"has-post-thumbnail","6":"product_cat-ring-gear","8":"first","9":"instock","10":"shipping-taxable","11":"product-type-simple"},"_links":{"self":[{"href":"https:\/\/fmp-components.com\/pt\/wp-json\/wp\/v2\/product\/7920","targetHints":{"allow":["GET"]}}],"collection":[{"href":"https:\/\/fmp-components.com\/pt\/wp-json\/wp\/v2\/product"}],"about":[{"href":"https:\/\/fmp-components.com\/pt\/wp-json\/wp\/v2\/types\/product"}],"replies":[{"embeddable":true,"href":"https:\/\/fmp-components.com\/pt\/wp-json\/wp\/v2\/comments?post=7920"}],"wp:featuredmedia":[{"embeddable":true,"href":"https:\/\/fmp-components.com\/pt\/wp-json\/wp\/v2\/media\/7923"}],"wp:attachment":[{"href":"https:\/\/fmp-components.com\/pt\/wp-json\/wp\/v2\/media?parent=7920"}],"wp:term":[{"taxonomy":"product_brand","embeddable":true,"href":"https:\/\/fmp-components.com\/pt\/wp-json\/wp\/v2\/product_brand?post=7920"},{"taxonomy":"product_cat","embeddable":true,"href":"https:\/\/fmp-components.com\/pt\/wp-json\/wp\/v2\/product_cat?post=7920"},{"taxonomy":"product_tag","embeddable":true,"href":"https:\/\/fmp-components.com\/pt\/wp-json\/wp\/v2\/product_tag?post=7920"}],"curies":[{"name":"wp","href":"https:\/\/api.w.org\/{rel}","templated":true}]}}