{"id":7915,"date":"2025-04-11T02:22:27","date_gmt":"2025-04-11T02:22:27","guid":{"rendered":"https:\/\/fmp-components.com\/?post_type=product&#038;p=7915"},"modified":"2025-04-11T03:15:34","modified_gmt":"2025-04-11T03:15:34","slug":"precision-gear-ring-and-pinion","status":"publish","type":"product","link":"https:\/\/fmp-components.com\/pt\/product\/precision-gear-ring-and-pinion\/","title":{"rendered":"Anel e pinh\u00e3o de engrenagem de precis\u00e3o"},"content":{"rendered":"<div>\n<h2 dir=\"auto\">Excel\u00eancia em engenharia para estradas italianas<\/h2>\n<p class=\"break-words\" dir=\"auto\">Quando se trata de otimizar o desempenho do seu ve\u00edculo, os conjuntos de coroa e pinh\u00e3o Precision Gear s\u00e3o a escolha ideal para motoristas em toda a It\u00e1lia, das movimentadas ruas de Mil\u00e3o \u00e0s estradas c\u00eanicas de Floren\u00e7a. Esses conjuntos de engrenagens de alta qualidade s\u00e3o projetados com t\u00e9cnicas avan\u00e7adas de fabrica\u00e7\u00e3o e forjados premium 8620, garantindo durabilidade e precis\u00e3o para aplica\u00e7\u00f5es em ruas e pistas. Seja para atualizar um muscle car em Veneza ou ajustar um 4\u00d74 para aventuras off-road perto de Bolonha, a Precision Gear oferece uma ampla gama de rela\u00e7\u00f5es de transmiss\u00e3o \u2014 como 3,08:1 para GM 8,5\/8,6 pol., 4,56:1 para Dana 44 ou 5,13:1 para Ford 8,8 pol. \u2014 para atender \u00e0s suas necessidades espec\u00edficas. Projetados para lidar com os rigores da alta pot\u00eancia, esses conjuntos de engrenagens proporcionam transfer\u00eancia de pot\u00eancia eficiente para manter seu ve\u00edculo em movimento suave, independentemente do terreno.<\/p>\n<p dir=\"auto\"><img loading=\"lazy\" decoding=\"async\" class=\"size-full wp-image-7917 aligncenter\" src=\"https:\/\/fmp-components.com\/wp-content\/uploads\/2025\/04\/Precision-Gear-Ring-and-Pinion-2.webp\" alt=\"Engrenagem de precis\u00e3o, anel e pinh\u00e3o\" width=\"800\" height=\"800\" title=\"\" srcset=\"https:\/\/fmp-components.com\/wp-content\/uploads\/2025\/04\/Precision-Gear-Ring-and-Pinion-2.webp 800w, https:\/\/fmp-components.com\/wp-content\/uploads\/2025\/04\/Precision-Gear-Ring-and-Pinion-2-480x480.webp 480w\" sizes=\"(min-width: 0px) and (max-width: 480px) 480px, (min-width: 481px) 800px, 100vw\" \/><\/p>\n<h3 dir=\"auto\">Especifica\u00e7\u00e3o<\/h3>\n<\/div>\n<div>\n<table style=\"width: 100%;\" border=\"1\" width=\"100%\" cellspacing=\"0\" cellpadding=\"0\">\n<tbody>\n<tr>\n<td colspan=\"1\" rowspan=\"1\">\n<div class=\"magic-13\" data-spm-anchor-id=\"a2700.details-description.0.i1.1c4atCsDtCsDdk\">Material dispon\u00edvel:<\/div>\n<\/td>\n<td colspan=\"1\" rowspan=\"1\">\n<div class=\"magic-14\">Lat\u00e3o, cobre, a\u00e7o carbono, a\u00e7o inoxid\u00e1vel, liga de a\u00e7o, liga de alum\u00ednio, etc.<\/div>\n<\/td>\n<\/tr>\n<tr>\n<td colspan=\"1\" rowspan=\"1\">\n<div class=\"magic-13\">Toler\u00e2ncia:<\/div>\n<\/td>\n<td colspan=\"1\" rowspan=\"1\">\n<div class=\"magic-14\">Conforme desenho.(+\/-0,05mm,+\/-0,01mm)<\/div>\n<\/td>\n<\/tr>\n<tr>\n<td colspan=\"1\" rowspan=\"1\">\n<div class=\"magic-13\">Tratamento de superf\u00edcie:<\/div>\n<\/td>\n<td colspan=\"1\" rowspan=\"1\">\n<div class=\"magic-14\">Zincagem, n\u00edquel, cromo, anodiza\u00e7\u00e3o, fosfata\u00e7\u00e3o, escurecimento qu\u00edmico, nitreta\u00e7\u00e3o em banho de sal, etc.<\/div>\n<\/td>\n<\/tr>\n<tr>\n<td colspan=\"1\" rowspan=\"1\">\n<div class=\"magic-13\">Tempo de espera:<\/div>\n<\/td>\n<td colspan=\"1\" rowspan=\"1\">\n<div class=\"magic-14\">20-45 dias depende das quantidades e complexidade<\/div>\n<\/td>\n<\/tr>\n<tr>\n<td colspan=\"1\" rowspan=\"1\">\n<div class=\"magic-13\">Aplicativo:<\/div>\n<\/td>\n<td colspan=\"1\" rowspan=\"1\">\n<div class=\"magic-14\">Empilhadeira, guindaste, trem, caminh\u00e3o, cortador de grama, equipamento ferrovi\u00e1rio, dispositivo m\u00e9dico, m\u00e1quina industrial, autom\u00f3vel, el\u00e9trico<br \/>\neletrodom\u00e9sticos, m\u00e1quinas de automa\u00e7\u00e3o, outras ind\u00fastrias, etc.<\/div>\n<\/td>\n<\/tr>\n<tr>\n<td colspan=\"1\" rowspan=\"1\">\n<div class=\"magic-13\">Prazo de pagamento:<\/div>\n<\/td>\n<td colspan=\"1\" rowspan=\"1\">\n<div class=\"magic-14\">\n<p>Carta de cr\u00e9dito \u00e0 vista<\/p>\n<div>Dep\u00f3sito T\/T 30% e saldo 70% para pagar antes do envio.<\/div>\n<\/div>\n<\/td>\n<\/tr>\n<tr>\n<td colspan=\"1\" rowspan=\"1\">\n<div class=\"magic-13\">Equipamentos de produ\u00e7\u00e3o:<\/div>\n<\/td>\n<td colspan=\"1\" rowspan=\"1\">\n<div class=\"magic-14\">Centro de usinagem CNC, torno CNC, retificadora, fresadora, serra, m\u00e1quina de solda, prensa hidr\u00e1ulica, furadeira<br \/>\ne m\u00e1quina de rosqueamento, m\u00e1quina de moldagem de engrenagens, etc.<\/div>\n<\/td>\n<\/tr>\n<tr>\n<td colspan=\"1\" rowspan=\"1\">\n<div class=\"magic-13\">Equipamentos de inspe\u00e7\u00e3o:<\/div>\n<\/td>\n<td colspan=\"1\" rowspan=\"1\">\n<div class=\"magic-14\">Instrumento eletr\u00f4nico de medi\u00e7\u00e3o pneum\u00e1tica, equipamento de detec\u00e7\u00e3o de tr\u00eas coordenadas, testador de dureza Rockwell, detec\u00e7\u00e3o de falhas ultrass\u00f4nicas digitais<br \/>\nDetector, Instrumento de Medi\u00e7\u00e3o de Rugosidade de Superf\u00edcie, Testador de Dureza Leeb, Instrumento de Medi\u00e7\u00e3o de Revestimento, Testador de Pulveriza\u00e7\u00e3o de Sal, Engrenagem<br \/>\nCentro de Medi\u00e7\u00e3o, etc.<\/div>\n<\/td>\n<\/tr>\n<tr>\n<td colspan=\"1\" rowspan=\"1\">\n<div class=\"magic-13\">Controle de qualidade:<\/div>\n<\/td>\n<td colspan=\"1\" rowspan=\"1\">\n<div class=\"magic-14\">\n<p>1. O material recebido ser\u00e1 verificado antes da produ\u00e7\u00e3o.<\/p>\n<div data-spm-anchor-id=\"a2700.pc-decorate.0.i39.bc343333CIclSA\">2. Rigoroso controle de qualidade de processamento.<\/div>\n<div data-spm-anchor-id=\"a2700.pc-decorate.0.i39.bc343333CIclSA\">3.100% inspe\u00e7\u00e3o antes do envio.<\/div>\n<div data-spm-anchor-id=\"a2700.pc-decorate.0.i39.bc343333CIclSA\">4. Somos respons\u00e1veis \u200b\u200bpela qualidade do produto para o usu\u00e1rio final.<\/div>\n<\/div>\n<\/td>\n<\/tr>\n<tr>\n<td colspan=\"1\" rowspan=\"1\">\n<div class=\"magic-13\">Pacote:<\/div>\n<\/td>\n<td colspan=\"1\" rowspan=\"1\">\n<div class=\"magic-14\">\n<p>M\u00e9todo 1: Caixa de papel\u00e3o ou papel\u00e3o ondulado<\/p>\n<div data-spm-anchor-id=\"a2700.pc-decorate.0.i43.bc343333CIclSA\">M\u00e9todo 2: Caixa de madeira ou caixa de madeira<\/div>\n<div data-spm-anchor-id=\"a2700.pc-decorate.0.i43.bc343333CIclSA\">M\u00e9todo 3: Cesta de ferro ou cesta de pl\u00e1stico<\/div>\n<div data-spm-anchor-id=\"a2700.pc-decorate.0.i43.bc343333CIclSA\">M\u00e9todo 4: Palete<\/div>\n<\/div>\n<\/td>\n<\/tr>\n<tr>\n<td colspan=\"1\" rowspan=\"1\">\n<div class=\"magic-13\">Servi\u00e7o p\u00f3s-venda:<\/div>\n<\/td>\n<td colspan=\"1\" rowspan=\"1\">\n<div class=\"magic-14\">Acompanharemos os produtos dos clientes e ajudaremos a resolver problemas p\u00f3s-venda<\/div>\n<\/td>\n<\/tr>\n<\/tbody>\n<\/table>\n<div>\n<h2 dir=\"auto\">Desempenho vers\u00e1til para cada viagem<\/h2>\n<p class=\"break-words\" dir=\"auto\">Os conjuntos de coroa e pinh\u00e3o Precision Gear s\u00e3o projetados para oferecer valor excepcional sem comprometer a qualidade, tornando-os a melhor escolha para entusiastas automotivos em cidades como Roma e Turim. Com op\u00e7\u00f5es para GM, Ford, Dana, Toyota e outras marcas, esses conjuntos de engrenagens atendem a uma variedade de ve\u00edculos, garantindo compatibilidade e desempenho. Por exemplo, modelos como o F88\/410 Ford 8,8 pol. 4,10 Gears ou o TOY\/456 Toyota 8 pol. 4,56 Gears s\u00e3o projetados para suportar condi\u00e7\u00f5es exigentes, oferecendo confiabilidade para deslocamentos di\u00e1rios em N\u00e1poles ou viagens animadas pelas colinas da Toscana. Com a avalia\u00e7\u00e3o de 4,0 estrelas dos clientes, os conjuntos Precision Gear s\u00e3o sin\u00f4nimos de resist\u00eancia e pre\u00e7o acess\u00edvel, ajudando os motoristas italianos a atingirem suas metas de desempenho com confian\u00e7a.<\/p>\n<h3 dir=\"auto\">FMP: Seu parceiro de confian\u00e7a para solu\u00e7\u00f5es de equipamentos personalizados<\/h3>\n<p dir=\"auto\">Na FMP, orgulhamo-nos de ser um fabricante l\u00edder de engrenagens de coroa e pinh\u00e3o, oferecendo uma sele\u00e7\u00e3o diversificada de conjuntos de engrenagens de precis\u00e3o para atender \u00e0s necessidades da comunidade automotiva italiana. Com sede no cora\u00e7\u00e3o da ind\u00fastria, produzimos engrenagens para diversas aplica\u00e7\u00f5es e tamb\u00e9m nos especializamos em solu\u00e7\u00f5es personalizadas para montagens exclusivas de ve\u00edculos.<\/p>\n<p dir=\"auto\">Se voc\u00ea n\u00e3o encontrar o modelo desejado em nossa lista de produtos, n\u00e3o se preocupe \u2013 \u00e9 prov\u00e1vel que ainda n\u00e3o o tenhamos disponibilizado. Basta nos enviar um e-mail com suas necessidades e um de nossos engenheiros experientes responder\u00e1 em at\u00e9 24 horas para fornecer assist\u00eancia personalizada.<\/p>\n<\/div>\n<p dir=\"auto\"><img loading=\"lazy\" decoding=\"async\" class=\"wp-image-7919 aligncenter\" src=\"https:\/\/fmp-components.com\/wp-content\/uploads\/2025\/04\/Precision-Gear-Ring-and-Pinion-3.webp\" alt=\"Anel e pinh\u00e3o de engrenagem de precis\u00e3o\" width=\"860\" height=\"860\" title=\"\" srcset=\"https:\/\/fmp-components.com\/wp-content\/uploads\/2025\/04\/Precision-Gear-Ring-and-Pinion-3.webp 860w, https:\/\/fmp-components.com\/wp-content\/uploads\/2025\/04\/Precision-Gear-Ring-and-Pinion-3-480x480.webp 480w\" sizes=\"(min-width: 0px) and (max-width: 480px) 480px, (min-width: 481px) 860px, 100vw\" \/><\/p>\n<\/div>","protected":false},"excerpt":{"rendered":"<p>Engineered Excellence for Italian Roads When it comes to optimizing your vehicle\u2019s performance, Precision Gear ring and pinion sets are the go-to choice for drivers across Italy, from the bustling streets of Milan to the scenic roads of Florence. These high-quality gear sets are engineered with advanced manufacturing techniques and premium 8620 forgings, ensuring durability [&hellip;]<\/p>","protected":false},"featured_media":7916,"comment_status":"open","ping_status":"closed","template":"","meta":{"_et_pb_use_builder":"","_et_pb_old_content":"","_et_gb_content_width":""},"product_brand":[],"product_cat":[114],"product_tag":[],"class_list":{"0":"post-7915","1":"product","2":"type-product","3":"status-publish","4":"has-post-thumbnail","6":"product_cat-ring-gear","8":"first","9":"instock","10":"shipping-taxable","11":"product-type-simple"},"_links":{"self":[{"href":"https:\/\/fmp-components.com\/pt\/wp-json\/wp\/v2\/product\/7915","targetHints":{"allow":["GET"]}}],"collection":[{"href":"https:\/\/fmp-components.com\/pt\/wp-json\/wp\/v2\/product"}],"about":[{"href":"https:\/\/fmp-components.com\/pt\/wp-json\/wp\/v2\/types\/product"}],"replies":[{"embeddable":true,"href":"https:\/\/fmp-components.com\/pt\/wp-json\/wp\/v2\/comments?post=7915"}],"wp:featuredmedia":[{"embeddable":true,"href":"https:\/\/fmp-components.com\/pt\/wp-json\/wp\/v2\/media\/7916"}],"wp:attachment":[{"href":"https:\/\/fmp-components.com\/pt\/wp-json\/wp\/v2\/media?parent=7915"}],"wp:term":[{"taxonomy":"product_brand","embeddable":true,"href":"https:\/\/fmp-components.com\/pt\/wp-json\/wp\/v2\/product_brand?post=7915"},{"taxonomy":"product_cat","embeddable":true,"href":"https:\/\/fmp-components.com\/pt\/wp-json\/wp\/v2\/product_cat?post=7915"},{"taxonomy":"product_tag","embeddable":true,"href":"https:\/\/fmp-components.com\/pt\/wp-json\/wp\/v2\/product_tag?post=7915"}],"curies":[{"name":"wp","href":"https:\/\/api.w.org\/{rel}","templated":true}]}}