{"id":7835,"date":"2025-04-08T07:49:00","date_gmt":"2025-04-08T07:49:00","guid":{"rendered":"https:\/\/fmp-components.com\/?post_type=product&#038;p=7835"},"modified":"2025-04-08T07:49:00","modified_gmt":"2025-04-08T07:49:00","slug":"performance-differential-ring-and-pinion-gears10-bolt-fmp-g875373x","status":"publish","type":"product","link":"https:\/\/fmp-components.com\/pt\/product\/performance-differential-ring-and-pinion-gears10-bolt-fmp-g875373x\/","title":{"rendered":"Engrenagens de anel e pinh\u00e3o diferencial de desempenho (10 parafusos) FMP-G875373X"},"content":{"rendered":"<h2>Especifica\u00e7\u00e3o<\/h2>\n<table style=\"width: 100%;\" border=\"1\" width=\"100%\" cellspacing=\"0\" cellpadding=\"0\">\n<thead>\n<tr>\n<th><strong>Especifica\u00e7\u00e3o<\/strong><\/th>\n<th><strong>Valor<\/strong><\/th>\n<\/tr>\n<\/thead>\n<tbody>\n<tr>\n<td>Modelo de aplicativo<\/td>\n<td>GM 7.5, GM 7.6 IFS, GM 7.625<\/td>\n<\/tr>\n<tr>\n<td>Quantidade de parafusos de cobertura<\/td>\n<td>10<\/td>\n<\/tr>\n<tr>\n<td>Quebra de portadora diferencial<\/td>\n<td>Rela\u00e7\u00e3o 3,08 ou inferior<\/td>\n<\/tr>\n<tr>\n<td>Tipo de projeto de caixa diferencial<\/td>\n<td>GM 7,5, GM 7,625<\/td>\n<\/tr>\n<tr>\n<td>Rela\u00e7\u00e3o de transmiss\u00e3o<\/td>\n<td>3.73<\/td>\n<\/tr>\n<tr>\n<td>Quantidade de dentes da engrenagem do pinh\u00e3o<\/td>\n<td>11<\/td>\n<\/tr>\n<tr>\n<td>Di\u00e2metro do eixo do pinh\u00e3o<\/td>\n<td>1,438 (polegadas)<\/td>\n<\/tr>\n<tr>\n<td>Contagem de estrias do pinh\u00e3o<\/td>\n<td>27<\/td>\n<\/tr>\n<tr>\n<td>Quantidade de parafusos da engrenagem anelar<\/td>\n<td>10<\/td>\n<\/tr>\n<tr>\n<td>Material da engrenagem do anel<\/td>\n<td>A\u00e7o 8620<\/td>\n<\/tr>\n<tr>\n<td>Di\u00e2metro externo da engrenagem do anel<\/td>\n<td>7,5 (polegadas)<\/td>\n<\/tr>\n<tr>\n<td>Rota\u00e7\u00e3o da engrenagem anelar<\/td>\n<td>Padr\u00e3o<\/td>\n<\/tr>\n<tr>\n<td>Quantidade de dentes da engrenagem anelar<\/td>\n<td>41<\/td>\n<\/tr>\n<tr>\n<td>Taxonomia A<\/td>\n<td>Diferencial LD<\/td>\n<\/tr>\n<tr>\n<td>Taxonomia B<\/td>\n<td>Anel e pinh\u00e3o<\/td>\n<\/tr>\n<tr>\n<td>Taxonomia C<\/td>\n<td>Frente, Traseira<\/td>\n<\/tr>\n<tr>\n<td>Taxonomia D<\/td>\n<td>3.73<\/td>\n<\/tr>\n<\/tbody>\n<\/table>\n<p><img loading=\"lazy\" decoding=\"async\" class=\"size-full wp-image-7837 aligncenter\" src=\"https:\/\/fmp-components.com\/wp-content\/uploads\/2025\/04\/Performance-Differential-Ring-and-Pinion-Gears10-Bolt-FMP-G875373X-6.webp\" alt=\"Engrenagens de anel e pinh\u00e3o diferencial de desempenho (10 parafusos) FMP-G875373X\" width=\"1500\" height=\"500\" title=\"\" srcset=\"https:\/\/fmp-components.com\/wp-content\/uploads\/2025\/04\/Performance-Differential-Ring-and-Pinion-Gears10-Bolt-FMP-G875373X-6.webp 1500w, https:\/\/fmp-components.com\/wp-content\/uploads\/2025\/04\/Performance-Differential-Ring-and-Pinion-Gears10-Bolt-FMP-G875373X-6-1280x427.webp 1280w, https:\/\/fmp-components.com\/wp-content\/uploads\/2025\/04\/Performance-Differential-Ring-and-Pinion-Gears10-Bolt-FMP-G875373X-6-980x327.webp 980w, https:\/\/fmp-components.com\/wp-content\/uploads\/2025\/04\/Performance-Differential-Ring-and-Pinion-Gears10-Bolt-FMP-G875373X-6-480x160.webp 480w\" sizes=\"(min-width: 0px) and (max-width: 480px) 480px, (min-width: 481px) and (max-width: 980px) 980px, (min-width: 981px) and (max-width: 1280px) 1280px, (min-width: 1281px) 1500px, 100vw\" \/><\/p>\n<div class=\"Message_messageMetadataContainer__nBPq7\">\n<h3 class=\"\" dir=\"auto\">FMP: Solu\u00e7\u00f5es Premium para Engrenagens de Anel e Pinh\u00e3o<\/h3>\n<p class=\"break-words\" dir=\"auto\">Na FMP, temos orgulho de fabricar conjuntos de engrenagens de coroa e pinh\u00e3o de alta qualidade, projetados para serem compat\u00edveis com diferenciais Ford de 10,5 polegadas, proporcionando desempenho excepcional para motoristas em diversos terrenos. Seja em trilhas off-road acidentadas ou em uma viagem tranquila na estrada, nossos conjuntos de engrenagens premium s\u00e3o projetados para aprimorar sua experi\u00eancia de dire\u00e7\u00e3o. Com mais de 40 anos de experi\u00eancia, a FMP se dedica a fornecer componentes de alta qualidade que elevam a capacidade do ve\u00edculo, garantindo que voc\u00ea desfrute de pot\u00eancia e precis\u00e3o ao volante.<\/p>\n<p class=\"break-words\" dir=\"auto\">Nossos conjuntos de engrenagens de coroa e pinh\u00e3o oferecem uma gama de benef\u00edcios essenciais, adaptados \u00e0s suas necessidades. Fabricados em a\u00e7o de alta qualidade, por meio de avan\u00e7ados processos de corte de precis\u00e3o e tratamento t\u00e9rmico, eles oferecem resist\u00eancia e durabilidade superiores, atendendo ou excedendo os padr\u00f5es do equipamento original. Isso garante um desempenho confi\u00e1vel em condi\u00e7\u00f5es de dire\u00e7\u00e3o di\u00e1rias ou em desafios off-road extremos. As rela\u00e7\u00f5es de transmiss\u00e3o otimizadas melhoram a entrega de torque para melhor tra\u00e7\u00e3o, efici\u00eancia de reboque e controle, al\u00e9m de aumentar a efici\u00eancia de combust\u00edvel em velocidades de rodovia, mantendo as rota\u00e7\u00f5es ideais do motor. Al\u00e9m disso, nossos conjuntos de engrenagens s\u00e3o projetados para f\u00e1cil instala\u00e7\u00e3o e opera\u00e7\u00e3o silenciosa, eliminando ru\u00eddos indesejados e garantindo uma viagem confort\u00e1vel.<\/p>\n<p class=\"break-words\" dir=\"auto\">A FMP garante cada produto com confian\u00e7a, oferecendo 2 anos de garantia contra defeitos de fabrica\u00e7\u00e3o. Nossos conjuntos de coroa e pinh\u00e3o s\u00e3o meticulosamente testados para aplica\u00e7\u00f5es de rua, off-road e at\u00e9 mesmo de corrida, tornando-os uma escolha confi\u00e1vel para entusiastas e profissionais. Atualizar com a FMP n\u00e3o \u00e9 apenas uma modifica\u00e7\u00e3o \u2014 \u00e9 um investimento em desempenho, efici\u00eancia e confiabilidade duradoura. Para solu\u00e7\u00f5es personalizadas ou consultas espec\u00edficas, entre em contato conosco e nossa equipe dedicada garantir\u00e1 que voc\u00ea obtenha o conjunto de engrenagens perfeito para o seu ve\u00edculo.<\/p>\n<\/div>\n<div class=\"Message_messageMetadataContainer__nBPq7\"><\/div>\n<div><\/div>","protected":false},"excerpt":{"rendered":"<p>Specification Specification Value App Model GM 7.5, GM 7.6 IFS, GM 7.625 Cover Bolt Quantity 10 Differential Carrier Break 3.08 Ratio and Lower Differential Case Design Type GM 7.5, GM 7.625 Gear Ratio 3.73 Pinion Gear Tooth Quantity 11 Pinion Shaft Diameter 1.438 (Inch) Pinion Spline Count 27 Ring Gear Bolt Quantity 10 Ring Gear [&hellip;]<\/p>","protected":false},"featured_media":7836,"comment_status":"open","ping_status":"closed","template":"","meta":{"_et_pb_use_builder":"","_et_pb_old_content":"","_et_gb_content_width":""},"product_brand":[],"product_cat":[115],"product_tag":[],"class_list":{"0":"post-7835","1":"product","2":"type-product","3":"status-publish","4":"has-post-thumbnail","6":"product_cat-ring-and-pinion-gears","8":"first","9":"instock","10":"shipping-taxable","11":"product-type-simple"},"_links":{"self":[{"href":"https:\/\/fmp-components.com\/pt\/wp-json\/wp\/v2\/product\/7835","targetHints":{"allow":["GET"]}}],"collection":[{"href":"https:\/\/fmp-components.com\/pt\/wp-json\/wp\/v2\/product"}],"about":[{"href":"https:\/\/fmp-components.com\/pt\/wp-json\/wp\/v2\/types\/product"}],"replies":[{"embeddable":true,"href":"https:\/\/fmp-components.com\/pt\/wp-json\/wp\/v2\/comments?post=7835"}],"wp:featuredmedia":[{"embeddable":true,"href":"https:\/\/fmp-components.com\/pt\/wp-json\/wp\/v2\/media\/7836"}],"wp:attachment":[{"href":"https:\/\/fmp-components.com\/pt\/wp-json\/wp\/v2\/media?parent=7835"}],"wp:term":[{"taxonomy":"product_brand","embeddable":true,"href":"https:\/\/fmp-components.com\/pt\/wp-json\/wp\/v2\/product_brand?post=7835"},{"taxonomy":"product_cat","embeddable":true,"href":"https:\/\/fmp-components.com\/pt\/wp-json\/wp\/v2\/product_cat?post=7835"},{"taxonomy":"product_tag","embeddable":true,"href":"https:\/\/fmp-components.com\/pt\/wp-json\/wp\/v2\/product_tag?post=7835"}],"curies":[{"name":"wp","href":"https:\/\/api.w.org\/{rel}","templated":true}]}}