{"id":7788,"date":"2025-04-04T07:30:31","date_gmt":"2025-04-04T07:30:31","guid":{"rendered":"https:\/\/fmp-components.com\/?post_type=product&#038;p=7788"},"modified":"2025-04-04T07:37:12","modified_gmt":"2025-04-04T07:37:12","slug":"involute-internal-gear","status":"publish","type":"product","link":"https:\/\/fmp-components.com\/pt\/product\/involute-internal-gear\/","title":{"rendered":"Engrenagem interna envolvente"},"content":{"rendered":"<p>Uma engrenagem interna de perfil evolvente \u00e9 um tipo de engrenagem com dentes cortados ao longo de uma curva evolvente em sua superf\u00edcie cil\u00edndrica interna, projetada para engrenar com uma engrenagem externa, oferecendo transmiss\u00e3o de pot\u00eancia suave, alta efici\u00eancia e ru\u00eddo reduzido em sistemas mec\u00e2nicos.<\/p>\n<h2>Especifica\u00e7\u00e3o do produto<\/h2>\n<div class=\"table-responsive\">\n<table class=\"table\" style=\"width: 99.4216%;\" border=\"1\">\n<tbody>\n<tr>\n<td style=\"width: 38.9027%;\">Forma do dente<\/td>\n<td style=\"width: 191.521%;\">Involuto<\/td>\n<\/tr>\n<tr>\n<td style=\"width: 38.9027%;\">Material<\/td>\n<td style=\"width: 191.521%;\">A\u00e7o liga e a\u00e7o inoxid\u00e1vel<\/td>\n<\/tr>\n<tr>\n<td style=\"width: 38.9027%;\">Forma<\/td>\n<td style=\"width: 191.521%;\">Redondo<\/td>\n<\/tr>\n<tr>\n<td style=\"width: 38.9027%;\">M\u00f3dulo<\/td>\n<td style=\"width: 191.521%;\">M\u00e1ximo at\u00e9 4,0 mm<\/td>\n<\/tr>\n<tr>\n<td style=\"width: 38.9027%;\">Di\u00e2metro interno<\/td>\n<td style=\"width: 191.521%;\">M\u00e1ximo 30 mm<\/td>\n<\/tr>\n<tr>\n<td style=\"width: 38.9027%;\">Aplicativo<\/td>\n<td style=\"width: 191.521%;\">Caixas de Engrenagens Planet\u00e1rias e Autom\u00f3veis.<\/td>\n<\/tr>\n<tr>\n<td style=\"width: 38.9027%;\">Quantidade m\u00ednima do pedido<\/td>\n<td style=\"width: 191.521%;\">50 pe\u00e7as<\/td>\n<\/tr>\n<\/tbody>\n<\/table>\n<\/div>\n<p>Os dentes do c\u00edrculo interno s\u00e3o engrenagens internas, geralmente em mecanismos de engrenagens de engrenamento interno, e as engrenagens do <a href=\"https:\/\/fmp-components.com\/pt\/ring-gear\/\">engrenagem de anel<\/a> s\u00e3o internas.<\/p>\n<h2>Caracter\u00edsticas da engrenagem interna de perfil evolvente<\/h2>\n<div>\n<p class=\"break-words\" dir=\"auto\">Uma engrenagem interna de perfil involuto apresenta dentes com um perfil curvo involuto cortados na superf\u00edcie interna de um anel cil\u00edndrico, permitindo um engrenamento suave com uma engrenagem externa. O formato involuto garante a\u00e7\u00e3o conjugada e uma rela\u00e7\u00e3o de velocidade constante, enquanto um \u00e2ngulo de press\u00e3o t\u00edpico de 20\u00b0 mant\u00e9m a distribui\u00e7\u00e3o uniforme da for\u00e7a. Este projeto permite a rota\u00e7\u00e3o no mesmo sentido com a engrenagem de acoplamento, diferenciando-se dos pares de engrenagens externas.<\/p>\n<p class=\"break-words\" dir=\"auto\">O design compacto da engrenagem e a significativa mudan\u00e7a de perfil ajudam a evitar interfer\u00eancias (involuta, trocoidal ou de corte) e aumentam a resist\u00eancia dos dentes, tornando-a ideal para aplica\u00e7\u00f5es de alta redu\u00e7\u00e3o, como sistemas planet\u00e1rios. Seu perfil de dente c\u00f4ncavo melhora a distribui\u00e7\u00e3o de carga, aumentando potencialmente a durabilidade. Essas caracter\u00edsticas a tornam adequada para usos com alto torque e espa\u00e7o limitado, como diferenciais automotivos e m\u00e1quinas industriais.<\/p>\n<p class=\"break-words\" dir=\"auto\">A fabrica\u00e7\u00e3o de engrenagens internas geralmente envolve o torneamento em vez da usinagem por fresagem, devido \u00e0 sua geometria interna, o que exige ferramentas especializadas. O gerenciamento de interfer\u00eancias \u00e9 crucial e frequentemente resolvido ajustando o adendo, o dedendo ou o deslocamento do perfil, garantindo um desempenho confi\u00e1vel em aplica\u00e7\u00f5es exigentes.<\/p>\n<\/div>","protected":false},"excerpt":{"rendered":"<p>An involute internal gear is a type of gear with teeth cut along an involute curve on its inner cylindrical surface, designed to mesh with an external gear, offering smooth power transmission, high efficiency, and reduced noise in mechanical systems. Product Specification Tooth Form Involute Material Alloy Steel And Stainless Steel Shape Round Module Max [&hellip;]<\/p>","protected":false},"featured_media":4640,"comment_status":"open","ping_status":"closed","template":"","meta":{"_et_pb_use_builder":"","_et_pb_old_content":"","_et_gb_content_width":""},"product_brand":[],"product_cat":[114],"product_tag":[],"class_list":{"0":"post-7788","1":"product","2":"type-product","3":"status-publish","4":"has-post-thumbnail","6":"product_cat-ring-gear","8":"first","9":"instock","10":"shipping-taxable","11":"product-type-simple"},"_links":{"self":[{"href":"https:\/\/fmp-components.com\/pt\/wp-json\/wp\/v2\/product\/7788","targetHints":{"allow":["GET"]}}],"collection":[{"href":"https:\/\/fmp-components.com\/pt\/wp-json\/wp\/v2\/product"}],"about":[{"href":"https:\/\/fmp-components.com\/pt\/wp-json\/wp\/v2\/types\/product"}],"replies":[{"embeddable":true,"href":"https:\/\/fmp-components.com\/pt\/wp-json\/wp\/v2\/comments?post=7788"}],"wp:featuredmedia":[{"embeddable":true,"href":"https:\/\/fmp-components.com\/pt\/wp-json\/wp\/v2\/media\/4640"}],"wp:attachment":[{"href":"https:\/\/fmp-components.com\/pt\/wp-json\/wp\/v2\/media?parent=7788"}],"wp:term":[{"taxonomy":"product_brand","embeddable":true,"href":"https:\/\/fmp-components.com\/pt\/wp-json\/wp\/v2\/product_brand?post=7788"},{"taxonomy":"product_cat","embeddable":true,"href":"https:\/\/fmp-components.com\/pt\/wp-json\/wp\/v2\/product_cat?post=7788"},{"taxonomy":"product_tag","embeddable":true,"href":"https:\/\/fmp-components.com\/pt\/wp-json\/wp\/v2\/product_tag?post=7788"}],"curies":[{"name":"wp","href":"https:\/\/api.w.org\/{rel}","templated":true}]}}