{"id":7787,"date":"2025-04-04T07:21:01","date_gmt":"2025-04-04T07:21:01","guid":{"rendered":"https:\/\/fmp-components.com\/?post_type=product&#038;p=7787"},"modified":"2025-04-04T07:21:43","modified_gmt":"2025-04-04T07:21:43","slug":"internal-spur-gear","status":"publish","type":"product","link":"https:\/\/fmp-components.com\/pt\/product\/internal-spur-gear\/","title":{"rendered":"Engrenagem interna de dentes retos"},"content":{"rendered":"<div>\n<p class=\"break-words\" dir=\"auto\">As engrenagens cil\u00edndricas internas diferem das engrenagens cil\u00edndricas t\u00edpicas por terem seus dentes formados na superf\u00edcie interna do bloco. Essas engrenagens tendem a ser mais resistentes e eficientes em compara\u00e7\u00e3o com a engrenagem pinh\u00e3o com a qual se acoplam. Para um funcionamento adequado, o di\u00e2metro primitivo da engrenagem interna deve ser pelo menos 1,5 vezes o do pinh\u00e3o correspondente; caso contr\u00e1rio, as pontas dos dentes ir\u00e3o interferir umas com as outras.<\/p>\n<p class=\"break-words\" dir=\"auto\">As engrenagens internas oferecem aos projetistas a vantagem de obter maiores rela\u00e7\u00f5es de contato e transmiss\u00e3o em dist\u00e2ncias entre centros menores do que as engrenagens cil\u00edndricas tradicionais. Al\u00e9m disso, permitem ajustes de velocidade sem alterar a dire\u00e7\u00e3o, eliminando a necessidade de uma engrenagem intermedi\u00e1ria, que seria necess\u00e1ria com engrenagens cil\u00edndricas tradicionais.<\/p>\n<\/div>\n<h2>Especifica\u00e7\u00e3o do produto<\/h2>\n<div class=\"table-responsive\">\n<table class=\"table\" style=\"width: 101.427%; height: 279px;\" border=\"1\">\n<tbody>\n<tr>\n<td>Forma do dente<\/td>\n<td>Conforme exig\u00eancia do cliente<\/td>\n<\/tr>\n<tr>\n<td>Material<\/td>\n<td>Conforme exig\u00eancia do cliente<\/td>\n<\/tr>\n<tr>\n<td>Forma<\/td>\n<td>Conforme exig\u00eancia do cliente<\/td>\n<\/tr>\n<tr>\n<td>Nota<\/td>\n<td>Conforme exig\u00eancia do cliente<\/td>\n<\/tr>\n<tr>\n<td>T\u00e9cnica<\/td>\n<td>Conforme exig\u00eancia do cliente<\/td>\n<\/tr>\n<tr>\n<td>\u00c2ngulo de press\u00e3o<\/td>\n<td>Conforme exig\u00eancia do cliente<\/td>\n<\/tr>\n<tr>\n<td>Di\u00e2metro<\/td>\n<td>Conforme exig\u00eancia do cliente<\/td>\n<\/tr>\n<tr>\n<td>Tamanho<\/td>\n<td>Conforme exig\u00eancia do cliente<\/td>\n<\/tr>\n<tr>\n<td>Quantidade m\u00ednima do pedido<\/td>\n<td>1 unidade<\/td>\n<\/tr>\n<\/tbody>\n<\/table>\n<div>\n<h3 class=\"\" dir=\"auto\">Excel\u00eancia em Engrenagens Cil\u00edndricas Internas da FMP para o Mercado Italiano<\/h3>\n<p class=\"break-words\" dir=\"auto\">A FMP \u00e9 uma fabricante l\u00edder de engrenagens cil\u00edndricas internas, oferecendo produtos de alt\u00edssima qualidade. <a href=\"https:\/\/fmp-components.com\/pt\/ring-gear\/\">engrenagens de anel<\/a> Para ind\u00fastrias em toda a It\u00e1lia, de Mil\u00e3o a Veneza, nosso extenso cat\u00e1logo apresenta uma ampla gama de tipos de engrenagens, projetadas para fornecer precis\u00e3o e confiabilidade em aplica\u00e7\u00f5es nas \u00e1reas de m\u00e1quinas, automotiva e muito mais. Seja em Floren\u00e7a ou Bolonha, a FMP garante que cada engrenagem cil\u00edndrica interna atenda aos mais altos padr\u00f5es, fabricada com tecnologia de ponta para apoiar os pr\u00f3speros setores industriais da It\u00e1lia. Somos o seu parceiro ideal para solu\u00e7\u00f5es de engrenagens dur\u00e1veis \u200b\u200be eficientes, adaptadas \u00e0s necessidades locais.<\/p>\n<h3 class=\"\" dir=\"auto\">Engrenagens cil\u00edndricas internas personalizadas para atender \u00e0s suas necessidades espec\u00edficas.<\/h3>\n<p class=\"break-words\" dir=\"auto\">Na FMP, vamos al\u00e9m das ofertas padr\u00e3o, fornecendo engrenagens cil\u00edndricas internas totalmente personaliz\u00e1veis \u200b\u200bpara atender \u00e0s necessidades espec\u00edficas dos seus projetos. Se voc\u00ea estiver em Mil\u00e3o, Veneza, Floren\u00e7a ou Bolonha e n\u00e3o encontrar o modelo exato que precisa em nossa lista de produtos, \u00e9 prov\u00e1vel que ainda n\u00e3o o tenhamos adicionado ao nosso cat\u00e1logo \u2014 nosso estoque est\u00e1 sempre se expandindo. Entre em contato por e-mail com suas especifica\u00e7\u00f5es e nossos engenheiros especializados retornar\u00e3o em at\u00e9 24 horas com op\u00e7\u00f5es personalizadas. Independentemente da complexidade da sua solicita\u00e7\u00e3o, a FMP se dedica a fornecer um servi\u00e7o r\u00e1pido e especializado, al\u00e9m de engrenagens de alta qualidade para empresas em toda a It\u00e1lia.<\/p>\n<\/div>\n<\/div>","protected":false},"excerpt":{"rendered":"<p>Internal Spur Gears differ from typical spur gears in that their teeth are formed on the inner surface of the blank. These gears tend to be stronger and more efficient compared to the pinion gear they mesh with. For proper function, the pitch diameter of the internal gear should be at least 1.5 times that [&hellip;]<\/p>","protected":false},"featured_media":4639,"comment_status":"open","ping_status":"closed","template":"","meta":{"_et_pb_use_builder":"","_et_pb_old_content":"","_et_gb_content_width":""},"product_brand":[],"product_cat":[114],"product_tag":[],"class_list":{"0":"post-7787","1":"product","2":"type-product","3":"status-publish","4":"has-post-thumbnail","6":"product_cat-ring-gear","8":"first","9":"instock","10":"shipping-taxable","11":"product-type-simple"},"_links":{"self":[{"href":"https:\/\/fmp-components.com\/pt\/wp-json\/wp\/v2\/product\/7787","targetHints":{"allow":["GET"]}}],"collection":[{"href":"https:\/\/fmp-components.com\/pt\/wp-json\/wp\/v2\/product"}],"about":[{"href":"https:\/\/fmp-components.com\/pt\/wp-json\/wp\/v2\/types\/product"}],"replies":[{"embeddable":true,"href":"https:\/\/fmp-components.com\/pt\/wp-json\/wp\/v2\/comments?post=7787"}],"wp:featuredmedia":[{"embeddable":true,"href":"https:\/\/fmp-components.com\/pt\/wp-json\/wp\/v2\/media\/4639"}],"wp:attachment":[{"href":"https:\/\/fmp-components.com\/pt\/wp-json\/wp\/v2\/media?parent=7787"}],"wp:term":[{"taxonomy":"product_brand","embeddable":true,"href":"https:\/\/fmp-components.com\/pt\/wp-json\/wp\/v2\/product_brand?post=7787"},{"taxonomy":"product_cat","embeddable":true,"href":"https:\/\/fmp-components.com\/pt\/wp-json\/wp\/v2\/product_cat?post=7787"},{"taxonomy":"product_tag","embeddable":true,"href":"https:\/\/fmp-components.com\/pt\/wp-json\/wp\/v2\/product_tag?post=7787"}],"curies":[{"name":"wp","href":"https:\/\/api.w.org\/{rel}","templated":true}]}}