{"id":7786,"date":"2025-04-04T07:12:32","date_gmt":"2025-04-04T07:12:32","guid":{"rendered":"https:\/\/fmp-components.com\/?post_type=product&#038;p=7786"},"modified":"2025-04-04T07:12:32","modified_gmt":"2025-04-04T07:12:32","slug":"steel-internal-gear","status":"publish","type":"product","link":"https:\/\/fmp-components.com\/pt\/product\/steel-internal-gear\/","title":{"rendered":"Engrenagem interna de a\u00e7o"},"content":{"rendered":"<h2>Especifica\u00e7\u00e3o do produto<\/h2>\n<div class=\"table-responsive\">\n<table class=\"table\" style=\"width: 99.372%; height: 202px;\" border=\"1\" cellspacing=\"0\" cellpadding=\"0\">\n<tbody>\n<tr>\n<td>Forma do dente<\/td>\n<td>Interno<\/td>\n<\/tr>\n<tr>\n<td>Material<\/td>\n<td>A\u00e7o macio<\/td>\n<\/tr>\n<tr>\n<td>Forma<\/td>\n<td>Redondo<\/td>\n<\/tr>\n<tr>\n<td>Di\u00e2metro<\/td>\n<td>100 mil\u00edmetros<\/td>\n<\/tr>\n<tr>\n<td>Pa\u00eds de origem<\/td>\n<td>China<\/td>\n<\/tr>\n<tr>\n<td>Acabamento de superf\u00edcie<\/td>\n<td>Revestimento em p\u00f3<\/td>\n<\/tr>\n<tr>\n<td>Dureza<\/td>\n<td>45 HRC<\/td>\n<\/tr>\n<\/tbody>\n<\/table>\n<div>\n<h3 class=\"\" dir=\"auto\">Solu\u00e7\u00f5es de engrenagens internas de a\u00e7o da FMP para ind\u00fastrias italianas<\/h3>\n<p class=\"break-words\" dir=\"auto\">Nossa ampla gama de <a href=\"https:\/\/fmp-components.com\/pt\/ring-gear\/\">engrenagens de anel<\/a> foi projetado para atender \u00e0s diversas necessidades de m\u00e1quinas e aplica\u00e7\u00f5es automotivas, garantindo durabilidade e precis\u00e3o em cada produto. Seja em Floren\u00e7a ou Bolonha, a FMP oferece uma variedade de tipos de engrenagens, incluindo designs padr\u00e3o e especializados, todos fabricados com tecnologia avan\u00e7ada para oferecer desempenho ideal. Nosso compromisso com a excel\u00eancia nos torna um parceiro confi\u00e1vel para empresas que buscam solu\u00e7\u00f5es de engrenagens confi\u00e1veis \u200b\u200bnos polos industriais da It\u00e1lia.<\/p>\n<h3 class=\"\" dir=\"auto\">Engrenagens internas de a\u00e7o personalizadas sob medida para suas necessidades<\/h3>\n<p class=\"break-words\" dir=\"auto\">Na FMP, entendemos que cada projeto \u00e9 \u00fanico, e \u00e9 por isso que tamb\u00e9m oferecemos op\u00e7\u00f5es de engrenagens internas de a\u00e7o totalmente personalizadas. Se voc\u00ea mora em Mil\u00e3o, Veneza, Floren\u00e7a ou em outros lugares e n\u00e3o encontra o modelo exato que precisa em nossa lista de produtos, n\u00e3o se preocupe: estamos constantemente atualizando nossas ofertas. Basta nos enviar um e-mail com suas necessidades e nossos engenheiros especialistas responder\u00e3o em at\u00e9 24 horas com solu\u00e7\u00f5es personalizadas. Seja um tamanho espec\u00edfico ou um design personalizado para suas opera\u00e7\u00f5es em Bolonha ou outras cidades italianas, a FMP est\u00e1 aqui para apoiar sua empresa com um servi\u00e7o r\u00e1pido e profissional e expertise de fabrica\u00e7\u00e3o de ponta.<\/p>\n<\/div>\n<\/div>","protected":false},"excerpt":{"rendered":"<p>Product Specification Tooth Form Internal Material Mild Steel Shape Round Diameter 100 mm Country of Origin China Surface Finish Powder Coated Hardness 45 HRC Steel Internal Gear Solutions by FMP for Italian Industries Our extensive range of ring gears is designed to meet the diverse needs of machinery and automotive applications, ensuring durability and precision [&hellip;]<\/p>","protected":false},"featured_media":4647,"comment_status":"open","ping_status":"closed","template":"","meta":{"_et_pb_use_builder":"","_et_pb_old_content":"","_et_gb_content_width":""},"product_brand":[],"product_cat":[114],"product_tag":[],"class_list":{"0":"post-7786","1":"product","2":"type-product","3":"status-publish","4":"has-post-thumbnail","6":"product_cat-ring-gear","8":"first","9":"instock","10":"shipping-taxable","11":"product-type-simple"},"_links":{"self":[{"href":"https:\/\/fmp-components.com\/pt\/wp-json\/wp\/v2\/product\/7786","targetHints":{"allow":["GET"]}}],"collection":[{"href":"https:\/\/fmp-components.com\/pt\/wp-json\/wp\/v2\/product"}],"about":[{"href":"https:\/\/fmp-components.com\/pt\/wp-json\/wp\/v2\/types\/product"}],"replies":[{"embeddable":true,"href":"https:\/\/fmp-components.com\/pt\/wp-json\/wp\/v2\/comments?post=7786"}],"wp:featuredmedia":[{"embeddable":true,"href":"https:\/\/fmp-components.com\/pt\/wp-json\/wp\/v2\/media\/4647"}],"wp:attachment":[{"href":"https:\/\/fmp-components.com\/pt\/wp-json\/wp\/v2\/media?parent=7786"}],"wp:term":[{"taxonomy":"product_brand","embeddable":true,"href":"https:\/\/fmp-components.com\/pt\/wp-json\/wp\/v2\/product_brand?post=7786"},{"taxonomy":"product_cat","embeddable":true,"href":"https:\/\/fmp-components.com\/pt\/wp-json\/wp\/v2\/product_cat?post=7786"},{"taxonomy":"product_tag","embeddable":true,"href":"https:\/\/fmp-components.com\/pt\/wp-json\/wp\/v2\/product_tag?post=7786"}],"curies":[{"name":"wp","href":"https:\/\/api.w.org\/{rel}","templated":true}]}}