{"id":7781,"date":"2025-04-04T06:46:54","date_gmt":"2025-04-04T06:46:54","guid":{"rendered":"https:\/\/fmp-components.com\/?post_type=product&#038;p=7781"},"modified":"2025-04-04T06:48:36","modified_gmt":"2025-04-04T06:48:36","slug":"internal-gears-for-tractors-and-cranes","status":"publish","type":"product","link":"https:\/\/fmp-components.com\/pt\/product\/internal-gears-for-tractors-and-cranes\/","title":{"rendered":"Engrenagens internas para tratores e guindastes"},"content":{"rendered":"<h2>Especifica\u00e7\u00e3o do produto<\/h2>\n<div class=\"table-responsive\">\n<table class=\"table\" style=\"width: 99.2193%;\" border=\"1\">\n<tbody>\n<tr>\n<td style=\"width: 56.4286%;\">Tipo de produto<\/td>\n<td style=\"width: 281.083%;\">Pe\u00e7as de engrenagem<\/td>\n<\/tr>\n<tr>\n<td style=\"width: 56.4286%;\">Uso\/Aplica\u00e7\u00e3o<\/td>\n<td style=\"width: 281.083%;\">Trator e guindaste<\/td>\n<\/tr>\n<tr>\n<td style=\"width: 56.4286%;\">Material<\/td>\n<td style=\"width: 281.083%;\">A\u00e7o macio<\/td>\n<\/tr>\n<tr>\n<td style=\"width: 56.4286%;\">Forma<\/td>\n<td style=\"width: 281.083%;\">Redondo<\/td>\n<\/tr>\n<tr>\n<td style=\"width: 56.4286%;\">Tipo de embalagem<\/td>\n<td style=\"width: 281.083%;\">Caixa<\/td>\n<\/tr>\n<tr>\n<td style=\"width: 56.4286%;\">Quantidade m\u00ednima do pedido<\/td>\n<td style=\"width: 281.083%;\">N\u00famero 10<\/td>\n<\/tr>\n<\/tbody>\n<\/table>\n<\/div>\n<p>Com a sinceridade e o trabalho duro dos nossos profissionais, conquistamos um nicho para n\u00f3s neste dom\u00ednio, oferecendo uma gama de qualidade premium de equipamentos internos.<\/p>\n<div>\n<h3 class=\"\" dir=\"auto\">Aumente o desempenho de tratores e guindastes com engrenagens internas da FMP na It\u00e1lia<\/h3>\n<p class=\"break-words\" dir=\"auto\">Engrenagens internas desempenham um papel fundamental no bom funcionamento de m\u00e1quinas pesadas, como tratores e guindastes, fornecendo pot\u00eancia e precis\u00e3o onde mais importa. Na FMP, produzimos uma ampla variedade de engrenagens anelares, incluindo engrenagens internas de alta qualidade, projetadas para suportar as demandas dos ambientes agr\u00edcolas e de constru\u00e7\u00e3o. Dos campos f\u00e9rteis perto de Floren\u00e7a aos polos industriais de Mil\u00e3o, nossas engrenagens garantem durabilidade, efici\u00eancia e manuten\u00e7\u00e3o reduzida para o seu equipamento. Seja operando guindastes nos movimentados portos de Veneza ou tratores na zona rural de Bolonha, a FMP oferece solu\u00e7\u00f5es confi\u00e1veis \u200b\u200be adaptadas \u00e0s diversas ind\u00fastrias da It\u00e1lia.<\/p>\n<h3 class=\"\" dir=\"auto\">Engrenagens internas personalizadas para suas necessidades \u2013 Entre em contato com a FMP hoje mesmo!<\/h3>\n<p class=\"break-words\" dir=\"auto\">A FMP est\u00e1 comprometida em atender \u00e0s suas necessidades espec\u00edficas com nossa ampla gama de <a href=\"https:\/\/fmp-components.com\/pt\/ring-gear\/\">engrenagens de anel<\/a> e capacidades de fabrica\u00e7\u00e3o personalizadas. Se voc\u00ea est\u00e1 procurando engrenagens internas para tratores ou guindastes e n\u00e3o encontra o modelo exato em nossa lista de produtos, \u00e9 prov\u00e1vel que ainda n\u00e3o o tenhamos disponibilizado \u2014 nosso estoque est\u00e1 sempre crescendo. Entre em contato conosco por e-mail com suas necessidades, seja em Mil\u00e3o, Veneza, Floren\u00e7a ou outros lugares, e nossos engenheiros qualificados responder\u00e3o em at\u00e9 24 horas com uma solu\u00e7\u00e3o personalizada. Confie na FMP para oferecer qualidade e suporte excepcionais, equipando suas m\u00e1quinas em toda a It\u00e1lia com precis\u00e3o e expertise.<\/p>\n<\/div>","protected":false},"excerpt":{"rendered":"<p>Product Specification Product Type Gear Parts Usage\/Application Tractor and crane Material Mild Steel Shape Round Packaging Type Box Minimum Order Quantity 10 Number With our professionals&#8217; sincerity and hard work, we have carved a niche for ourselves in this domain by offering a premium quality gamut of Internal Gear. Boost Tractor and Crane Performance with [&hellip;]<\/p>","protected":false},"featured_media":4638,"comment_status":"open","ping_status":"closed","template":"","meta":{"_et_pb_use_builder":"","_et_pb_old_content":"","_et_gb_content_width":""},"product_brand":[],"product_cat":[114],"product_tag":[],"class_list":{"0":"post-7781","1":"product","2":"type-product","3":"status-publish","4":"has-post-thumbnail","6":"product_cat-ring-gear","8":"first","9":"instock","10":"shipping-taxable","11":"product-type-simple"},"_links":{"self":[{"href":"https:\/\/fmp-components.com\/pt\/wp-json\/wp\/v2\/product\/7781","targetHints":{"allow":["GET"]}}],"collection":[{"href":"https:\/\/fmp-components.com\/pt\/wp-json\/wp\/v2\/product"}],"about":[{"href":"https:\/\/fmp-components.com\/pt\/wp-json\/wp\/v2\/types\/product"}],"replies":[{"embeddable":true,"href":"https:\/\/fmp-components.com\/pt\/wp-json\/wp\/v2\/comments?post=7781"}],"wp:featuredmedia":[{"embeddable":true,"href":"https:\/\/fmp-components.com\/pt\/wp-json\/wp\/v2\/media\/4638"}],"wp:attachment":[{"href":"https:\/\/fmp-components.com\/pt\/wp-json\/wp\/v2\/media?parent=7781"}],"wp:term":[{"taxonomy":"product_brand","embeddable":true,"href":"https:\/\/fmp-components.com\/pt\/wp-json\/wp\/v2\/product_brand?post=7781"},{"taxonomy":"product_cat","embeddable":true,"href":"https:\/\/fmp-components.com\/pt\/wp-json\/wp\/v2\/product_cat?post=7781"},{"taxonomy":"product_tag","embeddable":true,"href":"https:\/\/fmp-components.com\/pt\/wp-json\/wp\/v2\/product_tag?post=7781"}],"curies":[{"name":"wp","href":"https:\/\/api.w.org\/{rel}","templated":true}]}}