{"id":7774,"date":"2025-04-04T06:19:01","date_gmt":"2025-04-04T06:19:01","guid":{"rendered":"https:\/\/fmp-components.com\/?post_type=product&#038;p=7774"},"modified":"2025-04-04T06:39:10","modified_gmt":"2025-04-04T06:39:10","slug":"automotive-internal-gear","status":"publish","type":"product","link":"https:\/\/fmp-components.com\/pt\/product\/automotive-internal-gear\/","title":{"rendered":"Engrenagem interna automotiva"},"content":{"rendered":"<h3>especifica\u00e7\u00e3o<\/h3>\n<table class=\"table\" style=\"width: 100.875%; height: 310px;\" border=\"1\">\n<tbody>\n<tr>\n<td colspan=\"2\">Engrenagem interna automotiva<\/td>\n<\/tr>\n<tr>\n<td>Dimens\u00e3o<\/td>\n<td>\u03a650mm<\/td>\n<\/tr>\n<tr>\n<td>M\u00f3dulo<\/td>\n<td>M0,15-M2,2<\/td>\n<\/tr>\n<tr>\n<td>Tipo de material<\/td>\n<td>Metal, bronze, a\u00e7o, liga, POM, zinco, alum\u00ednio, ferro, a\u00e7o inoxid\u00e1vel, lat\u00e3o, cobre<\/td>\n<\/tr>\n<tr>\n<td>Grau de malha<\/td>\n<td>ISO6, JGMA 1, JIS 6, AGMA 13, DIN 6,Din5,AGMA12<\/td>\n<\/tr>\n<tr>\n<td>Aplicativo<\/td>\n<td>Automotivo, Militar, Aeron\u00e1utico, Mec\u00e2nico, Industrial, M\u00e9dico<\/td>\n<\/tr>\n<tr>\n<td>Personalizado<\/td>\n<td>ODM\/OEM<\/td>\n<\/tr>\n<tr>\n<td>Amostra<\/td>\n<td>Amostra dispon\u00edvel<\/td>\n<\/tr>\n<tr>\n<td>Modos de embalagem<\/td>\n<td>Embalado a v\u00e1cuo com bandeja de pl\u00e1stico<\/td>\n<\/tr>\n<tr>\n<td>Modos de entrega<\/td>\n<td>DHL UPS<\/td>\n<\/tr>\n<tr>\n<td>Certificado<\/td>\n<td>ISO 9001: 2008\/TS16949<\/td>\n<\/tr>\n<\/tbody>\n<\/table>\n<p><span style=\"color: #333333; font-size: 22px;\">Otimize suas solu\u00e7\u00f5es de engrenagens internas automotivas com a FMP na It\u00e1lia.<\/span><\/p>\n<div>\n<p class=\"break-words\" dir=\"auto\">Engrenagens internas, tamb\u00e9m conhecidas como <a href=\"https:\/\/fmp-components.com\/pt\/ring-gear\/\">engrenagens de anel<\/a>As engrenagens internas desempenham um papel vital na transmiss\u00e3o de pot\u00eancia em sistemas compactos e de alto desempenho. Ao contr\u00e1rio das engrenagens externas, onde os dentes s\u00e3o cortados no di\u00e2metro externo, as engrenagens internas possuem dentes na superf\u00edcie interna de uma estrutura cil\u00edndrica, tornando-as ideais para aplica\u00e7\u00f5es que exigem transfer\u00eancia eficiente de torque em espa\u00e7os confinados. Na FMP, somos especializados na fabrica\u00e7\u00e3o de uma ampla gama de engrenagens anulares, incluindo engrenagens cil\u00edndricas de dentes retos e helicoidais, projetadas para atender \u00e0s necessidades de ind\u00fastrias em toda a It\u00e1lia \u2014 desde os movimentados polos automotivos de Mil\u00e3o at\u00e9 as empresas de engenharia de precis\u00e3o de Veneza.<\/p>\n<p class=\"break-words\" dir=\"auto\">A FMP orgulha-se de oferecer solu\u00e7\u00f5es personalizadas de engrenagens internas para atender \u00e0s suas necessidades espec\u00edficas. Se voc\u00ea procura um modelo espec\u00edfico e n\u00e3o o encontra em nossa lista de produtos \u2014 seja em Mil\u00e3o, Veneza, Floren\u00e7a ou qualquer outro lugar \u2014 n\u00e3o se preocupe; isso significa apenas que ainda n\u00e3o o adicionamos ao cat\u00e1logo. Envie-nos um e-mail com as especifica\u00e7\u00f5es desejadas e nossos engenheiros especializados responder\u00e3o em at\u00e9 24 horas com uma solu\u00e7\u00e3o sob medida. Desde a supera\u00e7\u00e3o de desafios de projeto, como interfer\u00eancia entre engrenagens, at\u00e9 a otimiza\u00e7\u00e3o do perfil dos dentes para um desempenho aprimorado, a FMP \u00e9 sua parceira de confian\u00e7a em engrenagens internas automotivas em toda a It\u00e1lia, oferecendo precis\u00e3o e confiabilidade em todos os projetos.<\/p>\n<\/div>\n<p><img loading=\"lazy\" decoding=\"async\" class=\"size-full wp-image-7775 aligncenter\" src=\"https:\/\/fmp-components.com\/wp-content\/uploads\/2025\/04\/Internal-gear.webp\" alt=\"Engrenagem interna\" width=\"771\" height=\"543\" title=\"\" srcset=\"https:\/\/fmp-components.com\/wp-content\/uploads\/2025\/04\/Internal-gear.webp 771w, https:\/\/fmp-components.com\/wp-content\/uploads\/2025\/04\/Internal-gear-480x338.webp 480w\" sizes=\"(min-width: 0px) and (max-width: 480px) 480px, (min-width: 481px) 771px, 100vw\" \/><\/p>","protected":false},"excerpt":{"rendered":"<p>specification Automotive Internal Gear Dimension \u03a650mm Module M0.15-M2.2 Material Type Metal, Bronze, Steel, Alloy, POM, Zinc, Aluminum, Iron, Stainless, Brass, Copper Meshing Grade ISO6, JGMA 1, JIS 6, AGMA 13, DIN 6,Din5,AGMA12 Application Automotive, Military, Aircraft, Mechanical, industrial, Medical Customized ODM\/OEM Sample Sample available Modes of Packing Vacuum-packed with Plastic Tray Modes of Delivery DHL [&hellip;]<\/p>","protected":false},"featured_media":4635,"comment_status":"open","ping_status":"closed","template":"","meta":{"_et_pb_use_builder":"","_et_pb_old_content":"","_et_gb_content_width":""},"product_brand":[],"product_cat":[114],"product_tag":[],"class_list":{"0":"post-7774","1":"product","2":"type-product","3":"status-publish","4":"has-post-thumbnail","6":"product_cat-ring-gear","8":"first","9":"instock","10":"shipping-taxable","11":"product-type-simple"},"_links":{"self":[{"href":"https:\/\/fmp-components.com\/pt\/wp-json\/wp\/v2\/product\/7774","targetHints":{"allow":["GET"]}}],"collection":[{"href":"https:\/\/fmp-components.com\/pt\/wp-json\/wp\/v2\/product"}],"about":[{"href":"https:\/\/fmp-components.com\/pt\/wp-json\/wp\/v2\/types\/product"}],"replies":[{"embeddable":true,"href":"https:\/\/fmp-components.com\/pt\/wp-json\/wp\/v2\/comments?post=7774"}],"wp:featuredmedia":[{"embeddable":true,"href":"https:\/\/fmp-components.com\/pt\/wp-json\/wp\/v2\/media\/4635"}],"wp:attachment":[{"href":"https:\/\/fmp-components.com\/pt\/wp-json\/wp\/v2\/media?parent=7774"}],"wp:term":[{"taxonomy":"product_brand","embeddable":true,"href":"https:\/\/fmp-components.com\/pt\/wp-json\/wp\/v2\/product_brand?post=7774"},{"taxonomy":"product_cat","embeddable":true,"href":"https:\/\/fmp-components.com\/pt\/wp-json\/wp\/v2\/product_cat?post=7774"},{"taxonomy":"product_tag","embeddable":true,"href":"https:\/\/fmp-components.com\/pt\/wp-json\/wp\/v2\/product_tag?post=7774"}],"curies":[{"name":"wp","href":"https:\/\/api.w.org\/{rel}","templated":true}]}}