{"id":7751,"date":"2025-04-04T03:10:57","date_gmt":"2025-04-04T03:10:57","guid":{"rendered":"https:\/\/fmp-components.com\/?post_type=product&#038;p=7751"},"modified":"2025-04-04T05:33:32","modified_gmt":"2025-04-04T05:33:32","slug":"ring-gear-for-cement-mixer","status":"publish","type":"product","link":"https:\/\/fmp-components.com\/pt\/product\/ring-gear-for-cement-mixer\/","title":{"rendered":"Engrenagem de anel para misturador de cimento"},"content":{"rendered":"<div>\n<h2 dir=\"auto\">Engrenagens de anel de alta qualidade para misturadores de cimento da FMP<\/h2>\n<p class=\"break-words\" dir=\"auto\">Nos movimentados centros de constru\u00e7\u00e3o da It\u00e1lia, como Mil\u00e3o, Veneza, Floren\u00e7a e Bolonha, a demanda por betoneiras confi\u00e1veis \u200b\u200b\u00e9 constante. Um componente essencial dessas m\u00e1quinas \u00e9 a <a href=\"https:\/\/fmp-components.com\/pt\/ring-gear\/\">engrenagem de anel<\/a> Para betoneiras, uma engrenagem circular robusta que aciona a rota\u00e7\u00e3o do tambor para misturar o concreto com efici\u00eancia. Na FMP, somos especializados na produ\u00e7\u00e3o de v\u00e1rios tipos de coroas dentadas, incluindo a coroa dentada helicoidal dupla, de alta resist\u00eancia, fundida em a\u00e7o de liga de m\u00f3dulo grande, com dentes em espinha de peixe e de alta resist\u00eancia, personalizada e n\u00e3o padronizada. Fabricadas em a\u00e7o de liga de alta resist\u00eancia e aprimoradas com tratamentos de cementa\u00e7\u00e3o ou t\u00eampera superficial, nossas engrenagens oferecem capacidade de carga e durabilidade excepcionais. Seja trabalhando em arranha-c\u00e9us modernos em Mil\u00e3o ou restaurando estruturas hist\u00f3ricas em Floren\u00e7a, as coroas dentadas da FMP garantem uma transmiss\u00e3o est\u00e1vel com baixo impacto, vibra\u00e7\u00e3o e ru\u00eddo \u2014 perfeitas para m\u00e1quinas de alta velocidade e cargas pesadas.<\/p>\n<h2 dir=\"auto\">Especifica\u00e7\u00e3o<\/h2>\n<\/div>\n<table style=\"width: 100%;\" border=\"1\" width=\"100%\" cellspacing=\"0\" cellpadding=\"0\">\n<tbody>\n<tr>\n<td colspan=\"2\" width=\"160\">Nome do produto<\/td>\n<td colspan=\"2\" width=\"611\">Anel de engrenagem<\/td>\n<\/tr>\n<tr>\n<td colspan=\"2\" width=\"160\">Marca<\/td>\n<td colspan=\"2\" width=\"611\">FMP<\/td>\n<\/tr>\n<tr>\n<td colspan=\"2\" width=\"160\">Processo<\/td>\n<td colspan=\"2\" width=\"611\">Forjamento, Usinagem, Tratamento T\u00e9rmico<\/td>\n<\/tr>\n<tr>\n<td colspan=\"2\" width=\"160\"><\/td>\n<td colspan=\"2\" rowspan=\"2\" width=\"611\">grandes m\u00e1quinas de impress\u00e3o, avi\u00f5es, m\u00e1quinas de produ\u00e7\u00e3o, ind\u00fastria portu\u00e1ria, m\u00e1quinas de ind\u00fastria pesada, etc.<\/td>\n<\/tr>\n<tr>\n<td colspan=\"2\" width=\"160\">Aplicativo<\/td>\n<\/tr>\n<tr>\n<td colspan=\"2\" width=\"160\">Processamento de material<\/td>\n<td colspan=\"2\" width=\"611\">45#40CR 20CRM O20CRNIMO 17CRNIMO620CRMNTI42CRMO etc.<\/td>\n<\/tr>\n<\/tbody>\n<\/table>\n<p>&nbsp;<\/p>\n<table style=\"width: 100%;\" border=\"1\" width=\"100%\" cellspacing=\"0\" cellpadding=\"0\">\n<tbody>\n<tr style=\"height: 27.60pt;\">\n<td class=\"et2\" style=\"height: 27.60pt; width: 48.00pt;\" width=\"80\" height=\"46\">M\u00f3dulo de Engrenagem<\/td>\n<td class=\"et3\" style=\"width: 48.00pt;\" width=\"80\">8-120<\/td>\n<\/tr>\n<tr style=\"height: 41.40pt;\">\n<td class=\"et4\" style=\"height: 41.40pt; width: 48.00pt;\" width=\"80\" height=\"69\">Retifica\u00e7\u00e3o de engrenagens<\/td>\n<td class=\"et5\" style=\"width: 48.00pt;\" width=\"80\">M\u00f3dulo MAX 25<\/td>\n<\/tr>\n<tr style=\"height: 41.40pt;\">\n<td class=\"et4\" style=\"height: 41.40pt; width: 48.00pt;\" width=\"80\" height=\"69\">Di\u00e2metro da roda dentada<\/td>\n<td class=\"et5\" style=\"width: 48.00pt;\" width=\"80\">M\u00c1X. 13 000 mm<\/td>\n<\/tr>\n<tr style=\"height: 41.40pt;\">\n<td class=\"et4\" style=\"height: 41.40pt; width: 48.00pt;\" width=\"80\" height=\"69\">Di\u00e2metro da engrenagem espiral<\/td>\n<td class=\"et5\" style=\"width: 48.00pt;\" width=\"80\">M\u00c1X. 2 200 mm<\/td>\n<\/tr>\n<tr style=\"height: 41.40pt;\">\n<td class=\"et4\" style=\"height: 41.40pt; width: 48.00pt;\" width=\"80\" height=\"69\">Comprimento do eixo da engrenagem<\/td>\n<td class=\"et5\" style=\"width: 48.00pt;\" width=\"80\">M\u00c1X. 5 000 mm<\/td>\n<\/tr>\n<tr style=\"height: 82.80pt;\">\n<td class=\"et4\" style=\"height: 82.80pt; width: 48.00pt;\" width=\"80\" height=\"138\">Tratamento de dentes de engrenagem<\/td>\n<td class=\"et5\" style=\"width: 48.00pt;\" width=\"80\">Endurecimento de superf\u00edcie, cimenta\u00e7\u00e3o e t\u00eampera<\/td>\n<\/tr>\n<tr style=\"height: 55.95pt;\">\n<td class=\"et6\" style=\"height: 55.95pt; width: 48.00pt;\" width=\"80\" height=\"93\">Planta de trabalho<\/td>\n<td class=\"et7\" style=\"width: 48.00pt;\" width=\"80\">Forjamento, Fundi\u00e7\u00e3o e Soldagem<\/td>\n<\/tr>\n<\/tbody>\n<\/table>\n<p><span style=\"color: #333333; font-size: 22px;\">Experi\u00eancia da FMP na fabrica\u00e7\u00e3o de engrenagens de anel personalizadas<\/span><\/p>\n<div>\n<p class=\"break-words\" dir=\"auto\">A FMP se destaca como parceira de confian\u00e7a para os setores de constru\u00e7\u00e3o e engenharia da It\u00e1lia, oferecendo uma ampla gama de engrenagens anelares, como de dentes retos, helicoidais e espinha de peixe, todas adaptadas \u00e0s especifica\u00e7\u00f5es do cliente. Nossas avan\u00e7adas t\u00e9cnicas de fabrica\u00e7\u00e3o, incluindo metalurgia do p\u00f3 e processos exclusivos de tratamento t\u00e9rmico, otimizam a estrutura da engrenagem, aumentando a dureza, a resist\u00eancia ao desgaste e o desempenho ao impacto. Utilizamos a\u00e7o de alta resist\u00eancia e focamos na estabilidade a longo prazo, garantindo que nossos componentes prosperem sob as exigentes condi\u00e7\u00f5es da mistura de cimento. Para empresas em Veneza, que lidam com projetos exclusivos \u00e0 beira do canal, ou para as ind\u00fastrias de engenharia de Bolonha, a FMP aceita pedidos personalizados para atender \u00e0s suas necessidades exatas. Nossas capacidades se estendem a forjamento, fundi\u00e7\u00e3o e soldagem em larga escala, com tratamentos adicionais, como retifica\u00e7\u00e3o de engrenagens e nitreta\u00e7\u00e3o, dispon\u00edveis mediante solicita\u00e7\u00e3o.<\/p>\n<\/div>\n<table style=\"border-collapse: collapse; width: 101.637%; height: 5px;\" border=\"0\" width=\"270\" cellspacing=\"0\" cellpadding=\"0\">\n<tbody>\n<tr style=\"height: 14.40pt;\">\n<td style=\"height: 14.4pt; width: 34.4985%;\" align=\"right\" width=\"90\" height=\"24\"><img loading=\"lazy\" decoding=\"async\" class=\"size-full wp-image-7756 aligncenter\" src=\"https:\/\/fmp-components.com\/wp-content\/uploads\/2025\/04\/Ring-Gear-For-Cement-Mixer-Factory-1.webp\" alt=\"Engrenagem de anel para f\u00e1brica de misturadores de cimento\" width=\"889\" height=\"570\" title=\"\" srcset=\"https:\/\/fmp-components.com\/wp-content\/uploads\/2025\/04\/Ring-Gear-For-Cement-Mixer-Factory-1.webp 889w, https:\/\/fmp-components.com\/wp-content\/uploads\/2025\/04\/Ring-Gear-For-Cement-Mixer-Factory-1-480x308.webp 480w\" sizes=\"(min-width: 0px) and (max-width: 480px) 480px, (min-width: 481px) 889px, 100vw\" \/><\/td>\n<td style=\"width: 32.7072%;\" align=\"right\" width=\"90\"><img loading=\"lazy\" decoding=\"async\" class=\"size-full wp-image-7757 aligncenter\" src=\"https:\/\/fmp-components.com\/wp-content\/uploads\/2025\/04\/Ring-Gear-For-Cement-Mixer-Factory-2.webp\" alt=\"Engrenagem de anel para f\u00e1brica de misturadores de cimento\" width=\"885\" height=\"608\" title=\"\" srcset=\"https:\/\/fmp-components.com\/wp-content\/uploads\/2025\/04\/Ring-Gear-For-Cement-Mixer-Factory-2.webp 885w, https:\/\/fmp-components.com\/wp-content\/uploads\/2025\/04\/Ring-Gear-For-Cement-Mixer-Factory-2-480x330.webp 480w\" sizes=\"(min-width: 0px) and (max-width: 480px) 480px, (min-width: 481px) 885px, 100vw\" \/><\/td>\n<td style=\"width: 31.8642%;\" align=\"right\" width=\"90\"><img loading=\"lazy\" decoding=\"async\" class=\"size-full wp-image-7758 aligncenter\" src=\"https:\/\/fmp-components.com\/wp-content\/uploads\/2025\/04\/Ring-Gear-For-Cement-Mixer-Factory-3.webp\" alt=\"Engrenagem de anel para f\u00e1brica de misturadores de cimento\" width=\"500\" height=\"360\" title=\"\" srcset=\"https:\/\/fmp-components.com\/wp-content\/uploads\/2025\/04\/Ring-Gear-For-Cement-Mixer-Factory-3.webp 500w, https:\/\/fmp-components.com\/wp-content\/uploads\/2025\/04\/Ring-Gear-For-Cement-Mixer-Factory-3-480x346.webp 480w\" sizes=\"(min-width: 0px) and (max-width: 480px) 480px, (min-width: 481px) 500px, 100vw\" \/><\/td>\n<\/tr>\n<\/tbody>\n<\/table>\n<div>\n<h3 class=\"\" dir=\"auto\">Precisa de um modelo espec\u00edfico? Entre em contato com a FMP e receba uma resposta em 24 horas.<\/h3>\n<p class=\"break-words\" dir=\"auto\">Na FMP, temos o compromisso de entregar solu\u00e7\u00f5es personalizadas. Basta nos enviar um e-mail com suas especifica\u00e7\u00f5es e nossos engenheiros qualificados responder\u00e3o em at\u00e9 24 horas com orienta\u00e7\u00e3o especializada ou uma proposta de projeto personalizada. Nossa resposta r\u00e1pida e capacidade de lidar com grandes lotes e ciclos de fundi\u00e7\u00e3o curtos nos tornam a escolha ideal para o acelerado mercado de constru\u00e7\u00e3o da It\u00e1lia. Aumente a efici\u00eancia do seu projeto com as engrenagens anelares dur\u00e1veis \u200b\u200be de alto desempenho da FMP \u2014 entre em contato conosco hoje mesmo para impulsionar sua pr\u00f3xima constru\u00e7\u00e3o!<\/p>\n<table style=\"border-collapse: collapse; width: 97.6392%; height: 54px;\" border=\"0\" width=\"243\" cellspacing=\"0\" cellpadding=\"0\">\n<tbody>\n<tr style=\"height: 14.40pt;\">\n<td style=\"height: 14.4pt; width: 31.0307%;\" align=\"right\" width=\"81\" height=\"24\">\u00a0<img loading=\"lazy\" decoding=\"async\" class=\"size-full wp-image-7763 aligncenter\" src=\"https:\/\/fmp-components.com\/wp-content\/uploads\/2025\/04\/Ring-Gear-For-Cement-Mixer-2.webp\" alt=\"Engrenagem anelar para misturador de cimento\" width=\"550\" height=\"550\" title=\"\" srcset=\"https:\/\/fmp-components.com\/wp-content\/uploads\/2025\/04\/Ring-Gear-For-Cement-Mixer-2.webp 550w, https:\/\/fmp-components.com\/wp-content\/uploads\/2025\/04\/Ring-Gear-For-Cement-Mixer-2-480x480.webp 480w\" sizes=\"(min-width: 0px) and (max-width: 480px) 480px, (min-width: 481px) 550px, 100vw\" \/><\/td>\n<td style=\"width: 32.7851%;\" align=\"right\" width=\"81\"><img loading=\"lazy\" decoding=\"async\" class=\"size-full wp-image-7764 aligncenter\" src=\"https:\/\/fmp-components.com\/wp-content\/uploads\/2025\/04\/Ring-Gear-For-Cement-Mixer-3.webp\" alt=\"Engrenagem anelar para misturador de cimento\" width=\"550\" height=\"550\" title=\"\" srcset=\"https:\/\/fmp-components.com\/wp-content\/uploads\/2025\/04\/Ring-Gear-For-Cement-Mixer-3.webp 550w, https:\/\/fmp-components.com\/wp-content\/uploads\/2025\/04\/Ring-Gear-For-Cement-Mixer-3-480x480.webp 480w\" sizes=\"(min-width: 0px) and (max-width: 480px) 480px, (min-width: 481px) 550px, 100vw\" \/><\/td>\n<td style=\"width: 36.1842%;\" align=\"right\" width=\"81\"><img loading=\"lazy\" decoding=\"async\" class=\"size-full wp-image-7762 aligncenter\" src=\"https:\/\/fmp-components.com\/wp-content\/uploads\/2025\/04\/Ring-Gear-For-Cement-Mixer-5.webp\" alt=\"Engrenagem anelar para misturador de cimento\" width=\"1024\" height=\"756\" title=\"\" srcset=\"https:\/\/fmp-components.com\/wp-content\/uploads\/2025\/04\/Ring-Gear-For-Cement-Mixer-5.webp 1024w, https:\/\/fmp-components.com\/wp-content\/uploads\/2025\/04\/Ring-Gear-For-Cement-Mixer-5-980x724.webp 980w, https:\/\/fmp-components.com\/wp-content\/uploads\/2025\/04\/Ring-Gear-For-Cement-Mixer-5-480x354.webp 480w\" sizes=\"(min-width: 0px) and (max-width: 480px) 480px, (min-width: 481px) and (max-width: 980px) 980px, (min-width: 981px) 1024px, 100vw\" \/><\/td>\n<\/tr>\n<\/tbody>\n<\/table>\n<\/div>","protected":false},"excerpt":{"rendered":"<p>High-Quality Ring Gears for Cement Mixers by FMP In the bustling construction hubs of Italy, such as Milan, Venice, Florence, and Bologna, the demand for reliable cement mixers is ever-present. A key component in these machines is the ring gear for cement mixers, a robust circular gear that drives the drum\u2019s rotation to blend concrete [&hellip;]<\/p>","protected":false},"featured_media":7759,"comment_status":"open","ping_status":"closed","template":"","meta":{"_et_pb_use_builder":"","_et_pb_old_content":"","_et_gb_content_width":""},"product_brand":[],"product_cat":[114],"product_tag":[],"class_list":{"0":"post-7751","1":"product","2":"type-product","3":"status-publish","4":"has-post-thumbnail","6":"product_cat-ring-gear","8":"first","9":"instock","10":"shipping-taxable","11":"product-type-simple"},"_links":{"self":[{"href":"https:\/\/fmp-components.com\/pt\/wp-json\/wp\/v2\/product\/7751","targetHints":{"allow":["GET"]}}],"collection":[{"href":"https:\/\/fmp-components.com\/pt\/wp-json\/wp\/v2\/product"}],"about":[{"href":"https:\/\/fmp-components.com\/pt\/wp-json\/wp\/v2\/types\/product"}],"replies":[{"embeddable":true,"href":"https:\/\/fmp-components.com\/pt\/wp-json\/wp\/v2\/comments?post=7751"}],"wp:featuredmedia":[{"embeddable":true,"href":"https:\/\/fmp-components.com\/pt\/wp-json\/wp\/v2\/media\/7759"}],"wp:attachment":[{"href":"https:\/\/fmp-components.com\/pt\/wp-json\/wp\/v2\/media?parent=7751"}],"wp:term":[{"taxonomy":"product_brand","embeddable":true,"href":"https:\/\/fmp-components.com\/pt\/wp-json\/wp\/v2\/product_brand?post=7751"},{"taxonomy":"product_cat","embeddable":true,"href":"https:\/\/fmp-components.com\/pt\/wp-json\/wp\/v2\/product_cat?post=7751"},{"taxonomy":"product_tag","embeddable":true,"href":"https:\/\/fmp-components.com\/pt\/wp-json\/wp\/v2\/product_tag?post=7751"}],"curies":[{"name":"wp","href":"https:\/\/api.w.org\/{rel}","templated":true}]}}