{"id":7727,"date":"2025-04-03T06:15:43","date_gmt":"2025-04-03T06:15:43","guid":{"rendered":"https:\/\/fmp-components.com\/?post_type=product&#038;p=7727"},"modified":"2025-04-03T06:27:46","modified_gmt":"2025-04-03T06:27:46","slug":"planetary-ring-gear","status":"publish","type":"product","link":"https:\/\/fmp-components.com\/pt\/product\/planetary-ring-gear\/","title":{"rendered":"Engrenagem de anel planet\u00e1rio"},"content":{"rendered":"<div>\n<h2>Engrenagens planet\u00e1rias premium com FMP na It\u00e1lia<\/h2>\n<p class=\"break-words\">Quando se trata de engenharia de precis\u00e3o e componentes de m\u00e1quinas confi\u00e1veis, uma coroa planet\u00e1ria \u00e9 um elemento essencial em in\u00fameras aplica\u00e7\u00f5es, desde sistemas automotivos at\u00e9 equipamentos industriais. Na FMP, orgulhamo-nos de ser um fabricante l\u00edder de coroas planet\u00e1rias de alta qualidade, atendendo empresas e ind\u00fastrias em toda a It\u00e1lia, incluindo cidades como Mil\u00e3o, Veneza, Floren\u00e7a e Bolonha. Nossa ampla linha de coroas planet\u00e1rias \u00e9 projetada para atender a diversas necessidades de desempenho, garantindo durabilidade, efici\u00eancia e integra\u00e7\u00e3o perfeita aos seus sistemas.<\/p>\n<\/div>\n<h3>Especifica\u00e7\u00e3o<\/h3>\n<table style=\"width: 100%;\" border=\"1\" width=\"100%\" cellspacing=\"0\" cellpadding=\"0\">\n<tbody>\n<tr style=\"height: 30.00pt;\">\n<td class=\"et2\" style=\"height: 30.00pt; width: 48.00pt;\" width=\"80\" height=\"50\">N\u00famero do modelo<\/td>\n<td class=\"et2\" style=\"width: 318.60pt;\" width=\"531\">M3, M4, M5, M8, M12 e etc.<\/td>\n<\/tr>\n<tr style=\"height: 30.00pt;\">\n<td class=\"et2\" style=\"height: 30.00pt; width: 48.00pt;\" width=\"80\" height=\"50\">Material<\/td>\n<td class=\"et2\" style=\"width: 318.60pt;\" width=\"531\">Lat\u00e3o, a\u00e7o C45, a\u00e7o inoxid\u00e1vel, cobre, POM, alum\u00ednio, liga e assim por diante<\/td>\n<\/tr>\n<tr style=\"height: 30.00pt;\">\n<td class=\"et2\" style=\"height: 60.00pt; width: 48.00pt;\" rowspan=\"2\" width=\"80\" height=\"100\">Tratamento de superf\u00edcie<\/td>\n<td class=\"et2\" style=\"width: 318.60pt;\" width=\"531\">Zincado, Niquelado, Passiva\u00e7\u00e3o, Oxida\u00e7\u00e3o, Anodiza\u00e7\u00e3o,<\/td>\n<\/tr>\n<tr style=\"height: 30.00pt;\">\n<td class=\"et2\" style=\"width: 318.60pt;\" width=\"531\">Geomet, Dacromet, \u00d3xido Preto, Fosfatiza\u00e7\u00e3o, Revestimento em P\u00f3 e Eletroforese<\/td>\n<\/tr>\n<tr style=\"height: 30.00pt;\">\n<td class=\"et2\" style=\"height: 30.00pt; width: 48.00pt;\" width=\"80\" height=\"50\">Padr\u00e3o<\/td>\n<td class=\"et2\" style=\"width: 318.60pt;\" width=\"531\">ISO, DIN, ANSI, JIS, BS e n\u00e3o padr\u00e3o.<\/td>\n<\/tr>\n<tr style=\"height: 30.00pt;\">\n<td class=\"et2\" style=\"height: 30.00pt; width: 48.00pt;\" width=\"80\" height=\"50\">Precis\u00e3o<\/td>\n<td class=\"et2\" style=\"width: 318.60pt;\" width=\"531\">DIN6, DIN7, DIN8, DIN9.<\/td>\n<\/tr>\n<tr style=\"height: 45.00pt;\">\n<td class=\"et2\" style=\"height: 45.00pt; width: 48.00pt;\" width=\"80\" height=\"75\">Tratamento dent\u00e1rio<\/td>\n<td class=\"et2\" style=\"width: 318.60pt;\" width=\"531\">Endurecido, fresado ou mo\u00eddo<\/td>\n<\/tr>\n<tr style=\"height: 30.00pt;\">\n<td class=\"et2\" style=\"height: 30.00pt; width: 48.00pt;\" width=\"80\" height=\"50\">Toler\u00e2ncia<\/td>\n<td class=\"et2\" style=\"width: 318.60pt;\" width=\"531\">0,001 mm-0,01 mm-0,1 mm<\/td>\n<\/tr>\n<tr style=\"height: 30.00pt;\">\n<td class=\"et2\" style=\"height: 30.00pt; width: 48.00pt;\" width=\"80\" height=\"50\">Terminar<\/td>\n<td class=\"et2\" style=\"width: 318.60pt;\" width=\"531\">jateamento de areia, tratamento t\u00e9rmico, recozimento, t\u00eampera, polimento, anodiza\u00e7\u00e3o, zincagem<\/td>\n<\/tr>\n<tr style=\"height: 30.00pt;\">\n<td class=\"et2\" style=\"height: 30.00pt; width: 48.00pt;\" width=\"80\" height=\"50\">Embalagem de itens<\/td>\n<td class=\"et2\" style=\"width: 318.60pt;\" width=\"531\">Saco pl\u00e1stico + caixas ou embalagem de madeira<\/td>\n<\/tr>\n<tr style=\"height: 15.00pt;\">\n<td class=\"et2\" style=\"height: 30.00pt; width: 48.00pt;\" rowspan=\"2\" width=\"80\" height=\"50\">Amostras<\/td>\n<td class=\"et2\" style=\"width: 318.60pt;\" width=\"531\">Faixa de pre\u00e7o de amostra de $2 a $100.<\/td>\n<\/tr>\n<tr style=\"height: 15.00pt;\">\n<td class=\"et2\" style=\"width: 318.60pt;\" width=\"531\">exemplo de solicita\u00e7\u00e3o expressa paga pelos clientes<\/td>\n<\/tr>\n<tr style=\"height: 15.00pt;\">\n<td class=\"et2\" style=\"height: 135.00pt; width: 48.00pt;\" rowspan=\"8\" width=\"80\" height=\"225\">Aplicativo<\/td>\n<td class=\"et2\" style=\"width: 318.60pt;\" width=\"531\">1. M\u00e1quina de controle autom\u00e1tico<\/td>\n<\/tr>\n<tr style=\"height: 15.00pt;\">\n<td class=\"et2\" style=\"width: 318.60pt;\" width=\"531\">2. Ind\u00fastria de semicondutores<\/td>\n<\/tr>\n<tr style=\"height: 15.00pt;\">\n<td class=\"et2\" style=\"width: 318.60pt;\" width=\"531\">3. M\u00e1quinas industriais em geral<\/td>\n<\/tr>\n<tr style=\"height: 15.00pt;\">\n<td class=\"et2\" style=\"width: 318.60pt;\" width=\"531\">4. Equipamentos m\u00e9dicos<\/td>\n<\/tr>\n<tr style=\"height: 15.00pt;\">\n<td class=\"et2\" style=\"width: 318.60pt;\" width=\"531\">5. Equipamentos de energia solar<\/td>\n<\/tr>\n<tr style=\"height: 15.00pt;\">\n<td class=\"et2\" style=\"width: 318.60pt;\" width=\"531\">6. M\u00e1quina-ferramenta<\/td>\n<\/tr>\n<tr style=\"height: 15.00pt;\">\n<td class=\"et2\" style=\"width: 318.60pt;\" width=\"531\">7. Sistema de estacionamento<\/td>\n<\/tr>\n<tr style=\"height: 30.00pt;\">\n<td class=\"et2\" style=\"width: 318.60pt;\" width=\"531\">8. Equipamentos de transporte ferrovi\u00e1rio e a\u00e9reo de alta velocidade, etc.<\/td>\n<\/tr>\n<\/tbody>\n<\/table>\n<div>\n<h4>Por que escolher a FMP para engrenagens planet\u00e1rias?<\/h4>\n<p class=\"break-words\">Com sede no cora\u00e7\u00e3o da It\u00e1lia, a FMP \u00e9 especializada na produ\u00e7\u00e3o de diversos tipos de engrenagens planet\u00e1rias de anel, adaptadas \u00e0s suas necessidades espec\u00edficas. Seja em Mil\u00e3o buscando componentes para manufatura avan\u00e7ada, em Veneza trabalhando em projetos de engenharia naval, em Floren\u00e7a aprimorando sistemas de automa\u00e7\u00e3o ou em Bolonha aprimorando projetos automotivos, n\u00f3s temos a solu\u00e7\u00e3o. Nossos produtos s\u00e3o fabricados com precis\u00e3o e constru\u00eddos para suportar as condi\u00e7\u00f5es mais adversas, tornando-os a melhor escolha para as ind\u00fastrias italianas.<\/p>\n<p class=\"break-words\">Al\u00e9m dos nossos produtos padr\u00e3o, tamb\u00e9m fornecemos engrenagens planet\u00e1rias de coroas personalizadas para atender \u00e0s suas especifica\u00e7\u00f5es exclusivas. Na FMP, entendemos que cada projeto \u00e9 diferente, e nossa equipe de engenheiros qualificados est\u00e1 pronta para colaborar com voc\u00ea na cria\u00e7\u00e3o da solu\u00e7\u00e3o perfeita. Da sele\u00e7\u00e3o do material ao dimensionamento da engrenagem, garantimos que sua engrenagem de coroas personalizada funcione perfeitamente em sua aplica\u00e7\u00e3o.<\/p>\n<\/div>\n<table style=\"width: 99.375%; height: 49px;\" border=\"0\" width=\"240\" cellspacing=\"0\" cellpadding=\"0\">\n<tbody>\n<tr>\n<td width=\"80\" height=\"24\">\u00a0\u00a0<img loading=\"lazy\" decoding=\"async\" class=\"size-full wp-image-7731 aligncenter\" src=\"https:\/\/fmp-components.com\/wp-content\/uploads\/2025\/04\/Internal-Spur-Gear-Rings-3.webp\" alt=\"An\u00e9is de engrenagem interna\" width=\"600\" height=\"600\" title=\"\" srcset=\"https:\/\/fmp-components.com\/wp-content\/uploads\/2025\/04\/Internal-Spur-Gear-Rings-3.webp 600w, https:\/\/fmp-components.com\/wp-content\/uploads\/2025\/04\/Internal-Spur-Gear-Rings-3-480x480.webp 480w\" sizes=\"(min-width: 0px) and (max-width: 480px) 480px, (min-width: 481px) 600px, 100vw\" \/><\/td>\n<td width=\"80\"><img loading=\"lazy\" decoding=\"async\" class=\"size-full wp-image-7729 aligncenter\" src=\"https:\/\/fmp-components.com\/wp-content\/uploads\/2025\/04\/Internal-Spur-Gear-Rings-1.webp\" alt=\"An\u00e9is de engrenagem interna\" width=\"600\" height=\"600\" title=\"\" srcset=\"https:\/\/fmp-components.com\/wp-content\/uploads\/2025\/04\/Internal-Spur-Gear-Rings-1.webp 600w, https:\/\/fmp-components.com\/wp-content\/uploads\/2025\/04\/Internal-Spur-Gear-Rings-1-480x480.webp 480w\" sizes=\"(min-width: 0px) and (max-width: 480px) 480px, (min-width: 481px) 600px, 100vw\" \/><\/td>\n<td width=\"80\"><strong><img loading=\"lazy\" decoding=\"async\" class=\"size-full wp-image-7730 aligncenter\" src=\"https:\/\/fmp-components.com\/wp-content\/uploads\/2025\/04\/Internal-Spur-Gear-Rings-4.webp\" alt=\"An\u00e9is de engrenagem interna\" width=\"1024\" height=\"1024\" title=\"\" srcset=\"https:\/\/fmp-components.com\/wp-content\/uploads\/2025\/04\/Internal-Spur-Gear-Rings-4.webp 1024w, https:\/\/fmp-components.com\/wp-content\/uploads\/2025\/04\/Internal-Spur-Gear-Rings-4-980x980.webp 980w, https:\/\/fmp-components.com\/wp-content\/uploads\/2025\/04\/Internal-Spur-Gear-Rings-4-480x480.webp 480w\" sizes=\"(min-width: 0px) and (max-width: 480px) 480px, (min-width: 481px) and (max-width: 980px) 980px, (min-width: 981px) 1024px, 100vw\" \/><\/strong><\/td>\n<\/tr>\n<\/tbody>\n<\/table>\n<p>&nbsp;<\/p>","protected":false},"excerpt":{"rendered":"<p>Premium Planetary Ring Gears with FMP in Italy When it comes to precision engineering and reliable machinery components, a planetary ring gear is a critical element in countless applications, from automotive systems to industrial equipment. At FMP, we take pride in being a leading manufacturer of high-quality planetary ring gears, serving businesses and industries across [&hellip;]<\/p>","protected":false},"featured_media":7729,"comment_status":"open","ping_status":"closed","template":"","meta":{"_et_pb_use_builder":"","_et_pb_old_content":"","_et_gb_content_width":""},"product_brand":[],"product_cat":[113],"product_tag":[],"class_list":{"0":"post-7727","1":"product","2":"type-product","3":"status-publish","4":"has-post-thumbnail","6":"product_cat-planetary-gear","8":"first","9":"instock","10":"shipping-taxable","11":"product-type-simple"},"_links":{"self":[{"href":"https:\/\/fmp-components.com\/pt\/wp-json\/wp\/v2\/product\/7727","targetHints":{"allow":["GET"]}}],"collection":[{"href":"https:\/\/fmp-components.com\/pt\/wp-json\/wp\/v2\/product"}],"about":[{"href":"https:\/\/fmp-components.com\/pt\/wp-json\/wp\/v2\/types\/product"}],"replies":[{"embeddable":true,"href":"https:\/\/fmp-components.com\/pt\/wp-json\/wp\/v2\/comments?post=7727"}],"wp:featuredmedia":[{"embeddable":true,"href":"https:\/\/fmp-components.com\/pt\/wp-json\/wp\/v2\/media\/7729"}],"wp:attachment":[{"href":"https:\/\/fmp-components.com\/pt\/wp-json\/wp\/v2\/media?parent=7727"}],"wp:term":[{"taxonomy":"product_brand","embeddable":true,"href":"https:\/\/fmp-components.com\/pt\/wp-json\/wp\/v2\/product_brand?post=7727"},{"taxonomy":"product_cat","embeddable":true,"href":"https:\/\/fmp-components.com\/pt\/wp-json\/wp\/v2\/product_cat?post=7727"},{"taxonomy":"product_tag","embeddable":true,"href":"https:\/\/fmp-components.com\/pt\/wp-json\/wp\/v2\/product_tag?post=7727"}],"curies":[{"name":"wp","href":"https:\/\/api.w.org\/{rel}","templated":true}]}}