{"id":7722,"date":"2025-04-03T06:11:33","date_gmt":"2025-04-03T06:11:33","guid":{"rendered":"https:\/\/fmp-components.com\/?post_type=product&#038;p=7722"},"modified":"2025-04-03T06:11:33","modified_gmt":"2025-04-03T06:11:33","slug":"internal-planetary-gear-kit","status":"publish","type":"product","link":"https:\/\/fmp-components.com\/pt\/product\/internal-planetary-gear-kit\/","title":{"rendered":"Kit de Engrenagem Planet\u00e1ria Interna"},"content":{"rendered":"<p>Um kit de engrenagem planet\u00e1ria interna \u00e9 um sistema mec\u00e2nico compacto que consiste em uma engrenagem solar central, engrenagens planet\u00e1rias circundantes e uma engrenagem anular externa, projetado para transmitir torque e ajustar a velocidade de forma eficiente em m\u00e1quinas como transmiss\u00f5es ou motores.<\/p>\n<h2>Especifica\u00e7\u00e3o<\/h2>\n<table style=\"width: 100%;\" border=\"1\" width=\"100%\" cellspacing=\"0\" cellpadding=\"0\">\n<tbody>\n<tr style=\"height: 30.00pt;\">\n<td class=\"et2\" style=\"height: 30.00pt; width: 48.00pt;\" width=\"80\" height=\"50\">N\u00famero do modelo<\/td>\n<td class=\"et2\" style=\"width: 318.60pt;\" width=\"531\">M3, M4, M5, M8, M12 e etc.<\/td>\n<\/tr>\n<tr style=\"height: 30.00pt;\">\n<td class=\"et2\" style=\"height: 30.00pt; width: 48.00pt;\" width=\"80\" height=\"50\">Material<\/td>\n<td class=\"et2\" style=\"width: 318.60pt;\" width=\"531\">Lat\u00e3o, a\u00e7o C45, a\u00e7o inoxid\u00e1vel, cobre, POM, alum\u00ednio, liga e assim por diante<\/td>\n<\/tr>\n<tr style=\"height: 30.00pt;\">\n<td class=\"et2\" style=\"height: 60.00pt; width: 48.00pt;\" rowspan=\"2\" width=\"80\" height=\"100\">Tratamento de superf\u00edcie<\/td>\n<td class=\"et2\" style=\"width: 318.60pt;\" width=\"531\">Zincado, Niquelado, Passiva\u00e7\u00e3o, Oxida\u00e7\u00e3o, Anodiza\u00e7\u00e3o,<\/td>\n<\/tr>\n<tr style=\"height: 30.00pt;\">\n<td class=\"et2\" style=\"width: 318.60pt;\" width=\"531\">Geomet, Dacromet, \u00d3xido Preto, Fosfatiza\u00e7\u00e3o, Revestimento em P\u00f3 e Eletroforese<\/td>\n<\/tr>\n<tr style=\"height: 30.00pt;\">\n<td class=\"et2\" style=\"height: 30.00pt; width: 48.00pt;\" width=\"80\" height=\"50\">Padr\u00e3o<\/td>\n<td class=\"et2\" style=\"width: 318.60pt;\" width=\"531\">ISO, DIN, ANSI, JIS, BS e n\u00e3o padr\u00e3o.<\/td>\n<\/tr>\n<tr style=\"height: 30.00pt;\">\n<td class=\"et2\" style=\"height: 30.00pt; width: 48.00pt;\" width=\"80\" height=\"50\">Precis\u00e3o<\/td>\n<td class=\"et2\" style=\"width: 318.60pt;\" width=\"531\">DIN6, DIN7, DIN8, DIN9.<\/td>\n<\/tr>\n<tr style=\"height: 45.00pt;\">\n<td class=\"et2\" style=\"height: 45.00pt; width: 48.00pt;\" width=\"80\" height=\"75\">Tratamento dent\u00e1rio<\/td>\n<td class=\"et2\" style=\"width: 318.60pt;\" width=\"531\">Endurecido, fresado ou mo\u00eddo<\/td>\n<\/tr>\n<tr style=\"height: 30.00pt;\">\n<td class=\"et2\" style=\"height: 30.00pt; width: 48.00pt;\" width=\"80\" height=\"50\">Toler\u00e2ncia<\/td>\n<td class=\"et2\" style=\"width: 318.60pt;\" width=\"531\">0,001 mm-0,01 mm-0,1 mm<\/td>\n<\/tr>\n<tr style=\"height: 30.00pt;\">\n<td class=\"et2\" style=\"height: 30.00pt; width: 48.00pt;\" width=\"80\" height=\"50\">Terminar<\/td>\n<td class=\"et2\" style=\"width: 318.60pt;\" width=\"531\">jateamento de areia, tratamento t\u00e9rmico, recozimento, t\u00eampera, polimento, anodiza\u00e7\u00e3o, zincagem<\/td>\n<\/tr>\n<tr style=\"height: 30.00pt;\">\n<td class=\"et2\" style=\"height: 30.00pt; width: 48.00pt;\" width=\"80\" height=\"50\">Embalagem de itens<\/td>\n<td class=\"et2\" style=\"width: 318.60pt;\" width=\"531\">Saco pl\u00e1stico + caixas ou embalagem de madeira<\/td>\n<\/tr>\n<tr style=\"height: 15.00pt;\">\n<td class=\"et2\" style=\"height: 30.00pt; width: 48.00pt;\" rowspan=\"2\" width=\"80\" height=\"50\">Amostras<\/td>\n<td class=\"et2\" style=\"width: 318.60pt;\" width=\"531\">Faixa de pre\u00e7o de amostra de $2 a $100.<\/td>\n<\/tr>\n<tr style=\"height: 15.00pt;\">\n<td class=\"et2\" style=\"width: 318.60pt;\" width=\"531\">exemplo de solicita\u00e7\u00e3o expressa paga pelos clientes<\/td>\n<\/tr>\n<tr style=\"height: 15.00pt;\">\n<td class=\"et2\" style=\"height: 135.00pt; width: 48.00pt;\" rowspan=\"8\" width=\"80\" height=\"225\">Aplicativo<\/td>\n<td class=\"et2\" style=\"width: 318.60pt;\" width=\"531\">1. M\u00e1quina de controle autom\u00e1tico<\/td>\n<\/tr>\n<tr style=\"height: 15.00pt;\">\n<td class=\"et2\" style=\"width: 318.60pt;\" width=\"531\">2. Ind\u00fastria de semicondutores<\/td>\n<\/tr>\n<tr style=\"height: 15.00pt;\">\n<td class=\"et2\" style=\"width: 318.60pt;\" width=\"531\">3. M\u00e1quinas industriais em geral<\/td>\n<\/tr>\n<tr style=\"height: 15.00pt;\">\n<td class=\"et2\" style=\"width: 318.60pt;\" width=\"531\">4. Equipamentos m\u00e9dicos<\/td>\n<\/tr>\n<tr style=\"height: 15.00pt;\">\n<td class=\"et2\" style=\"width: 318.60pt;\" width=\"531\">5. Equipamentos de energia solar<\/td>\n<\/tr>\n<tr style=\"height: 15.00pt;\">\n<td class=\"et2\" style=\"width: 318.60pt;\" width=\"531\">6. M\u00e1quina-ferramenta<\/td>\n<\/tr>\n<tr style=\"height: 15.00pt;\">\n<td class=\"et2\" style=\"width: 318.60pt;\" width=\"531\">7. Sistema de estacionamento<\/td>\n<\/tr>\n<tr style=\"height: 30.00pt;\">\n<td class=\"et2\" style=\"width: 318.60pt;\" width=\"531\">8. Equipamentos de transporte ferrovi\u00e1rio e a\u00e9reo de alta velocidade, etc.<\/td>\n<\/tr>\n<\/tbody>\n<\/table>\n<h2>Sobre a FMP<\/h2>\n<p>Na FMP, somos especializados na fabrica\u00e7\u00e3o de uma ampla gama de kits de engrenagens planet\u00e1rias, projetados para fornecer torque e precis\u00e3o excepcionais para diversas aplica\u00e7\u00f5es industriais. Seja em Mil\u00e3o, Veneza, Floren\u00e7a ou Bolonha, nossos produtos atendem a diversas necessidades, desde modelos padr\u00e3o at\u00e9 solu\u00e7\u00f5es totalmente personalizadas. Como fornecedor l\u00edder com sede na It\u00e1lia, temos orgulho de oferecer op\u00e7\u00f5es personalizadas para atender \u00e0s suas necessidades espec\u00edficas. Se voc\u00ea n\u00e3o encontrar o modelo exato que precisa em nossa lista de produtos, n\u00e3o se preocupe! Ele pode n\u00e3o ter sido carregado ainda. Basta nos enviar um e-mail com suas necessidades e nossos engenheiros especialistas responder\u00e3o em at\u00e9 24 horas com uma solu\u00e7\u00e3o criada especialmente para voc\u00ea.<\/p>\n<table style=\"width: 101%; height: 98px;\" border=\"0\" width=\"240\" cellspacing=\"0\" cellpadding=\"0\">\n<tbody>\n<tr>\n<td width=\"80\" height=\"24\"><img loading=\"lazy\" decoding=\"async\" class=\"size-full wp-image-7726 aligncenter\" src=\"https:\/\/fmp-components.com\/wp-content\/uploads\/2025\/04\/planetary-gear-set-kit-1.webp\" alt=\"kit de engrenagens planet\u00e1rias\" width=\"1024\" height=\"1024\" title=\"\" srcset=\"https:\/\/fmp-components.com\/wp-content\/uploads\/2025\/04\/planetary-gear-set-kit-1.webp 1024w, https:\/\/fmp-components.com\/wp-content\/uploads\/2025\/04\/planetary-gear-set-kit-1-980x980.webp 980w, https:\/\/fmp-components.com\/wp-content\/uploads\/2025\/04\/planetary-gear-set-kit-1-480x480.webp 480w\" sizes=\"(min-width: 0px) and (max-width: 480px) 480px, (min-width: 481px) and (max-width: 980px) 980px, (min-width: 981px) 1024px, 100vw\" \/><\/td>\n<td width=\"80\"><img loading=\"lazy\" decoding=\"async\" class=\"size-full wp-image-7725 aligncenter\" src=\"https:\/\/fmp-components.com\/wp-content\/uploads\/2025\/04\/planetary-gear-set-kit-3.webp\" alt=\"kit de engrenagens planet\u00e1rias\" width=\"1024\" height=\"1024\" title=\"\" srcset=\"https:\/\/fmp-components.com\/wp-content\/uploads\/2025\/04\/planetary-gear-set-kit-3.webp 1024w, https:\/\/fmp-components.com\/wp-content\/uploads\/2025\/04\/planetary-gear-set-kit-3-980x980.webp 980w, https:\/\/fmp-components.com\/wp-content\/uploads\/2025\/04\/planetary-gear-set-kit-3-480x480.webp 480w\" sizes=\"(min-width: 0px) and (max-width: 480px) 480px, (min-width: 481px) and (max-width: 980px) 980px, (min-width: 981px) 1024px, 100vw\" \/><\/td>\n<td width=\"80\"><strong><img loading=\"lazy\" decoding=\"async\" class=\"size-full wp-image-7724 aligncenter\" src=\"https:\/\/fmp-components.com\/wp-content\/uploads\/2025\/04\/planetary-gear-set-kit-2.webp\" alt=\"kit de engrenagens planet\u00e1rias\" width=\"1024\" height=\"1024\" title=\"\" srcset=\"https:\/\/fmp-components.com\/wp-content\/uploads\/2025\/04\/planetary-gear-set-kit-2.webp 1024w, https:\/\/fmp-components.com\/wp-content\/uploads\/2025\/04\/planetary-gear-set-kit-2-980x980.webp 980w, https:\/\/fmp-components.com\/wp-content\/uploads\/2025\/04\/planetary-gear-set-kit-2-480x480.webp 480w\" sizes=\"(min-width: 0px) and (max-width: 480px) 480px, (min-width: 481px) and (max-width: 980px) 980px, (min-width: 981px) 1024px, 100vw\" \/><\/strong><\/td>\n<\/tr>\n<\/tbody>\n<\/table>","protected":false},"excerpt":{"rendered":"<p>An internal planetary gear kit is a compact mechanical system consisting of a central sun gear, surrounding planet gears, and an outer ring gear, designed to efficiently transmit torque and adjust speed in machinery like transmissions or motors. Specification Model Number M3,M4,M5,M8,M12 and etc. Material Brass, C45 steel, Stainless steel, Copper, POM, Aluminum, Alloy, and [&hellip;]<\/p>","protected":false},"featured_media":7725,"comment_status":"open","ping_status":"closed","template":"","meta":{"_et_pb_use_builder":"","_et_pb_old_content":"","_et_gb_content_width":""},"product_brand":[],"product_cat":[113],"product_tag":[],"class_list":{"0":"post-7722","1":"product","2":"type-product","3":"status-publish","4":"has-post-thumbnail","6":"product_cat-planetary-gear","8":"first","9":"instock","10":"shipping-taxable","11":"product-type-simple"},"_links":{"self":[{"href":"https:\/\/fmp-components.com\/pt\/wp-json\/wp\/v2\/product\/7722","targetHints":{"allow":["GET"]}}],"collection":[{"href":"https:\/\/fmp-components.com\/pt\/wp-json\/wp\/v2\/product"}],"about":[{"href":"https:\/\/fmp-components.com\/pt\/wp-json\/wp\/v2\/types\/product"}],"replies":[{"embeddable":true,"href":"https:\/\/fmp-components.com\/pt\/wp-json\/wp\/v2\/comments?post=7722"}],"wp:featuredmedia":[{"embeddable":true,"href":"https:\/\/fmp-components.com\/pt\/wp-json\/wp\/v2\/media\/7725"}],"wp:attachment":[{"href":"https:\/\/fmp-components.com\/pt\/wp-json\/wp\/v2\/media?parent=7722"}],"wp:term":[{"taxonomy":"product_brand","embeddable":true,"href":"https:\/\/fmp-components.com\/pt\/wp-json\/wp\/v2\/product_brand?post=7722"},{"taxonomy":"product_cat","embeddable":true,"href":"https:\/\/fmp-components.com\/pt\/wp-json\/wp\/v2\/product_cat?post=7722"},{"taxonomy":"product_tag","embeddable":true,"href":"https:\/\/fmp-components.com\/pt\/wp-json\/wp\/v2\/product_tag?post=7722"}],"curies":[{"name":"wp","href":"https:\/\/api.w.org\/{rel}","templated":true}]}}