{"id":7721,"date":"2025-04-03T05:48:55","date_gmt":"2025-04-03T05:48:55","guid":{"rendered":"https:\/\/fmp-components.com\/?post_type=product&#038;p=7721"},"modified":"2025-04-03T05:54:27","modified_gmt":"2025-04-03T05:54:27","slug":"internal-planetary-gear","status":"publish","type":"product","link":"https:\/\/fmp-components.com\/pt\/product\/internal-planetary-gear\/","title":{"rendered":"Engrenagem Planet\u00e1ria Interna"},"content":{"rendered":"<h2>Engrenagens Planet\u00e1rias Internas: Precis\u00e3o e Pot\u00eancia da FMP<\/h2>\n<p>Engrenagens planet\u00e1rias internas, um componente vital dos mecanismos de engrenagens planet\u00e1rias, s\u00e3o reconhecidas por sua capacidade de fornecer alto torque e redu\u00e7\u00e3o precisa de velocidade em projetos compactos. Esses sistemas apresentam uma engrenagem solar central, engrenagens planet\u00e1rias orbitais e uma coroa interna que se engata internamente com as engrenagens planet\u00e1rias. Essa configura\u00e7\u00e3o \u00fanica torna as engrenagens planet\u00e1rias internas essenciais para ind\u00fastrias em toda a It\u00e1lia, desde as oficinas automotivas de Mil\u00e3o at\u00e9 os centros de m\u00e1quinas de Bolonha. Na FMP, somos especialistas na cria\u00e7\u00e3o desses sistemas de engrenagens avan\u00e7ados, oferecendo solu\u00e7\u00f5es personalizadas para atender \u00e0s diversas necessidades de nossos clientes.<\/p>\n<div>\n<h3>O que s\u00e3o engrenagens planet\u00e1rias internas?<\/h3>\n<p class=\"break-words\">Um sistema de engrenagem planet\u00e1ria interna consiste em:<\/p>\n<ul class=\"marker:text-secondary\">\n<li class=\"break-words\"><strong>Engrenagem solar<\/strong>: A engrenagem central que aciona o mecanismo.<\/li>\n<li class=\"break-words\"><strong>Engrenagens Planet\u00e1rias<\/strong>: Engrenagens que orbitam a engrenagem solar, conectadas por um suporte.<\/li>\n<li class=\"break-words\"><strong>Engrenagem interna (engrenagem anelar)<\/strong>: Uma engrenagem com dentes em sua superf\u00edcie interna, engrenando com as engrenagens planet\u00e1rias.<\/li>\n<\/ul>\n<p class=\"break-words\">Ao contr\u00e1rio dos sistemas de engrenagens externas, o design da engrenagem interna permite maiores taxas de redu\u00e7\u00e3o em um espa\u00e7o menor, tornando-o ideal para aplica\u00e7\u00f5es que exigem efici\u00eancia energ\u00e9tica e de espa\u00e7o. Ao fixar diferentes componentes (como a engrenagem interna ou o suporte), o sistema pode atingir diferentes taxas de redu\u00e7\u00e3o, proporcionando flexibilidade aos engenheiros em qualquer lugar.<\/p>\n<\/div>\n<h3>Especifica\u00e7\u00e3o<\/h3>\n<table style=\"width: 100%;\" border=\"1\" width=\"100%\" cellspacing=\"0\" cellpadding=\"0\">\n<tbody>\n<tr>\n<td width=\"80\">N\u00famero do modelo<\/td>\n<td width=\"531\">M3, M4, M5, M8, M12 e etc.<\/td>\n<\/tr>\n<tr>\n<td width=\"80\">Material<\/td>\n<td width=\"531\">Lat\u00e3o, a\u00e7o C45, a\u00e7o inoxid\u00e1vel, cobre, POM, alum\u00ednio, liga e assim por diante<\/td>\n<\/tr>\n<tr>\n<td rowspan=\"2\" width=\"80\">Tratamento de superf\u00edcie<\/td>\n<td width=\"531\">Zincado, Niquelado, Passiva\u00e7\u00e3o, Oxida\u00e7\u00e3o, Anodiza\u00e7\u00e3o,<\/td>\n<\/tr>\n<tr>\n<td width=\"531\">Geomet, Dacromet, \u00d3xido Preto, Fosfatiza\u00e7\u00e3o, Revestimento em P\u00f3 e Eletroforese<\/td>\n<\/tr>\n<tr>\n<td width=\"80\">Padr\u00e3o<\/td>\n<td width=\"531\">ISO, DIN, ANSI, JIS, BS e n\u00e3o padr\u00e3o.<\/td>\n<\/tr>\n<tr>\n<td width=\"80\">Precis\u00e3o<\/td>\n<td width=\"531\">DIN6, DIN7, DIN8, DIN9.<\/td>\n<\/tr>\n<tr>\n<td width=\"80\">Tratamento dent\u00e1rio<\/td>\n<td width=\"531\">Endurecido, fresado ou mo\u00eddo<\/td>\n<\/tr>\n<tr>\n<td width=\"80\">Toler\u00e2ncia<\/td>\n<td width=\"531\">0,001 mm-0,01 mm-0,1 mm<\/td>\n<\/tr>\n<tr>\n<td width=\"80\">Terminar<\/td>\n<td width=\"531\">jateamento de areia, tratamento t\u00e9rmico, recozimento, t\u00eampera, polimento, anodiza\u00e7\u00e3o, zincagem<\/td>\n<\/tr>\n<tr>\n<td width=\"80\">Embalagem de itens<\/td>\n<td width=\"531\">Saco pl\u00e1stico + caixas ou embalagem de madeira<\/td>\n<\/tr>\n<tr>\n<td width=\"80\">Prazo de produ\u00e7\u00e3o<\/td>\n<td width=\"531\">20 dias \u00fateis para amostra, 25 dias para a granel<\/td>\n<\/tr>\n<tr>\n<td rowspan=\"8\" width=\"80\">Aplicativo<\/td>\n<td width=\"531\">1. M\u00e1quina de controle autom\u00e1tico<\/td>\n<\/tr>\n<tr>\n<td width=\"531\">2. Ind\u00fastria de semicondutores<\/td>\n<\/tr>\n<tr>\n<td width=\"531\">3. M\u00e1quinas industriais em geral<\/td>\n<\/tr>\n<tr>\n<td width=\"531\">4. Equipamentos m\u00e9dicos<\/td>\n<\/tr>\n<tr>\n<td width=\"531\">5. Equipamentos de energia solar<\/td>\n<\/tr>\n<tr>\n<td width=\"531\">6. M\u00e1quina-ferramenta<\/td>\n<\/tr>\n<tr>\n<td width=\"531\">7. Sistema de estacionamento<\/td>\n<\/tr>\n<tr>\n<td width=\"531\">8. Equipamentos de transporte ferrovi\u00e1rio e a\u00e9reo de alta velocidade, etc.<\/td>\n<\/tr>\n<\/tbody>\n<\/table>\n<div>\n<h3>Por que escolher engrenagens planet\u00e1rias internas?<\/h3>\n<p class=\"break-words\">Os benef\u00edcios das engrenagens planet\u00e1rias internas incluem:<\/p>\n<ul class=\"marker:text-secondary\">\n<li class=\"break-words\"><strong>Altas taxas de redu\u00e7\u00e3o<\/strong>:Conseguido atrav\u00e9s da intera\u00e7\u00e3o da engrenagem interna com as engrenagens planet\u00e1rias.<\/li>\n<li class=\"break-words\"><strong>Tamanho compacto<\/strong>: Perfeito para aplica\u00e7\u00f5es com espa\u00e7o limitado.<\/li>\n<li class=\"break-words\"><strong>Sa\u00edda de torque robusta<\/strong>: Ideal para tarefas pesadas.<\/li>\n<li class=\"break-words\"><strong>Versatilidade<\/strong>: Configura\u00e7\u00f5es ajust\u00e1veis \u200b\u200batendem a uma variedade de necessidades.<\/li>\n<\/ul>\n<p class=\"break-words\">Para empresas do setor automotivo de Mil\u00e3o ou das zonas industriais de Floren\u00e7a, essas vantagens se traduzem em maior efici\u00eancia e durabilidade.<\/p>\n<h2>FMP: Seu especialista em engrenagens planet\u00e1rias internas na It\u00e1lia<\/h2>\n<p class=\"break-words\">Na FMP, temos orgulho de ser um fabricante l\u00edder de engrenagens planet\u00e1rias internas, atendendo clientes de Veneza a Bolonha. Nossos produtos incluem:<\/p>\n<ul class=\"marker:text-secondary\">\n<li class=\"break-words\"><strong>Gama diversificada<\/strong>: Produzimos v\u00e1rios tipos de engrenagens planet\u00e1rias internas, desde projetos padr\u00e3o at\u00e9 sistemas complexos.<\/li>\n<li class=\"break-words\"><strong>Personaliza\u00e7\u00e3o<\/strong>: Precisa de uma solu\u00e7\u00e3o personalizada? Nossos engenheiros podem projetar e fabricar engrenagens planet\u00e1rias internas personalizadas, adaptadas \u00e0s suas especifica\u00e7\u00f5es.<\/li>\n<li class=\"break-words\"><strong>Artesanato de precis\u00e3o<\/strong>: Aproveitando tecnologia avan\u00e7ada, garantimos que cada equipamento atenda aos rigorosos padr\u00f5es de qualidade.<\/li>\n<\/ul>\n<table style=\"width: 100.875%; height: 89px;\" border=\"0\" width=\"240\" cellspacing=\"0\" cellpadding=\"0\">\n<tbody>\n<tr>\n<td width=\"80\" height=\"24\"><img loading=\"lazy\" decoding=\"async\" class=\"size-full wp-image-7717 aligncenter\" src=\"https:\/\/fmp-components.com\/wp-content\/uploads\/2025\/04\/Planetary-Gear-set-factory-2-scaled.webp\" sizes=\"(min-width: 0px) and (max-width: 480px) 480px, (min-width: 481px) and (max-width: 980px) 980px, (min-width: 981px) and (max-width: 1280px) 1280px, (min-width: 1281px) 2560px, 100vw\" srcset=\"https:\/\/fmp-components.com\/wp-content\/uploads\/2025\/04\/Planetary-Gear-set-factory-2-scaled.webp 2560w, https:\/\/fmp-components.com\/wp-content\/uploads\/2025\/04\/Planetary-Gear-set-factory-2-1280x1280.webp 1280w, https:\/\/fmp-components.com\/wp-content\/uploads\/2025\/04\/Planetary-Gear-set-factory-2-980x980.webp 980w, https:\/\/fmp-components.com\/wp-content\/uploads\/2025\/04\/Planetary-Gear-set-factory-2-480x480.webp 480w\" alt=\"\u884c\u661f\u9f7f\u8f6e\u7ec4\u5de5\u5382\" width=\"2560\" height=\"2560\" title=\"\"><\/td>\n<td width=\"80\"><img loading=\"lazy\" decoding=\"async\" class=\"size-full wp-image-7718 aligncenter\" src=\"https:\/\/fmp-components.com\/wp-content\/uploads\/2025\/04\/Planetary-Gear-set-factory-4.webp\" sizes=\"(min-width: 0px) and (max-width: 480px) 480px, (min-width: 481px) 600px, 100vw\" srcset=\"https:\/\/fmp-components.com\/wp-content\/uploads\/2025\/04\/Planetary-Gear-set-factory-4.webp 600w, https:\/\/fmp-components.com\/wp-content\/uploads\/2025\/04\/Planetary-Gear-set-factory-4-480x480.webp 480w\" alt=\"\u884c\u661f\u9f7f\u8f6e\u7ec4\u5de5\u5382\" width=\"600\" height=\"600\" title=\"\"><\/td>\n<td width=\"80\"><strong><img loading=\"lazy\" decoding=\"async\" class=\"size-full wp-image-7719 aligncenter\" src=\"https:\/\/fmp-components.com\/wp-content\/uploads\/2025\/04\/Planetary-Gear-set-factory-1-scaled.webp\" sizes=\"(min-width: 0px) and (max-width: 480px) 480px, (min-width: 481px) and (max-width: 980px) 980px, (min-width: 981px) and (max-width: 1280px) 1280px, (min-width: 1281px) 2560px, 100vw\" srcset=\"https:\/\/fmp-components.com\/wp-content\/uploads\/2025\/04\/Planetary-Gear-set-factory-1-scaled.webp 2560w, https:\/\/fmp-components.com\/wp-content\/uploads\/2025\/04\/Planetary-Gear-set-factory-1-1280x1280.webp 1280w, https:\/\/fmp-components.com\/wp-content\/uploads\/2025\/04\/Planetary-Gear-set-factory-1-980x980.webp 980w, https:\/\/fmp-components.com\/wp-content\/uploads\/2025\/04\/Planetary-Gear-set-factory-1-480x480.webp 480w\" alt=\"\u884c\u661f\u9f7f\u8f6e\u7ec4\u5de5\u5382\" width=\"2560\" height=\"2560\" title=\"\"><\/strong><\/td>\n<\/tr>\n<\/tbody>\n<\/table>\n<\/div>","protected":false},"excerpt":{"rendered":"<p>Internal Planetary Gears: Precision and Power by FMP Internal planetary gears, a vital component of planetary gear mechanisms, are renowned for their ability to deliver high torque and precise speed reduction in compact designs. These systems feature a central sun gear, orbiting planet gears, and an internal ring gear that meshes internally with the planet [&hellip;]<\/p>","protected":false},"featured_media":4625,"comment_status":"open","ping_status":"closed","template":"","meta":{"_et_pb_use_builder":"","_et_pb_old_content":"","_et_gb_content_width":""},"product_brand":[],"product_cat":[113],"product_tag":[],"class_list":{"0":"post-7721","1":"product","2":"type-product","3":"status-publish","4":"has-post-thumbnail","6":"product_cat-planetary-gear","8":"first","9":"instock","10":"shipping-taxable","11":"product-type-simple"},"_links":{"self":[{"href":"https:\/\/fmp-components.com\/pt\/wp-json\/wp\/v2\/product\/7721","targetHints":{"allow":["GET"]}}],"collection":[{"href":"https:\/\/fmp-components.com\/pt\/wp-json\/wp\/v2\/product"}],"about":[{"href":"https:\/\/fmp-components.com\/pt\/wp-json\/wp\/v2\/types\/product"}],"replies":[{"embeddable":true,"href":"https:\/\/fmp-components.com\/pt\/wp-json\/wp\/v2\/comments?post=7721"}],"wp:featuredmedia":[{"embeddable":true,"href":"https:\/\/fmp-components.com\/pt\/wp-json\/wp\/v2\/media\/4625"}],"wp:attachment":[{"href":"https:\/\/fmp-components.com\/pt\/wp-json\/wp\/v2\/media?parent=7721"}],"wp:term":[{"taxonomy":"product_brand","embeddable":true,"href":"https:\/\/fmp-components.com\/pt\/wp-json\/wp\/v2\/product_brand?post=7721"},{"taxonomy":"product_cat","embeddable":true,"href":"https:\/\/fmp-components.com\/pt\/wp-json\/wp\/v2\/product_cat?post=7721"},{"taxonomy":"product_tag","embeddable":true,"href":"https:\/\/fmp-components.com\/pt\/wp-json\/wp\/v2\/product_tag?post=7721"}],"curies":[{"name":"wp","href":"https:\/\/api.w.org\/{rel}","templated":true}]}}