{"id":7713,"date":"2025-04-03T05:19:05","date_gmt":"2025-04-03T05:19:05","guid":{"rendered":"https:\/\/fmp-components.com\/?post_type=product&#038;p=7713"},"modified":"2025-04-03T05:39:42","modified_gmt":"2025-04-03T05:39:42","slug":"planetary-gear-sets","status":"publish","type":"product","link":"https:\/\/fmp-components.com\/pt\/product\/planetary-gear-sets\/","title":{"rendered":"Conjuntos de engrenagens planet\u00e1rias"},"content":{"rendered":"<div>\n<h2>Fundamentos dos conjuntos de engrenagens planet\u00e1rias<\/h2>\n<p class=\"break-words\">Os conjuntos de engrenagens planet\u00e1rias, tamb\u00e9m conhecidos como sistemas de engrenagens epic\u00edclicas, s\u00e3o um pilar da engenharia mec\u00e2nica moderna. Em sua ess\u00eancia, esses sistemas consistem em uma engrenagem solar central, engrenagens planet\u00e1rias orbitando ao redor, montadas em um suporte, e uma engrenagem anular externa. Essa configura\u00e7\u00e3o exclusiva permite que os conjuntos de engrenagens planet\u00e1rias ofere\u00e7am torque excepcional, redu\u00e7\u00e3o de velocidade e efici\u00eancia em um design compacto. Seja em Mil\u00e3o, Veneza, Floren\u00e7a ou Bolonha, ind\u00fastrias em toda a It\u00e1lia dependem desses sistemas robustos para aplica\u00e7\u00f5es que v\u00e3o desde transmiss\u00f5es automotivas at\u00e9 m\u00e1quinas industriais.<\/p>\n<p class=\"break-words\">Na FMP, somos especializados na fabrica\u00e7\u00e3o de conjuntos de engrenagens planet\u00e1rias de alta qualidade, projetados para atender a diversas necessidades. Com um compromisso com a precis\u00e3o e a inova\u00e7\u00e3o, atendemos clientes em toda a It\u00e1lia e em outros pa\u00edses, garantindo desempenho de alto n\u00edvel em cada engrenagem que produzimos.<\/p>\n<\/div>\n<p><img loading=\"lazy\" decoding=\"async\" class=\"size-full wp-image-7714 aligncenter\" src=\"https:\/\/fmp-components.com\/wp-content\/uploads\/2025\/04\/Planetary-Gear-set-1.webp\" alt=\"Conjunto de engrenagens planet\u00e1rias\" width=\"943\" height=\"634\" title=\"\" srcset=\"https:\/\/fmp-components.com\/wp-content\/uploads\/2025\/04\/Planetary-Gear-set-1.webp 943w, https:\/\/fmp-components.com\/wp-content\/uploads\/2025\/04\/Planetary-Gear-set-1-480x323.webp 480w\" sizes=\"(min-width: 0px) and (max-width: 480px) 480px, (min-width: 481px) 943px, 100vw\" \/><\/p>\n<div>\n<h4>O que s\u00e3o conjuntos de engrenagens planet\u00e1rias?<\/h4>\n<p class=\"break-words\">Um conjunto de engrenagens planet\u00e1rias opera com tr\u00eas componentes principais:<\/p>\n<ul class=\"marker:text-secondary\">\n<li class=\"break-words\"><strong>Engrenagem solar<\/strong>A engrenagem central (geralmente representada em amarelo) que aciona o sistema.<\/li>\n<li class=\"break-words\"><strong>Engrenagens Planet\u00e1rias<\/strong>: V\u00e1rias engrenagens (normalmente azuis) que orbitam a engrenagem solar, montadas em um suporte m\u00f3vel (verde).<\/li>\n<li class=\"break-words\"><strong>Engrenagem de anel<\/strong>Uma engrenagem externa (rosa) que se encaixa nas engrenagens planet\u00e1rias, fechando o sistema.<\/li>\n<\/ul>\n<p class=\"break-words\">Essa configura\u00e7\u00e3o permite rela\u00e7\u00f5es de transmiss\u00e3o vers\u00e1teis e alto torque de sa\u00edda, tornando os conjuntos de engrenagens planet\u00e1rias ideais para aplica\u00e7\u00f5es onde espa\u00e7o e peso s\u00e3o fatores cr\u00edticos. De projetos simples a sistemas compostos complexos, sua adaptabilidade atende a uma ampla gama de ind\u00fastrias.<\/p>\n<h4>Aplica\u00e7\u00f5es de conjuntos de engrenagens planet\u00e1rias<\/h4>\n<p class=\"break-words\">Os conjuntos de engrenagens planet\u00e1rias s\u00e3o amplamente utilizados em toda a It\u00e1lia, desde os polos industriais de Mil\u00e3o e Bolonha at\u00e9 as oficinas de engenharia de Floren\u00e7a e Veneza. Sua capacidade de proporcionar redu\u00e7\u00e3o significativa de velocidade e torque em um formato compacto os torna essenciais em:<\/p>\n<ul class=\"marker:text-secondary\">\n<li class=\"break-words\"><strong>Autom\u00f3veis e ve\u00edculos fora de estrada<\/strong>Encontrado em transmiss\u00f5es autom\u00e1ticas e ve\u00edculos com tra\u00e7\u00e3o nas quatro rodas.<\/li>\n<li class=\"break-words\"><strong>M\u00e1quinas Industriais<\/strong>Alimenta\u00e7\u00e3o de esteiras transportadoras, misturadores e equipamentos florestais.<\/li>\n<li class=\"break-words\"><strong>Produtos de consumo<\/strong>Utilizado em parafusadeiras el\u00e9tricas e sistemas de engrenagens de bicicletas.<\/li>\n<li class=\"break-words\"><strong>Aplica\u00e7\u00f5es para servi\u00e7o pesado<\/strong>Suporte para tratores, equipamentos de constru\u00e7\u00e3o e motores de turbina.<\/li>\n<\/ul>\n<p class=\"break-words\">A natureza de compartilhamento de carga das engrenagens planet\u00e1rias m\u00faltiplas garante durabilidade e resist\u00eancia ao desgaste, uma caracter\u00edstica que os fabricantes e engenheiros italianos em cidades como Mil\u00e3o e Bolonha valorizam particularmente para opera\u00e7\u00f5es de alto impacto.<\/p>\n<div>\n<h4>Por que escolher conjuntos de engrenagens planet\u00e1rias?<\/h4>\n<p class=\"break-words\">As vantagens dos conjuntos de engrenagens planet\u00e1rias s\u00e3o claras:<\/p>\n<ul class=\"marker:text-secondary\">\n<li class=\"break-words\"><strong>Alta densidade de torque<\/strong>M\u00faltiplas engrenagens planet\u00e1rias distribuem a carga, aumentando a pot\u00eancia de sa\u00edda.<\/li>\n<li class=\"break-words\"><strong>Design compacto<\/strong>Ideal para aplica\u00e7\u00f5es com espa\u00e7o limitado.<\/li>\n<li class=\"break-words\"><strong>Durabilidade<\/strong>A distribui\u00e7\u00e3o uniforme da carga aumenta a vida \u00fatil da engrenagem.<\/li>\n<li class=\"break-words\"><strong>Flexibilidade<\/strong>Rela\u00e7\u00f5es de transmiss\u00e3o facilmente ajust\u00e1veis \u200b\u200batrav\u00e9s da modifica\u00e7\u00e3o do suporte ou da engrenagem solar.<\/li>\n<\/ul>\n<p class=\"break-words\">Para empresas em Veneza ou Floren\u00e7a que buscam otimizar o desempenho de suas m\u00e1quinas, esses benef\u00edcios se traduzem em efici\u00eancia e confiabilidade, reduzindo o tempo de inatividade e os custos de manuten\u00e7\u00e3o.<\/p>\n<p><img loading=\"lazy\" decoding=\"async\" class=\"wp-image-7716 aligncenter\" src=\"https:\/\/fmp-components.com\/wp-content\/uploads\/2025\/04\/Planetary-Gear-set-2.webp\" alt=\"Conjunto de engrenagens planet\u00e1rias\" width=\"809\" height=\"539\" title=\"\" srcset=\"https:\/\/fmp-components.com\/wp-content\/uploads\/2025\/04\/Planetary-Gear-set-2.webp 809w, https:\/\/fmp-components.com\/wp-content\/uploads\/2025\/04\/Planetary-Gear-set-2-480x320.webp 480w\" sizes=\"(min-width: 0px) and (max-width: 480px) 480px, (min-width: 481px) 809px, 100vw\" \/><\/p>\n<h4>FMP: Seu fabricante de confian\u00e7a de conjuntos de engrenagens planet\u00e1rias na It\u00e1lia.<\/h4>\n<p class=\"break-words\">Na FMP, orgulhamo-nos de ser um dos principais fabricantes de conjuntos de engrenagens planet\u00e1rias, atendendo clientes em toda a It\u00e1lia e no mundo. Com base em nossa vasta experi\u00eancia em engenharia, oferecemos:<\/p>\n<ul class=\"marker:text-secondary\">\n<li class=\"break-words\"><strong>Variedade de tipos<\/strong>Desde designs padr\u00e3o at\u00e9 sistemas compostos complexos, fabricamos conjuntos de engrenagens planet\u00e1rias para todas as aplica\u00e7\u00f5es.<\/li>\n<li class=\"break-words\"><strong>Personaliza\u00e7\u00e3o<\/strong>Precisa de uma configura\u00e7\u00e3o espec\u00edfica? Nossos engenheiros especializados na It\u00e1lia podem projetar e produzir conjuntos de engrenagens planet\u00e1rias personalizados para atender \u00e0s suas especifica\u00e7\u00f5es exatas.<\/li>\n<li class=\"break-words\"><strong>Fabrica\u00e7\u00e3o de Precis\u00e3o<\/strong>Utilizando t\u00e9cnicas avan\u00e7adas, garantimos que cada equipamento atenda aos mais altos padr\u00f5es de qualidade e desempenho.<\/li>\n<\/ul>\n<p class=\"break-words\">Esteja voc\u00ea no movimentado setor industrial de Mil\u00e3o, nas oficinas inovadoras de Veneza, nos polos de maquin\u00e1rio de Bolonha ou nos espa\u00e7os de engenharia artesanal de Floren\u00e7a, a FMP \u00e9 a sua parceira ideal para solu\u00e7\u00f5es em engrenagens planet\u00e1rias.<\/p>\n<table style=\"border-collapse: collapse; width: 101.625%; height: 50px;\" border=\"0\" width=\"240\" cellspacing=\"0\" cellpadding=\"0\">\n<tbody>\n<tr style=\"height: 14.40pt;\">\n<td style=\"height: 14.40pt; width: 48.00pt;\" width=\"80\" height=\"24\"><img loading=\"lazy\" decoding=\"async\" class=\"size-full wp-image-7717 aligncenter\" src=\"https:\/\/fmp-components.com\/wp-content\/uploads\/2025\/04\/Planetary-Gear-set-factory-2-scaled.webp\" alt=\"F\u00e1brica de conjuntos de engrenagens planet\u00e1rias\" width=\"2560\" height=\"2560\" title=\"\" srcset=\"https:\/\/fmp-components.com\/wp-content\/uploads\/2025\/04\/Planetary-Gear-set-factory-2-scaled.webp 2560w, https:\/\/fmp-components.com\/wp-content\/uploads\/2025\/04\/Planetary-Gear-set-factory-2-1280x1280.webp 1280w, https:\/\/fmp-components.com\/wp-content\/uploads\/2025\/04\/Planetary-Gear-set-factory-2-980x980.webp 980w, https:\/\/fmp-components.com\/wp-content\/uploads\/2025\/04\/Planetary-Gear-set-factory-2-480x480.webp 480w\" sizes=\"(min-width: 0px) and (max-width: 480px) 480px, (min-width: 481px) and (max-width: 980px) 980px, (min-width: 981px) and (max-width: 1280px) 1280px, (min-width: 1281px) 2560px, 100vw\" \/><\/td>\n<td style=\"width: 48.00pt;\" width=\"80\"><img loading=\"lazy\" decoding=\"async\" class=\"size-full wp-image-7718 aligncenter\" src=\"https:\/\/fmp-components.com\/wp-content\/uploads\/2025\/04\/Planetary-Gear-set-factory-4.webp\" alt=\"F\u00e1brica de conjuntos de engrenagens planet\u00e1rias\" width=\"600\" height=\"600\" title=\"\" srcset=\"https:\/\/fmp-components.com\/wp-content\/uploads\/2025\/04\/Planetary-Gear-set-factory-4.webp 600w, https:\/\/fmp-components.com\/wp-content\/uploads\/2025\/04\/Planetary-Gear-set-factory-4-480x480.webp 480w\" sizes=\"(min-width: 0px) and (max-width: 480px) 480px, (min-width: 481px) 600px, 100vw\" \/><\/td>\n<td style=\"width: 48.00pt;\" width=\"80\"><strong><img loading=\"lazy\" decoding=\"async\" class=\"size-full wp-image-7719 aligncenter\" src=\"https:\/\/fmp-components.com\/wp-content\/uploads\/2025\/04\/Planetary-Gear-set-factory-1-scaled.webp\" alt=\"F\u00e1brica de conjuntos de engrenagens planet\u00e1rias\" width=\"2560\" height=\"2560\" title=\"\" srcset=\"https:\/\/fmp-components.com\/wp-content\/uploads\/2025\/04\/Planetary-Gear-set-factory-1-scaled.webp 2560w, https:\/\/fmp-components.com\/wp-content\/uploads\/2025\/04\/Planetary-Gear-set-factory-1-1280x1280.webp 1280w, https:\/\/fmp-components.com\/wp-content\/uploads\/2025\/04\/Planetary-Gear-set-factory-1-980x980.webp 980w, https:\/\/fmp-components.com\/wp-content\/uploads\/2025\/04\/Planetary-Gear-set-factory-1-480x480.webp 480w\" sizes=\"(min-width: 0px) and (max-width: 480px) 480px, (min-width: 481px) and (max-width: 980px) 980px, (min-width: 981px) and (max-width: 1280px) 1280px, (min-width: 1281px) 2560px, 100vw\" \/><\/strong><\/td>\n<\/tr>\n<\/tbody>\n<\/table>\n<\/div>\n<\/div>","protected":false},"excerpt":{"rendered":"<p>The Fundamentals of Planetary Gear Sets Planetary gear sets, also known as epicyclic gear systems, are a cornerstone of modern mechanical engineering. At their core, these systems consist of a central sun gear, orbiting planet gears mounted on a carrier, and an outer ring gear. This unique arrangement allows planetary gear sets to deliver exceptional [&hellip;]<\/p>","protected":false},"featured_media":7720,"comment_status":"open","ping_status":"closed","template":"","meta":{"_et_pb_use_builder":"","_et_pb_old_content":"","_et_gb_content_width":""},"product_brand":[],"product_cat":[113],"product_tag":[],"class_list":{"0":"post-7713","1":"product","2":"type-product","3":"status-publish","4":"has-post-thumbnail","6":"product_cat-planetary-gear","8":"first","9":"instock","10":"shipping-taxable","11":"product-type-simple"},"_links":{"self":[{"href":"https:\/\/fmp-components.com\/pt\/wp-json\/wp\/v2\/product\/7713","targetHints":{"allow":["GET"]}}],"collection":[{"href":"https:\/\/fmp-components.com\/pt\/wp-json\/wp\/v2\/product"}],"about":[{"href":"https:\/\/fmp-components.com\/pt\/wp-json\/wp\/v2\/types\/product"}],"replies":[{"embeddable":true,"href":"https:\/\/fmp-components.com\/pt\/wp-json\/wp\/v2\/comments?post=7713"}],"wp:featuredmedia":[{"embeddable":true,"href":"https:\/\/fmp-components.com\/pt\/wp-json\/wp\/v2\/media\/7720"}],"wp:attachment":[{"href":"https:\/\/fmp-components.com\/pt\/wp-json\/wp\/v2\/media?parent=7713"}],"wp:term":[{"taxonomy":"product_brand","embeddable":true,"href":"https:\/\/fmp-components.com\/pt\/wp-json\/wp\/v2\/product_brand?post=7713"},{"taxonomy":"product_cat","embeddable":true,"href":"https:\/\/fmp-components.com\/pt\/wp-json\/wp\/v2\/product_cat?post=7713"},{"taxonomy":"product_tag","embeddable":true,"href":"https:\/\/fmp-components.com\/pt\/wp-json\/wp\/v2\/product_tag?post=7713"}],"curies":[{"name":"wp","href":"https:\/\/api.w.org\/{rel}","templated":true}]}}