{"id":7653,"date":"2025-04-02T07:39:15","date_gmt":"2025-04-02T07:39:15","guid":{"rendered":"https:\/\/fmp-components.com\/?post_type=product&#038;p=7653"},"modified":"2025-04-02T08:44:40","modified_gmt":"2025-04-02T08:44:40","slug":"bevel-gear-set","status":"publish","type":"product","link":"https:\/\/fmp-components.com\/pt\/product\/bevel-gear-set\/","title":{"rendered":"Conjunto de engrenagens c\u00f4nicas"},"content":{"rendered":"<div>\n<h2>Conjunto de engrenagens c\u00f4nicas: solu\u00e7\u00f5es de alta qualidade da FMP para todas as necessidades<\/h2>\n<p class=\"break-words\">Conjuntos de engrenagens c\u00f4nicas s\u00e3o componentes essenciais em sistemas de transmiss\u00e3o de movimento, utilizados para transferir pot\u00eancia entre eixos que se cruzam, geralmente em um \u00e2ngulo de 90 graus. Devido \u00e0 sua versatilidade, encontram aplica\u00e7\u00f5es em diversos setores, da ind\u00fastria automotiva \u00e0 manufatura. Na FMP, temos orgulho em oferecer uma gama completa de conjuntos de engrenagens c\u00f4nicas, inteiramente produzidos na It\u00e1lia, que combinam qualidade superior com op\u00e7\u00f5es de personaliza\u00e7\u00e3o para atender a todas as necessidades.<\/p>\n<\/div>\n<p><img loading=\"lazy\" decoding=\"async\" class=\"size-full wp-image-7654 alignnone\" src=\"https:\/\/fmp-components.com\/wp-content\/uploads\/2025\/04\/coppia-conica.webp\" alt=\"coppia-conica\" width=\"1400\" height=\"700\" title=\"\" srcset=\"https:\/\/fmp-components.com\/wp-content\/uploads\/2025\/04\/coppia-conica.webp 1400w, https:\/\/fmp-components.com\/wp-content\/uploads\/2025\/04\/coppia-conica-1280x640.webp 1280w, https:\/\/fmp-components.com\/wp-content\/uploads\/2025\/04\/coppia-conica-980x490.webp 980w, https:\/\/fmp-components.com\/wp-content\/uploads\/2025\/04\/coppia-conica-480x240.webp 480w\" sizes=\"(min-width: 0px) and (max-width: 480px) 480px, (min-width: 481px) and (max-width: 980px) 980px, (min-width: 981px) and (max-width: 1280px) 1280px, (min-width: 1281px) 1400px, 100vw\" \/><\/p>\n<div>\n<h3>Tipos de conjuntos de engrenagens c\u00f4nicas produzidos pela FMP<\/h3>\n<p class=\"break-words\">A FMP fornece uma ampla variedade de conjuntos de engrenagens c\u00f4nicas, projetados para atender a diversas necessidades t\u00e9cnicas:<\/p>\n<ul class=\"marker:text-secondary\">\n<li class=\"break-words\"><strong>Conjuntos de engrenagens c\u00f4nicas padr\u00e3o:<\/strong> Dispon\u00edveis do m\u00f3dulo 1 ao m\u00f3dulo 5, com dentes retos ou helicoidais em a\u00e7o C45 E. Estes conjuntos de engrenagens c\u00f4nicas atendem \u00e0s normas UNI 6588 (tipo A) e incluem furos pr\u00e9-perfurados para facilitar o processamento. S\u00e3o ideais para aplica\u00e7\u00f5es que exigem rela\u00e7\u00f5es de transmiss\u00e3o de 1:1 ou at\u00e9 1:4.<\/li>\n<li class=\"break-words\"><strong>Conjuntos de engrenagens c\u00f4nicas personalizadas:<\/strong> Para clientes com necessidades espec\u00edficas, oferecemos a op\u00e7\u00e3o de projetar conjuntos de engrenagens c\u00f4nicas com dentes, materiais e tratamentos de superf\u00edcie personalizados, adaptados aos requisitos mais exclusivos.<\/li>\n<\/ul>\n<p class=\"break-words\">Seja para um diferencial automotivo ou um sistema industrial complexo, nossos conjuntos de engrenagens c\u00f4nicas garantem um desempenho confi\u00e1vel e duradouro.<\/p>\n<p><img loading=\"lazy\" decoding=\"async\" class=\"size-full wp-image-7656 aligncenter\" src=\"https:\/\/fmp-components.com\/wp-content\/uploads\/2025\/04\/coppia-conica-1.webp\" alt=\"coppia-conica\" width=\"1600\" height=\"800\" title=\"\" srcset=\"https:\/\/fmp-components.com\/wp-content\/uploads\/2025\/04\/coppia-conica-1.webp 1600w, https:\/\/fmp-components.com\/wp-content\/uploads\/2025\/04\/coppia-conica-1-1280x640.webp 1280w, https:\/\/fmp-components.com\/wp-content\/uploads\/2025\/04\/coppia-conica-1-980x490.webp 980w, https:\/\/fmp-components.com\/wp-content\/uploads\/2025\/04\/coppia-conica-1-480x240.webp 480w\" sizes=\"(min-width: 0px) and (max-width: 480px) 480px, (min-width: 481px) and (max-width: 980px) 980px, (min-width: 981px) and (max-width: 1280px) 1280px, (min-width: 1281px) 1600px, 100vw\" \/><\/p>\n<h3>Algumas especifica\u00e7\u00f5es do produto<\/h3>\n<h4>Propor\u00e7\u00e3o 3:1<\/h4>\n<table style=\"width: 100%; height: 369px;\" border=\"1\" width=\"100%\" cellspacing=\"0\" cellpadding=\"0\">\n<tbody>\n<tr style=\"height: 47px;\">\n<td style=\"height: 47px;\" width=\"80\">M\u00f3dulo<\/td>\n<td style=\"height: 47px;\" width=\"80\">N\u00famero de dentes<\/td>\n<td style=\"height: 47px;\" width=\"80\">da<br \/>\n(mil\u00edmetros)<\/td>\n<td style=\"height: 47px;\" width=\"80\">d<br \/>\n(mil\u00edmetros)<\/td>\n<td style=\"height: 47px;\" width=\"80\">ND<br \/>\n(mil\u00edmetros)<\/td>\n<td style=\"height: 47px;\" width=\"80\">Holanda<br \/>\n(mil\u00edmetros)<\/td>\n<td style=\"height: 47px;\" width=\"80\">L1<br \/>\n(mil\u00edmetros)<\/td>\n<td style=\"height: 47px;\" width=\"80\">eu<br \/>\n(mil\u00edmetros)<\/td>\n<td style=\"height: 47px;\" width=\"80\">S1) (mm)<\/td>\n<td style=\"height: 47px;\" width=\"80\">b<br \/>\n(mil\u00edmetros)<\/td>\n<td style=\"height: 47px;\" width=\"80\">BH7 (mm)<\/td>\n<td style=\"height: 47px;\" width=\"80\">E<br \/>\n(mil\u00edmetros)<\/td>\n<td style=\"height: 47px;\" width=\"80\">Torque* (Nm)<\/td>\n<td style=\"height: 47px;\" width=\"80\">Peso g\/par<\/td>\n<\/tr>\n<tr style=\"height: 23px;\">\n<td style=\"height: 46px;\" rowspan=\"2\" width=\"80\">0,6<\/td>\n<td style=\"height: 23px;\" width=\"80\">20<\/td>\n<td style=\"height: 23px;\" width=\"80\">19<\/td>\n<td style=\"height: 23px;\" width=\"80\">18<\/td>\n<td style=\"height: 23px;\" width=\"80\">15<\/td>\n<td style=\"height: 23px;\" width=\"80\">7<\/td>\n<td style=\"height: 23px;\" width=\"80\">17,<\/td>\n<td style=\"height: 23px;\" width=\"80\">17,7<\/td>\n<td style=\"height: 23px;\" width=\"80\">8,2<\/td>\n<td style=\"height: 23px;\" width=\"80\">10<\/td>\n<td style=\"height: 23px;\" width=\"80\">6<\/td>\n<td style=\"height: 23px;\" width=\"80\">35<\/td>\n<td style=\"height: 23px;\" width=\"80\">2<\/td>\n<td style=\"height: 23px;\" width=\"80\">175<\/td>\n<\/tr>\n<tr style=\"height: 23px;\">\n<td style=\"height: 23px;\" width=\"80\">60<\/td>\n<td style=\"height: 23px;\" width=\"80\">54,<\/td>\n<td style=\"height: 23px;\" width=\"80\">54<\/td>\n<td style=\"height: 23px;\" width=\"80\">45<\/td>\n<td style=\"height: 23px;\" width=\"80\">8<\/td>\n<td style=\"height: 23px;\" width=\"80\">16<\/td>\n<td style=\"height: 23px;\" width=\"80\">1<\/td>\n<td style=\"height: 23px;\" width=\"80\">16<\/td>\n<td style=\"height: 23px;\" width=\"80\">10<\/td>\n<td style=\"height: 23px;\" width=\"80\">10<\/td>\n<td style=\"height: 23px;\" width=\"80\">2<\/td>\n<td style=\"height: 23px;\" width=\"80\">6,3<\/td>\n<td style=\"height: 23px;\" width=\"80\">175<\/td>\n<\/tr>\n<tr style=\"height: 23px;\">\n<td style=\"height: 46px;\" rowspan=\"2\" width=\"80\">1<\/td>\n<td style=\"height: 23px;\" width=\"80\">16<\/td>\n<td style=\"height: 23px;\" width=\"80\">26,1<\/td>\n<td style=\"height: 23px;\" width=\"80\">2<\/td>\n<td style=\"height: 23px;\" width=\"80\">20<\/td>\n<td style=\"height: 23px;\" width=\"80\">8,3<\/td>\n<td style=\"height: 23px;\" width=\"80\">2<\/td>\n<td style=\"height: 23px;\" width=\"80\">22,6<\/td>\n<td style=\"height: 23px;\" width=\"80\">9<\/td>\n<td style=\"height: 23px;\" width=\"80\">14<\/td>\n<td style=\"height: 23px;\" width=\"80\">8<\/td>\n<td style=\"height: 23px;\" width=\"80\">45<\/td>\n<td style=\"height: 23px;\" width=\"80\">5<\/td>\n<td style=\"height: 23px;\" width=\"80\">380<\/td>\n<\/tr>\n<tr style=\"height: 23px;\">\n<td style=\"height: 23px;\" width=\"80\">48<\/td>\n<td style=\"height: 23px;\" width=\"80\">72,5<\/td>\n<td style=\"height: 23px;\" width=\"80\">72<\/td>\n<td style=\"height: 23px;\" width=\"80\">50<\/td>\n<td style=\"height: 23px;\" width=\"80\">8<\/td>\n<td style=\"height: 23px;\" width=\"80\">1<\/td>\n<td style=\"height: 23px;\" width=\"80\">21,3<\/td>\n<td style=\"height: 23px;\" width=\"80\">16,8<\/td>\n<td style=\"height: 23px;\" width=\"80\">14<\/td>\n<td style=\"height: 23px;\" width=\"80\">1<\/td>\n<td style=\"height: 23px;\" width=\"80\">28<\/td>\n<td style=\"height: 23px;\" width=\"80\">17,<\/td>\n<td style=\"height: 23px;\" width=\"80\">380<\/td>\n<\/tr>\n<tr style=\"height: 23px;\">\n<td style=\"height: 46px;\" rowspan=\"2\" width=\"80\">1,3<\/td>\n<td style=\"height: 23px;\" width=\"80\">11<\/td>\n<td style=\"height: 23px;\" width=\"80\">2<\/td>\n<td style=\"height: 23px;\" width=\"80\">22<\/td>\n<td style=\"height: 23px;\" width=\"80\">1<\/td>\n<td style=\"height: 23px;\" width=\"80\">6<\/td>\n<td style=\"height: 23px;\" width=\"80\">17<\/td>\n<td style=\"height: 23px;\" width=\"80\">17,<\/td>\n<td style=\"height: 23px;\" width=\"80\">7,5<\/td>\n<td style=\"height: 23px;\" width=\"80\">11<\/td>\n<td style=\"height: 23px;\" width=\"80\">8<\/td>\n<td style=\"height: 23px;\" width=\"80\">4<\/td>\n<td style=\"height: 23px;\" width=\"80\">7,7<\/td>\n<td style=\"height: 23px;\" width=\"80\">320<\/td>\n<\/tr>\n<tr style=\"height: 23px;\">\n<td style=\"height: 23px;\" width=\"80\">33<\/td>\n<td style=\"height: 23px;\" width=\"80\">6<\/td>\n<td style=\"height: 23px;\" width=\"80\">60<\/td>\n<td style=\"height: 23px;\" width=\"80\">4<\/td>\n<td style=\"height: 23px;\" width=\"80\">8<\/td>\n<td style=\"height: 23px;\" width=\"80\">1<\/td>\n<td style=\"height: 23px;\" width=\"80\">2<\/td>\n<td style=\"height: 23px;\" width=\"80\">16,9<\/td>\n<td style=\"height: 23px;\" width=\"80\">11<\/td>\n<td style=\"height: 23px;\" width=\"80\">12<\/td>\n<td style=\"height: 23px;\" width=\"80\">27<\/td>\n<td style=\"height: 23px;\" width=\"80\">23<\/td>\n<td style=\"height: 23px;\" width=\"80\">320<\/td>\n<\/tr>\n<tr style=\"height: 23px;\">\n<td style=\"height: 46px;\" rowspan=\"2\" width=\"80\">1,5<\/td>\n<td style=\"height: 23px;\" width=\"80\">10<\/td>\n<td style=\"height: 23px;\" width=\"80\">26,0<\/td>\n<td style=\"height: 23px;\" width=\"80\">22<\/td>\n<td style=\"height: 23px;\" width=\"80\">17<\/td>\n<td style=\"height: 23px;\" width=\"80\">8<\/td>\n<td style=\"height: 23px;\" width=\"80\">19<\/td>\n<td style=\"height: 23px;\" width=\"80\">20,1<\/td>\n<td style=\"height: 23px;\" width=\"80\">9,6<\/td>\n<td style=\"height: 23px;\" width=\"80\">11<\/td>\n<td style=\"height: 23px;\" width=\"80\">8<\/td>\n<td style=\"height: 23px;\" width=\"80\">42<\/td>\n<td style=\"height: 23px;\" width=\"80\">9,1<\/td>\n<td style=\"height: 23px;\" width=\"80\">380<\/td>\n<\/tr>\n<tr style=\"height: 23px;\">\n<td style=\"height: 23px;\" width=\"80\">30<\/td>\n<td style=\"height: 23px;\" width=\"80\">66,6<\/td>\n<td style=\"height: 23px;\" width=\"80\">66<\/td>\n<td style=\"height: 23px;\" width=\"80\">40<\/td>\n<td style=\"height: 23px;\" width=\"80\">8<\/td>\n<td style=\"height: 23px;\" width=\"80\">17<\/td>\n<td style=\"height: 23px;\" width=\"80\">21,3<\/td>\n<td style=\"height: 23px;\" width=\"80\">17,8<\/td>\n<td style=\"height: 23px;\" width=\"80\">11<\/td>\n<td style=\"height: 23px;\" width=\"80\">12<\/td>\n<td style=\"height: 23px;\" width=\"80\">28<\/td>\n<td style=\"height: 23px;\" width=\"80\">27,3<\/td>\n<td style=\"height: 23px;\" width=\"80\">380<\/td>\n<\/tr>\n<tr style=\"height: 23px;\">\n<td style=\"height: 46px;\" rowspan=\"2\" width=\"80\">22,291<\/td>\n<td style=\"height: 23px;\" width=\"80\">9<\/td>\n<td style=\"height: 23px;\" width=\"80\">36,5<\/td>\n<td style=\"height: 23px;\" width=\"80\">32<\/td>\n<td style=\"height: 23px;\" width=\"80\">22<\/td>\n<td style=\"height: 23px;\" width=\"80\">11<\/td>\n<td style=\"height: 23px;\" width=\"80\">24<\/td>\n<td style=\"height: 23px;\" width=\"80\">25,8<\/td>\n<td style=\"height: 23px;\" width=\"80\">15,4<\/td>\n<td style=\"height: 23px;\" width=\"80\">13<\/td>\n<td style=\"height: 23px;\" width=\"80\">8<\/td>\n<td style=\"height: 23px;\" width=\"80\">60,52<\/td>\n<td style=\"height: 23px;\" width=\"80\">28<\/td>\n<td style=\"height: 23px;\" width=\"80\">638<\/td>\n<\/tr>\n<tr style=\"height: 23px;\">\n<td style=\"height: 23px;\" width=\"80\">27<\/td>\n<td style=\"height: 23px;\" width=\"80\">96,0<\/td>\n<td style=\"height: 23px;\" width=\"80\">96<\/td>\n<td style=\"height: 23px;\" width=\"80\">48<\/td>\n<td style=\"height: 23px;\" width=\"80\">19<\/td>\n<td style=\"height: 23px;\" width=\"80\">25<\/td>\n<td style=\"height: 23px;\" width=\"80\">29,5<\/td>\n<td style=\"height: 23px;\" width=\"80\">25,5<\/td>\n<td style=\"height: 23px;\" width=\"80\">13<\/td>\n<td style=\"height: 23px;\" width=\"80\">20<\/td>\n<td style=\"height: 23px;\" width=\"80\">40<\/td>\n<td style=\"height: 23px;\" width=\"80\">84<\/td>\n<td style=\"height: 23px;\" width=\"80\">638<\/td>\n<\/tr>\n<tr style=\"height: 23px;\">\n<td style=\"height: 46px;\" rowspan=\"2\" width=\"80\">25,736<\/td>\n<td style=\"height: 23px;\" width=\"80\">9<\/td>\n<td style=\"height: 23px;\" width=\"80\">42,0<\/td>\n<td style=\"height: 23px;\" width=\"80\">37,5<\/td>\n<td style=\"height: 23px;\" width=\"80\">27<\/td>\n<td style=\"height: 23px;\" width=\"80\">12<\/td>\n<td style=\"height: 23px;\" width=\"80\">26,5<\/td>\n<td style=\"height: 23px;\" width=\"80\">28,64<\/td>\n<td style=\"height: 23px;\" width=\"80\">15,1<\/td>\n<td style=\"height: 23px;\" width=\"80\">15<\/td>\n<td style=\"height: 23px;\" width=\"80\">12<\/td>\n<td style=\"height: 23px;\" width=\"80\">69,84<\/td>\n<td style=\"height: 23px;\" width=\"80\">46<\/td>\n<td style=\"height: 23px;\" width=\"80\">1100<\/td>\n<\/tr>\n<tr style=\"height: 23px;\">\n<td style=\"height: 23px;\" width=\"80\">27<\/td>\n<td style=\"height: 23px;\" width=\"80\">113,0<\/td>\n<td style=\"height: 23px;\" width=\"80\">112,5<\/td>\n<td style=\"height: 23px;\" width=\"80\">54<\/td>\n<td style=\"height: 23px;\" width=\"80\">24<\/td>\n<td style=\"height: 23px;\" width=\"80\">32<\/td>\n<td style=\"height: 23px;\" width=\"80\">38,41<\/td>\n<td style=\"height: 23px;\" width=\"80\">33,9<\/td>\n<td style=\"height: 23px;\" width=\"80\">15<\/td>\n<td style=\"height: 23px;\" width=\"80\">25<\/td>\n<td style=\"height: 23px;\" width=\"80\">50<\/td>\n<td style=\"height: 23px;\" width=\"80\">138<\/td>\n<td style=\"height: 23px;\" width=\"80\">1100<\/td>\n<\/tr>\n<tr style=\"height: 23px;\">\n<td style=\"height: 46px;\" rowspan=\"2\" width=\"80\">3,5<\/td>\n<td style=\"height: 23px;\" width=\"80\">9<\/td>\n<td style=\"height: 23px;\" width=\"80\">59,0<\/td>\n<td style=\"height: 23px;\" width=\"80\">52,5<\/td>\n<td style=\"height: 23px;\" width=\"80\">40<\/td>\n<td style=\"height: 23px;\" width=\"80\">12<\/td>\n<td style=\"height: 23px;\" width=\"80\">33<\/td>\n<td style=\"height: 23px;\" width=\"80\">36,2<\/td>\n<td style=\"height: 23px;\" width=\"80\">18,9<\/td>\n<td style=\"height: 23px;\" width=\"80\">22<\/td>\n<td style=\"height: 23px;\" width=\"80\">16<\/td>\n<td style=\"height: 23px;\" width=\"80\">92,64<\/td>\n<td style=\"height: 23px;\" width=\"80\">132<\/td>\n<td style=\"height: 23px;\" width=\"80\">2700<\/td>\n<\/tr>\n<tr style=\"height: 23px;\">\n<td style=\"height: 23px;\" width=\"80\">27<\/td>\n<td style=\"height: 23px;\" width=\"80\">158,5<\/td>\n<td style=\"height: 23px;\" width=\"80\">157,5<\/td>\n<td style=\"height: 23px;\" width=\"80\">70<\/td>\n<td style=\"height: 23px;\" width=\"80\">29<\/td>\n<td style=\"height: 23px;\" width=\"80\">40<\/td>\n<td style=\"height: 23px;\" width=\"80\">47,9<\/td>\n<td style=\"height: 23px;\" width=\"80\">41,2<\/td>\n<td style=\"height: 23px;\" width=\"80\">22<\/td>\n<td style=\"height: 23px;\" width=\"80\">30<\/td>\n<td style=\"height: 23px;\" width=\"80\">65<\/td>\n<td style=\"height: 23px;\" width=\"80\">396<\/td>\n<td style=\"height: 23px;\" width=\"80\">2700<\/td>\n<\/tr>\n<\/tbody>\n<\/table>\n<h4>Propor\u00e7\u00e3o 4:1<\/h4>\n<table style=\"width: 100%;\" border=\"1\" width=\"100%\" cellspacing=\"0\" cellpadding=\"0\">\n<tbody>\n<tr>\n<td width=\"80\">M\u00f3dulo<\/td>\n<td width=\"80\">N\u00famero de dentes<\/td>\n<td width=\"80\">da<br \/>\n(mil\u00edmetros)<\/td>\n<td width=\"80\">d<br \/>\n(mil\u00edmetros)<\/td>\n<td width=\"80\">ND<br \/>\n(mil\u00edmetros)<\/td>\n<td width=\"80\">Holanda<br \/>\n(mil\u00edmetros)<\/td>\n<td width=\"80\">L1<br \/>\n(mil\u00edmetros)<\/td>\n<td width=\"80\">eu<br \/>\n(mil\u00edmetros)<\/td>\n<td width=\"80\">S1) (mm)<\/td>\n<td width=\"80\">b<br \/>\n(mil\u00edmetros)<\/td>\n<td width=\"80\">BH7 (mm)<\/td>\n<td width=\"80\">E<br \/>\n(mil\u00edmetros)<\/td>\n<td width=\"80\">Torque* (Nm)<\/td>\n<td width=\"80\">Peso g\/par<\/td>\n<\/tr>\n<tr>\n<td rowspan=\"2\" width=\"80\">1<\/td>\n<td width=\"80\">16<\/td>\n<td width=\"80\">25,9<\/td>\n<td width=\"80\">24<\/td>\n<td width=\"80\">20<\/td>\n<td width=\"80\">7,3<\/td>\n<td width=\"80\">21<\/td>\n<td width=\"80\">21,8<\/td>\n<td width=\"80\">8,2<\/td>\n<td width=\"80\">14<\/td>\n<td width=\"80\">8<\/td>\n<td width=\"80\">56<\/td>\n<td width=\"80\">7,8<\/td>\n<td rowspan=\"2\" width=\"80\">842<\/td>\n<\/tr>\n<tr>\n<td width=\"80\">64<\/td>\n<td width=\"80\">96,5<\/td>\n<td width=\"80\">96<\/td>\n<td width=\"80\">70<\/td>\n<td width=\"80\">8<\/td>\n<td width=\"80\">19<\/td>\n<td width=\"80\">22,4<\/td>\n<td width=\"80\">19<\/td>\n<td width=\"80\">14<\/td>\n<td width=\"80\">20<\/td>\n<td width=\"80\">30<\/td>\n<td width=\"80\">31,2<\/td>\n<\/tr>\n<tr>\n<td rowspan=\"2\" width=\"80\">1,5<\/td>\n<td width=\"80\">11<\/td>\n<td width=\"80\">27,8<\/td>\n<td width=\"80\">24,2<\/td>\n<td width=\"80\">20<\/td>\n<td width=\"80\">8<\/td>\n<td width=\"80\">19<\/td>\n<td width=\"80\">20,7<\/td>\n<td width=\"80\">9<\/td>\n<td width=\"80\">12<\/td>\n<td width=\"80\">8<\/td>\n<td width=\"80\">57<\/td>\n<td width=\"80\">11,3<\/td>\n<td rowspan=\"2\" width=\"80\">775<\/td>\n<\/tr>\n<tr>\n<td width=\"80\">44<\/td>\n<td width=\"80\">97,3<\/td>\n<td width=\"80\">96,8<\/td>\n<td width=\"80\">70<\/td>\n<td width=\"80\">8<\/td>\n<td width=\"80\">17<\/td>\n<td width=\"80\">21,9<\/td>\n<td width=\"80\">19<\/td>\n<td width=\"80\">12<\/td>\n<td width=\"80\">20<\/td>\n<td width=\"80\">30<\/td>\n<td width=\"80\">45,2<\/td>\n<\/tr>\n<\/tbody>\n<\/table>\n<\/div>\n<div>\n<h3>Por que escolher os conjuntos de engrenagens c\u00f4nicas da FMP?<\/h3>\n<p class=\"break-words\">Os conjuntos de engrenagens c\u00f4nicas da FMP se destacam por diversas vantagens:<\/p>\n<ul class=\"marker:text-secondary\">\n<li class=\"break-words\"><strong>Materiais de alta qualidade:<\/strong> Utilizamos a\u00e7o C45 E, conhecido por sua resist\u00eancia e durabilidade, para garantir produtos robustos e confi\u00e1veis.<\/li>\n<li class=\"break-words\"><strong>Produ\u00e7\u00e3o italiana:<\/strong> Todos os nossos conjuntos de engrenagens c\u00f4nicas s\u00e3o fabricados em nossas instala\u00e7\u00f5es perto de Mil\u00e3o, onde aplicamos rigorosos controles de qualidade para atender aos mais altos padr\u00f5es.<\/li>\n<li class=\"break-words\"><strong>Precis\u00e3o t\u00e9cnica:<\/strong> Os dentes, em conformidade com as normas UNI 6588, garantem uma transmiss\u00e3o de movimento suave e silenciosa, com uma rela\u00e7\u00e3o ideal entre pinh\u00e3o e coroa.<\/li>\n<\/ul>\n<p class=\"break-words\">Essas caracter\u00edsticas fazem dos nossos conjuntos de engrenagens c\u00f4nicas uma escolha ideal para quem busca componentes excelentes, seja em Veneza para aplica\u00e7\u00f5es mar\u00edtimas ou em Bolonha para o setor automotivo.<\/p>\n<h3>Personaliza\u00e7\u00e3o e suporte para modelos n\u00e3o inclu\u00eddos no cat\u00e1logo<\/h3>\n<p>Um dos pontos fortes da FMP \u00e9 a nossa capacidade de atender \u00e0s necessidades espec\u00edficas dos clientes. Se voc\u00ea n\u00e3o encontrar o modelo de conjunto de engrenagens c\u00f4nicas que precisa em nosso cat\u00e1logo, n\u00e3o se preocupe \u2014 ele pode simplesmente n\u00e3o ter sido adicionado ao nosso site ainda. Convidamos voc\u00ea a entrar em contato conosco por e-mail em <a href=\"mailto:info@fmpcomponents.it\">info@fmpcomponents.it<\/a> para solicitar o modelo desejado.<\/p>\n<p><img loading=\"lazy\" decoding=\"async\" class=\"wp-image-7659 aligncenter\" src=\"https:\/\/fmp-components.com\/wp-content\/uploads\/2025\/04\/coppia-conica-3.webp\" alt=\"coppia-conica\" width=\"820\" height=\"820\" title=\"\" srcset=\"https:\/\/fmp-components.com\/wp-content\/uploads\/2025\/04\/coppia-conica-3.webp 820w, https:\/\/fmp-components.com\/wp-content\/uploads\/2025\/04\/coppia-conica-3-480x480.webp 480w\" sizes=\"(min-width: 0px) and (max-width: 480px) 480px, (min-width: 481px) 820px, 100vw\" \/><\/p>\n<\/div>","protected":false},"excerpt":{"rendered":"<p>Bevel Gear Set: FMP&#8217;s High-Quality Solutions for Every Need Bevel gear sets are essential components in motion transmission systems, used to transfer power between intersecting axes, often at a 90-degree angle. Due to their versatility, they find applications in various sectors, from automotive to manufacturing industries. At FMP, we take pride in offering a comprehensive [&hellip;]<\/p>","protected":false},"featured_media":7657,"comment_status":"open","ping_status":"closed","template":"","meta":{"_et_pb_use_builder":"","_et_pb_old_content":"","_et_gb_content_width":""},"product_brand":[],"product_cat":[106],"product_tag":[],"class_list":{"0":"post-7653","1":"product","2":"type-product","3":"status-publish","4":"has-post-thumbnail","6":"product_cat-bevel-gears","8":"first","9":"instock","10":"shipping-taxable","11":"product-type-simple"},"_links":{"self":[{"href":"https:\/\/fmp-components.com\/pt\/wp-json\/wp\/v2\/product\/7653","targetHints":{"allow":["GET"]}}],"collection":[{"href":"https:\/\/fmp-components.com\/pt\/wp-json\/wp\/v2\/product"}],"about":[{"href":"https:\/\/fmp-components.com\/pt\/wp-json\/wp\/v2\/types\/product"}],"replies":[{"embeddable":true,"href":"https:\/\/fmp-components.com\/pt\/wp-json\/wp\/v2\/comments?post=7653"}],"wp:featuredmedia":[{"embeddable":true,"href":"https:\/\/fmp-components.com\/pt\/wp-json\/wp\/v2\/media\/7657"}],"wp:attachment":[{"href":"https:\/\/fmp-components.com\/pt\/wp-json\/wp\/v2\/media?parent=7653"}],"wp:term":[{"taxonomy":"product_brand","embeddable":true,"href":"https:\/\/fmp-components.com\/pt\/wp-json\/wp\/v2\/product_brand?post=7653"},{"taxonomy":"product_cat","embeddable":true,"href":"https:\/\/fmp-components.com\/pt\/wp-json\/wp\/v2\/product_cat?post=7653"},{"taxonomy":"product_tag","embeddable":true,"href":"https:\/\/fmp-components.com\/pt\/wp-json\/wp\/v2\/product_tag?post=7653"}],"curies":[{"name":"wp","href":"https:\/\/api.w.org\/{rel}","templated":true}]}}