{"id":761,"date":"2024-12-18T06:11:37","date_gmt":"2024-12-18T06:11:37","guid":{"rendered":"https:\/\/fmp-components.com\/?page_id=8"},"modified":"2024-12-18T06:27:29","modified_gmt":"2024-12-18T06:27:29","slug":"hydraulic-cylinder-for-offshore-crane","status":"publish","type":"product","link":"https:\/\/fmp-components.com\/pt\/product\/hydraulic-cylinder-for-offshore-crane\/","title":{"rendered":"Cilindro Hidr\u00e1ulico para Guindaste Offshore"},"content":{"rendered":"<p style=\"text-align: center;\"><span style=\"font-size: 18pt;\">Cilindro Hidr\u00e1ulico para Guindaste Offshore<\/span><\/p>\n<p>O Cilindro Hidr\u00e1ulico para Guindaste Offshore \u00e9 um componente hidr\u00e1ulico essencial projetado para fornecer as capacidades de eleva\u00e7\u00e3o e abaixamento necess\u00e1rias para a opera\u00e7\u00e3o de guindastes offshore. Este cilindro desempenha um papel fundamental ao permitir o controle e a movimenta\u00e7\u00e3o precisos da lan\u00e7a e de outros mecanismos do guindaste, garantindo o manuseio seguro e eficiente de cargas pesadas em ambientes mar\u00edtimos exigentes.<\/p>\n<p><img loading=\"lazy\" decoding=\"async\" class=\"alignnone wp-image-780\" src=\"https:\/\/fmp-components.com\/wp-content\/uploads\/2024\/12\/Offshore-Crane-Folding-Arm-Tilt-Cylinder-2.webp\" alt=\"Cilindro de inclina\u00e7\u00e3o de bra\u00e7o dobr\u00e1vel para guindaste offshore\" width=\"935\" height=\"304\" title=\"\" srcset=\"https:\/\/fmp-components.com\/wp-content\/uploads\/2024\/12\/Offshore-Crane-Folding-Arm-Tilt-Cylinder-2.webp 935w, https:\/\/fmp-components.com\/wp-content\/uploads\/2024\/12\/Offshore-Crane-Folding-Arm-Tilt-Cylinder-2-480x156.webp 480w\" sizes=\"(min-width: 0px) and (max-width: 480px) 480px, (min-width: 481px) 935px, 100vw\" \/><\/p>\n<h4>Principais caracter\u00edsticas:<\/h4>\n<ul>\n<li><strong>Alta capacidade de carga:<\/strong> Projetado para lidar com pesos substanciais, este cilindro hidr\u00e1ulico garante desempenho confi\u00e1vel durante opera\u00e7\u00f5es de levantamento pesado, cruciais para constru\u00e7\u00e3o e manuten\u00e7\u00e3o offshore.<\/li>\n<li><strong>Constru\u00e7\u00e3o robusta:<\/strong> Feito de materiais de alta resist\u00eancia, ele foi projetado para suportar as condi\u00e7\u00f5es adversas t\u00edpicas de ambientes offshore, incluindo exposi\u00e7\u00e3o \u00e0 \u00e1gua salgada, altas press\u00f5es e condi\u00e7\u00f5es clim\u00e1ticas extremas.<\/li>\n<li><strong>Opera\u00e7\u00e3o suave:<\/strong> O design hidr\u00e1ulico avan\u00e7ado permite movimentos suaves e controlados, permitindo ajustes r\u00e1pidos e melhorando a efici\u00eancia operacional geral.<\/li>\n<li><strong>Mecanismos de seguran\u00e7a:<\/strong> Equipado com recursos de seguran\u00e7a integrados para evitar sobrecarga e garantir uma opera\u00e7\u00e3o segura, protegendo tanto o pessoal quanto o equipamento durante atividades de eleva\u00e7\u00e3o.<\/li>\n<li><strong>Aplica\u00e7\u00e3o vers\u00e1til:<\/strong> Adequado para diversas configura\u00e7\u00f5es de guindastes offshore, este cilindro hidr\u00e1ulico pode se adaptar a diferentes necessidades operacionais, tornando-o vers\u00e1til para uma variedade de aplica\u00e7\u00f5es mar\u00edtimas.<\/li>\n<li><strong>Baixos requisitos de manuten\u00e7\u00e3o:<\/strong> Projetado para desgaste m\u00ednimo, ele reduz as necessidades de manuten\u00e7\u00e3o e o tempo de inatividade operacional, contribuindo para o aumento da produtividade.<\/li>\n<\/ul>\n<p>Em resumo, o Cilindro Hidr\u00e1ulico para Guindaste Offshore \u00e9 um componente vital que otimiza o desempenho e a seguran\u00e7a dos guindastes offshore, aumentando significativamente a efic\u00e1cia das opera\u00e7\u00f5es de constru\u00e7\u00e3o, perfura\u00e7\u00e3o e manuten\u00e7\u00e3o mar\u00edtima.<\/p>\n<h2>Cilindro de eleva\u00e7\u00e3o da lan\u00e7a principal do guindaste offshore<\/h2>\n<p>O Cilindro de Eleva\u00e7\u00e3o da Lan\u00e7a Principal de Guindastes Offshore \u00e9 um componente hidr\u00e1ulico essencial respons\u00e1vel por controlar o movimento de eleva\u00e7\u00e3o da lan\u00e7a principal do guindaste. Este cilindro permite a eleva\u00e7\u00e3o e o abaixamento precisos da lan\u00e7a, permitindo o posicionamento ideal durante as opera\u00e7\u00f5es de i\u00e7amento. Constru\u00eddo com materiais de alta resist\u00eancia, ele foi projetado para suportar as condi\u00e7\u00f5es exigentes de ambientes offshore, incluindo exposi\u00e7\u00e3o \u00e0 \u00e1gua salgada e condi\u00e7\u00f5es clim\u00e1ticas extremas. A a\u00e7\u00e3o hidr\u00e1ulica suave proporciona ajustes r\u00e1pidos e precisos, aumentando a efici\u00eancia operacional e a seguran\u00e7a. Este cilindro de eleva\u00e7\u00e3o \u00e9 essencial para o desempenho eficaz de guindastes offshore, contribuindo significativamente para o sucesso das atividades de constru\u00e7\u00e3o, manuten\u00e7\u00e3o e perfura\u00e7\u00e3o mar\u00edtima.<\/p>\n<p><img loading=\"lazy\" decoding=\"async\" class=\"size-full wp-image-773 aligncenter\" src=\"https:\/\/fmp-components.com\/wp-content\/uploads\/2024\/12\/Offshore-Crane-Main-Boom-Luffing-Cylinder.webp\" alt=\"Cilindro de eleva\u00e7\u00e3o da lan\u00e7a principal do guindaste offshore\" width=\"500\" height=\"200\" title=\"\" srcset=\"https:\/\/fmp-components.com\/wp-content\/uploads\/2024\/12\/Offshore-Crane-Main-Boom-Luffing-Cylinder.webp 500w, https:\/\/fmp-components.com\/wp-content\/uploads\/2024\/12\/Offshore-Crane-Main-Boom-Luffing-Cylinder-480x192.webp 480w\" sizes=\"(min-width: 0px) and (max-width: 480px) 480px, (min-width: 481px) 500px, 100vw\" \/><\/p>\n<table style=\"width: 87.4644%; height: 209px;\" border=\"1\" cellspacing=\"0\" cellpadding=\"0\">\n<tbody>\n<tr>\n<td>Nome do produto<\/td>\n<td>Cilindro de eleva\u00e7\u00e3o da lan\u00e7a principal do guindaste offshore<\/td>\n<\/tr>\n<tr>\n<td>Caracter\u00edsticas:<\/td>\n<td>Fornece for\u00e7a de empuxo para realizar o arremesso da lan\u00e7a do guindaste<\/td>\n<\/tr>\n<tr>\n<td>Di\u00e2metro do furo:<\/td>\n<td>At\u00e9 580 mm<\/td>\n<\/tr>\n<tr>\n<td>Di\u00e2metro da haste:<\/td>\n<td>At\u00e9 440 mm<br \/>\nCurso de at\u00e9 5635 mm<\/td>\n<\/tr>\n<tr>\n<td>For\u00e7a de empuxo:<\/td>\n<td>M\u00e1ximo 8454KN<br \/>\n(Di\u00e2metro dos cilindros 580 mm\/press\u00e3o 32 MPa)<\/td>\n<\/tr>\n<tr>\n<td>Aplica\u00e7\u00f5es:<\/td>\n<td>Guindaste Offshore<\/td>\n<\/tr>\n<\/tbody>\n<\/table>\n<p><img loading=\"lazy\" decoding=\"async\" class=\"alignnone wp-image-778\" src=\"https:\/\/fmp-components.com\/wp-content\/uploads\/2024\/12\/Offshore-Crane-Main-Boom-Luffing-Cylinder-1.webp\" alt=\"Offshore-Guindaste-Lan\u00e7a-Principal-Cilindro-1\" width=\"810\" height=\"480\" title=\"\"><\/p>\n<p><img loading=\"lazy\" decoding=\"async\" class=\"alignnone wp-image-781\" src=\"https:\/\/fmp-components.com\/wp-content\/uploads\/2024\/12\/Offshore-Crane-Main-Boom-Luffing-Cylinder-2.webp\" alt=\"Cilindro de eleva\u00e7\u00e3o da lan\u00e7a principal do guindaste offshore\" width=\"813\" height=\"254\" title=\"\" srcset=\"https:\/\/fmp-components.com\/wp-content\/uploads\/2024\/12\/Offshore-Crane-Main-Boom-Luffing-Cylinder-2.webp 813w, https:\/\/fmp-components.com\/wp-content\/uploads\/2024\/12\/Offshore-Crane-Main-Boom-Luffing-Cylinder-2-480x150.webp 480w\" sizes=\"(min-width: 0px) and (max-width: 480px) 480px, (min-width: 481px) 813px, 100vw\" \/><\/p>\n<h2>Cilindro de inclina\u00e7\u00e3o de bra\u00e7o dobr\u00e1vel para guindaste offshore<\/h2>\n<p>O Cilindro de Inclina\u00e7\u00e3o do Bra\u00e7o Dobr\u00e1vel para Guindastes Offshore \u00e9 um componente hidr\u00e1ulico vital que facilita o movimento de inclina\u00e7\u00e3o do bra\u00e7o dobr\u00e1vel do guindaste. Este cilindro fornece a for\u00e7a necess\u00e1ria para levantar e abaixar o bra\u00e7o, permitindo um posicionamento preciso durante as opera\u00e7\u00f5es de carga e descarga. Constru\u00eddo com materiais de alta resist\u00eancia, foi projetado para suportar as condi\u00e7\u00f5es adversas do ambiente marinho, incluindo a exposi\u00e7\u00e3o \u00e0 \u00e1gua salgada e a altas press\u00f5es. O sistema hidr\u00e1ulico permite movimentos suaves e controlados, aumentando a efici\u00eancia operacional e a seguran\u00e7a durante as opera\u00e7\u00f5es do guindaste. Este cilindro de inclina\u00e7\u00e3o \u00e9 essencial para otimizar o desempenho de guindastes offshore, contribuindo significativamente para a efic\u00e1cia das tarefas de constru\u00e7\u00e3o, manuten\u00e7\u00e3o e log\u00edstica mar\u00edtima.<\/p>\n<p><img loading=\"lazy\" decoding=\"async\" class=\"size-full wp-image-772 aligncenter\" src=\"https:\/\/fmp-components.com\/wp-content\/uploads\/2024\/12\/Offshore-Crane-Folding-Arm-Tilt-Cylinder.webp\" alt=\"Cilindro de inclina\u00e7\u00e3o de bra\u00e7o dobr\u00e1vel para guindaste offshore\" width=\"500\" height=\"200\" title=\"\" srcset=\"https:\/\/fmp-components.com\/wp-content\/uploads\/2024\/12\/Offshore-Crane-Folding-Arm-Tilt-Cylinder.webp 500w, https:\/\/fmp-components.com\/wp-content\/uploads\/2024\/12\/Offshore-Crane-Folding-Arm-Tilt-Cylinder-480x192.webp 480w\" sizes=\"(min-width: 0px) and (max-width: 480px) 480px, (min-width: 481px) 500px, 100vw\" \/><\/p>\n<table style=\"width: 86.8088%; height: 199px;\" border=\"1\" cellspacing=\"0\" cellpadding=\"0\">\n<tbody>\n<tr>\n<td>Nome do produto<\/td>\n<td>Cilindro de inclina\u00e7\u00e3o de bra\u00e7o dobr\u00e1vel para guindaste offshore<\/td>\n<\/tr>\n<tr>\n<td>Caracter\u00edsticas:<\/td>\n<td>Fornece for\u00e7a de impulso e for\u00e7a de tra\u00e7\u00e3o usadas para ajustar o \u00e2ngulo horizontal do antebra\u00e7o do guindaste<\/td>\n<\/tr>\n<tr>\n<td>Di\u00e2metro do furo:<\/td>\n<td>At\u00e9 580 mm<\/td>\n<\/tr>\n<tr>\n<td>Di\u00e2metro da haste:<\/td>\n<td>At\u00e9 400 mm<br \/>\nCurso de at\u00e9 5170 mm<\/td>\n<\/tr>\n<tr>\n<td>For\u00e7a de empuxo\/for\u00e7a de tra\u00e7\u00e3o:<\/td>\n<td>M\u00e1ximo 8454KN\/3589KN<br \/>\n(Di\u00e2metro dos cilindros 580 mm\/press\u00e3o 32 MPa)<\/td>\n<\/tr>\n<tr>\n<td>Aplica\u00e7\u00f5es:<\/td>\n<td>Guindaste Offshore<\/td>\n<\/tr>\n<\/tbody>\n<\/table>\n<p><img loading=\"lazy\" decoding=\"async\" class=\"alignnone wp-image-777\" src=\"https:\/\/fmp-components.com\/wp-content\/uploads\/2024\/12\/Offshore-Crane-Folding-Arm-Tilt-Cylinder-1.webp\" alt=\"Cilindro de inclina\u00e7\u00e3o de bra\u00e7o dobr\u00e1vel para guindaste offshore\" width=\"803\" height=\"481\" title=\"\"><\/p>\n<h2>Cilindro de eleva\u00e7\u00e3o de mastro de guindaste offshore tipo A<\/h2>\n<p>O Cilindro de Eleva\u00e7\u00e3o para Mastro de Guindaste Offshore Tipo A \u00e9 um componente hidr\u00e1ulico crucial, projetado para controlar o movimento de eleva\u00e7\u00e3o do mastro do guindaste. Este cilindro fornece a for\u00e7a necess\u00e1ria para elevar e abaixar o mastro, permitindo ajustes precisos para o posicionamento ideal durante as opera\u00e7\u00f5es de i\u00e7amento. Constru\u00eddo com materiais de alta resist\u00eancia, ele foi projetado para suportar as condi\u00e7\u00f5es desafiadoras de ambientes offshore, incluindo exposi\u00e7\u00e3o \u00e0 \u00e1gua salgada e condi\u00e7\u00f5es clim\u00e1ticas extremas. A a\u00e7\u00e3o hidr\u00e1ulica suave garante movimentos r\u00e1pidos e precisos, aumentando a efici\u00eancia operacional e a seguran\u00e7a. Este cilindro de eleva\u00e7\u00e3o \u00e9 essencial para o desempenho eficaz dos guindastes de mastro Tipo A, contribuindo significativamente para o sucesso das atividades de constru\u00e7\u00e3o, perfura\u00e7\u00e3o e manuten\u00e7\u00e3o mar\u00edtima.<\/p>\n<p><img loading=\"lazy\" decoding=\"async\" class=\"size-full wp-image-771 aligncenter\" src=\"https:\/\/fmp-components.com\/wp-content\/uploads\/2024\/12\/Offshore-Crane-A-Type-Mast-Crane-Luffing-Cylinder.webp\" alt=\"Cilindro de eleva\u00e7\u00e3o de mastro de guindaste offshore tipo A\" width=\"500\" height=\"200\" title=\"\" srcset=\"https:\/\/fmp-components.com\/wp-content\/uploads\/2024\/12\/Offshore-Crane-A-Type-Mast-Crane-Luffing-Cylinder.webp 500w, https:\/\/fmp-components.com\/wp-content\/uploads\/2024\/12\/Offshore-Crane-A-Type-Mast-Crane-Luffing-Cylinder-480x192.webp 480w\" sizes=\"(min-width: 0px) and (max-width: 480px) 480px, (min-width: 481px) 500px, 100vw\" \/><\/p>\n<table style=\"width: 87.239%; height: 196px;\" border=\"1\" cellspacing=\"0\" cellpadding=\"0\">\n<tbody>\n<tr>\n<td>Nome do produto<\/td>\n<td>Cilindro de eleva\u00e7\u00e3o de mastro de guindaste offshore tipo A<\/td>\n<\/tr>\n<tr>\n<td>Caracter\u00edsticas:<\/td>\n<td>Fornece for\u00e7a de impulso e for\u00e7a de tra\u00e7\u00e3o usadas para ajustar o \u00e2ngulo horizontal do antebra\u00e7o do guindaste<\/td>\n<\/tr>\n<tr>\n<td>Di\u00e2metro do furo:<\/td>\n<td>At\u00e9 580 mm<\/td>\n<\/tr>\n<tr>\n<td>Di\u00e2metro da haste:<\/td>\n<td>At\u00e9 400 mm<br \/>\nCurso de at\u00e9 5170 mm<\/td>\n<\/tr>\n<tr>\n<td>For\u00e7a de empuxo\/for\u00e7a de tra\u00e7\u00e3o:<\/td>\n<td>M\u00e1ximo 8454KN\/3589KN<br \/>\n(Di\u00e2metro dos cilindros 580 mm\/press\u00e3o 32 MPa)<\/td>\n<\/tr>\n<tr>\n<td>Aplica\u00e7\u00f5es:<\/td>\n<td>Guindaste Offshore<\/td>\n<\/tr>\n<\/tbody>\n<\/table>\n<p data-sourcepos=\"14:1-14:90\"><img loading=\"lazy\" decoding=\"async\" class=\"alignnone wp-image-779\" src=\"https:\/\/fmp-components.com\/wp-content\/uploads\/2024\/12\/Offshore-Crane-A-Type-Mast-Crane-Luffing-Cylinder-1.webp\" alt=\"Cilindro de eleva\u00e7\u00e3o de mastro de guindaste offshore tipo A\" width=\"811\" height=\"404\" title=\"\" srcset=\"https:\/\/fmp-components.com\/wp-content\/uploads\/2024\/12\/Offshore-Crane-A-Type-Mast-Crane-Luffing-Cylinder-1.webp 811w, https:\/\/fmp-components.com\/wp-content\/uploads\/2024\/12\/Offshore-Crane-A-Type-Mast-Crane-Luffing-Cylinder-1-480x239.webp 480w\" sizes=\"(min-width: 0px) and (max-width: 480px) 480px, (min-width: 481px) 811px, 100vw\" \/><\/p>\n<h2>Vantagens do Cilindro Hidr\u00e1ulico para Guindaste Offshore<\/h2>\n<p>O cilindro hidr\u00e1ulico para guindastes offshore oferece diversas vantagens importantes que melhoram o desempenho e a confiabilidade dos guindastes offshore em aplica\u00e7\u00f5es mar\u00edtimas e industriais.<\/p>\n<p>Um dos principais benef\u00edcios \u00e9 sua alta capacidade de carga, permitindo o i\u00e7amento e o manuseio seguros de cargas pesadas, t\u00edpicos de opera\u00e7\u00f5es offshore. Essa capacidade \u00e9 essencial para manter a efici\u00eancia operacional e a seguran\u00e7a durante tarefas complexas de i\u00e7amento.<\/p>\n<p>O cilindro hidr\u00e1ulico tamb\u00e9m proporciona controle preciso, permitindo ajustes suaves e precisos no posicionamento da lan\u00e7a. Essa precis\u00e3o \u00e9 crucial para garantir opera\u00e7\u00f5es seguras, especialmente em ambientes offshore desafiadores, onde as condi\u00e7\u00f5es podem mudar rapidamente.<\/p>\n<p>Constru\u00eddo com materiais robustos, o cilindro foi projetado para suportar condi\u00e7\u00f5es mar\u00edtimas adversas, incluindo exposi\u00e7\u00e3o \u00e0 \u00e1gua salgada, elementos corrosivos e temperaturas extremas. Essa durabilidade garante um desempenho duradouro e reduz a necessidade de substitui\u00e7\u00f5es frequentes.<\/p>\n<p>Outra vantagem significativa s\u00e3o os recursos de seguran\u00e7a aprimorados integrados ao projeto hidr\u00e1ulico. Esses recursos ajudam a evitar sobrecargas e garantem uma opera\u00e7\u00e3o segura, protegendo tanto o pessoal quanto o equipamento durante as atividades de eleva\u00e7\u00e3o.<\/p>\n<p>O sistema hidr\u00e1ulico tamb\u00e9m facilita a opera\u00e7\u00e3o suave, minimizando o desgaste do cilindro e do pr\u00f3prio guindaste. Essa funcionalidade suave ajuda a melhorar a efici\u00eancia operacional geral e reduz a necessidade de manuten\u00e7\u00e3o.<\/p>\n<p>Al\u00e9m disso, a versatilidade do cilindro hidr\u00e1ulico permite que ele seja adaptado a diversas configura\u00e7\u00f5es de guindastes offshore, tornando-o adequado para uma ampla gama de aplica\u00e7\u00f5es, desde constru\u00e7\u00e3o at\u00e9 tarefas de manuten\u00e7\u00e3o e perfura\u00e7\u00e3o.<\/p>\n<p>Por fim, a baixa necessidade de manuten\u00e7\u00e3o do cilindro hidr\u00e1ulico contribui para a redu\u00e7\u00e3o do tempo de inatividade e dos custos operacionais. Seu design prioriza a confiabilidade e a longevidade, garantindo que as opera\u00e7\u00f5es offshore possam prosseguir sem interrup\u00e7\u00f5es.<\/p>\n<p>Em resumo, o Cilindro Hidr\u00e1ulico para Guindastes Offshore \u00e9 essencial para otimizar a efici\u00eancia, a seguran\u00e7a e a confiabilidade dos guindastes offshore, melhorando significativamente seu desempenho em ambientes marinhos exigentes.<\/p>\n<p data-sourcepos=\"14:1-14:90\"><img loading=\"lazy\" decoding=\"async\" class=\"alignnone wp-image-776\" src=\"https:\/\/fmp-components.com\/wp-content\/uploads\/2024\/12\/A-Type-Mast-Crane-Luffing-Cylinder-for-Offshore-Crane.webp\" alt=\"Cilindro de eleva\u00e7\u00e3o de guindaste de mastro tipo A para guindaste offshore\" width=\"840\" height=\"442\" title=\"\"><\/p>\n<h3>Sobre a FMP<\/h3>\n<p>A FMP \u00e9 uma empresa especializada em fabrica\u00e7\u00e3o mec\u00e2nica, dedicada \u00e0 produ\u00e7\u00e3o de cilindros hidr\u00e1ulicos. Desde a sua funda\u00e7\u00e3o, a empresa tem se concentrado na pesquisa e fabrica\u00e7\u00e3o de tecnologia hidr\u00e1ulica, transitando com sucesso de uma gama diversificada de produtos, que inclu\u00eda m\u00e1quinas para colheita e constru\u00e7\u00e3o, para a especializa\u00e7\u00e3o em componentes para tratores agr\u00edcolas. Com mais de uma d\u00e9cada de experi\u00eancia em fabrica\u00e7\u00e3o e gest\u00e3o, a FMP garante produtos de alta qualidade por meio de t\u00e9cnicas avan\u00e7adas de produ\u00e7\u00e3o.<\/p>\n<p>\u00c0 medida que a empresa evoluiu, desenvolveu uma linha de produ\u00e7\u00e3o de usinagem abrangente, uma linha de montagem e uma linha de revestimento. Nossa equipe \u00e9 composta por gestores qualificados, projetistas mec\u00e2nicos experientes e t\u00e9cnicos altamente treinados que trabalham juntos para manter a qualidade da produ\u00e7\u00e3o est\u00e1vel, controlando eficazmente a continuidade e a efici\u00eancia do processo.<\/p>\n<p>A FMP defende a filosofia de \"Inova\u00e7\u00e3o Tecnol\u00f3gica Impulsionando o Progresso, Qualidade Criando Marcas, Artesanato Garantindo a Qualidade e Construindo Relacionamentos de Longo Prazo em que Todos Ganhamos\". Nosso compromisso em fornecer produtos de alta qualidade e atendimento ao cliente superior continua sendo um objetivo fundamental, \u00e0 medida que continuamos a atender \u00e0s necessidades em constante evolu\u00e7\u00e3o do mercado.<\/p>\n<p><img loading=\"lazy\" decoding=\"async\" class=\"alignnone size-full wp-image-426\" src=\"https:\/\/fmp-components.com\/wp-content\/uploads\/2024\/12\/Sanitation-Machinery-Locking-Hydraulic-Cylinder-factory.webp\" sizes=\"(min-width: 0px) and (max-width: 480px) 480px, (min-width: 481px) and (max-width: 980px) 980px, (min-width: 981px) and (max-width: 1280px) 1280px, (min-width: 1281px) 1414px, 100vw\" srcset=\"https:\/\/fmp-components.com\/wp-content\/uploads\/2024\/12\/Sanitation-Machinery-Locking-Hydraulic-Cylinder-factory.webp 1414w, https:\/\/fmp-components.com\/wp-content\/uploads\/2024\/12\/Sanitation-Machinery-Locking-Hydraulic-Cylinder-factory-1280x529.webp 1280w, https:\/\/fmp-components.com\/wp-content\/uploads\/2024\/12\/Sanitation-Machinery-Locking-Hydraulic-Cylinder-factory-980x405.webp 980w, https:\/\/fmp-components.com\/wp-content\/uploads\/2024\/12\/Sanitation-Machinery-Locking-Hydraulic-Cylinder-factory-480x198.webp 480w\" alt=\"F\u00e1brica de Cilindros Hidr\u00e1ulicos de Bloqueio de M\u00e1quinas de Saneamento\" width=\"1414\" height=\"584\" title=\"\"><\/p>\n<p>Autor: CX<\/p>","protected":false},"excerpt":{"rendered":"<p>O Cilindro Hidr\u00e1ulico para Guindaste Offshore \u00e9 um componente vital projetado para fornecer a for\u00e7a de eleva\u00e7\u00e3o e abaixamento necess\u00e1ria para a lan\u00e7a do guindaste e outros mecanismos operacionais. Este cilindro hidr\u00e1ulico permite controle e movimenta\u00e7\u00e3o precisos, possibilitando o manuseio seguro de cargas pesadas em ambientes offshore desafiadores. Constru\u00eddo com materiais de alta resist\u00eancia, ele foi projetado para suportar condi\u00e7\u00f5es mar\u00edtimas adversas, incluindo exposi\u00e7\u00e3o \u00e0 \u00e1gua salgada e condi\u00e7\u00f5es clim\u00e1ticas extremas, garantindo durabilidade e confiabilidade. A a\u00e7\u00e3o hidr\u00e1ulica suave facilita ajustes r\u00e1pidos, aumentando a efici\u00eancia operacional e a seguran\u00e7a durante as opera\u00e7\u00f5es de eleva\u00e7\u00e3o. Este cilindro hidr\u00e1ulico \u00e9 essencial para otimizar o desempenho de guindastes offshore, contribuindo significativamente para a efic\u00e1cia das atividades de constru\u00e7\u00e3o, perfura\u00e7\u00e3o e manuten\u00e7\u00e3o mar\u00edtima.<\/p>","protected":false},"featured_media":770,"comment_status":"open","ping_status":"closed","template":"","meta":{"_et_pb_use_builder":"","_et_pb_old_content":"","_et_gb_content_width":""},"product_brand":[],"product_cat":[28],"product_tag":[],"class_list":{"0":"post-761","1":"product","2":"type-product","3":"status-publish","4":"has-post-thumbnail","6":"product_cat-offshore-hydraulic-cylinders","8":"first","9":"instock","10":"shipping-taxable","11":"product-type-simple"},"_links":{"self":[{"href":"https:\/\/fmp-components.com\/pt\/wp-json\/wp\/v2\/product\/761","targetHints":{"allow":["GET"]}}],"collection":[{"href":"https:\/\/fmp-components.com\/pt\/wp-json\/wp\/v2\/product"}],"about":[{"href":"https:\/\/fmp-components.com\/pt\/wp-json\/wp\/v2\/types\/product"}],"replies":[{"embeddable":true,"href":"https:\/\/fmp-components.com\/pt\/wp-json\/wp\/v2\/comments?post=761"}],"wp:featuredmedia":[{"embeddable":true,"href":"https:\/\/fmp-components.com\/pt\/wp-json\/wp\/v2\/media\/770"}],"wp:attachment":[{"href":"https:\/\/fmp-components.com\/pt\/wp-json\/wp\/v2\/media?parent=761"}],"wp:term":[{"taxonomy":"product_brand","embeddable":true,"href":"https:\/\/fmp-components.com\/pt\/wp-json\/wp\/v2\/product_brand?post=761"},{"taxonomy":"product_cat","embeddable":true,"href":"https:\/\/fmp-components.com\/pt\/wp-json\/wp\/v2\/product_cat?post=761"},{"taxonomy":"product_tag","embeddable":true,"href":"https:\/\/fmp-components.com\/pt\/wp-json\/wp\/v2\/product_tag?post=761"}],"curies":[{"name":"wp","href":"https:\/\/api.w.org\/{rel}","templated":true}]}}