{"id":7460,"date":"2025-03-26T08:31:31","date_gmt":"2025-03-26T08:31:31","guid":{"rendered":"https:\/\/fmp-components.com\/?post_type=product&#038;p=7460"},"modified":"2025-03-26T08:38:13","modified_gmt":"2025-03-26T08:38:13","slug":"spur-gears-european-standard","status":"publish","type":"product","link":"https:\/\/fmp-components.com\/pt\/product\/spur-gears-european-standard\/","title":{"rendered":"Engrenagens retas (padr\u00e3o europeu)"},"content":{"rendered":"<div>\n<h3>Engrenagens cil\u00edndricas de alta qualidade (padr\u00e3o europeu) da FMP<\/h3>\n<p class=\"break-words\">A FMP \u00e9 uma fabricante italiana l\u00edder em engrenagens cil\u00edndricas de dentes retos (padr\u00e3o europeu), oferecendo uma ampla gama de engrenagens projetadas para atender \u00e0s necessidades de diversos setores. Nossas engrenagens cil\u00edndricas de dentes retos atendem aos padr\u00f5es europeus, como a norma DIN, garantindo precis\u00e3o e confiabilidade excepcionais. Seja qual for o seu setor \u2013 engenharia mec\u00e2nica, automotivo ou aeroespacial \u2013, a FMP fornece produtos de alta qualidade, personalizados para atender \u00e0s suas necessidades. Al\u00e9m de nossa linha padr\u00e3o, somos especializados em solu\u00e7\u00f5es personalizadas de engrenagens cil\u00edndricas de dentes retos. Se voc\u00ea n\u00e3o encontrar o modelo espec\u00edfico que precisa em nossa lista de produtos, n\u00e3o se preocupe \u2013 significa apenas que ainda n\u00e3o o adicionamos. Sinta-se \u00e0 vontade para nos enviar um e-mail com suas necessidades e nossos engenheiros qualificados responder\u00e3o com uma solu\u00e7\u00e3o profissional em at\u00e9 24 horas.<\/p>\n<h3>Especifica\u00e7\u00e3o<\/h3>\n<\/div>\n<p><img loading=\"lazy\" decoding=\"async\" class=\"size-full wp-image-7461 aligncenter\" src=\"https:\/\/fmp-components.com\/wp-content\/uploads\/2025\/03\/hex5.webp\" alt=\"Engrenagens retas (padr\u00e3o europeu)\" width=\"664\" height=\"934\" title=\"\" srcset=\"https:\/\/fmp-components.com\/wp-content\/uploads\/2025\/03\/hex5.webp 664w, https:\/\/fmp-components.com\/wp-content\/uploads\/2025\/03\/hex5-480x675.webp 480w\" sizes=\"(min-width: 0px) and (max-width: 480px) 480px, (min-width: 481px) 664px, 100vw\" \/> <img loading=\"lazy\" decoding=\"async\" class=\"size-full wp-image-7462 aligncenter\" src=\"https:\/\/fmp-components.com\/wp-content\/uploads\/2025\/03\/hex5-1.webp\" alt=\"Engrenagens retas (padr\u00e3o europeu)\" width=\"664\" height=\"918\" title=\"\" srcset=\"https:\/\/fmp-components.com\/wp-content\/uploads\/2025\/03\/hex5-1.webp 664w, https:\/\/fmp-components.com\/wp-content\/uploads\/2025\/03\/hex5-1-480x664.webp 480w\" sizes=\"(min-width: 0px) and (max-width: 480px) 480px, (min-width: 481px) 664px, 100vw\" \/><\/p>\n<div>\n<h3>Servindo a It\u00e1lia com conhecimento local.<\/h3>\n<p class=\"break-words\">Nossos produtos s\u00e3o confi\u00e1veis \u200b\u200bna It\u00e1lia e em todo o mundo, fornecendo \u00e0s empresas solu\u00e7\u00f5es de equipamentos de alta qualidade que as ajudam a alcan\u00e7ar o sucesso. Ao escolher a FMP, voc\u00ea est\u00e1 trabalhando com uma empresa italiana comprometida com a excel\u00eancia, que oferece solu\u00e7\u00f5es padr\u00e3o e personalizadas. <a href=\"https:\/\/fmp-components.com\/pt\/spur-gear-2\/\">engrenagens retas<\/a> Para otimizar suas opera\u00e7\u00f5es, entre em contato conosco hoje mesmo e deixe-nos ajudar sua empresa a prosperar com nossa expertise em engrenagens cil\u00edndricas de dentes retos (normas europeias)!<\/p>\n<\/div>","protected":false},"excerpt":{"rendered":"<p>High-Quality Spur Gears (European Standard) by FMP FMP is a leading Italian manufacturer of Spur Gears (European Standard), offering a wide range of spur gears designed to meet the needs of various industries. Our spur gears comply with European standards, such as the DIN standard, ensuring exceptional precision and reliability. Whether you\u2019re in mechanical engineering, [&hellip;]<\/p>","protected":false},"featured_media":7463,"comment_status":"open","ping_status":"closed","template":"","meta":{"_et_pb_use_builder":"","_et_pb_old_content":"","_et_gb_content_width":""},"product_brand":[],"product_cat":[109],"product_tag":[],"class_list":{"0":"post-7460","1":"product","2":"type-product","3":"status-publish","4":"has-post-thumbnail","6":"product_cat-spur-gear","8":"first","9":"instock","10":"shipping-taxable","11":"product-type-simple"},"_links":{"self":[{"href":"https:\/\/fmp-components.com\/pt\/wp-json\/wp\/v2\/product\/7460","targetHints":{"allow":["GET"]}}],"collection":[{"href":"https:\/\/fmp-components.com\/pt\/wp-json\/wp\/v2\/product"}],"about":[{"href":"https:\/\/fmp-components.com\/pt\/wp-json\/wp\/v2\/types\/product"}],"replies":[{"embeddable":true,"href":"https:\/\/fmp-components.com\/pt\/wp-json\/wp\/v2\/comments?post=7460"}],"wp:featuredmedia":[{"embeddable":true,"href":"https:\/\/fmp-components.com\/pt\/wp-json\/wp\/v2\/media\/7463"}],"wp:attachment":[{"href":"https:\/\/fmp-components.com\/pt\/wp-json\/wp\/v2\/media?parent=7460"}],"wp:term":[{"taxonomy":"product_brand","embeddable":true,"href":"https:\/\/fmp-components.com\/pt\/wp-json\/wp\/v2\/product_brand?post=7460"},{"taxonomy":"product_cat","embeddable":true,"href":"https:\/\/fmp-components.com\/pt\/wp-json\/wp\/v2\/product_cat?post=7460"},{"taxonomy":"product_tag","embeddable":true,"href":"https:\/\/fmp-components.com\/pt\/wp-json\/wp\/v2\/product_tag?post=7460"}],"curies":[{"name":"wp","href":"https:\/\/api.w.org\/{rel}","templated":true}]}}