{"id":7451,"date":"2025-03-26T07:59:56","date_gmt":"2025-03-26T07:59:56","guid":{"rendered":"https:\/\/fmp-components.com\/?post_type=product&#038;p=7451"},"modified":"2025-03-26T08:37:56","modified_gmt":"2025-03-26T08:37:56","slug":"plastic-spur-gears","status":"publish","type":"product","link":"https:\/\/fmp-components.com\/pt\/product\/plastic-spur-gears\/","title":{"rendered":"Engrenagens de pl\u00e1stico"},"content":{"rendered":"<h2>Engrenagens cil\u00edndricas de pl\u00e1stico: Qualidade e personaliza\u00e7\u00e3o<\/h2>\n<p class=\"break-words\">As engrenagens cil\u00edndricas de pl\u00e1stico s\u00e3o componentes vitais em m\u00e1quinas modernas, desempenhando um papel fundamental em setores como o automotivo, eletr\u00f4nico e de equipamentos m\u00e9dicos. Essas engrenagens leves e dur\u00e1veis \u200b\u200bs\u00e3o projetadas para transmitir movimento com efici\u00eancia, reduzindo ru\u00eddo e desgaste. Na FMP, nos orgulhamos de ser um fabricante l\u00edder de engrenagens cil\u00edndricas de pl\u00e1stico. <a href=\"https:\/\/fmp-components.com\/pt\/spur-gear-2\/\">Engrenagens retas<\/a>Oferecemos uma ampla gama de op\u00e7\u00f5es padr\u00e3o e personaliza\u00e7\u00e3o sob medida para atender \u00e0s suas necessidades espec\u00edficas. Seja em Mil\u00e3o, Veneza, Floren\u00e7a ou Bolonha, a FMP \u00e9 sua parceira de confian\u00e7a para solu\u00e7\u00f5es de engrenagens de alta qualidade.<\/p>\n<table style=\"border-collapse: collapse; width: 98.5%; height: 51px;\" border=\"0\" width=\"240\" cellspacing=\"0\" cellpadding=\"0\">\n<tbody>\n<tr style=\"height: 14.40pt;\">\n<td style=\"height: 14.40pt; width: 48.00pt;\" align=\"right\" width=\"80\" height=\"24\">\u00a0\u00a0<img loading=\"lazy\" decoding=\"async\" class=\"size-full wp-image-7456 aligncenter\" src=\"https:\/\/fmp-components.com\/wp-content\/uploads\/2025\/03\/plastic-spur-gear-5_1.webp\" alt=\"engrenagem cil\u00edndrica de pl\u00e1stico\" width=\"600\" height=\"600\" title=\"\" srcset=\"https:\/\/fmp-components.com\/wp-content\/uploads\/2025\/03\/plastic-spur-gear-5_1.webp 600w, https:\/\/fmp-components.com\/wp-content\/uploads\/2025\/03\/plastic-spur-gear-5_1-480x480.webp 480w\" sizes=\"(min-width: 0px) and (max-width: 480px) 480px, (min-width: 481px) 600px, 100vw\" \/><\/td>\n<td style=\"width: 48.00pt;\" align=\"right\" width=\"80\"><img loading=\"lazy\" decoding=\"async\" class=\"size-full wp-image-7457 aligncenter\" src=\"https:\/\/fmp-components.com\/wp-content\/uploads\/2025\/03\/plastic-spur-gear-4_1.webp\" alt=\"engrenagem cil\u00edndrica de pl\u00e1stico\" width=\"800\" height=\"800\" title=\"\" srcset=\"https:\/\/fmp-components.com\/wp-content\/uploads\/2025\/03\/plastic-spur-gear-4_1.webp 800w, https:\/\/fmp-components.com\/wp-content\/uploads\/2025\/03\/plastic-spur-gear-4_1-480x480.webp 480w\" sizes=\"(min-width: 0px) and (max-width: 480px) 480px, (min-width: 481px) 800px, 100vw\" \/><\/td>\n<td style=\"width: 48.00pt;\" align=\"right\" width=\"80\"><img loading=\"lazy\" decoding=\"async\" class=\"size-full wp-image-7458 aligncenter\" src=\"https:\/\/fmp-components.com\/wp-content\/uploads\/2025\/03\/plastic-spur-gear-3.webp\" alt=\"engrenagem cil\u00edndrica de pl\u00e1stico\" width=\"600\" height=\"600\" title=\"\" srcset=\"https:\/\/fmp-components.com\/wp-content\/uploads\/2025\/03\/plastic-spur-gear-3.webp 600w, https:\/\/fmp-components.com\/wp-content\/uploads\/2025\/03\/plastic-spur-gear-3-480x480.webp 480w\" sizes=\"(min-width: 0px) and (max-width: 480px) 480px, (min-width: 481px) 600px, 100vw\" \/><\/td>\n<\/tr>\n<\/tbody>\n<\/table>\n<h3>FMP: Seu Fabricante Especialista em Engrenagens Cil\u00edndricas de Pl\u00e1stico<\/h3>\n<p class=\"break-words\">A FMP \u00e9 uma fabricante profissional especializada na produ\u00e7\u00e3o de engrenagens cil\u00edndricas de pl\u00e1stico. Com tecnologia de ponta e uma equipe de engenharia qualificada, entregamos produtos que atendem a rigorosos padr\u00f5es de qualidade. Nosso compromisso com a excel\u00eancia nos torna um fornecedor preferencial para empresas em toda a It\u00e1lia e em outros pa\u00edses.<\/p>\n<div>\n<h3>Caracter\u00edsticas das engrenagens cil\u00edndricas de pl\u00e1stico da FMP<\/h3>\n<p class=\"break-words\">Nossas engrenagens cil\u00edndricas de pl\u00e1stico s\u00e3o fabricadas com materiais de alta qualidade, oferecendo vantagens distintas em rela\u00e7\u00e3o \u00e0s alternativas tradicionais de metal. Veja o que diferencia nossos produtos:<\/p>\n<ul class=\"marker:text-secondary\">\n<li class=\"break-words\"><strong>Durabilidade<\/strong>Projetado para resist\u00eancia ao desgaste, garantindo confiabilidade a longo prazo mesmo em condi\u00e7\u00f5es exigentes.<\/li>\n<li class=\"break-words\"><strong>Design leve<\/strong>Ideal para aplica\u00e7\u00f5es onde a redu\u00e7\u00e3o de peso \u00e9 essencial, como em dispositivos port\u00e1teis ou ve\u00edculos.<\/li>\n<li class=\"break-words\"><strong>Opera\u00e7\u00e3o de baixo ru\u00eddo<\/strong>Minimiza a emiss\u00e3o de som, tornando-os ideais para ambientes sens\u00edveis ao ru\u00eddo, como instala\u00e7\u00f5es m\u00e9dicas ou escrit\u00f3rios.<\/li>\n<li class=\"break-words\"><strong>Resist\u00eancia \u00e0 corros\u00e3o<\/strong>Ao contr\u00e1rio das engrenagens met\u00e1licas, nossas engrenagens de pl\u00e1stico resistem \u00e0 ferrugem e \u00e0 degrada\u00e7\u00e3o, oferecendo desempenho superior em ambientes agressivos.<\/li>\n<\/ul>\n<p class=\"break-words\">Produzimos diversos tipos de engrenagens cil\u00edndricas de pl\u00e1stico para atender a diferentes aplica\u00e7\u00f5es, desde modelos padr\u00e3o at\u00e9 projetos especializados com maior resist\u00eancia ou especifica\u00e7\u00f5es exclusivas.<\/p>\n<div>\n<h2>Engrenagens cil\u00edndricas de pl\u00e1stico personalizadas, feitas sob medida para suas necessidades.<\/h2>\n<p class=\"break-words\">Na FMP, entendemos que solu\u00e7\u00f5es padronizadas nem sempre se adequam a todos os projetos. \u00c9 por isso que oferecemos servi\u00e7os completos de personaliza\u00e7\u00e3o. Seja qual for a sua necessidade \u2014 tamanho, material ou configura\u00e7\u00e3o \u2014, nossa equipe est\u00e1 preparada para projetar e fabricar engrenagens cil\u00edndricas de pl\u00e1stico de acordo com as suas especifica\u00e7\u00f5es exatas.<\/p>\n<p class=\"break-words\">Se voc\u00ea n\u00e3o encontrar o modelo que precisa em nossa lista de produtos, n\u00e3o se preocupe \u2014 pode ser simplesmente que ainda n\u00e3o tenhamos tido a oportunidade de atualizar nosso cat\u00e1logo. Entre em contato conosco por e-mail em <a href=\"mailto:info@fmpcomponents.it\">info@fmpcomponents.it<\/a>\u00a0Com os detalhes das suas necessidades, nossos engenheiros responder\u00e3o em at\u00e9 24 horas, oferecendo orienta\u00e7\u00e3o especializada e uma solu\u00e7\u00e3o personalizada para atend\u00ea-las.<\/p>\n<table style=\"border-collapse: collapse; width: 98.5%; height: 41px;\" border=\"0\" width=\"240\" cellspacing=\"0\" cellpadding=\"0\">\n<tbody>\n<tr style=\"height: 14.40pt;\">\n<td style=\"height: 14.40pt; width: 48.00pt;\" align=\"right\" width=\"80\" height=\"24\"><img loading=\"lazy\" decoding=\"async\" class=\"size-full wp-image-7455 aligncenter\" src=\"https:\/\/fmp-components.com\/wp-content\/uploads\/2025\/03\/plastic-spur-gear-6_1.webp\" alt=\"engrenagem cil\u00edndrica de pl\u00e1stico\" width=\"600\" height=\"600\" title=\"\" srcset=\"https:\/\/fmp-components.com\/wp-content\/uploads\/2025\/03\/plastic-spur-gear-6_1.webp 600w, https:\/\/fmp-components.com\/wp-content\/uploads\/2025\/03\/plastic-spur-gear-6_1-480x480.webp 480w\" sizes=\"(min-width: 0px) and (max-width: 480px) 480px, (min-width: 481px) 600px, 100vw\" \/><\/td>\n<td style=\"width: 48.00pt;\" align=\"right\" width=\"80\"><img loading=\"lazy\" decoding=\"async\" class=\"alignnone size-full wp-image-7459\" src=\"https:\/\/fmp-components.com\/wp-content\/uploads\/2025\/03\/plastic-spur-gear-2.webp\" alt=\"engrenagem cil\u00edndrica de pl\u00e1stico\" width=\"720\" height=\"720\" title=\"\" srcset=\"https:\/\/fmp-components.com\/wp-content\/uploads\/2025\/03\/plastic-spur-gear-2.webp 720w, https:\/\/fmp-components.com\/wp-content\/uploads\/2025\/03\/plastic-spur-gear-2-480x480.webp 480w\" sizes=\"(min-width: 0px) and (max-width: 480px) 480px, (min-width: 481px) 720px, 100vw\" \/><\/td>\n<td style=\"width: 48.00pt;\" align=\"right\" width=\"80\"><img loading=\"lazy\" decoding=\"async\" class=\"alignnone size-full wp-image-7454\" src=\"https:\/\/fmp-components.com\/wp-content\/uploads\/2025\/03\/plastic-spur-gear-7.webp\" alt=\"engrenagem cil\u00edndrica de pl\u00e1stico\" width=\"600\" height=\"600\" title=\"\" srcset=\"https:\/\/fmp-components.com\/wp-content\/uploads\/2025\/03\/plastic-spur-gear-7.webp 600w, https:\/\/fmp-components.com\/wp-content\/uploads\/2025\/03\/plastic-spur-gear-7-480x480.webp 480w\" sizes=\"(min-width: 0px) and (max-width: 480px) 480px, (min-width: 481px) 600px, 100vw\" \/><\/td>\n<\/tr>\n<\/tbody>\n<\/table>\n<\/div>\n<\/div>","protected":false},"excerpt":{"rendered":"<p>Plastic Spur Gears: Quality and Customization Plastic Spur Gears are vital components in modern machinery, playing a key role in industries such as automotive, electronics, and medical equipment. These lightweight, durable gears are designed to transmit motion efficiently while reducing noise and wear. At FMP, we take pride in being a leading manufacturer of Plastic [&hellip;]<\/p>","protected":false},"featured_media":7452,"comment_status":"open","ping_status":"closed","template":"","meta":{"_et_pb_use_builder":"","_et_pb_old_content":"","_et_gb_content_width":""},"product_brand":[],"product_cat":[109],"product_tag":[],"class_list":{"0":"post-7451","1":"product","2":"type-product","3":"status-publish","4":"has-post-thumbnail","6":"product_cat-spur-gear","8":"first","9":"instock","10":"shipping-taxable","11":"product-type-simple"},"_links":{"self":[{"href":"https:\/\/fmp-components.com\/pt\/wp-json\/wp\/v2\/product\/7451","targetHints":{"allow":["GET"]}}],"collection":[{"href":"https:\/\/fmp-components.com\/pt\/wp-json\/wp\/v2\/product"}],"about":[{"href":"https:\/\/fmp-components.com\/pt\/wp-json\/wp\/v2\/types\/product"}],"replies":[{"embeddable":true,"href":"https:\/\/fmp-components.com\/pt\/wp-json\/wp\/v2\/comments?post=7451"}],"wp:featuredmedia":[{"embeddable":true,"href":"https:\/\/fmp-components.com\/pt\/wp-json\/wp\/v2\/media\/7452"}],"wp:attachment":[{"href":"https:\/\/fmp-components.com\/pt\/wp-json\/wp\/v2\/media?parent=7451"}],"wp:term":[{"taxonomy":"product_brand","embeddable":true,"href":"https:\/\/fmp-components.com\/pt\/wp-json\/wp\/v2\/product_brand?post=7451"},{"taxonomy":"product_cat","embeddable":true,"href":"https:\/\/fmp-components.com\/pt\/wp-json\/wp\/v2\/product_cat?post=7451"},{"taxonomy":"product_tag","embeddable":true,"href":"https:\/\/fmp-components.com\/pt\/wp-json\/wp\/v2\/product_tag?post=7451"}],"curies":[{"name":"wp","href":"https:\/\/api.w.org\/{rel}","templated":true}]}}