{"id":744,"date":"2024-12-18T05:28:55","date_gmt":"2024-12-18T05:28:55","guid":{"rendered":"https:\/\/fmp-components.com\/?page_id=8"},"modified":"2024-12-18T05:32:12","modified_gmt":"2024-12-18T05:32:12","slug":"drilling-platform-steel-wire-rope-tensioner-cylinder","status":"publish","type":"product","link":"https:\/\/fmp-components.com\/pt\/product\/drilling-platform-steel-wire-rope-tensioner-cylinder\/","title":{"rendered":"Cilindro tensor de cabo de a\u00e7o para plataforma de perfura\u00e7\u00e3o"},"content":{"rendered":"<p style=\"text-align: center;\"><span style=\"font-size: 18pt;\">Cilindro tensor de cabo de a\u00e7o para plataforma de perfura\u00e7\u00e3o<\/span><\/p>\n<p>O Cilindro Tensor de Cabos de A\u00e7o para Plataformas de Perfura\u00e7\u00e3o \u00e9 um componente hidr\u00e1ulico essencial projetado para garantir o tensionamento ideal dos cabos de a\u00e7o utilizados em aplica\u00e7\u00f5es de perfura\u00e7\u00e3o. Este cilindro desempenha um papel fundamental na manuten\u00e7\u00e3o da seguran\u00e7a e efici\u00eancia das opera\u00e7\u00f5es de perfura\u00e7\u00e3o, fornecendo a for\u00e7a necess\u00e1ria para ajustar e estabilizar a tens\u00e3o dos cabos de a\u00e7o, vital para o funcionamento adequado do equipamento de perfura\u00e7\u00e3o.<\/p>\n<p><img loading=\"lazy\" decoding=\"async\" class=\"alignnone size-full wp-image-745\" src=\"https:\/\/fmp-components.com\/wp-content\/uploads\/2024\/12\/Drilling-Platform-Steel-Wire-Rope-Tensioner-Cylinder.webp\" alt=\"Plataforma de perfura\u00e7\u00e3o, tensor de cabo de a\u00e7o, cilindro\" width=\"1024\" height=\"607\" title=\"\" srcset=\"https:\/\/fmp-components.com\/wp-content\/uploads\/2024\/12\/Drilling-Platform-Steel-Wire-Rope-Tensioner-Cylinder.webp 1024w, https:\/\/fmp-components.com\/wp-content\/uploads\/2024\/12\/Drilling-Platform-Steel-Wire-Rope-Tensioner-Cylinder-980x581.webp 980w, https:\/\/fmp-components.com\/wp-content\/uploads\/2024\/12\/Drilling-Platform-Steel-Wire-Rope-Tensioner-Cylinder-480x285.webp 480w\" sizes=\"(min-width: 0px) and (max-width: 480px) 480px, (min-width: 481px) and (max-width: 980px) 980px, (min-width: 981px) 1024px, 100vw\" \/><\/p>\n<h4>Principais caracter\u00edsticas:<\/h4>\n<ul>\n<li><strong>Capacidade de alta tens\u00e3o:<\/strong> Projetado para lidar com cargas substanciais, este cilindro gerencia efetivamente a tens\u00e3o de cabos de a\u00e7o, garantindo desempenho consistente sob condi\u00e7\u00f5es exigentes.<\/li>\n<li><strong>Constru\u00e7\u00e3o robusta:<\/strong> Feito de materiais de alta resist\u00eancia, o cilindro tensor \u00e9 constru\u00eddo para suportar ambientes adversos e altas press\u00f5es t\u00edpicas de opera\u00e7\u00f5es de perfura\u00e7\u00e3o, oferecendo durabilidade e confiabilidade duradouras.<\/li>\n<li><strong>Opera\u00e7\u00e3o suave:<\/strong> O design hidr\u00e1ulico avan\u00e7ado permite ajustes suaves e precisos, facilitando mudan\u00e7as r\u00e1pidas de tens\u00e3o, conforme necess\u00e1rio, durante as atividades de perfura\u00e7\u00e3o.<\/li>\n<li><strong>Mecanismos de seguran\u00e7a:<\/strong> Incorpora recursos de seguran\u00e7a que evitam o tensionamento excessivo e garantem uma opera\u00e7\u00e3o segura, aumentando a seguran\u00e7a geral das opera\u00e7\u00f5es de perfura\u00e7\u00e3o.<\/li>\n<li><strong>Aplica\u00e7\u00e3o vers\u00e1til:<\/strong> Adequado para uma variedade de plataformas de perfura\u00e7\u00e3o, este cilindro pode se adaptar a diferentes necessidades operacionais, tornando-o uma escolha vers\u00e1til para v\u00e1rios ambientes de perfura\u00e7\u00e3o.<\/li>\n<li><strong>Baixos requisitos de manuten\u00e7\u00e3o:<\/strong> Projetado para desgaste m\u00ednimo, ele reduz as necessidades de manuten\u00e7\u00e3o e o tempo de inatividade operacional, contribuindo para o aumento da produtividade.<\/li>\n<\/ul>\n<p>Em resumo, o Cilindro Tensor de Cabo de A\u00e7o para Plataforma de Perfura\u00e7\u00e3o \u00e9 indispens\u00e1vel para otimizar o desempenho e a seguran\u00e7a das opera\u00e7\u00f5es de perfura\u00e7\u00e3o, aumentando significativamente a efic\u00e1cia e a confiabilidade das plataformas de perfura\u00e7\u00e3o em campo.<\/p>\n<h2>Cilindro tensor de cabo de a\u00e7o para plataforma de perfura\u00e7\u00e3o<\/h2>\n<p><img loading=\"lazy\" decoding=\"async\" class=\"size-full wp-image-749 aligncenter\" src=\"https:\/\/fmp-components.com\/wp-content\/uploads\/2024\/12\/Drilling-Platform-Steel-Wire-Rope-Tensioner-Cylinder-1-1.webp\" alt=\"Plataforma de perfura\u00e7\u00e3o, tensor de cabo de a\u00e7o, cilindro\" width=\"600\" height=\"600\" title=\"\" srcset=\"https:\/\/fmp-components.com\/wp-content\/uploads\/2024\/12\/Drilling-Platform-Steel-Wire-Rope-Tensioner-Cylinder-1-1.webp 600w, https:\/\/fmp-components.com\/wp-content\/uploads\/2024\/12\/Drilling-Platform-Steel-Wire-Rope-Tensioner-Cylinder-1-1-480x480.webp 480w\" sizes=\"(min-width: 0px) and (max-width: 480px) 480px, (min-width: 481px) 600px, 100vw\" \/><\/p>\n<table style=\"width: 96.3174%; height: 185px;\" border=\"1\" cellspacing=\"0\" cellpadding=\"0\">\n<tbody>\n<tr>\n<td>Nome do produto<\/td>\n<td>Cilindro tensor de cabo de a\u00e7o para plataforma de perfura\u00e7\u00e3o<\/td>\n<\/tr>\n<tr>\n<td>Caracter\u00edsticas:<\/td>\n<td>Fornece for\u00e7a de impulso e fornece tens\u00e3o ao cabo de a\u00e7o atrav\u00e9s da polia<\/td>\n<\/tr>\n<tr>\n<td>Di\u00e2metro do furo:<\/td>\n<td>At\u00e9 620 mm<\/td>\n<\/tr>\n<tr>\n<td>Di\u00e2metro da haste:<\/td>\n<td>At\u00e9 580 mm<\/td>\n<\/tr>\n<tr>\n<td>For\u00e7a de empuxo:<\/td>\n<td>M\u00e1ximo 8500KN<\/td>\n<\/tr>\n<tr>\n<td>Especifica\u00e7\u00f5es:<\/td>\n<td>Fornece 889KN, 1112KN, 1245KN e outros cilindros com diferentes requisitos de tens\u00e3o<\/td>\n<\/tr>\n<tr>\n<td>Aplica\u00e7\u00f5es:<\/td>\n<td>Plataforma Autoelevat\u00f3ria Offshore<\/td>\n<\/tr>\n<\/tbody>\n<\/table>\n<h2>Vantagens do cilindro tensor de cabo de a\u00e7o para plataforma de perfura\u00e7\u00e3o<\/h2>\n<p>O Cilindro Tensor de Cabo de A\u00e7o para Plataforma de Perfura\u00e7\u00e3o oferece in\u00fameras vantagens que destacam sua import\u00e2ncia em opera\u00e7\u00f5es de perfura\u00e7\u00e3o offshore. Aqui est\u00e3o alguns dos principais benef\u00edcios:<\/p>\n<p>Uma das principais vantagens \u00e9 o controle preciso da tens\u00e3o. Este cilindro permite que os operadores ajustem com precis\u00e3o a tens\u00e3o aplicada aos cabos de a\u00e7o, modulando a press\u00e3o hidr\u00e1ulica. Alcan\u00e7ar os n\u00edveis corretos de tens\u00e3o \u00e9 crucial para garantir o desempenho ideal dos cabos de a\u00e7o durante as atividades de perfura\u00e7\u00e3o.<\/p>\n<p>Outro benef\u00edcio significativo \u00e9 a seguran\u00e7a aprimorada. O cilindro tensor \u00e9 equipado com recursos avan\u00e7ados de seguran\u00e7a, como sensores de press\u00e3o e mecanismos de prote\u00e7\u00e3o, que ajudam a evitar tensionamento excessivo ou libera\u00e7\u00f5es repentinas de tens\u00e3o. Esses recursos garantem uma opera\u00e7\u00e3o segura, protegendo tanto o pessoal quanto o equipamento contra perigos potenciais.<\/p>\n<p>O cilindro tamb\u00e9m contribui para a melhoria da efici\u00eancia operacional. Ao manter a tens\u00e3o adequada nos cabos de a\u00e7o, ele garante um movimento suave e controlado da coluna de perfura\u00e7\u00e3o e facilita o i\u00e7amento de cargas pesadas. Isso resulta em maior produtividade e redu\u00e7\u00e3o do tempo de inatividade nas opera\u00e7\u00f5es de perfura\u00e7\u00e3o.<\/p>\n<p>Al\u00e9m disso, a durabilidade e a confiabilidade do cilindro tensor s\u00e3o not\u00e1veis. Constru\u00eddo com materiais de alta resist\u00eancia, ele foi projetado para suportar as duras condi\u00e7\u00f5es de perfura\u00e7\u00e3o offshore, incluindo \u00e1gua salgada corrosiva, altas press\u00f5es e temperaturas extremas. Essa durabilidade garante um desempenho consistente ao longo do tempo.<\/p>\n<p>Al\u00e9m disso, o cilindro tensor oferece versatilidade em sua aplica\u00e7\u00e3o. Pode ser usado com diversos tamanhos e tipos de cabos de a\u00e7o, tornando-o adapt\u00e1vel a diferentes tarefas de perfura\u00e7\u00e3o, como perfura\u00e7\u00e3o, i\u00e7amento e movimenta\u00e7\u00e3o de cargas. Essa flexibilidade proporciona uma solu\u00e7\u00e3o abrangente para manter a tens\u00e3o do cabo de a\u00e7o em diversas opera\u00e7\u00f5es.<\/p>\n<p>Por fim, o design do cilindro tensor prioriza a manuten\u00e7\u00e3o e a facilidade de manuten\u00e7\u00e3o. Seus componentes s\u00e3o facilmente acess\u00edveis para inspe\u00e7\u00e3o e manuten\u00e7\u00e3o regular, o que ajuda a garantir o funcionamento ideal e minimizar o tempo de inatividade. Essa facilidade de manuten\u00e7\u00e3o contribui para a efici\u00eancia geral das opera\u00e7\u00f5es de perfura\u00e7\u00e3o, garantindo que o equipamento permane\u00e7a em perfeitas condi\u00e7\u00f5es.<\/p>\n<p><img loading=\"lazy\" decoding=\"async\" class=\"alignnone wp-image-746\" src=\"https:\/\/fmp-components.com\/wp-content\/uploads\/2024\/12\/Drilling-Platform-Steel-Wire-Rope-Tensioner-Cylinder-1.webp\" alt=\"Cilindro tensor de cabo de a\u00e7o para plataforma de perfura\u00e7\u00e3o\" width=\"925\" height=\"648\" title=\"\" srcset=\"https:\/\/fmp-components.com\/wp-content\/uploads\/2024\/12\/Drilling-Platform-Steel-Wire-Rope-Tensioner-Cylinder-1.webp 925w, https:\/\/fmp-components.com\/wp-content\/uploads\/2024\/12\/Drilling-Platform-Steel-Wire-Rope-Tensioner-Cylinder-1-480x336.webp 480w\" sizes=\"(min-width: 0px) and (max-width: 480px) 480px, (min-width: 481px) 925px, 100vw\" \/><\/p>\n<h3>Sobre a FMP<\/h3>\n<p>A FMP \u00e9 uma empresa especializada em fabrica\u00e7\u00e3o mec\u00e2nica, dedicada \u00e0 produ\u00e7\u00e3o de cilindros hidr\u00e1ulicos. Desde a sua funda\u00e7\u00e3o, a empresa tem se concentrado na pesquisa e fabrica\u00e7\u00e3o de tecnologia hidr\u00e1ulica, transitando com sucesso de uma gama diversificada de produtos, que inclu\u00eda m\u00e1quinas para colheita e constru\u00e7\u00e3o, para a especializa\u00e7\u00e3o em componentes para tratores agr\u00edcolas. Com mais de uma d\u00e9cada de experi\u00eancia em fabrica\u00e7\u00e3o e gest\u00e3o, a FMP garante produtos de alta qualidade por meio de t\u00e9cnicas avan\u00e7adas de produ\u00e7\u00e3o.<\/p>\n<p>\u00c0 medida que a empresa evoluiu, desenvolveu uma linha de produ\u00e7\u00e3o de usinagem abrangente, uma linha de montagem e uma linha de revestimento. Nossa equipe \u00e9 composta por gestores qualificados, projetistas mec\u00e2nicos experientes e t\u00e9cnicos altamente treinados que trabalham juntos para manter a qualidade da produ\u00e7\u00e3o est\u00e1vel, controlando eficazmente a continuidade e a efici\u00eancia do processo.<\/p>\n<p>A FMP defende a filosofia de \"Inova\u00e7\u00e3o Tecnol\u00f3gica Impulsionando o Progresso, Qualidade Criando Marcas, Artesanato Garantindo a Qualidade e Construindo Relacionamentos de Longo Prazo em que Todos Ganhamos\". Nosso compromisso em fornecer produtos de alta qualidade e atendimento ao cliente superior continua sendo um objetivo fundamental, \u00e0 medida que continuamos a atender \u00e0s necessidades em constante evolu\u00e7\u00e3o do mercado.<\/p>\n<p><img loading=\"lazy\" decoding=\"async\" class=\"alignnone size-full wp-image-426\" src=\"https:\/\/fmp-components.com\/wp-content\/uploads\/2024\/12\/Sanitation-Machinery-Locking-Hydraulic-Cylinder-factory.webp\" sizes=\"(min-width: 0px) and (max-width: 480px) 480px, (min-width: 481px) and (max-width: 980px) 980px, (min-width: 981px) and (max-width: 1280px) 1280px, (min-width: 1281px) 1414px, 100vw\" srcset=\"https:\/\/fmp-components.com\/wp-content\/uploads\/2024\/12\/Sanitation-Machinery-Locking-Hydraulic-Cylinder-factory.webp 1414w, https:\/\/fmp-components.com\/wp-content\/uploads\/2024\/12\/Sanitation-Machinery-Locking-Hydraulic-Cylinder-factory-1280x529.webp 1280w, https:\/\/fmp-components.com\/wp-content\/uploads\/2024\/12\/Sanitation-Machinery-Locking-Hydraulic-Cylinder-factory-980x405.webp 980w, https:\/\/fmp-components.com\/wp-content\/uploads\/2024\/12\/Sanitation-Machinery-Locking-Hydraulic-Cylinder-factory-480x198.webp 480w\" alt=\"F\u00e1brica de Cilindros Hidr\u00e1ulicos de Bloqueio de M\u00e1quinas de Saneamento\" width=\"1414\" height=\"584\" title=\"\"><\/p>\n<p>Autor: CX<\/p>","protected":false},"excerpt":{"rendered":"<p>O Cilindro Tensor de Cabos de A\u00e7o para Plataformas de Perfura\u00e7\u00e3o \u00e9 um componente hidr\u00e1ulico crucial, projetado para manter a tens\u00e3o ideal em cabos de a\u00e7o utilizados em opera\u00e7\u00f5es de perfura\u00e7\u00e3o. Este cilindro fornece a for\u00e7a necess\u00e1ria para ajustar e estabilizar a tens\u00e3o dos cabos, garantindo uma opera\u00e7\u00e3o segura e eficiente da plataforma de perfura\u00e7\u00e3o. Constru\u00eddo com materiais de alta resist\u00eancia, ele foi projetado para suportar as condi\u00e7\u00f5es exigentes e as altas press\u00f5es t\u00edpicas de ambientes de perfura\u00e7\u00e3o, garantindo durabilidade e confiabilidade. A a\u00e7\u00e3o hidr\u00e1ulica suave permite ajustes precisos, aumentando a efici\u00eancia operacional e a seguran\u00e7a durante as atividades de perfura\u00e7\u00e3o. Este cilindro tensor \u00e9 essencial para otimizar o desempenho das plataformas de perfura\u00e7\u00e3o, contribuindo significativamente para a efic\u00e1cia das opera\u00e7\u00f5es de perfura\u00e7\u00e3o e para a integridade geral do equipamento.<\/p>","protected":false},"featured_media":749,"comment_status":"open","ping_status":"closed","template":"","meta":{"_et_pb_use_builder":"","_et_pb_old_content":"","_et_gb_content_width":""},"product_brand":[],"product_cat":[28],"product_tag":[],"class_list":{"0":"post-744","1":"product","2":"type-product","3":"status-publish","4":"has-post-thumbnail","6":"product_cat-offshore-hydraulic-cylinders","8":"first","9":"instock","10":"shipping-taxable","11":"product-type-simple"},"_links":{"self":[{"href":"https:\/\/fmp-components.com\/pt\/wp-json\/wp\/v2\/product\/744","targetHints":{"allow":["GET"]}}],"collection":[{"href":"https:\/\/fmp-components.com\/pt\/wp-json\/wp\/v2\/product"}],"about":[{"href":"https:\/\/fmp-components.com\/pt\/wp-json\/wp\/v2\/types\/product"}],"replies":[{"embeddable":true,"href":"https:\/\/fmp-components.com\/pt\/wp-json\/wp\/v2\/comments?post=744"}],"wp:featuredmedia":[{"embeddable":true,"href":"https:\/\/fmp-components.com\/pt\/wp-json\/wp\/v2\/media\/749"}],"wp:attachment":[{"href":"https:\/\/fmp-components.com\/pt\/wp-json\/wp\/v2\/media?parent=744"}],"wp:term":[{"taxonomy":"product_brand","embeddable":true,"href":"https:\/\/fmp-components.com\/pt\/wp-json\/wp\/v2\/product_brand?post=744"},{"taxonomy":"product_cat","embeddable":true,"href":"https:\/\/fmp-components.com\/pt\/wp-json\/wp\/v2\/product_cat?post=744"},{"taxonomy":"product_tag","embeddable":true,"href":"https:\/\/fmp-components.com\/pt\/wp-json\/wp\/v2\/product_tag?post=744"}],"curies":[{"name":"wp","href":"https:\/\/api.w.org\/{rel}","templated":true}]}}