{"id":7420,"date":"2025-03-26T03:25:42","date_gmt":"2025-03-26T03:25:42","guid":{"rendered":"https:\/\/fmp-components.com\/?post_type=product&#038;p=7420"},"modified":"2025-03-26T08:36:10","modified_gmt":"2025-03-26T08:36:10","slug":"forging-spur-gear","status":"publish","type":"product","link":"https:\/\/fmp-components.com\/pt\/product\/forging-spur-gear\/","title":{"rendered":"Forjamento de engrenagens cil\u00edndricas de dentes retos"},"content":{"rendered":"<h2>Forjamento de Engrenagens Cil\u00edndricas: Fabrica\u00e7\u00e3o de Precis\u00e3o pela FMP Company para a It\u00e1lia e outros pa\u00edses.<\/h2>\n<p class=\"break-words\">Quando se trata de produzir alta qualidade <a href=\"https:\/\/fmp-components.com\/pt\/spur-gear-2\/\">engrenagens retas<\/a>Na It\u00e1lia, a forja continua sendo uma t\u00e9cnica de fabrica\u00e7\u00e3o consagrada e avan\u00e7ada. Na FMP Company, somos especializados na fabrica\u00e7\u00e3o de engrenagens cil\u00edndricas forjadas que atendem \u00e0s diversas necessidades de ind\u00fastrias em toda a It\u00e1lia \u2014 dos polos automotivos de Mil\u00e3o \u00e0s oficinas de engenharia de Veneza, dos inovadores em m\u00e1quinas de Floren\u00e7a aos centros industriais de Bolonha. Fornecemos engrenagens cil\u00edndricas com formato pr\u00f3ximo ao final ou final, que exigem acabamento m\u00ednimo, garantindo resist\u00eancia, durabilidade e efici\u00eancia para aplica\u00e7\u00f5es nos setores automotivo, aeroespacial, agr\u00edcola, de energia e muito mais.<\/p>\n<p><img loading=\"lazy\" decoding=\"async\" class=\"size-full wp-image-7421 aligncenter\" src=\"https:\/\/fmp-components.com\/wp-content\/uploads\/2025\/03\/forged-spur-gears-product-1.webp\" alt=\"engrenagens cil\u00edndricas forjadas\" width=\"2000\" height=\"800\" title=\"\" srcset=\"https:\/\/fmp-components.com\/wp-content\/uploads\/2025\/03\/forged-spur-gears-product-1.webp 2000w, https:\/\/fmp-components.com\/wp-content\/uploads\/2025\/03\/forged-spur-gears-product-1-1280x512.webp 1280w, https:\/\/fmp-components.com\/wp-content\/uploads\/2025\/03\/forged-spur-gears-product-1-980x392.webp 980w, https:\/\/fmp-components.com\/wp-content\/uploads\/2025\/03\/forged-spur-gears-product-1-480x192.webp 480w\" sizes=\"(min-width: 0px) and (max-width: 480px) 480px, (min-width: 481px) and (max-width: 980px) 980px, (min-width: 981px) and (max-width: 1280px) 1280px, (min-width: 1281px) 2000px, 100vw\" \/><\/p>\n<h3>O que s\u00e3o engrenagens cil\u00edndricas forjadas?<\/h3>\n<p class=\"break-words\">As engrenagens cil\u00edndricas forjadas s\u00e3o criadas por meio de um meticuloso processo de forjamento em matriz, no qual tarugos de metal aquecidos \u2014 como a\u00e7o de baixa liga, lat\u00e3o, ligas de alum\u00ednio, a\u00e7o inoxid\u00e1vel, tit\u00e2nio ou ligas resistentes ao calor \u2014 s\u00e3o moldados sob intensa press\u00e3o usando matrizes especializadas. Esse processo comprime os gr\u00e3os do metal, resultando em engrenagens com excepcional resist\u00eancia \u00e0 fadiga e capacidade de carga. Ao contr\u00e1rio das engrenagens usinadas, as engrenagens cil\u00edndricas forjadas apresentam um fluxo de gr\u00e3os contornado que acompanha o perfil do dente, aumentando a resist\u00eancia sem aumentar o tamanho. Na FMP, utilizamos t\u00e9cnicas como forjamento em matriz fechada e forjamento de alta taxa de energia (HERF) para produzir engrenagens que atendem a toler\u00e2ncias rigorosas e padr\u00f5es de acabamento superficial.<\/p>\n<div>\n<h3>O processo de forjamento na FMP<\/h3>\n<p class=\"break-words\">Na FMP Company, nosso processo de forjamento \u00e9 projetado para oferecer precis\u00e3o, efici\u00eancia e durabilidade, atendendo a uma ampla gama de ind\u00fastrias \u2014 incluindo aplica\u00e7\u00f5es em m\u00e1quinas pesadas na It\u00e1lia e em outros pa\u00edses. Seja uma engrenagem cil\u00edndrica compacta para uso automotivo ou uma engrenagem cil\u00edndrica forjada de 600 mm de di\u00e2metro em a\u00e7o 40CrMn para moinhos de bolas, nossas t\u00e9cnicas avan\u00e7adas garantem qualidade superior. Veja como damos vida \u00e0s nossas engrenagens cil\u00edndricas forjadas:<\/p>\n<ol class=\"marker:text-secondary\">\n<li class=\"break-words\"><strong>Aquecimento em branco da engrenagem<\/strong>Aquecemos tarugos de metal a temperaturas precisas \u2014 como 1230 \u00b0C para o a\u00e7o 8620 ou faixas de temperatura espec\u00edficas para o a\u00e7o 40CrMn \u2014 para melhorar a trabalhabilidade e garantir uma forjagem uniforme. Esta etapa \u00e9 crucial para atingir a resist\u00eancia necess\u00e1ria em engrenagens de alta pot\u00eancia.<\/li>\n<li class=\"break-words\"><strong>Forjamento em matriz<\/strong>Utilizando prensas de \u00faltima gera\u00e7\u00e3o e forjamento de alta energia (HERF), moldamos tarugos em formas quase finais com o m\u00ednimo de golpes. Cilindros de alta velocidade aplicam for\u00e7as como 353.000 J para forjar uma engrenagem cil\u00edndrica de 4,5 kg a partir de um tarugo de a\u00e7o 8620 de 75 mm em um \u00fanico golpe, ou at\u00e9 271.000 J para um volante automotivo de 11 kg feito de ferro fundido cinzento de grau 40.<\/li>\n<li class=\"break-words\"><strong>Aparar e Acabar<\/strong>O excesso de material \u00e9 cuidadosamente removido e as engrenagens s\u00e3o refinadas de acordo com as especifica\u00e7\u00f5es exatas. Para engrenagens padr\u00e3o, deixamos uma margem de 0,13 a 0,51 mm para usinagem final, enquanto componentes de alta resist\u00eancia, como nossas engrenagens cil\u00edndricas de dentes retos de 600 mm em a\u00e7o 40CrMn para moinhos de bolas, s\u00e3o forjados com dimens\u00f5es quase finais e toler\u00e2ncias t\u00e3o rigorosas quanto +0,00\/-0,18 mm.<\/li>\n<\/ol>\n<h4>Forjamento para m\u00e1quinas pesadas<\/h4>\n<p class=\"break-words\">Al\u00e9m das aplica\u00e7\u00f5es padr\u00e3o, a FMP se destaca na produ\u00e7\u00e3o de engrenagens cil\u00edndricas forjadas para m\u00e1quinas pesadas. Tomemos como exemplo nossa engrenagem cil\u00edndrica forjada em a\u00e7o 40CrMn: com um di\u00e2metro de 600 mm, este componente robusto foi projetado especificamente para moinhos de bolas utilizados na minera\u00e7\u00e3o e no processamento industrial. Forjada em a\u00e7o 40CrMn de alta resist\u00eancia, oferece durabilidade e resist\u00eancia ao desgaste excepcionais, tornando-a ideal para ambientes exigentes. Fabricada em Luoyang, esta engrenagem tem um pedido m\u00ednimo de 10 pe\u00e7as, embalada em caixas de madeira resistentes e entregue em at\u00e9 25 dias \u00fateis. Com capacidade de fornecimento de 10.000 pe\u00e7as e peso m\u00e1ximo de forjamento de 40 toneladas, a FMP est\u00e1 equipada para atender \u00e0s necessidades das ind\u00fastrias pesadas da It\u00e1lia \u2014 desde as f\u00e1bricas de Mil\u00e3o at\u00e9 os fornecedores de equipamentos de minera\u00e7\u00e3o de Bolonha.<\/p>\n<table style=\"border-collapse: collapse; width: 99.375%; height: 139px;\" border=\"0\" width=\"160\" cellspacing=\"0\" cellpadding=\"0\">\n<tbody>\n<tr style=\"height: 14.40pt;\">\n<td class=\"et2\" style=\"height: 28.8pt; width: 67.3831%;\" rowspan=\"2\" width=\"80\" height=\"48\"><img loading=\"lazy\" decoding=\"async\" class=\"alignnone size-full wp-image-7427\" src=\"https:\/\/fmp-components.com\/wp-content\/uploads\/2025\/03\/Forging-Spur-Gear-heavy-machinery-4.webp\" alt=\"Forjamento de engrenagens cil\u00edndricas de dentes retos para m\u00e1quinas pesadas\" width=\"1024\" height=\"1024\" title=\"\" srcset=\"https:\/\/fmp-components.com\/wp-content\/uploads\/2025\/03\/Forging-Spur-Gear-heavy-machinery-4.webp 1024w, https:\/\/fmp-components.com\/wp-content\/uploads\/2025\/03\/Forging-Spur-Gear-heavy-machinery-4-980x980.webp 980w, https:\/\/fmp-components.com\/wp-content\/uploads\/2025\/03\/Forging-Spur-Gear-heavy-machinery-4-480x480.webp 480w\" sizes=\"(min-width: 0px) and (max-width: 480px) 480px, (min-width: 481px) and (max-width: 980px) 980px, (min-width: 981px) 1024px, 100vw\" \/><\/td>\n<td style=\"width: 32.4905%;\" align=\"right\" width=\"80\"><img loading=\"lazy\" decoding=\"async\" class=\"size-full wp-image-7426 aligncenter\" src=\"https:\/\/fmp-components.com\/wp-content\/uploads\/2025\/03\/Forging-Spur-Gear-heavy-machinery-3.webp\" alt=\"Forjamento de engrenagens cil\u00edndricas de dentes retos para m\u00e1quinas pesadas\" width=\"1024\" height=\"1024\" title=\"\" srcset=\"https:\/\/fmp-components.com\/wp-content\/uploads\/2025\/03\/Forging-Spur-Gear-heavy-machinery-3.webp 1024w, https:\/\/fmp-components.com\/wp-content\/uploads\/2025\/03\/Forging-Spur-Gear-heavy-machinery-3-980x980.webp 980w, https:\/\/fmp-components.com\/wp-content\/uploads\/2025\/03\/Forging-Spur-Gear-heavy-machinery-3-480x480.webp 480w\" sizes=\"(min-width: 0px) and (max-width: 480px) 480px, (min-width: 481px) and (max-width: 980px) 980px, (min-width: 981px) 1024px, 100vw\" \/><\/td>\n<\/tr>\n<tr style=\"height: 14.40pt;\">\n<td style=\"width: 32.4905%;\" align=\"right\"><img loading=\"lazy\" decoding=\"async\" class=\"size-full wp-image-7428 aligncenter\" src=\"https:\/\/fmp-components.com\/wp-content\/uploads\/2025\/03\/Forging-Spur-Gear-heavy-machinery-5.webp\" alt=\"Forjamento de engrenagens cil\u00edndricas de dentes retos para m\u00e1quinas pesadas\" width=\"1024\" height=\"1024\" title=\"\" srcset=\"https:\/\/fmp-components.com\/wp-content\/uploads\/2025\/03\/Forging-Spur-Gear-heavy-machinery-5.webp 1024w, https:\/\/fmp-components.com\/wp-content\/uploads\/2025\/03\/Forging-Spur-Gear-heavy-machinery-5-980x980.webp 980w, https:\/\/fmp-components.com\/wp-content\/uploads\/2025\/03\/Forging-Spur-Gear-heavy-machinery-5-480x480.webp 480w\" sizes=\"(min-width: 0px) and (max-width: 480px) 480px, (min-width: 481px) and (max-width: 980px) 980px, (min-width: 981px) 1024px, 100vw\" \/><\/td>\n<\/tr>\n<\/tbody>\n<\/table>\n<table style=\"border-collapse: collapse; width: 97.3538%; height: 5px;\" border=\"0\" width=\"162\" cellspacing=\"0\" cellpadding=\"0\">\n<tbody>\n<tr style=\"height: 14.40pt;\">\n<td style=\"height: 14.4pt; width: 43.6129%;\" align=\"right\" width=\"81\" height=\"24\"><img loading=\"lazy\" decoding=\"async\" class=\"size-full wp-image-7425 aligncenter\" src=\"https:\/\/fmp-components.com\/wp-content\/uploads\/2025\/03\/Forging-Spur-Gear-heavy-machinery-2.webp\" alt=\"Forjamento de engrenagens cil\u00edndricas de dentes retos para m\u00e1quinas pesadas\" width=\"1024\" height=\"1024\" title=\"\" srcset=\"https:\/\/fmp-components.com\/wp-content\/uploads\/2025\/03\/Forging-Spur-Gear-heavy-machinery-2.webp 1024w, https:\/\/fmp-components.com\/wp-content\/uploads\/2025\/03\/Forging-Spur-Gear-heavy-machinery-2-980x980.webp 980w, https:\/\/fmp-components.com\/wp-content\/uploads\/2025\/03\/Forging-Spur-Gear-heavy-machinery-2-480x480.webp 480w\" sizes=\"(min-width: 0px) and (max-width: 480px) 480px, (min-width: 481px) and (max-width: 980px) 980px, (min-width: 981px) 1024px, 100vw\" \/><\/td>\n<td style=\"width: 56.2581%;\" align=\"right\" width=\"81\"><img loading=\"lazy\" decoding=\"async\" class=\"size-full wp-image-7429 aligncenter\" src=\"https:\/\/fmp-components.com\/wp-content\/uploads\/2025\/03\/Forging-Spur-Gear-heavy-machinery-1.webp\" alt=\"Forjamento de engrenagens cil\u00edndricas de dentes retos para m\u00e1quinas pesadas\" width=\"1024\" height=\"768\" title=\"\" srcset=\"https:\/\/fmp-components.com\/wp-content\/uploads\/2025\/03\/Forging-Spur-Gear-heavy-machinery-1.webp 1024w, https:\/\/fmp-components.com\/wp-content\/uploads\/2025\/03\/Forging-Spur-Gear-heavy-machinery-1-980x735.webp 980w, https:\/\/fmp-components.com\/wp-content\/uploads\/2025\/03\/Forging-Spur-Gear-heavy-machinery-1-480x360.webp 480w\" sizes=\"(min-width: 0px) and (max-width: 480px) 480px, (min-width: 481px) and (max-width: 980px) 980px, (min-width: 981px) 1024px, 100vw\" \/><\/td>\n<\/tr>\n<\/tbody>\n<\/table>\n<h4>Excel\u00eancia t\u00e9cnica em cada engrenagem<\/h4>\n<p class=\"break-words\">Nossas capacidades abrangem eixos de engrenagem de grande porte e forjados personalizados, como nossos eixos de engrenagem cil\u00edndrica de grande m\u00f3dulo, fabricados com materiais como 35#, 45#, 40Cr ou 42CrMo. Esses componentes, com di\u00e2metros de at\u00e9 1850 mm e comprimentos que chegam a 12 metros, s\u00e3o amplamente utilizados em transmiss\u00f5es, variadores de velocidade e sistemas rotativos para equipamentos civis e industriais. Com uma precis\u00e3o de usinagem de 0,01 mm e testes rigorosos (ultrass\u00f4nicos, magn\u00e9ticos, de tra\u00e7\u00e3o e de penetra\u00e7\u00e3o), garantimos que cada engrenagem atenda a padr\u00f5es internacionais como DIN, GB e ISO.<\/p>\n<h4>Exemplos do mundo real<\/h4>\n<ul class=\"marker:text-secondary\">\n<li class=\"break-words\">Uma engrenagem cil\u00edndrica de dentes retos de 4,5 kg, forjada em a\u00e7o 8620, atinge uma forma quase final com uma alma de espessura final e um m\u00ednimo de material excedente nos dentes, pronta para acabamento em aplica\u00e7\u00f5es como transmiss\u00f5es automotivas.<\/li>\n<li class=\"break-words\">Um volante automotivo de 11 kg, forjado em ferro fundido cinzento de grau 40 a 955\u00b0C com 271.000 J, atende a toler\u00e2ncias rigorosas para uso imediato.<\/li>\n<li class=\"break-words\">Nossa engrenagem cil\u00edndrica de dentes retos de 600 mm em a\u00e7o 40CrMn, projetada para moinhos de bolas, demonstra nossa capacidade de forjar engrenagens grandes e de alto desempenho para m\u00e1quinas pesadas, com tratamentos de superf\u00edcie como t\u00eampera ou polimento dispon\u00edveis mediante solicita\u00e7\u00e3o.<\/li>\n<\/ul>\n<p class=\"break-words\">Na FMP, combinamos a forja de precis\u00e3o com a capacidade de lidar com exig\u00eancias de alta resist\u00eancia, garantindo que nossas engrenagens ofere\u00e7am confiabilidade e desempenho incompar\u00e1veis.<\/p>\n<table style=\"border-collapse: collapse; width: 99.875%; height: 99px;\" border=\"0\" width=\"160\" cellspacing=\"0\" cellpadding=\"0\">\n<tbody>\n<tr style=\"height: 14.40pt;\">\n<td style=\"height: 14.40pt; width: 48.00pt;\" align=\"right\" width=\"80\" height=\"24\"><img loading=\"lazy\" decoding=\"async\" class=\"size-full wp-image-7430 aligncenter\" src=\"https:\/\/fmp-components.com\/wp-content\/uploads\/2025\/03\/Forging-Spur-Gear-heavy-machinery-7.webp\" alt=\"Forjamento de engrenagens cil\u00edndricas de dentes retos para m\u00e1quinas pesadas\" width=\"680\" height=\"680\" title=\"\" srcset=\"https:\/\/fmp-components.com\/wp-content\/uploads\/2025\/03\/Forging-Spur-Gear-heavy-machinery-7.webp 680w, https:\/\/fmp-components.com\/wp-content\/uploads\/2025\/03\/Forging-Spur-Gear-heavy-machinery-7-480x480.webp 480w\" sizes=\"(min-width: 0px) and (max-width: 480px) 480px, (min-width: 481px) 680px, 100vw\" \/><\/td>\n<td style=\"width: 48.00pt;\" align=\"right\" width=\"80\"><img loading=\"lazy\" decoding=\"async\" class=\"size-full wp-image-7431 aligncenter\" src=\"https:\/\/fmp-components.com\/wp-content\/uploads\/2025\/03\/Forging-Spur-Gear-heavy-machinery-6.webp\" alt=\"Forjamento de engrenagens cil\u00edndricas de dentes retos para m\u00e1quinas pesadas\" width=\"680\" height=\"680\" title=\"\" srcset=\"https:\/\/fmp-components.com\/wp-content\/uploads\/2025\/03\/Forging-Spur-Gear-heavy-machinery-6.webp 680w, https:\/\/fmp-components.com\/wp-content\/uploads\/2025\/03\/Forging-Spur-Gear-heavy-machinery-6-480x480.webp 480w\" sizes=\"(min-width: 0px) and (max-width: 480px) 480px, (min-width: 481px) 680px, 100vw\" \/><\/td>\n<\/tr>\n<\/tbody>\n<\/table>\n<\/div>","protected":false},"excerpt":{"rendered":"<p>Forging Spur Gears: Precision Manufacturing by FMP Company for Italy and Beyond When it comes to producing high-quality spur gears, forging remains a time-honored and advanced manufacturing technique. At FMP Company, we specialize in crafting forging spur gears that meet the diverse needs of industries across Italy\u2014from Milan\u2019s automotive hubs to Venice\u2019s engineering workshops, Florence\u2019s [&hellip;]<\/p>","protected":false},"featured_media":7422,"comment_status":"open","ping_status":"closed","template":"","meta":{"_et_pb_use_builder":"","_et_pb_old_content":"","_et_gb_content_width":""},"product_brand":[],"product_cat":[109],"product_tag":[],"class_list":{"0":"post-7420","1":"product","2":"type-product","3":"status-publish","4":"has-post-thumbnail","6":"product_cat-spur-gear","8":"first","9":"instock","10":"shipping-taxable","11":"product-type-simple"},"_links":{"self":[{"href":"https:\/\/fmp-components.com\/pt\/wp-json\/wp\/v2\/product\/7420","targetHints":{"allow":["GET"]}}],"collection":[{"href":"https:\/\/fmp-components.com\/pt\/wp-json\/wp\/v2\/product"}],"about":[{"href":"https:\/\/fmp-components.com\/pt\/wp-json\/wp\/v2\/types\/product"}],"replies":[{"embeddable":true,"href":"https:\/\/fmp-components.com\/pt\/wp-json\/wp\/v2\/comments?post=7420"}],"wp:featuredmedia":[{"embeddable":true,"href":"https:\/\/fmp-components.com\/pt\/wp-json\/wp\/v2\/media\/7422"}],"wp:attachment":[{"href":"https:\/\/fmp-components.com\/pt\/wp-json\/wp\/v2\/media?parent=7420"}],"wp:term":[{"taxonomy":"product_brand","embeddable":true,"href":"https:\/\/fmp-components.com\/pt\/wp-json\/wp\/v2\/product_brand?post=7420"},{"taxonomy":"product_cat","embeddable":true,"href":"https:\/\/fmp-components.com\/pt\/wp-json\/wp\/v2\/product_cat?post=7420"},{"taxonomy":"product_tag","embeddable":true,"href":"https:\/\/fmp-components.com\/pt\/wp-json\/wp\/v2\/product_tag?post=7420"}],"curies":[{"name":"wp","href":"https:\/\/api.w.org\/{rel}","templated":true}]}}