{"id":7391,"date":"2025-03-25T02:52:39","date_gmt":"2025-03-25T02:52:39","guid":{"rendered":"https:\/\/fmp-components.com\/?post_type=product&#038;p=7391"},"modified":"2025-03-26T08:40:15","modified_gmt":"2025-03-26T08:40:15","slug":"automotive-spur-gear","status":"publish","type":"product","link":"https:\/\/fmp-components.com\/pt\/product\/automotive-spur-gear\/","title":{"rendered":"Engrenagem reta automotiva"},"content":{"rendered":"<div class=\"message-bubble rounded-3xl prose dark:prose-invert break-words text-primary min-h-7 prose-p:opacity-95 prose-strong:opacity-100 bg-foreground border border-input-border max-w-[100%] sm:max-w-[90%] px-4 py-2.5 rounded-br-lg\" dir=\"auto\">\n<div>\n<h2>O papel das engrenagens cil\u00edndricas na engenharia automotiva<\/h2>\n<p class=\"break-words\">As engrenagens cil\u00edndricas de dentes retos s\u00e3o um pilar da engenharia automotiva, impulsionando a efici\u00eancia, a confiabilidade e a inova\u00e7\u00e3o em diversos sistemas mec\u00e2nicos de ve\u00edculos. Conhecidas por seu design simples e desempenho robusto, as engrenagens cil\u00edndricas de dentes retos s\u00e3o amplamente utilizadas em aplica\u00e7\u00f5es automotivas em toda a It\u00e1lia \u2014 das ruas movimentadas de Mil\u00e3o \u00e0s estradas panor\u00e2micas de Veneza, Floren\u00e7a e Bolonha. Na FMP Company, somos especializados na produ\u00e7\u00e3o de engrenagens cil\u00edndricas de dentes retos automotivas de alta qualidade, projetadas para atender \u00e0s diversas necessidades da ind\u00fastria, incluindo solu\u00e7\u00f5es personalizadas para clientes na It\u00e1lia e em outros pa\u00edses.<\/p>\n<p><img loading=\"lazy\" decoding=\"async\" class=\"size-full wp-image-7397 aligncenter\" src=\"https:\/\/fmp-components.com\/wp-content\/uploads\/2025\/03\/Automotive-Spur-Gear.webp\" alt=\"Engrenagem cil\u00edndrica automotiva\" width=\"1114\" height=\"918\" title=\"\" srcset=\"https:\/\/fmp-components.com\/wp-content\/uploads\/2025\/03\/Automotive-Spur-Gear.webp 1114w, https:\/\/fmp-components.com\/wp-content\/uploads\/2025\/03\/Automotive-Spur-Gear-980x808.webp 980w, https:\/\/fmp-components.com\/wp-content\/uploads\/2025\/03\/Automotive-Spur-Gear-480x396.webp 480w\" sizes=\"(min-width: 0px) and (max-width: 480px) 480px, (min-width: 481px) and (max-width: 980px) 980px, (min-width: 981px) 1114px, 100vw\" \/><\/p>\n<h2>Especifica\u00e7\u00e3o<\/h2>\n<\/div>\n<\/div>\n<p>Dimens\u00f5es: \u03a63mm - \u03a6120mm<br \/>\nM\u00f3dulo: M0.15-M2.2<br \/>\nTipo de material: Metal, bronze, a\u00e7o, liga met\u00e1lica, zinco, alum\u00ednio, ferro, a\u00e7o inoxid\u00e1vel, lat\u00e3o, cobre, conforme solicitado pelo cliente.<\/p>\n<div class=\"table-responsive\">\n<table class=\"table\" style=\"width: 102%; height: 289px;\" border=\"1\">\n<tbody>\n<tr style=\"height: 24px;\">\n<td style=\"height: 24px;\" colspan=\"2\">Engrenagem reta automotiva<\/td>\n<\/tr>\n<tr style=\"height: 24px;\">\n<td style=\"height: 24px;\">Dimens\u00e3o<\/td>\n<td style=\"height: 24px;\">\u03a616mm<\/td>\n<\/tr>\n<tr style=\"height: 49px;\">\n<td style=\"height: 49px;\">M\u00f3dulo<\/td>\n<td style=\"height: 49px;\">M0,15, M0,2, M0,25-M0,8,<br \/>\nM1.0<\/td>\n<\/tr>\n<tr style=\"height: 24px;\">\n<td style=\"height: 24px;\">Tipo de material<\/td>\n<td style=\"height: 24px;\">Metal, bronze, a\u00e7o, liga, POM, zinco, alum\u00ednio, ferro, a\u00e7o inoxid\u00e1vel, lat\u00e3o, cobre<\/td>\n<\/tr>\n<tr style=\"height: 24px;\">\n<td style=\"height: 24px;\">Grau de malha<\/td>\n<td style=\"height: 24px;\">GB 6, ISO 6, JGMA 1, JIS 6, AGMA 13, DIN 6, AGMA12<\/td>\n<\/tr>\n<tr style=\"height: 24px;\">\n<td style=\"height: 24px;\">Aplicativo<\/td>\n<td style=\"height: 24px;\">Medicina, Automotivo, Militar, Aeron\u00e1utico, Mec\u00e2nico.<\/td>\n<\/tr>\n<tr style=\"height: 24px;\">\n<td style=\"height: 24px;\">Personalizado<\/td>\n<td style=\"height: 24px;\">ODM\/OEM<\/td>\n<\/tr>\n<tr style=\"height: 24px;\">\n<td style=\"height: 24px;\">Amostra<\/td>\n<td style=\"height: 24px;\">Amostra dispon\u00edvel<\/td>\n<\/tr>\n<tr style=\"height: 24px;\">\n<td style=\"height: 24px;\">Modos de embalagem<\/td>\n<td style=\"height: 24px;\">Embalado a v\u00e1cuo com bandeja de pl\u00e1stico<\/td>\n<\/tr>\n<tr style=\"height: 24px;\">\n<td style=\"height: 24px;\">Modos de entrega<\/td>\n<td style=\"height: 24px;\">DHL e TNT e FedEx e UPS<\/td>\n<\/tr>\n<tr style=\"height: 24px;\">\n<td style=\"height: 24px;\">Certificado<\/td>\n<td style=\"height: 24px;\">ISO 9001: 2008\/TS16949.<\/td>\n<\/tr>\n<\/tbody>\n<\/table>\n<div>\n<h4>Transmiss\u00e3o de pot\u00eancia: o cora\u00e7\u00e3o do movimento automotivo<\/h4>\n<p class=\"break-words\">No mundo automotivo, as engrenagens cil\u00edndricas s\u00e3o essenciais para a transmiss\u00e3o de pot\u00eancia. Elas transferem com efici\u00eancia o movimento rotacional e o torque do motor para componentes como a transmiss\u00e3o, o diferencial e as rodas. Seja percorrendo as estradas sinuosas da Toscana ou a expans\u00e3o urbana de Mil\u00e3o, as engrenagens cil\u00edndricas garantem uma entrega de pot\u00eancia suave, permitindo que os ve\u00edculos avancem ou recuem com precis\u00e3o. Na FMP, nossas engrenagens cil\u00edndricas automotivas s\u00e3o projetadas para durabilidade e desempenho, auxiliando fabricantes em toda a It\u00e1lia na cria\u00e7\u00e3o de ve\u00edculos confi\u00e1veis.<\/p>\n<h4>Redu\u00e7\u00e3o de Engrenagens: Otimizando o Desempenho e a Efici\u00eancia<\/h4>\n<p class=\"break-words\">As engrenagens cil\u00edndricas de dentes retos s\u00e3o essenciais em sistemas de redu\u00e7\u00e3o de marchas, um processo vital para equilibrar velocidade e torque em autom\u00f3veis. Ao ajustar as rela\u00e7\u00f5es de transmiss\u00e3o, as engrenagens cil\u00edndricas transformam a pot\u00eancia de alta rota\u00e7\u00e3o e baixo torque do motor na pot\u00eancia de baixa rota\u00e7\u00e3o e alto torque necess\u00e1ria nas rodas. Isso melhora a efici\u00eancia de combust\u00edvel e o desempenho do motor \u2014 prioridades fundamentais para motoristas em cidades ecologicamente conscientes como Floren\u00e7a e Bolonha. As engrenagens cil\u00edndricas de dentes retos fabricadas com precis\u00e3o pela FMP garantem uma redu\u00e7\u00e3o de marchas ideal, ajudando as montadoras italianas a atender aos rigorosos padr\u00f5es de efici\u00eancia.<\/p>\n<h4>Sistemas de transmiss\u00e3o: possibilitando trocas de marcha suaves<\/h4>\n<p class=\"break-words\">De transmiss\u00f5es manuais a autom\u00e1ticas, as engrenagens helicoidais s\u00e3o parte integrante dos sistemas de transmiss\u00e3o. Em sistemas manuais, elas acoplam diferentes engrenagens ao eixo de entrada para trocas de marcha suaves, enquanto em sistemas autom\u00e1ticos, contribuem para as configura\u00e7\u00f5es de engrenagens planet\u00e1rias, garantindo transi\u00e7\u00f5es perfeitas. Seja voc\u00ea um mec\u00e2nico em Veneza ou um engenheiro em Mil\u00e3o, a FMP oferece uma gama de engrenagens helicoidais projetadas para aumentar a confiabilidade da transmiss\u00e3o e o conforto do motorista.<\/p>\n<div>\n<h3>FMP Company: Seu parceiro de confian\u00e7a para engrenagens cil\u00edndricas de dentes retos automotivas na It\u00e1lia.<\/h3>\n<p class=\"break-words\">Na FMP Company, orgulhamo-nos de fabricar uma ampla gama de engrenagens cil\u00edndricas de dentes retos para a ind\u00fastria automotiva, desde modelos padr\u00e3o at\u00e9 solu\u00e7\u00f5es totalmente personalizadas. Atendendo clientes em toda a It\u00e1lia \u2014 seja em Mil\u00e3o, Veneza, Floren\u00e7a ou Bolonha \u2014 satisfazemos as diversas necessidades do setor automotivo com precis\u00e3o e expertise. Nosso processo de produ\u00e7\u00e3o incorpora t\u00e9cnicas avan\u00e7adas, como retifica\u00e7\u00e3o e brunimento de engrenagens, para garantir precis\u00e3o e resist\u00eancia superiores, tornando nossas engrenagens a escolha ideal para os engenheiros italianos.<\/p>\n<p class=\"break-words\">Se voc\u00ea n\u00e3o encontrar o espec\u00edfico <a href=\"https:\/\/fmp-components.com\/pt\/spur-gear-2\/\">engrenagem cil\u00edndrica<\/a> Se voc\u00ea n\u00e3o encontrar o modelo que precisa em nossa lista de produtos, n\u00e3o se preocupe \u2014 isso significa apenas que ainda n\u00e3o tivemos a oportunidade de adicion\u00e1-lo ao nosso cat\u00e1logo. Aceitamos encomendas personalizadas e convidamos voc\u00ea a... <strong>envie-nos um e-mail<\/strong> Com base nas suas necessidades, nossos engenheiros qualificados responder\u00e3o em breve. <strong>24 horas<\/strong>, oferecendo solu\u00e7\u00f5es personalizadas para atender \u00e0s suas necessidades.<\/p>\n<\/div>\n<\/div>\n<\/div>","protected":false},"excerpt":{"rendered":"<p>O Papel das Engrenagens Cil\u00edndricas na Engenharia Automotiva As engrenagens cil\u00edndricas s\u00e3o um pilar da engenharia automotiva, impulsionando a efici\u00eancia, a confiabilidade e a inova\u00e7\u00e3o em diversos sistemas mec\u00e2nicos de ve\u00edculos. Conhecidas por seu design simples e desempenho robusto, as engrenagens cil\u00edndricas s\u00e3o amplamente utilizadas em aplica\u00e7\u00f5es automotivas em toda a It\u00e1lia \u2014 das ruas movimentadas de Mil\u00e3o \u00e0s estradas panor\u00e2micas de [\u2026]<\/p>","protected":false},"featured_media":4606,"comment_status":"open","ping_status":"closed","template":"","meta":{"_et_pb_use_builder":"","_et_pb_old_content":"","_et_gb_content_width":""},"product_brand":[],"product_cat":[109],"product_tag":[],"class_list":{"0":"post-7391","1":"product","2":"type-product","3":"status-publish","4":"has-post-thumbnail","6":"product_cat-spur-gear","8":"first","9":"instock","10":"shipping-taxable","11":"product-type-simple"},"_links":{"self":[{"href":"https:\/\/fmp-components.com\/pt\/wp-json\/wp\/v2\/product\/7391","targetHints":{"allow":["GET"]}}],"collection":[{"href":"https:\/\/fmp-components.com\/pt\/wp-json\/wp\/v2\/product"}],"about":[{"href":"https:\/\/fmp-components.com\/pt\/wp-json\/wp\/v2\/types\/product"}],"replies":[{"embeddable":true,"href":"https:\/\/fmp-components.com\/pt\/wp-json\/wp\/v2\/comments?post=7391"}],"wp:featuredmedia":[{"embeddable":true,"href":"https:\/\/fmp-components.com\/pt\/wp-json\/wp\/v2\/media\/4606"}],"wp:attachment":[{"href":"https:\/\/fmp-components.com\/pt\/wp-json\/wp\/v2\/media?parent=7391"}],"wp:term":[{"taxonomy":"product_brand","embeddable":true,"href":"https:\/\/fmp-components.com\/pt\/wp-json\/wp\/v2\/product_brand?post=7391"},{"taxonomy":"product_cat","embeddable":true,"href":"https:\/\/fmp-components.com\/pt\/wp-json\/wp\/v2\/product_cat?post=7391"},{"taxonomy":"product_tag","embeddable":true,"href":"https:\/\/fmp-components.com\/pt\/wp-json\/wp\/v2\/product_tag?post=7391"}],"curies":[{"name":"wp","href":"https:\/\/api.w.org\/{rel}","templated":true}]}}