{"id":7390,"date":"2025-03-25T02:48:22","date_gmt":"2025-03-25T02:48:22","guid":{"rendered":"https:\/\/fmp-components.com\/?post_type=product&#038;p=7390"},"modified":"2025-03-26T08:40:29","modified_gmt":"2025-03-26T08:40:29","slug":"tractor-spur-gears","status":"publish","type":"product","link":"https:\/\/fmp-components.com\/pt\/product\/tractor-spur-gears\/","title":{"rendered":"Engrenagens de dentes retos para tratores"},"content":{"rendered":"<div>\n<h3>O papel das engrenagens cil\u00edndricas em tratores<\/h3>\n<p class=\"break-words\">Quando se trata das m\u00e1quinas robustas que impulsionam o cora\u00e7\u00e3o agr\u00edcola da It\u00e1lia \u2014 como os campos f\u00e9rteis perto de Mil\u00e3o, as colinas onduladas da Toscana em torno de Floren\u00e7a ou as plan\u00edcies produtivas de Bolonha \u2014 os tratores s\u00e3o indispens\u00e1veis. No centro dessas m\u00e1quinas reside um componente cr\u00edtico: o <a href=\"https:\/\/fmp-components.com\/pt\/spur-gear-2\/\">engrenagem cil\u00edndrica<\/a>Como fabricante l\u00edder de engrenagens cil\u00edndricas de alta qualidade, a FMP Company orgulha-se de apoiar ind\u00fastrias em toda a It\u00e1lia, de Veneza a Floren\u00e7a, com solu\u00e7\u00f5es de engenharia de precis\u00e3o adaptadas a aplica\u00e7\u00f5es em tratores e muito mais.<\/p>\n<table style=\"border-collapse: collapse; width: 97.3608%; height: 31px;\" border=\"0\" width=\"243\" cellspacing=\"0\" cellpadding=\"0\">\n<tbody>\n<tr style=\"height: 14.40pt;\">\n<td style=\"height: 14.40pt; width: 48.60pt;\" align=\"right\" width=\"81\" height=\"24\">\u00a0<img loading=\"lazy\" decoding=\"async\" class=\"size-full wp-image-7393 aligncenter\" src=\"https:\/\/fmp-components.com\/wp-content\/uploads\/2025\/03\/spur-gear-in-tractor-2.webp\" alt=\"engrenagem cil\u00edndrica em trator\" width=\"800\" height=\"800\" title=\"\" srcset=\"https:\/\/fmp-components.com\/wp-content\/uploads\/2025\/03\/spur-gear-in-tractor-2.webp 800w, https:\/\/fmp-components.com\/wp-content\/uploads\/2025\/03\/spur-gear-in-tractor-2-480x480.webp 480w\" sizes=\"(min-width: 0px) and (max-width: 480px) 480px, (min-width: 481px) 800px, 100vw\" \/><\/td>\n<td style=\"width: 48.60pt;\" align=\"right\" width=\"81\"><img loading=\"lazy\" decoding=\"async\" class=\"size-full wp-image-7394 aligncenter\" src=\"https:\/\/fmp-components.com\/wp-content\/uploads\/2025\/03\/spur-gear-in-tractor-3.webp\" alt=\"engrenagem cil\u00edndrica em trator\" width=\"800\" height=\"800\" title=\"\" srcset=\"https:\/\/fmp-components.com\/wp-content\/uploads\/2025\/03\/spur-gear-in-tractor-3.webp 800w, https:\/\/fmp-components.com\/wp-content\/uploads\/2025\/03\/spur-gear-in-tractor-3-480x480.webp 480w\" sizes=\"(min-width: 0px) and (max-width: 480px) 480px, (min-width: 481px) 800px, 100vw\" \/><\/td>\n<td style=\"width: 48.60pt;\" align=\"right\" width=\"81\"><img loading=\"lazy\" decoding=\"async\" class=\"size-full wp-image-7392 aligncenter\" src=\"https:\/\/fmp-components.com\/wp-content\/uploads\/2025\/03\/spur-gear-in-tractor-1.webp\" alt=\"engrenagem cil\u00edndrica em trator\" width=\"800\" height=\"800\" title=\"\" srcset=\"https:\/\/fmp-components.com\/wp-content\/uploads\/2025\/03\/spur-gear-in-tractor-1.webp 800w, https:\/\/fmp-components.com\/wp-content\/uploads\/2025\/03\/spur-gear-in-tractor-1-480x480.webp 480w\" sizes=\"(min-width: 0px) and (max-width: 480px) 480px, (min-width: 481px) 800px, 100vw\" \/><\/td>\n<\/tr>\n<\/tbody>\n<\/table>\n<\/div>\n<h3>Especifica\u00e7\u00f5es<\/h3>\n<table style=\"width: 103.5%; height: 281px;\" border=\"1\">\n<tbody>\n<tr>\n<td style=\"width: 33.1311%;\"><strong>Nome do produto<\/strong><\/td>\n<td style=\"width: 66.1408%;\">Engrenagem helicoidal de trator com 17 dentes<\/td>\n<\/tr>\n<tr>\n<td style=\"width: 33.1311%;\"><strong>Aplicativo\u00a0<\/strong><\/td>\n<td style=\"width: 66.1408%;\">Trator<\/td>\n<\/tr>\n<tr>\n<td style=\"width: 33.1311%;\"><strong>Materiais<\/strong><\/td>\n<td style=\"width: 66.1408%;\">A\u00e7o<\/td>\n<\/tr>\n<tr>\n<td style=\"width: 33.1311%;\"><strong>Tamanho<\/strong><\/td>\n<td style=\"width: 66.1408%;\">5cm*9cm*9cm<\/td>\n<\/tr>\n<tr>\n<td style=\"width: 33.1311%;\"><strong>Peso<\/strong><\/td>\n<td style=\"width: 66.1408%;\">0,87 kg<\/td>\n<\/tr>\n<tr>\n<td style=\"width: 33.1311%;\"><strong>OEM\u00a0<\/strong><\/td>\n<td style=\"width: 66.1408%;\">50-1701212A<\/td>\n<\/tr>\n<tr>\n<td style=\"width: 33.1311%;\"><strong>MOQ<\/strong><\/td>\n<td style=\"width: 66.1408%;\">30<\/td>\n<\/tr>\n<tr>\n<td style=\"width: 33.1311%;\"><strong>Di\u00e2metro<\/strong><\/td>\n<td style=\"width: 66.1408%;\">9 cm<\/td>\n<\/tr>\n<tr>\n<td style=\"width: 33.1311%;\"><strong>Qualidade<\/strong><\/td>\n<td style=\"width: 66.1408%;\">100%testado<\/td>\n<\/tr>\n<tr>\n<td style=\"width: 33.1311%;\"><strong>Embalagem<\/strong><\/td>\n<td style=\"width: 66.1408%;\">Caixa<\/td>\n<\/tr>\n<\/tbody>\n<\/table>\n<div>\n<h2>Engrenagens cil\u00edndricas de dentes retos em m\u00e1quinas tratoras<\/h2>\n<p class=\"break-words\">Em tratores, as engrenagens cil\u00edndricas desempenham um papel fundamental no sistema de transmiss\u00e3o, garantindo a entrega suave de pot\u00eancia do motor \u00e0s rodas. Por exemplo, nossas engrenagens cil\u00edndricas, como as utilizadas em pe\u00e7as metal\u00fargicas para m\u00e1quinas agr\u00edcolas e tratores, s\u00e3o projetadas com precis\u00e3o (exatid\u00e3o ISO 6) para suportar as condi\u00e7\u00f5es exigentes do trabalho agr\u00edcola. Veja como elas contribuem:<\/p>\n<ul class=\"marker:text-secondary\">\n<li class=\"break-words\"><strong>Transmiss\u00e3o de energia<\/strong>As engrenagens cil\u00edndricas de dentes retos transferem com efici\u00eancia a energia rotacional entre eixos paralelos, acionando as rodas e os implementos do trator.<\/li>\n<li class=\"break-words\"><strong>Durabilidade<\/strong>Fabricadas com materiais robustos como o a\u00e7o 16MnCrN5 e tratadas termicamente por cementa\u00e7\u00e3o at\u00e9 atingirem uma dureza de 58-62 HRC, nossas engrenagens resistem ao desgaste de tarefas pesadas.<\/li>\n<li class=\"break-words\"><strong>Precis\u00e3o<\/strong>Com um m\u00f3dulo de 4,6 e um \u00e2ngulo de press\u00e3o de 20\u00b0, nossas engrenagens cil\u00edndricas de dentes retos apresentam modifica\u00e7\u00f5es de perfil e passo (otimizadas por diagrama K) para ru\u00eddo m\u00ednimo e efici\u00eancia m\u00e1xima.<\/li>\n<\/ul>\n<p class=\"break-words\">Dos vinhedos de Floren\u00e7a aos polos industriais de Mil\u00e3o, os agricultores e fabricantes italianos contam com tratores equipados com engrenagens helicoidais confi\u00e1veis \u200b\u200bpara manter a produtividade. Seja arando os campos perto de Bolonha ou transportando mercadorias em Veneza, essas engrenagens garantem um desempenho consistente.<\/p>\n<div>\n<h4>Por que escolher a FMP Company para engrenagens cil\u00edndricas de dentes retos?<\/h4>\n<p class=\"break-words\">Na FMP, somos especializados na produ\u00e7\u00e3o de uma ampla gama de engrenagens cil\u00edndricas de dentes retos, adequadas a diversos setores, incluindo o agr\u00edcola. Nossa linha de produtos inclui modelos padr\u00e3o, bem como op\u00e7\u00f5es totalmente personaliz\u00e1veis \u200b\u200bpara atender \u00e0s suas necessidades espec\u00edficas. Com base em anos de experi\u00eancia, atendemos clientes em toda a It\u00e1lia, garantindo que empresas em Mil\u00e3o, Veneza, Floren\u00e7a, Bolonha e outras cidades tenham acesso a componentes de alta qualidade.<\/p>\n<ul class=\"marker:text-secondary\">\n<li class=\"break-words\"><strong>Variedade<\/strong>Fabricamos engrenagens cil\u00edndricas de dentes retos para tratores, equipamentos metal\u00fargicos e muito mais, todas produzidas com precis\u00e3o e cuidado.<\/li>\n<li class=\"break-words\"><strong>Personaliza\u00e7\u00e3o<\/strong>Precisa de uma engrenagem exclusiva para o seu trator? Aceitamos encomendas personalizadas para atender \u00e0s suas especifica\u00e7\u00f5es exatas.<\/li>\n<li class=\"break-words\"><strong>Apoiar<\/strong>Se voc\u00ea n\u00e3o encontrar o modelo que precisa em nossa lista de produtos, n\u00e3o se preocupe! Ele pode ainda n\u00e3o ter sido adicionado. Basta nos enviar um e-mail com suas necessidades e nossos engenheiros responder\u00e3o em at\u00e9 24 horas com uma solu\u00e7\u00e3o.<\/li>\n<\/ul>\n<p class=\"break-words\">O setor agr\u00edcola italiano prospera com base na inova\u00e7\u00e3o e na confiabilidade, e a FMP orgulha-se de contribuir para esse legado. Na FMP, estamos comprometidos em impulsionar o seu sucesso \u2014 uma engrenagem de cada vez.<\/p>\n<\/div>\n<\/div>","protected":false},"excerpt":{"rendered":"<p>The Role of Spur Gears in Tractors When it comes to the robust machinery powering Italy\u2019s agricultural heartlands\u2014such as the fertile fields near Milan, the rolling hills of Tuscany around Florence, or the productive plains of Bologna\u2014tractors are indispensable. At the core of these machines lies a critical component: the spur gear. As a leading [&hellip;]<\/p>","protected":false},"featured_media":7393,"comment_status":"open","ping_status":"closed","template":"","meta":{"_et_pb_use_builder":"","_et_pb_old_content":"","_et_gb_content_width":""},"product_brand":[],"product_cat":[109],"product_tag":[],"class_list":{"0":"post-7390","1":"product","2":"type-product","3":"status-publish","4":"has-post-thumbnail","6":"product_cat-spur-gear","8":"first","9":"instock","10":"shipping-taxable","11":"product-type-simple"},"_links":{"self":[{"href":"https:\/\/fmp-components.com\/pt\/wp-json\/wp\/v2\/product\/7390","targetHints":{"allow":["GET"]}}],"collection":[{"href":"https:\/\/fmp-components.com\/pt\/wp-json\/wp\/v2\/product"}],"about":[{"href":"https:\/\/fmp-components.com\/pt\/wp-json\/wp\/v2\/types\/product"}],"replies":[{"embeddable":true,"href":"https:\/\/fmp-components.com\/pt\/wp-json\/wp\/v2\/comments?post=7390"}],"wp:featuredmedia":[{"embeddable":true,"href":"https:\/\/fmp-components.com\/pt\/wp-json\/wp\/v2\/media\/7393"}],"wp:attachment":[{"href":"https:\/\/fmp-components.com\/pt\/wp-json\/wp\/v2\/media?parent=7390"}],"wp:term":[{"taxonomy":"product_brand","embeddable":true,"href":"https:\/\/fmp-components.com\/pt\/wp-json\/wp\/v2\/product_brand?post=7390"},{"taxonomy":"product_cat","embeddable":true,"href":"https:\/\/fmp-components.com\/pt\/wp-json\/wp\/v2\/product_cat?post=7390"},{"taxonomy":"product_tag","embeddable":true,"href":"https:\/\/fmp-components.com\/pt\/wp-json\/wp\/v2\/product_tag?post=7390"}],"curies":[{"name":"wp","href":"https:\/\/api.w.org\/{rel}","templated":true}]}}