{"id":7380,"date":"2025-03-24T06:05:22","date_gmt":"2025-03-24T06:05:22","guid":{"rendered":"https:\/\/fmp-components.com\/?post_type=product&#038;p=7380"},"modified":"2025-03-26T08:41:57","modified_gmt":"2025-03-26T08:41:57","slug":"plastic-helical-gear","status":"publish","type":"product","link":"https:\/\/fmp-components.com\/pt\/product\/plastic-helical-gear\/","title":{"rendered":"Engrenagem helicoidal de pl\u00e1stico"},"content":{"rendered":"<div>\n<h2>Engrenagens helicoidais de pl\u00e1stico<\/h2>\n<p class=\"break-words\">Quando se trata de transmiss\u00e3o de pot\u00eancia eficiente e opera\u00e7\u00e3o suave, as engrenagens helicoidais de pl\u00e1stico s\u00e3o a principal escolha para ind\u00fastrias em todo o mundo. Conhecidas por seus dentes angulados e funcionamento silencioso, essas engrenagens s\u00e3o cada vez mais populares em aplica\u00e7\u00f5es que v\u00e3o desde sistemas automotivos at\u00e9 m\u00e1quinas industriais. Na FMP Company, somos especializados na fabrica\u00e7\u00e3o de uma ampla gama de engrenagens helicoidais de pl\u00e1stico. <a href=\"https:\/\/fmp-components.com\/pt\/helical-gears\/\">engrenagens helicoidais<\/a>, oferecendo modelos padr\u00e3o e solu\u00e7\u00f5es personalizadas para atender \u00e0s diversas necessidades de empresas em toda a It\u00e1lia \u2014 desde os polos industriais de Mil\u00e3o at\u00e9 as ind\u00fastrias mar\u00edtimas de Veneza.<\/p>\n<h3>Por que engrenagens helicoidais de pl\u00e1stico?<\/h3>\n<p class=\"break-words\">As engrenagens helicoidais de pl\u00e1stico combinam as vantagens do design helicoidal tradicional \u2014 como o engate gradual dos dentes para reduzir o ru\u00eddo e aumentar a capacidade de carga \u2014 com os benef\u00edcios dos materiais pl\u00e1sticos, incluindo resist\u00eancia \u00e0 corros\u00e3o, leveza e custo-benef\u00edcio. Ao contr\u00e1rio das engrenagens met\u00e1licas, as engrenagens helicoidais de pl\u00e1stico s\u00e3o ideais para aplica\u00e7\u00f5es onde a redu\u00e7\u00e3o de peso e o funcionamento silencioso s\u00e3o prioridades, tornando-as essenciais em setores com grande demanda em cidades como Bolonha e Floren\u00e7a.<\/p>\n<\/div>\n<p><img loading=\"lazy\" decoding=\"async\" class=\"alignnone size-full wp-image-7382\" src=\"https:\/\/fmp-components.com\/wp-content\/uploads\/2025\/03\/plastic-helical-gear-2.webp\" alt=\"engrenagem helicoidal de pl\u00e1stico\" width=\"900\" height=\"300\" title=\"\" srcset=\"https:\/\/fmp-components.com\/wp-content\/uploads\/2025\/03\/plastic-helical-gear-2.webp 900w, https:\/\/fmp-components.com\/wp-content\/uploads\/2025\/03\/plastic-helical-gear-2-480x160.webp 480w\" sizes=\"(min-width: 0px) and (max-width: 480px) 480px, (min-width: 481px) 900px, 100vw\" \/><\/p>\n<p>\u3001<\/p>\n<div>\n<h4>Materiais utilizados em engrenagens helicoidais de pl\u00e1stico<\/h4>\n<p class=\"break-words\">O desempenho de uma engrenagem helicoidal de pl\u00e1stico depende muito do material de que \u00e9 feita. Na FMP, utilizamos pol\u00edmeros de alta qualidade, desenvolvidos para aplica\u00e7\u00f5es espec\u00edficas. Abaixo, voc\u00ea encontrar\u00e1 uma tabela com os materiais mais comuns e suas propriedades:<\/p>\n<div class=\"overflow-x-auto my-2\">\n<table style=\"width: 100%;\" border=\"1\" width=\"100%\" cellspacing=\"0\" cellpadding=\"0\">\n<thead class=\"border-b border-primary\/20\">\n<tr class=\"border-primary\/10\">\n<th class=\"break-words\"><strong>Material<\/strong><\/th>\n<th class=\"break-words\"><strong>Propriedades<\/strong><\/th>\n<th class=\"break-words\"><strong>Aplica\u00e7\u00f5es comuns<\/strong><\/th>\n<\/tr>\n<\/thead>\n<tbody>\n<tr class=\"border-primary\/10\">\n<td class=\"break-words\"><strong>Nylon (PA)<\/strong><\/td>\n<td class=\"break-words\">Alta resist\u00eancia, resist\u00eancia ao desgaste, baixo atrito<\/td>\n<td class=\"break-words\">M\u00e1quinas industriais, pe\u00e7as automotivas<\/td>\n<\/tr>\n<tr class=\"border-primary\/10\">\n<td class=\"break-words\"><strong>POM (Acetal)<\/strong><\/td>\n<td class=\"break-words\">Excelente estabilidade dimensional, baixa absor\u00e7\u00e3o de umidade.<\/td>\n<td class=\"break-words\">Engrenagens de precis\u00e3o, bombas, transportadores<\/td>\n<\/tr>\n<tr class=\"border-primary\/10\">\n<td class=\"break-words\"><strong>ESPIAR<\/strong><\/td>\n<td class=\"break-words\">Resist\u00eancia a altas temperaturas, resist\u00eancia qu\u00edmica<\/td>\n<td class=\"break-words\">Aeroespacial, dispositivos m\u00e9dicos<\/td>\n<\/tr>\n<tr class=\"border-primary\/10\">\n<td class=\"break-words\"><strong>Policarbonato (PC)<\/strong><\/td>\n<td class=\"break-words\">Resist\u00eancia a impactos, transpar\u00eancia<\/td>\n<td class=\"break-words\">Eletr\u00f4nicos de consumo, equipamentos leves<\/td>\n<\/tr>\n<tr class=\"border-primary\/10\">\n<td class=\"break-words\"><strong>PP (Polipropileno)<\/strong><\/td>\n<td class=\"break-words\">Leve e resistente a produtos qu\u00edmicos.<\/td>\n<td class=\"break-words\">Sistemas de fluidos, aplica\u00e7\u00f5es de baixa carga<\/td>\n<\/tr>\n<\/tbody>\n<\/table>\n<\/div>\n<p class=\"break-words\">Esses materiais nos permitem fabricar engrenagens que atendem \u00e0s demandas espec\u00edficas das ind\u00fastrias em Mil\u00e3o, onde a engenharia de precis\u00e3o reina, ou em Veneza, onde componentes resistentes \u00e0 corros\u00e3o s\u00e3o essenciais para ambientes mar\u00edtimos.<\/p>\n<h4>Modelos dispon\u00edveis de engrenagens helicoidais de pl\u00e1stico<\/h4>\n<p class=\"break-words\">A FMP Company oferece uma variedade de modelos de engrenagens helicoidais de pl\u00e1stico para atender a diferentes especifica\u00e7\u00f5es. Abaixo, voc\u00ea encontrar\u00e1 uma tabela com alguns de nossos modelos padr\u00e3o, embora nossas capacidades v\u00e3o muito al\u00e9m desta lista:<\/p>\n<div class=\"overflow-x-auto my-2\">\n<table style=\"width: 100%;\" border=\"1\" width=\"100%\" cellspacing=\"0\" cellpadding=\"0\">\n<thead class=\"border-b border-primary\/20\">\n<tr class=\"border-primary\/10\">\n<th class=\"break-words\"><strong>Modelo<\/strong><\/th>\n<th class=\"break-words\"><strong>M\u00f3dulo<\/strong><\/th>\n<th class=\"break-words\"><strong>N\u00famero de dentes<\/strong><\/th>\n<th class=\"break-words\"><strong>\u00c2ngulo de press\u00e3o<\/strong><\/th>\n<th class=\"break-words\"><strong>\u00c2ngulo da h\u00e9lice<\/strong><\/th>\n<th class=\"break-words\"><strong>Op\u00e7\u00f5es de materiais<\/strong><\/th>\n<\/tr>\n<\/thead>\n<tbody>\n<tr class=\"border-primary\/10\">\n<td class=\"break-words\">PHG-101<\/td>\n<td class=\"break-words\">1.0<\/td>\n<td class=\"break-words\">20<\/td>\n<td class=\"break-words\">20\u00b0<\/td>\n<td class=\"break-words\">15\u00b0<\/td>\n<td class=\"break-words\">Nylon, POM<\/td>\n<\/tr>\n<tr class=\"border-primary\/10\">\n<td class=\"break-words\">PHG-152<\/td>\n<td class=\"break-words\">1.5<\/td>\n<td class=\"break-words\">30<\/td>\n<td class=\"break-words\">20\u00b0<\/td>\n<td class=\"break-words\">20\u00b0<\/td>\n<td class=\"break-words\">POM, ESPI\u00c3O<\/td>\n<\/tr>\n<tr class=\"border-primary\/10\">\n<td class=\"break-words\">PHG-203<\/td>\n<td class=\"break-words\">2.0<\/td>\n<td class=\"break-words\">25<\/td>\n<td class=\"break-words\">20\u00b0<\/td>\n<td class=\"break-words\">15\u00b0<\/td>\n<td class=\"break-words\">Nylon, Policarbonato<\/td>\n<\/tr>\n<tr class=\"border-primary\/10\">\n<td class=\"break-words\">PHG-305<\/td>\n<td class=\"break-words\">3.0<\/td>\n<td class=\"break-words\">40<\/td>\n<td class=\"break-words\">20\u00b0<\/td>\n<td class=\"break-words\">25\u00b0<\/td>\n<td class=\"break-words\">PEEK, PP<\/td>\n<\/tr>\n<tr class=\"border-primary\/10\">\n<td class=\"break-words\">PHG-Custom<\/td>\n<td class=\"break-words\">Personalizado<\/td>\n<td class=\"break-words\">Personalizado<\/td>\n<td class=\"break-words\">Personalizado<\/td>\n<td class=\"break-words\">Personalizado<\/td>\n<td class=\"break-words\">Qualquer<\/td>\n<\/tr>\n<\/tbody>\n<\/table>\n<\/div>\n<p class=\"break-words\">Esses modelos foram projetados para atender a uma ampla gama de aplica\u00e7\u00f5es, desde equipamentos de pequena escala em oficinas artesanais de Floren\u00e7a at\u00e9 sistemas robustos em zonas industriais de Bolonha. Cada engrenagem \u00e9 projetada para um desempenho ideal, garantindo transmiss\u00e3o de pot\u00eancia suave e durabilidade.<\/p>\n<div>\n<h3>FMP Company: Seu parceiro em engrenagens helicoidais de pl\u00e1stico na It\u00e1lia.<\/h3>\n<p class=\"break-words\">Na FMP, orgulhamo-nos de ser um dos principais fabricantes de engrenagens helicoidais de pl\u00e1stico na It\u00e1lia. Seja em Mil\u00e3o, Veneza, Floren\u00e7a ou Bolonha, oferecemos:<\/p>\n<ul class=\"marker:text-secondary\">\n<li class=\"break-words\"><strong>Gama diversificada de produtos<\/strong>Desde modelos padr\u00e3o at\u00e9 designs especializados, atendemos a todas as suas necessidades de equipamentos.<\/li>\n<li class=\"break-words\"><strong>Servi\u00e7os de Personaliza\u00e7\u00e3o<\/strong>Precisa de uma engrenagem exclusiva para um projeto espec\u00edfico? Nossa equipe pode projetar e produzir engrenagens helicoidais de pl\u00e1stico personalizadas, feitas sob medida para suas especifica\u00e7\u00f5es exatas.<\/li>\n<li class=\"break-words\"><strong>Conhecimento especializado local<\/strong>Entendemos o panorama industrial da It\u00e1lia, garantindo que nossas solu\u00e7\u00f5es estejam alinhadas \u00e0s necessidades dos mercados locais.<\/li>\n<\/ul>\n<h3>N\u00e3o consegue encontrar o seu modelo?<\/h3>\n<p class=\"break-words\">Se o modelo que voc\u00ea precisa n\u00e3o estiver listado acima, n\u00e3o se preocupe \u2014 nosso cat\u00e1logo de produtos est\u00e1 em constante evolu\u00e7\u00e3o. \u00c9 poss\u00edvel que ainda n\u00e3o tenhamos adicionado os itens mais recentes. Basta nos enviar um e-mail com suas necessidades e nossos engenheiros especializados responder\u00e3o em at\u00e9 24 horas com uma solu\u00e7\u00e3o.<\/p>\n<\/div>\n<\/div>","protected":false},"excerpt":{"rendered":"<p>Plastic Helical Gears When it comes to efficient power transmission and smooth operation, Plastic Helical Gears are a top choice for industries worldwide. Known for their angled teeth and quiet performance, these gears are increasingly popular in applications ranging from automotive systems to industrial machinery. At FMP Company, we specialize in manufacturing a wide range [&hellip;]<\/p>","protected":false},"featured_media":7381,"comment_status":"open","ping_status":"closed","template":"","meta":{"_et_pb_use_builder":"","_et_pb_old_content":"","_et_gb_content_width":""},"product_brand":[],"product_cat":[108],"product_tag":[],"class_list":{"0":"post-7380","1":"product","2":"type-product","3":"status-publish","4":"has-post-thumbnail","6":"product_cat-helical-gear","8":"first","9":"instock","10":"shipping-taxable","11":"product-type-simple"},"_links":{"self":[{"href":"https:\/\/fmp-components.com\/pt\/wp-json\/wp\/v2\/product\/7380","targetHints":{"allow":["GET"]}}],"collection":[{"href":"https:\/\/fmp-components.com\/pt\/wp-json\/wp\/v2\/product"}],"about":[{"href":"https:\/\/fmp-components.com\/pt\/wp-json\/wp\/v2\/types\/product"}],"replies":[{"embeddable":true,"href":"https:\/\/fmp-components.com\/pt\/wp-json\/wp\/v2\/comments?post=7380"}],"wp:featuredmedia":[{"embeddable":true,"href":"https:\/\/fmp-components.com\/pt\/wp-json\/wp\/v2\/media\/7381"}],"wp:attachment":[{"href":"https:\/\/fmp-components.com\/pt\/wp-json\/wp\/v2\/media?parent=7380"}],"wp:term":[{"taxonomy":"product_brand","embeddable":true,"href":"https:\/\/fmp-components.com\/pt\/wp-json\/wp\/v2\/product_brand?post=7380"},{"taxonomy":"product_cat","embeddable":true,"href":"https:\/\/fmp-components.com\/pt\/wp-json\/wp\/v2\/product_cat?post=7380"},{"taxonomy":"product_tag","embeddable":true,"href":"https:\/\/fmp-components.com\/pt\/wp-json\/wp\/v2\/product_tag?post=7380"}],"curies":[{"name":"wp","href":"https:\/\/api.w.org\/{rel}","templated":true}]}}