{"id":7372,"date":"2025-03-24T03:00:29","date_gmt":"2025-03-24T03:00:29","guid":{"rendered":"https:\/\/fmp-components.com\/?post_type=product&#038;p=7372"},"modified":"2025-04-08T02:34:44","modified_gmt":"2025-04-08T02:34:44","slug":"crossed-helical-gear-screw-gear","status":"publish","type":"product","link":"https:\/\/fmp-components.com\/pt\/product\/crossed-helical-gear-screw-gear\/","title":{"rendered":"Engrenagem helicoidal cruzada (engrenagem de parafuso)"},"content":{"rendered":"<div>\n<h2 dir=\"auto\">Engrenagens helicoidais (engrenagens helicoidais cruzadas)<\/h2>\n<p class=\"break-words\" dir=\"auto\">Engrenagens helicoidais, tamb\u00e9m chamadas de engrenagens helicoidais cruzadas, s\u00e3o engrenagens especiais que ajudam a movimentar objetos entre dois eixos (como varetas que giram) que n\u00e3o se tocam e n\u00e3o est\u00e3o alinhados em linha reta. Engrenagens helicoidais comuns para eixos retos t\u00eam o mesmo \u00e2ngulo de tor\u00e7\u00e3o, mas giram em sentidos opostos. Para engrenagens helicoidais, os \u00e2ngulos de tor\u00e7\u00e3o podem ser quaisquer que sejam necess\u00e1rios, e o \u00e2ngulo entre os eixos geralmente \u00e9 a soma dos dois \u00e2ngulos de tor\u00e7\u00e3o. Um \u00e2ngulo comum \u00e9 de 90 graus, como um canto, mas outros \u00e2ngulos tamb\u00e9m podem funcionar. Essas engrenagens se tocam apenas em pontos muito pequenos, n\u00e3o em grandes linhas, portanto, n\u00e3o s\u00e3o t\u00e3o fortes ou eficientes quanto outras engrenagens e n\u00e3o conseguem suportar cargas muito pesadas.<\/p>\n<h3 dir=\"auto\">Como s\u00e3o e como trabalham<\/h3>\n<ul class=\"marker:text-secondary\" dir=\"auto\">\n<li class=\"break-words\"><strong>Olhar<\/strong>As engrenagens helicoidais possuem dentes que giram em espiral sobre um disco redondo. Os dentes podem inclinar-se para a direita ou para a esquerda.<\/li>\n<li class=\"break-words\"><strong>Movimento<\/strong>Quando giram, elas n\u00e3o rolam como outras engrenagens \u2014 elas se torcem como um parafuso entrando na madeira. Isso faz com que elas deslizem umas contra as outras em pequenos pontos, em vez de rolarem suavemente.<\/li>\n<li class=\"break-words\"><strong>Velocidade<\/strong>A velocidade de rota\u00e7\u00e3o depende da quantidade de dentes da engrenagem motora (a que inicia o movimento) em compara\u00e7\u00e3o com a engrenagem movida (a que segue o movimento). \u00c9 simplesmente o n\u00famero de dentes de uma dividido pelo da outra \u2014 sem regras complicadas como em alguns outros tipos de engrenagens!<\/li>\n<\/ul>\n<h3 dir=\"auto\">Materiais e Combina\u00e7\u00e3o<\/h3>\n<ul class=\"marker:text-secondary\" dir=\"auto\">\n<li class=\"break-words\"><strong>Material de que s\u00e3o feitos<\/strong>Se ambas as engrenagens forem do mesmo material, podem sofrer atrito excessivo e riscar-se. Portanto, \u00e9 melhor usar materiais diferentes, como a\u00e7o com pl\u00e1stico ou a\u00e7o inoxid\u00e1vel com bronze.<\/li>\n<li class=\"break-words\"><strong>Escolhas<\/strong>Voc\u00ea pode encontr\u00e1-las em a\u00e7o (resistente), a\u00e7o inoxid\u00e1vel (n\u00e3o enferruja, ideal para m\u00e1quinas de alimentos), bronze-alum\u00ednio (resistente ao desgaste) ou pl\u00e1stico (leve e n\u00e3o precisa de \u00f3leo).<\/li>\n<\/ul>\n<h3 dir=\"auto\">Como funcionam e onde s\u00e3o usados<\/h3>\n<ul class=\"marker:text-secondary\" dir=\"auto\">\n<li class=\"break-words\"><strong>For\u00e7a e Velocidade<\/strong>Elas n\u00e3o s\u00e3o as melhores para carregar coisas pesadas ou girar muito r\u00e1pido por causa do deslizamento constante. Funcionam melhor para trabalhos de m\u00e9dia intensidade.<\/li>\n<li class=\"break-words\"><strong>Empregos<\/strong>Voc\u00ea pode encontr\u00e1-las em m\u00e1quinas que fabricam coisas, movimentam objetos como esteiras transportadoras ou acionam bombas \u2014 coisas que n\u00e3o precisam de muita energia.<\/li>\n<li class=\"break-words\"><strong>\u00d3leo<\/strong>Como deslizam muito, precisam de um \u00f3leo especial (como o \u00f3leo para engrenagens hipoides) para evitar o desgaste prematuro.<\/li>\n<\/ul>\n<h3 dir=\"auto\">Partes boas e partes n\u00e3o t\u00e3o boas<\/h3>\n<ul class=\"marker:text-secondary\" dir=\"auto\">\n<li class=\"break-words\"><strong>Coisas boas<\/strong>S\u00e3o silenciosos quando funcionam e podem ser movidos um pouco para os lados sem comprometer seu funcionamento. S\u00e3o \u00f3timos para eixos que se cruzam, mas n\u00e3o se tocam.<\/li>\n<li class=\"break-words\"><strong>Coisas n\u00e3o t\u00e3o boas<\/strong>O deslizamento torna-os menos eficientes e eles n\u00e3o conseguem suportar grandes cargas porque o contato ocorre apenas em pontos muito pequenos. Al\u00e9m disso, exercem muita for\u00e7a lateral, por isso precisam de suportes robustos.<\/li>\n<\/ul>\n<h3 dir=\"auto\">Tipos e detalhes<\/h3>\n<ul class=\"marker:text-secondary\" dir=\"auto\">\n<li class=\"break-words\"><strong>Tipos<\/strong>Elas v\u00eam em tamanhos chamados m\u00f3dulos 1 a 4, com 10 a 30 dentes. Voc\u00ea pode adicionar furos ou modific\u00e1-las um pouco, se necess\u00e1rio.<\/li>\n<li class=\"break-words\"><strong>\u00c2ngulos de tor\u00e7\u00e3o<\/strong>Geralmente, elas t\u00eam uma tor\u00e7\u00e3o de 45 graus, e voc\u00ea pode combin\u00e1-las de diferentes maneiras \u2014 ambas torcendo no mesmo sentido ou em sentidos opostos \u2014 dependendo de como os eixos est\u00e3o configurados.<\/li>\n<\/ul>\n<p class=\"break-words\" dir=\"auto\">Resumindo, engrenagens helicoidais s\u00e3o \u00f3timas para movimentar objetos entre eixos cruzados de forma silenciosa e f\u00e1cil, mas n\u00e3o s\u00e3o as engrenagens mais resistentes ou r\u00e1pidas, pois deslizam em vez de rolar e s\u00f3 entram em contato em pequenos pontos.<\/p>\n<\/div>\n<h2>Engrenagens Helicoidais Cruzadas (Engrenagens de Parafuso): Engenharia de Precis\u00e3o da FMP Company<\/h2>\n<p>Engrenagens helicoidais cruzadas, comumente conhecidas como engrenagens de parafuso, s\u00e3o um tipo especializado de engrenagem hiperboloide projetada com o prop\u00f3sito \u00fanico de acoplar eixos obl\u00edquos \u2014 eixos que se cruzam sem se interceptar. Ao contr\u00e1rio das engrenagens helicoidais tradicionais, as engrenagens helicoidais cruzadas s\u00e3o projetadas para acoplar eixos obl\u00edquos \u2014 eixos que se cruzam sem se interceptar. <a href=\"https:\/\/fmp-components.com\/pt\/helical-gears\/\">engrenagens helicoidais<\/a> Com eixos paralelos, as engrenagens helicoidais permitem a transmiss\u00e3o de movimento entre eixos n\u00e3o paralelos e n\u00e3o concorrentes, frequentemente em um \u00e2ngulo de 90\u00b0, embora outras configura\u00e7\u00f5es sejam poss\u00edveis. Isso as torna um componente essencial em sistemas mec\u00e2nicos que exigem alinhamentos vers\u00e1teis de eixos. Na It\u00e1lia, onde a inova\u00e7\u00e3o industrial floresce em cidades como Mil\u00e3o, Veneza, Floren\u00e7a e Bolonha, a demanda por engrenagens helicoidais de alta qualidade est\u00e1 em constante crescimento, e a FMP Company orgulha-se de atender a essa necessidade com solu\u00e7\u00f5es de fabrica\u00e7\u00e3o especializada.<\/p>\n<p><img loading=\"lazy\" decoding=\"async\" class=\"wp-image-7376 aligncenter\" src=\"https:\/\/fmp-components.com\/wp-content\/uploads\/2025\/03\/screw-gear-crossed-helical-gear-product-9.webp\" alt=\"engrenagem helicoidal cruzada\" width=\"958\" height=\"239\" title=\"\" srcset=\"https:\/\/fmp-components.com\/wp-content\/uploads\/2025\/03\/screw-gear-crossed-helical-gear-product-9.webp 958w, https:\/\/fmp-components.com\/wp-content\/uploads\/2025\/03\/screw-gear-crossed-helical-gear-product-9-480x120.webp 480w\" sizes=\"(min-width: 0px) and (max-width: 480px) 480px, (min-width: 481px) 958px, 100vw\" \/><\/p>\n<p>As engrenagens helicoidais operam com um movimento helicoidal caracter\u00edstico, em vez de rolamento puro, resultante de seus diferentes \u00e2ngulos de h\u00e9lice (embora com o mesmo sentido de rota\u00e7\u00e3o). Esse movimento deslizante dos flancos, embora exija lubrifica\u00e7\u00e3o especial, como \u00f3leo para engrenagens hipoides, para minimizar o desgaste, oferece vantagens exclusivas, como opera\u00e7\u00e3o silenciosa e flexibilidade axial. Ao contr\u00e1rio das engrenagens helicoidais paralelas, que passam de contato pontual para contato linear, as engrenagens helicoidais cruzadas mant\u00eam o contato pontual, tornando-as ideais para aplica\u00e7\u00f5es com torque e velocidade moderados, como acionamentos para m\u00e1quinas-ferramenta. Comparadas \u00e0s engrenagens sem-fim, que proporcionam maior torque por meio do contato linear, as engrenagens helicoidais se destacam pelo funcionamento mais silencioso \u2014 perfeitas para ind\u00fastrias de precis\u00e3o em centros movimentados como Mil\u00e3o e Floren\u00e7a.<\/p>\n<h2>Especifica\u00e7\u00e3o de engrenagem helicoidal cruzada<\/h2>\n<table class=\"table\" border=\"1\" width=\"100%\" cellspacing=\"0\" cellpadding=\"0\">\n<tbody>\n<tr class=\"firstRow\">\n<td>N\u00famero do modelo<\/td>\n<td>M1, M1.5, M2, M2.5, M3, M4, M5, M8, M12 e etc.<\/td>\n<\/tr>\n<tr>\n<td>Material<\/td>\n<td>Lat\u00e3o, a\u00e7o C45, a\u00e7o inoxid\u00e1vel, cobre, POM, alum\u00ednio, liga e assim por diante<\/td>\n<\/tr>\n<tr>\n<td>Tratamento de superf\u00edcie<\/td>\n<td>Zincagem, Niquelamento, Passiva\u00e7\u00e3o, Oxida\u00e7\u00e3o, Anodiza\u00e7\u00e3o, Geomet, Dacromet, \u00d3xido Preto, Fosfatiza\u00e7\u00e3o, Revestimento em P\u00f3 e Eletroforese.<\/td>\n<\/tr>\n<tr>\n<td>Padr\u00e3o<\/td>\n<td>ISO, DIN, ANSI, JIS, BS e n\u00e3o padronizado.<\/td>\n<\/tr>\n<tr>\n<td>Precis\u00e3o<\/td>\n<td>DIN6, DIN7, DIN8, DIN9.<\/td>\n<\/tr>\n<tr>\n<td>Tratamento dent\u00e1rio<\/td>\n<td>Endurecido, fresado ou mo\u00eddo<\/td>\n<\/tr>\n<tr>\n<td>Toler\u00e2ncia<\/td>\n<td>0,001 mm-0,01 mm-0,1 mm<\/td>\n<\/tr>\n<tr>\n<td>Terminar<\/td>\n<td>jateamento de areia, tratamento t\u00e9rmico, recozimento, t\u00eampera, polimento, anodiza\u00e7\u00e3o, zincagem<\/td>\n<\/tr>\n<tr>\n<td>Embalagem dos itens<\/td>\n<td>Saco pl\u00e1stico + Caixas de papel\u00e3o ou embalagem de madeira<\/td>\n<\/tr>\n<tr>\n<td>Condi\u00e7\u00f5es de pagamento<\/td>\n<td>T\/T, L\/C<\/td>\n<\/tr>\n<tr>\n<td>Prazo de entrega da produ\u00e7\u00e3o<\/td>\n<td>20 dias \u00fateis para a amostra, 25 dias para o pedido em grande quantidade.<\/td>\n<\/tr>\n<tr>\n<td>Amostras<\/td>\n<td>Faixa de pre\u00e7o de amostra de $2 a $100. Solicita\u00e7\u00e3o expressa de amostra paga pelos clientes<\/td>\n<\/tr>\n<tr>\n<td>Aplicativo<\/td>\n<td>1. M\u00e1quinas de controle autom\u00e1tico 2. Ind\u00fastria de semicondutores 3. M\u00e1quinas industriais em geral 4. Equipamentos m\u00e9dicos 5. Equipamentos de energia solar 6. M\u00e1quinas-ferramenta 7. Sistemas de estacionamento 8. Equipamentos para transporte ferrovi\u00e1rio de alta velocidade e avia\u00e7\u00e3o, etc.<\/td>\n<\/tr>\n<\/tbody>\n<\/table>\n<h2 class=\"break-words\">Tipos de Engrenagens Helicoidais (Engrenagens Helicoidais Cruzadas)<\/h2>\n<div>\n<table style=\"width: 100%;\" border=\"1\" width=\"100%\" cellspacing=\"0\" cellpadding=\"0\">\n<thead class=\"border-b border-primary\/20\">\n<tr class=\"border-primary\/10\">\n<th class=\"break-words\"><strong>Categoria<\/strong><\/th>\n<th class=\"break-words\"><strong>Composi\u00e7\u00e3o do material<\/strong><\/th>\n<th class=\"break-words\"><strong>Gama de m\u00f3dulos<\/strong><\/th>\n<th class=\"break-words\"><strong>\u00c2ngulo da h\u00e9lice<\/strong><\/th>\n<th class=\"break-words\"><strong>Contagem de dentes<\/strong><\/th>\n<th class=\"break-words\"><strong>Resist\u00eancia (\u00e0 tra\u00e7\u00e3o)<\/strong><\/th>\n<th class=\"break-words\"><strong>Resist\u00eancia \u00e0 corros\u00e3o<\/strong><\/th>\n<th class=\"break-words\"><strong>Aplica\u00e7\u00f5es t\u00edpicas<\/strong><\/th>\n<\/tr>\n<\/thead>\n<tbody>\n<tr class=\"border-primary\/10\">\n<td class=\"break-words\"><strong>Engrenagens helicoidais de a\u00e7o<\/strong><\/td>\n<td class=\"break-words\">A\u00e7o carbono ou a\u00e7o liga (ex.: AISI 1045, 4140)<\/td>\n<td class=\"break-words\">1 a 4<\/td>\n<td class=\"break-words\">45\u00b0 t\u00edpico<\/td>\n<td class=\"break-words\">10 a 50+<\/td>\n<td class=\"break-words\">500\u20131000 MPa<\/td>\n<td class=\"break-words\">Baixo a moderado<\/td>\n<td class=\"break-words\">M\u00e1quinas industriais, sistemas automotivos<\/td>\n<\/tr>\n<tr class=\"border-primary\/10\">\n<td class=\"break-words\"><strong>Engrenagens helicoidais de a\u00e7o inoxid\u00e1vel<\/strong><\/td>\n<td class=\"break-words\">A\u00e7o inoxid\u00e1vel (ex.: SUS303, SUS304)<\/td>\n<td class=\"break-words\">1 a 4<\/td>\n<td class=\"break-words\">45\u00b0 t\u00edpico<\/td>\n<td class=\"break-words\">10 a 50+<\/td>\n<td class=\"break-words\">500\u2013700 MPa<\/td>\n<td class=\"break-words\">Alto<\/td>\n<td class=\"break-words\">M\u00e1quinas para a ind\u00fastria aliment\u00edcia, equipamentos mar\u00edtimos<\/td>\n<\/tr>\n<tr class=\"border-primary\/10\">\n<td class=\"break-words\"><strong>Engrenagens helicoidais de bronze de alum\u00ednio<\/strong><\/td>\n<td class=\"break-words\">Bronze de alum\u00ednio (ex: CuAl10Fe5Ni5)<\/td>\n<td class=\"break-words\">1 a 4<\/td>\n<td class=\"break-words\">45\u00b0 t\u00edpico<\/td>\n<td class=\"break-words\">10 a 50+<\/td>\n<td class=\"break-words\">600\u2013800 MPa<\/td>\n<td class=\"break-words\">Muito alto<\/td>\n<td class=\"break-words\">Mecanismos de acionamento por parafuso sem-fim, ambientes corrosivos<\/td>\n<\/tr>\n<tr class=\"border-primary\/10\">\n<td class=\"break-words\"><strong>Engrenagens helicoidais de pl\u00e1stico<\/strong><\/td>\n<td class=\"break-words\">Nylon, acetal ou nylon MC<\/td>\n<td class=\"break-words\">1 a 3<\/td>\n<td class=\"break-words\">45\u00b0 t\u00edpico<\/td>\n<td class=\"break-words\">10 a 40+<\/td>\n<td class=\"break-words\">50\u2013100 MPa<\/td>\n<td class=\"break-words\">Alto<\/td>\n<td class=\"break-words\">Sistemas de baixa pot\u00eancia, aplica\u00e7\u00f5es sens\u00edveis ao ru\u00eddo.<\/td>\n<\/tr>\n<tr class=\"border-primary\/10\">\n<td class=\"break-words\"><strong>Engrenagens helicoidais met\u00e1licas<\/strong><\/td>\n<td class=\"break-words\">Metais em geral (ex.: lat\u00e3o, ferro fundido)<\/td>\n<td class=\"break-words\">1 a 4<\/td>\n<td class=\"break-words\">45\u00b0 t\u00edpico<\/td>\n<td class=\"break-words\">10 a 50+<\/td>\n<td class=\"break-words\">300\u2013800 MPa<\/td>\n<td class=\"break-words\">Varia (de baixo a alto)<\/td>\n<td class=\"break-words\">Transmiss\u00e3o geral de energia, m\u00e1quinas<\/td>\n<\/tr>\n<\/tbody>\n<\/table>\n<div>\n<h3 class=\"\" dir=\"auto\">Notas sobre as especifica\u00e7\u00f5es:<\/h3>\n<ol class=\"marker:text-secondary\" dir=\"auto\">\n<li class=\"break-words\"><strong>Gama de m\u00f3dulos<\/strong>O m\u00f3dulo (uma medida do tamanho do dente da engrenagem) normalmente varia de 1 a 4 para a maioria das engrenagens helicoidais, embora m\u00f3dulos menores ou maiores possam estar dispon\u00edveis dependendo da aplica\u00e7\u00e3o.<\/li>\n<li class=\"break-words\"><strong>\u00c2ngulo da h\u00e9lice<\/strong>As engrenagens helicoidais geralmente usam um \u00e2ngulo de h\u00e9lice de 45\u00b0 para permitir a transmiss\u00e3o do movimento de eixos n\u00e3o cruzados e n\u00e3o paralelos, embora isso possa variar ligeiramente.<\/li>\n<li class=\"break-words\"><strong>Contagem de dentes<\/strong>O n\u00famero de dentes depende do tamanho da engrenagem e da aplica\u00e7\u00e3o, variando normalmente de 10 a mais de 50.<\/li>\n<li class=\"break-words\"><strong>Resist\u00eancia (\u00e0 tra\u00e7\u00e3o)<\/strong>A resist\u00eancia \u00e0 tra\u00e7\u00e3o varia de acordo com o material; o a\u00e7o e o bronze de alum\u00ednio oferecem alta resist\u00eancia, enquanto o pl\u00e1stico tem menor resist\u00eancia, mas \u00e9 leve.<\/li>\n<li class=\"break-words\"><strong>Resist\u00eancia \u00e0 corros\u00e3o<\/strong>O a\u00e7o inoxid\u00e1vel e o bronze de alum\u00ednio apresentam excelente desempenho em ambientes corrosivos, enquanto o a\u00e7o carbono requer revestimentos ou tratamentos para um desempenho semelhante.<\/li>\n<li class=\"break-words\"><strong>Aplica\u00e7\u00f5es<\/strong>Cada material atende a necessidades espec\u00edficas: a\u00e7o para durabilidade, a\u00e7o inoxid\u00e1vel para higiene, bronze de alum\u00ednio para resist\u00eancia ao desgaste, pl\u00e1stico para baixo ru\u00eddo\/peso e outros metais para versatilidade.<\/li>\n<\/ol>\n<p class=\"break-words\" dir=\"auto\">Esta tabela fornece as especifica\u00e7\u00f5es das engrenagens helicoidais por categoria. Para obter detalhes exatos, consulte <a href=\"mailto:info@fmpcomponents.it\">e-mail<\/a> n\u00f3s.<\/p>\n<\/div>\n<\/div>\n<div>\n<h2>Por que escolher a FMP?<\/h2>\n<p class=\"break-words\">Como fabricante de confian\u00e7a, a FMP Company produz uma gama diversificada de Engrenagens Helicoidais Cruzadas (Engrenagens de Parafuso) para atender a diversas aplica\u00e7\u00f5es industriais. Seja em Mil\u00e3o, buscando modelos padr\u00e3o, ou em Veneza, necessitando de um projeto personalizado, oferecemos solu\u00e7\u00f5es sob medida para garantir o melhor desempenho de suas m\u00e1quinas. Nossas engrenagens s\u00e3o projetadas com precis\u00e3o, seguindo os mais altos padr\u00f5es de durabilidade e efici\u00eancia. Se voc\u00ea estiver navegando em nossa lista de produtos \u2014 seja de Floren\u00e7a, Bolonha ou qualquer outro lugar \u2014 e n\u00e3o encontrar o modelo exato que precisa, fique tranquilo, provavelmente ele est\u00e1 apenas aguardando sua inclus\u00e3o em nosso cat\u00e1logo. Basta nos enviar um e-mail com suas necessidades e nossos engenheiros especializados responder\u00e3o em at\u00e9 24 horas com uma solu\u00e7\u00e3o personalizada.<\/p>\n<p class=\"break-words\">A FMP Company tem o compromisso de apoiar o setor industrial italiano com tecnologia superior em engrenagens helicoidais. Das f\u00e1bricas de vanguarda de Mil\u00e3o ao artesanato hist\u00f3rico de Floren\u00e7a, da inova\u00e7\u00e3o mar\u00edtima de Veneza \u00e0 expertise mec\u00e2nica de Bolonha, estamos aqui para impulsionar suas opera\u00e7\u00f5es com engrenagens helicoidais cruzadas confi\u00e1veis \u200b\u200be projetadas sob medida. Entre em contato conosco hoje mesmo para explorar nossas ofertas ou consultar sobre um modelo espec\u00edfico \u2014 nossa equipe est\u00e1 pronta para atend\u00ea-lo prontamente, garantindo que seus projetos permane\u00e7am no caminho certo com a qualidade e a precis\u00e3o que voc\u00ea merece.<\/p>\n<p><img loading=\"lazy\" decoding=\"async\" class=\"wp-image-7374 aligncenter\" src=\"https:\/\/fmp-components.com\/wp-content\/uploads\/2025\/03\/screw-gear-crossed-helical-gear-product-7.webp\" alt=\"engrenagem helicoidal cruzada\" width=\"932\" height=\"621\" title=\"\" srcset=\"https:\/\/fmp-components.com\/wp-content\/uploads\/2025\/03\/screw-gear-crossed-helical-gear-product-7.webp 932w, https:\/\/fmp-components.com\/wp-content\/uploads\/2025\/03\/screw-gear-crossed-helical-gear-product-7-480x320.webp 480w\" sizes=\"(min-width: 0px) and (max-width: 480px) 480px, (min-width: 481px) 932px, 100vw\" \/><\/p>\n<\/div>","protected":false},"excerpt":{"rendered":"<p>Screw Gears (Crossed Helical Gears) Screw gears, sometimes called crossed helical gears, are special gears that help move things between two shafts (like sticks that spin) that don\u2019t touch and aren\u2019t lined up straight. Regular helical gears for straight shafts have the same twist angle but twist in opposite ways. For screw gears, the twist [&hellip;]<\/p>","protected":false},"featured_media":7375,"comment_status":"open","ping_status":"closed","template":"","meta":{"_et_pb_use_builder":"","_et_pb_old_content":"","_et_gb_content_width":""},"product_brand":[],"product_cat":[108],"product_tag":[],"class_list":{"0":"post-7372","1":"product","2":"type-product","3":"status-publish","4":"has-post-thumbnail","6":"product_cat-helical-gear","8":"first","9":"instock","10":"shipping-taxable","11":"product-type-simple"},"_links":{"self":[{"href":"https:\/\/fmp-components.com\/pt\/wp-json\/wp\/v2\/product\/7372","targetHints":{"allow":["GET"]}}],"collection":[{"href":"https:\/\/fmp-components.com\/pt\/wp-json\/wp\/v2\/product"}],"about":[{"href":"https:\/\/fmp-components.com\/pt\/wp-json\/wp\/v2\/types\/product"}],"replies":[{"embeddable":true,"href":"https:\/\/fmp-components.com\/pt\/wp-json\/wp\/v2\/comments?post=7372"}],"wp:featuredmedia":[{"embeddable":true,"href":"https:\/\/fmp-components.com\/pt\/wp-json\/wp\/v2\/media\/7375"}],"wp:attachment":[{"href":"https:\/\/fmp-components.com\/pt\/wp-json\/wp\/v2\/media?parent=7372"}],"wp:term":[{"taxonomy":"product_brand","embeddable":true,"href":"https:\/\/fmp-components.com\/pt\/wp-json\/wp\/v2\/product_brand?post=7372"},{"taxonomy":"product_cat","embeddable":true,"href":"https:\/\/fmp-components.com\/pt\/wp-json\/wp\/v2\/product_cat?post=7372"},{"taxonomy":"product_tag","embeddable":true,"href":"https:\/\/fmp-components.com\/pt\/wp-json\/wp\/v2\/product_tag?post=7372"}],"curies":[{"name":"wp","href":"https:\/\/api.w.org\/{rel}","templated":true}]}}