{"id":7369,"date":"2025-03-24T02:45:01","date_gmt":"2025-03-24T02:45:01","guid":{"rendered":"https:\/\/fmp-components.com\/?post_type=product&#038;p=7369"},"modified":"2025-03-26T08:42:56","modified_gmt":"2025-03-26T08:42:56","slug":"mining-machinery-carburized-helical-gear","status":"publish","type":"product","link":"https:\/\/fmp-components.com\/pt\/product\/mining-machinery-carburized-helical-gear\/","title":{"rendered":"Engrenagem helicoidal carburada para m\u00e1quinas de minera\u00e7\u00e3o"},"content":{"rendered":"<div class=\"sliderTable mt10 mb10 sliderTable-index0 change-to-org\">\n<div class=\"inner\">\n<div>\n<p class=\"break-words\">Como fabricante l\u00edder no setor, a FMP Company se especializa na produ\u00e7\u00e3o de uma ampla gama de m\u00e1quinas de minera\u00e7\u00e3o cementadas. <a href=\"https:\/\/fmp-components.com\/pt\/helical-gears\/\">Engrenagens helicoidais<\/a> Projetadas para atender \u00e0s exigentes necessidades das opera\u00e7\u00f5es de minera\u00e7\u00e3o, nossas engrenagens s\u00e3o fabricadas com precis\u00e3o, utilizando t\u00e9cnicas avan\u00e7adas de cementa\u00e7\u00e3o para garantir durabilidade, resist\u00eancia e desempenho excepcionais em condi\u00e7\u00f5es extremas. Seja qual for a sua necessidade, modelos padr\u00e3o ou solu\u00e7\u00f5es personalizadas, a FMP oferece op\u00e7\u00f5es sob medida para suas necessidades espec\u00edficas, garantindo efici\u00eancia e confiabilidade ideais para seus equipamentos de minera\u00e7\u00e3o.<\/p>\n<p class=\"break-words\">Na FMP, orgulhamo-nos da nossa extensa linha de produtos, mas se n\u00e3o encontrar o modelo exato de Engrenagem Helicoidal Cementada para M\u00e1quinas de Minera\u00e7\u00e3o que procura no nosso cat\u00e1logo, n\u00e3o se preocupe \u2014 significa simplesmente que ainda n\u00e3o tivemos oportunidade de o adicionar ao cat\u00e1logo. Recomendamos que nos contacte por e-mail com os detalhes do modelo que procura. A nossa equipa de engenheiros responder\u00e1 dentro de 24 horas, fornecendo orienta\u00e7\u00e3o especializada e solu\u00e7\u00f5es para atender \u00e0s suas necessidades, garantindo que obt\u00e9m a engrenagem perfeita para a sua aplica\u00e7\u00e3o.<\/p>\n<p><img loading=\"lazy\" decoding=\"async\" class=\"wp-image-7378 aligncenter\" src=\"https:\/\/fmp-components.com\/wp-content\/uploads\/2025\/03\/Mining-Machinery-Carburized-Helical-Gear-1.webp\" alt=\"Engrenagem helicoidal carburada para m\u00e1quinas de minera\u00e7\u00e3o\" width=\"899\" height=\"600\" title=\"\" srcset=\"https:\/\/fmp-components.com\/wp-content\/uploads\/2025\/03\/Mining-Machinery-Carburized-Helical-Gear-1.webp 899w, https:\/\/fmp-components.com\/wp-content\/uploads\/2025\/03\/Mining-Machinery-Carburized-Helical-Gear-1-480x320.webp 480w\" sizes=\"(min-width: 0px) and (max-width: 480px) 480px, (min-width: 481px) 899px, 100vw\" \/><\/p>\n<\/div>\n<h2>Especifica\u00e7\u00e3o<\/h2>\n<table border=\"1\" width=\"100%\">\n<tbody>\n<tr class=\"firstRow\">\n<th colspan=\"2\" valign=\"top\">Dados b\u00e1sicos do equipamento<\/th>\n<\/tr>\n<tr>\n<td valign=\"center\">Formato do dente da engrenagem<\/td>\n<td valign=\"center\">involuto<\/td>\n<\/tr>\n<tr>\n<td valign=\"center\">Material da engrenagem<\/td>\n<td valign=\"center\">18CrNiMo6<\/td>\n<\/tr>\n<tr>\n<td valign=\"center\">Processo de Engrenagem<\/td>\n<td valign=\"center\">Forjamento, cementa\u00e7\u00e3o, retifica\u00e7\u00e3o plana e interna, retifica\u00e7\u00e3o de dentes, corte de linha<\/td>\n<\/tr>\n<tr>\n<td valign=\"center\">\u00c2ngulo de press\u00e3o<\/td>\n<td valign=\"center\">20\u00b0<\/td>\n<\/tr>\n<tr>\n<td valign=\"center\">N\u00edvel de qualidade<\/td>\n<td valign=\"center\">DIN 3962 classe 6<\/td>\n<\/tr>\n<tr>\n<td valign=\"center\">Tipo de engrenagem<\/td>\n<td valign=\"center\">M=9, Z=33, a=20\u00b0, \u03b2=8\u00b0, x=0,2, destro<\/td>\n<\/tr>\n<\/tbody>\n<\/table>\n<\/div>\n<\/div>\n<h3>Capacidades de engrenagem\/estria<\/h3>\n<div class=\"sliderTable mt10 mb10 sliderTable-index1 change-to-org\">\n<div class=\"inner\">\n<table border=\"1\" width=\"100%\">\n<tbody>\n<tr class=\"firstRow\">\n<th colspan=\"4\" valign=\"top\">Engrenagens internas e estrias internas<\/th>\n<\/tr>\n<tr>\n<td valign=\"top\"><\/td>\n<td valign=\"top\">FRESAGEM<\/td>\n<td valign=\"top\">MOLDAGEM<\/td>\n<td valign=\"top\">Ranger de dentes<\/td>\n<\/tr>\n<tr>\n<td valign=\"top\">OD m\u00e1ximo<\/td>\n<td valign=\"top\">2500 mil\u00edmetros<\/td>\n<td valign=\"top\">2500 mil\u00edmetros<\/td>\n<td valign=\"top\">2500 mil\u00edmetros<\/td>\n<\/tr>\n<tr>\n<td valign=\"top\">ID m\u00ednimo<\/td>\n<td valign=\"top\">650 mil\u00edmetros<\/td>\n<td valign=\"top\">50 mil\u00edmetros<\/td>\n<td valign=\"top\">100 mil\u00edmetros<\/td>\n<\/tr>\n<tr>\n<td valign=\"top\">Largura m\u00e1xima da face<\/td>\n<td valign=\"top\">500 mil\u00edmetros<\/td>\n<td valign=\"top\">500 mil\u00edmetros<\/td>\n<td valign=\"top\">500 mil\u00edmetros<\/td>\n<\/tr>\n<tr>\n<td valign=\"top\">Passo Diametral M\u00e1ximo<\/td>\n<td valign=\"top\">DP 1<\/td>\n<td valign=\"top\">DP 1<\/td>\n<td valign=\"top\">DP 0,5<\/td>\n<\/tr>\n<tr>\n<td valign=\"top\">M\u00f3dulo M\u00e1ximo<\/td>\n<td valign=\"top\">26 mil\u00edmetros<\/td>\n<td valign=\"top\">26 mil\u00edmetros<\/td>\n<td valign=\"top\">45 mil\u00edmetros<\/td>\n<\/tr>\n<tr>\n<td valign=\"top\">N\u00edvel AGMA\/N\u00edvel DIN<\/td>\n<td valign=\"top\">DIN Classe 8<\/td>\n<td valign=\"top\">DIN Classe 8<\/td>\n<td valign=\"top\">DIN Classe 4<\/td>\n<\/tr>\n<tr>\n<td valign=\"top\">Acabamento da superf\u00edcie dent\u00e1ria<\/td>\n<td valign=\"top\">Ra 3.2<\/td>\n<td valign=\"top\">Ra 3.2<\/td>\n<td valign=\"top\">Ra 0,6<\/td>\n<\/tr>\n<tr>\n<td valign=\"top\">\u00c2ngulo m\u00e1ximo da h\u00e9lice<\/td>\n<td valign=\"top\">\u00b122,5\u00b0<\/td>\n<td valign=\"top\">\u00b122,5\u00b0<\/td>\n<td valign=\"top\">\u00b145\u00b0<\/td>\n<\/tr>\n<tr>\n<th colspan=\"4\" valign=\"top\">Engrenagens externas e estrias externas<\/th>\n<\/tr>\n<tr>\n<td valign=\"top\"><\/td>\n<td valign=\"top\">HOBBING<\/td>\n<td valign=\"top\">FRESAGEM<\/td>\n<td valign=\"top\">Ranger de dentes<\/td>\n<\/tr>\n<tr>\n<td valign=\"top\">OD m\u00e1ximo<\/td>\n<td valign=\"top\">1250 mil\u00edmetros<\/td>\n<td valign=\"top\">2500 mil\u00edmetros<\/td>\n<td valign=\"top\">2500 mil\u00edmetros<\/td>\n<\/tr>\n<tr>\n<td valign=\"top\">OD m\u00ednimo<\/td>\n<td valign=\"top\">20 mil\u00edmetros<\/td>\n<td valign=\"top\">200 mil\u00edmetros<\/td>\n<td valign=\"top\">20 mil\u00edmetros<\/td>\n<\/tr>\n<tr>\n<td valign=\"top\">Largura m\u00e1xima da face<\/td>\n<td valign=\"top\">500 mil\u00edmetros<\/td>\n<td valign=\"top\">500 mil\u00edmetros<\/td>\n<td valign=\"top\">1480 mil\u00edmetros<\/td>\n<\/tr>\n<tr>\n<td valign=\"top\">Passo Diametral M\u00e1ximo<\/td>\n<td valign=\"top\">DP 1<\/td>\n<td valign=\"top\">DP 1<\/td>\n<td valign=\"top\">DP 0,5<\/td>\n<\/tr>\n<tr>\n<td valign=\"top\">M\u00f3dulo M\u00e1ximo<\/td>\n<td valign=\"top\">26 mil\u00edmetros<\/td>\n<td valign=\"top\">26 mil\u00edmetros<\/td>\n<td valign=\"top\">45 mil\u00edmetros<\/td>\n<\/tr>\n<tr>\n<td valign=\"top\">N\u00edvel AGMA\/N\u00edvel DIN<\/td>\n<td valign=\"top\">DIN Classe 8<\/td>\n<td valign=\"top\">DIN Classe 8<\/td>\n<td valign=\"top\">DIN Classe 4<\/td>\n<\/tr>\n<tr>\n<td valign=\"top\">Acabamento da superf\u00edcie dent\u00e1ria<\/td>\n<td valign=\"top\">Ra 3.2<\/td>\n<td valign=\"top\">Ra 3.2<\/td>\n<td valign=\"top\">Ra 0,6<\/td>\n<\/tr>\n<tr>\n<td valign=\"top\">\u00c2ngulo m\u00e1ximo da h\u00e9lice<\/td>\n<td valign=\"top\">\u00b145\u00b0<\/td>\n<td valign=\"top\">\u00b145\u00b0<\/td>\n<td valign=\"top\">\u00b145\u00b0<\/td>\n<\/tr>\n<\/tbody>\n<\/table>\n<\/div>\n<\/div>","protected":false},"excerpt":{"rendered":"<ul class=\"pro-info-list fix\">\n<li class=\"prod-specifics-brand\"><label>Formato do dente da engrenagem:\u00a0<\/label>involuto<\/li>\n<li class=\"prod-specifics-brand\"><label>Material da engrenagem:<\/label>18CrNiMo6<\/li>\n<li class=\"prod-specifics-brand\"><label>\u00c2ngulo de press\u00e3o:<\/label>20\u00b0<\/li>\n<li class=\"prod-specifics-brand\"><label>N\u00edvel de qualidade:\u00a0<\/label>DIN 3962 classe 6<\/li>\n<\/ul>","protected":false},"featured_media":4595,"comment_status":"open","ping_status":"closed","template":"","meta":{"_et_pb_use_builder":"","_et_pb_old_content":"","_et_gb_content_width":""},"product_brand":[],"product_cat":[108],"product_tag":[],"class_list":{"0":"post-7369","1":"product","2":"type-product","3":"status-publish","4":"has-post-thumbnail","6":"product_cat-helical-gear","8":"first","9":"instock","10":"shipping-taxable","11":"product-type-simple"},"_links":{"self":[{"href":"https:\/\/fmp-components.com\/pt\/wp-json\/wp\/v2\/product\/7369","targetHints":{"allow":["GET"]}}],"collection":[{"href":"https:\/\/fmp-components.com\/pt\/wp-json\/wp\/v2\/product"}],"about":[{"href":"https:\/\/fmp-components.com\/pt\/wp-json\/wp\/v2\/types\/product"}],"replies":[{"embeddable":true,"href":"https:\/\/fmp-components.com\/pt\/wp-json\/wp\/v2\/comments?post=7369"}],"wp:featuredmedia":[{"embeddable":true,"href":"https:\/\/fmp-components.com\/pt\/wp-json\/wp\/v2\/media\/4595"}],"wp:attachment":[{"href":"https:\/\/fmp-components.com\/pt\/wp-json\/wp\/v2\/media?parent=7369"}],"wp:term":[{"taxonomy":"product_brand","embeddable":true,"href":"https:\/\/fmp-components.com\/pt\/wp-json\/wp\/v2\/product_brand?post=7369"},{"taxonomy":"product_cat","embeddable":true,"href":"https:\/\/fmp-components.com\/pt\/wp-json\/wp\/v2\/product_cat?post=7369"},{"taxonomy":"product_tag","embeddable":true,"href":"https:\/\/fmp-components.com\/pt\/wp-json\/wp\/v2\/product_tag?post=7369"}],"curies":[{"name":"wp","href":"https:\/\/api.w.org\/{rel}","templated":true}]}}