{"id":7364,"date":"2025-03-24T02:21:03","date_gmt":"2025-03-24T02:21:03","guid":{"rendered":"https:\/\/fmp-components.com\/?post_type=product&#038;p=7364"},"modified":"2025-03-26T08:43:59","modified_gmt":"2025-03-26T08:43:59","slug":"high-speed-train-locomotive-hard-tooth-flank-helical-gear","status":"publish","type":"product","link":"https:\/\/fmp-components.com\/pt\/product\/high-speed-train-locomotive-hard-tooth-flank-helical-gear\/","title":{"rendered":"Engrenagem helicoidal de flanco de dente duro para locomotiva de trem de alta velocidade"},"content":{"rendered":"<div class=\"sliderTable mt10 mb10 sliderTable-index0 change-to-org\">\n<div class=\"inner\">\n<h2>O papel das engrenagens helicoidais com flancos de dentes endurecidos em locomotivas de trens de alta velocidade.<\/h2>\n<div>As locomotivas de trens de alta velocidade exigem engrenagens que suportem condi\u00e7\u00f5es operacionais extremas, mantendo um desempenho suave e eficiente. Flanco do dente endurecido <a href=\"https:\/\/fmp-components.com\/pt\/helical-gears\/\">engrenagens helicoidais<\/a> S\u00e3o a solu\u00e7\u00e3o ideal para essas aplica\u00e7\u00f5es, gra\u00e7as \u00e0 sua excepcional resist\u00eancia, precis\u00e3o e capacidade de suportar altas cargas e velocidades. Essas engrenagens s\u00e3o projetadas especificamente para minimizar ru\u00eddos e vibra\u00e7\u00f5es, aumentando o conforto dos passageiros e garantindo a confiabilidade dos sistemas ferrovi\u00e1rios de alta velocidade. Seu design robusto tamb\u00e9m reduz a necessidade de manuten\u00e7\u00e3o frequente, tornando-as um componente essencial para a longevidade e confiabilidade das locomotivas modernas.<\/div>\n<h2>Especifica\u00e7\u00e3o<\/h2>\n<table border=\"1\" width=\"100%\">\n<tbody>\n<tr class=\"firstRow\">\n<th colspan=\"2\" valign=\"top\">Dados b\u00e1sicos do equipamento<\/th>\n<\/tr>\n<tr>\n<td valign=\"center\">Formato do dente da engrenagem<\/td>\n<td valign=\"center\">involuto<\/td>\n<\/tr>\n<tr>\n<td valign=\"center\">Material da engrenagem<\/td>\n<td valign=\"center\">17CrNiMo6<\/td>\n<\/tr>\n<tr>\n<td valign=\"center\">Processo de Engrenagem<\/td>\n<td valign=\"center\">forjamento, torneamento, fresagem de engrenagens, cementa\u00e7\u00e3o, retifica\u00e7\u00e3o externa, retifica\u00e7\u00e3o de dentes<\/td>\n<\/tr>\n<tr>\n<td valign=\"center\">\u00c2ngulo de press\u00e3o<\/td>\n<td valign=\"center\">20\u00b0<\/td>\n<\/tr>\n<tr>\n<td valign=\"center\">N\u00edvel de qualidade<\/td>\n<td valign=\"center\">DIN 3962 Classe 6<\/td>\n<\/tr>\n<tr>\n<td valign=\"center\">Tipo de engrenagem<\/td>\n<td valign=\"center\">Mn=4, Z=132, \u03b2=18\u00b0<\/td>\n<\/tr>\n<\/tbody>\n<\/table>\n<\/div>\n<\/div>\n<p><strong>CAPACIDADES DE ENGRENAGEM\/SPLINE<\/strong><\/p>\n<div class=\"sliderTable mt10 mb10 sliderTable-index1 change-to-org\">\n<div class=\"inner\">\n<table border=\"1\" width=\"100%\">\n<tbody>\n<tr class=\"firstRow\">\n<th colspan=\"4\" valign=\"top\">ENGRENAGENS INTERNAS E ESTRIAS INTERNAS<\/th>\n<\/tr>\n<tr>\n<td valign=\"top\"><\/td>\n<td valign=\"top\">FRESAGEM<\/td>\n<td valign=\"top\">MOLDAGEM<\/td>\n<td valign=\"top\">Ranger de dentes<\/td>\n<\/tr>\n<tr>\n<td valign=\"top\">OD m\u00e1ximo<\/td>\n<td valign=\"top\">2500 mil\u00edmetros<\/td>\n<td valign=\"top\">2500 mil\u00edmetros<\/td>\n<td valign=\"top\">2500 mil\u00edmetros<\/td>\n<\/tr>\n<tr>\n<td valign=\"top\">ID m\u00ednimo<\/td>\n<td valign=\"top\">650 mil\u00edmetros<\/td>\n<td valign=\"top\">50 mil\u00edmetros<\/td>\n<td valign=\"top\">100 mil\u00edmetros<\/td>\n<\/tr>\n<tr>\n<td valign=\"top\">Largura m\u00e1xima da face<\/td>\n<td valign=\"top\">500 mil\u00edmetros<\/td>\n<td valign=\"top\">500 mil\u00edmetros<\/td>\n<td valign=\"top\">500 mil\u00edmetros<\/td>\n<\/tr>\n<tr>\n<td valign=\"top\">Passo Diametral M\u00e1ximo<\/td>\n<td valign=\"top\">DP 1<\/td>\n<td valign=\"top\">DP 1<\/td>\n<td valign=\"top\">DP 0,5<\/td>\n<\/tr>\n<tr>\n<td valign=\"top\">M\u00f3dulo M\u00e1ximo<\/td>\n<td valign=\"top\">26 mil\u00edmetros<\/td>\n<td valign=\"top\">26 mil\u00edmetros<\/td>\n<td valign=\"top\">45 mil\u00edmetros<\/td>\n<\/tr>\n<tr>\n<td valign=\"top\">N\u00edvel AGMA\/N\u00edvel DIN<\/td>\n<td valign=\"top\">DIN Classe 8<\/td>\n<td valign=\"top\">DIN Classe 8<\/td>\n<td valign=\"top\">DIN Classe 4<\/td>\n<\/tr>\n<tr>\n<td valign=\"top\">Acabamento da superf\u00edcie dent\u00e1ria<\/td>\n<td valign=\"top\">Ra 3.2<\/td>\n<td valign=\"top\">Ra 3.2<\/td>\n<td valign=\"top\">Ra 0,6<\/td>\n<\/tr>\n<tr>\n<td valign=\"top\">\u00c2ngulo m\u00e1ximo da h\u00e9lice<\/td>\n<td valign=\"top\">\u00b122,5\u00b0<\/td>\n<td valign=\"top\">\u00b122,5\u00b0<\/td>\n<td valign=\"top\">\u00b145\u00b0<\/td>\n<\/tr>\n<tr>\n<th colspan=\"4\" valign=\"top\">ENGRENAGENS EXTERNAS E ESTRIAS EXTERNAS<\/th>\n<\/tr>\n<tr>\n<td valign=\"top\"><\/td>\n<td valign=\"top\">HOBBING<\/td>\n<td valign=\"top\">FRESAGEM<\/td>\n<td valign=\"top\">Ranger de dentes<\/td>\n<\/tr>\n<tr>\n<td valign=\"top\">OD m\u00e1ximo<\/td>\n<td valign=\"top\">1250 mil\u00edmetros<\/td>\n<td valign=\"top\">2500 mil\u00edmetros<\/td>\n<td valign=\"top\">2500 mil\u00edmetros<\/td>\n<\/tr>\n<tr>\n<td valign=\"top\">OD m\u00ednimo<\/td>\n<td valign=\"top\">20 mil\u00edmetros<\/td>\n<td valign=\"top\">200 mil\u00edmetros<\/td>\n<td valign=\"top\">20 mil\u00edmetros<\/td>\n<\/tr>\n<tr>\n<td valign=\"top\">Largura m\u00e1xima da face<\/td>\n<td valign=\"top\">500 mil\u00edmetros<\/td>\n<td valign=\"top\">500 mil\u00edmetros<\/td>\n<td valign=\"top\">1480 mil\u00edmetros<\/td>\n<\/tr>\n<tr>\n<td valign=\"top\">Passo Diametral M\u00e1ximo<\/td>\n<td valign=\"top\">DP 1<\/td>\n<td valign=\"top\">DP 1<\/td>\n<td valign=\"top\">DP 0,5<\/td>\n<\/tr>\n<tr>\n<td valign=\"top\">M\u00f3dulo M\u00e1ximo<\/td>\n<td valign=\"top\">26 mil\u00edmetros<\/td>\n<td valign=\"top\">26 mil\u00edmetros<\/td>\n<td valign=\"top\">45 mil\u00edmetros<\/td>\n<\/tr>\n<tr>\n<td valign=\"top\">N\u00edvel AGMA\/N\u00edvel DIN<\/td>\n<td valign=\"top\">DIN Classe 8<\/td>\n<td valign=\"top\">DIN Classe 8<\/td>\n<td valign=\"top\">DIN Classe 4<\/td>\n<\/tr>\n<tr>\n<td valign=\"top\">Acabamento da superf\u00edcie dent\u00e1ria<\/td>\n<td valign=\"top\">Ra 3.2<\/td>\n<td valign=\"top\">Ra 3.2<\/td>\n<td valign=\"top\">Ra 0,6<\/td>\n<\/tr>\n<tr>\n<td valign=\"top\">\u00c2ngulo m\u00e1ximo da h\u00e9lice<\/td>\n<td valign=\"top\">\u00b145\u00b0<\/td>\n<td valign=\"top\">\u00b145\u00b0<\/td>\n<td valign=\"top\">\u00b145\u00b0<\/td>\n<\/tr>\n<\/tbody>\n<\/table>\n<div><\/div>\n<h3>FMP Company: Sua parceira em engrenagens de locomotivas de alta qualidade.<\/h3>\n<div><\/div>\n<div>A FMP Company \u00e9 uma fabricante l\u00edder de engrenagens helicoidais de flanco com dentes endurecidos para locomotivas de alta velocidade, oferecendo uma ampla gama de tipos de engrenagens projetadas para atender \u00e0s rigorosas exig\u00eancias da ind\u00fastria ferrovi\u00e1ria. Nossas engrenagens s\u00e3o fabricadas com os mais altos padr\u00f5es de qualidade, garantindo desempenho e durabilidade m\u00e1ximos mesmo nos ambientes mais desafiadores. Tamb\u00e9m oferecemos fabrica\u00e7\u00e3o de engrenagens personalizadas para atender a especifica\u00e7\u00f5es exclusivas. Se o modelo de engrenagem que voc\u00ea precisa n\u00e3o estiver listado em nosso cat\u00e1logo de produtos, significa simplesmente que ainda n\u00e3o o adicionamos \u2014 fique tranquilo, ainda podemos atender \u00e0s suas necessidades. Envie-nos um e-mail com suas especifica\u00e7\u00f5es e nossos engenheiros qualificados responder\u00e3o em at\u00e9 24 horas para ajud\u00e1-lo a encontrar a solu\u00e7\u00e3o ideal em engrenagens para sua locomotiva.<\/div>\n<\/div>\n<\/div>","protected":false},"excerpt":{"rendered":"<ul class=\"pro-info-list fix\">\n<li class=\"prod-specifics-brand\"><label>Formato do dente da engrenagem:\u00a0<\/label>involuto<\/li>\n<li class=\"prod-specifics-brand\"><label>Material da engrenagem:<\/label>17CrNiMo6<\/li>\n<li class=\"prod-specifics-brand\"><label>\u00c2ngulo de press\u00e3o:<\/label>20\u00b0<\/li>\n<li class=\"prod-specifics-brand\"><label>N\u00edvel de qualidade:\u00a0<\/label>DIN 3962 Classe 6<\/li>\n<\/ul>","protected":false},"featured_media":4590,"comment_status":"open","ping_status":"closed","template":"","meta":{"_et_pb_use_builder":"","_et_pb_old_content":"","_et_gb_content_width":""},"product_brand":[],"product_cat":[108],"product_tag":[],"class_list":{"0":"post-7364","1":"product","2":"type-product","3":"status-publish","4":"has-post-thumbnail","6":"product_cat-helical-gear","8":"first","9":"instock","10":"shipping-taxable","11":"product-type-simple"},"_links":{"self":[{"href":"https:\/\/fmp-components.com\/pt\/wp-json\/wp\/v2\/product\/7364","targetHints":{"allow":["GET"]}}],"collection":[{"href":"https:\/\/fmp-components.com\/pt\/wp-json\/wp\/v2\/product"}],"about":[{"href":"https:\/\/fmp-components.com\/pt\/wp-json\/wp\/v2\/types\/product"}],"replies":[{"embeddable":true,"href":"https:\/\/fmp-components.com\/pt\/wp-json\/wp\/v2\/comments?post=7364"}],"wp:featuredmedia":[{"embeddable":true,"href":"https:\/\/fmp-components.com\/pt\/wp-json\/wp\/v2\/media\/4590"}],"wp:attachment":[{"href":"https:\/\/fmp-components.com\/pt\/wp-json\/wp\/v2\/media?parent=7364"}],"wp:term":[{"taxonomy":"product_brand","embeddable":true,"href":"https:\/\/fmp-components.com\/pt\/wp-json\/wp\/v2\/product_brand?post=7364"},{"taxonomy":"product_cat","embeddable":true,"href":"https:\/\/fmp-components.com\/pt\/wp-json\/wp\/v2\/product_cat?post=7364"},{"taxonomy":"product_tag","embeddable":true,"href":"https:\/\/fmp-components.com\/pt\/wp-json\/wp\/v2\/product_tag?post=7364"}],"curies":[{"name":"wp","href":"https:\/\/api.w.org\/{rel}","templated":true}]}}