{"id":7356,"date":"2025-03-24T02:05:34","date_gmt":"2025-03-24T02:05:34","guid":{"rendered":"https:\/\/fmp-components.com\/?post_type=product&#038;p=7356"},"modified":"2025-03-26T08:44:19","modified_gmt":"2025-03-26T08:44:19","slug":"double-helical-gears-for-agricultural-machinery","status":"publish","type":"product","link":"https:\/\/fmp-components.com\/pt\/product\/double-helical-gears-for-agricultural-machinery\/","title":{"rendered":"Engrenagens helicoidais duplas para m\u00e1quinas agr\u00edcolas"},"content":{"rendered":"<h2>Engrenagens helicoidais duplas em m\u00e1quinas agr\u00edcolas<\/h2>\n<div>Dobro <a href=\"https:\/\/fmp-components.com\/pt\/helical-gears\/\">engrenagens helicoidais<\/a> As engrenagens helicoidais duplas para m\u00e1quinas agr\u00edcolas s\u00e3o essenciais para melhorar o desempenho e a durabilidade dos equipamentos agr\u00edcolas. Essas engrenagens, com dentes exclusivos em formato de V, s\u00e3o projetadas com precis\u00e3o para suportar as cargas pesadas e as exig\u00eancias rigorosas de tratores, colheitadeiras, cultivadores e outras m\u00e1quinas agr\u00edcolas. Ao eliminar o empuxo axial e minimizar a vibra\u00e7\u00e3o, as engrenagens helicoidais duplas garantem uma opera\u00e7\u00e3o suave e eficiente, o que \u00e9 fundamental para reduzir o desgaste e prolongar a vida \u00fatil das m\u00e1quinas. Essa confiabilidade resulta em maior produtividade e menor tempo de inatividade, tornando-as um componente indispens\u00e1vel para os agricultores que buscam otimizar suas opera\u00e7\u00f5es.<\/div>\n<h2>Engrenagens de transmiss\u00e3o personalizadas \u2013 Engrenagem helicoidal dupla para moinho de bolas<\/h2>\n<div class=\"table-responsive\">\n<table class=\"table\" style=\"width: 97.719%;\" border=\"1\">\n<tbody>\n<tr>\n<td style=\"width: 56.7823%;\">Tipo de engrenagem<\/td>\n<td style=\"width: 224.921%;\">Engrenagem helicoidal dupla<\/td>\n<\/tr>\n<tr>\n<td style=\"width: 56.7823%;\">Material<\/td>\n<td style=\"width: 224.921%;\">Forjamento<\/td>\n<\/tr>\n<tr>\n<td style=\"width: 56.7823%;\">M\u00e9todo de fabrica\u00e7\u00e3o de engrenagens<\/td>\n<td style=\"width: 224.921%;\">Fresamento de engrenagens<\/td>\n<\/tr>\n<\/tbody>\n<\/table>\n<\/div>\n<p>Material: 42CrMo<\/p>\n<div class=\"table-responsive\">\n<table class=\"table\" style=\"width: 97.6019%;\" border=\"1\">\n<tbody>\n<tr>\n<td style=\"width: 41.806%;\">COMPARA\u00c7\u00c3O DE CLASSIFICA\u00c7\u00d5ES DE C\u00d3DIGOS DE A\u00c7O<\/td>\n<td style=\"width: 12.3746%;\"><\/td>\n<td style=\"width: 11.8729%;\"><\/td>\n<td style=\"width: 7.19064%;\"><\/td>\n<td style=\"width: 11.3712%;\"><\/td>\n<td style=\"width: 66.388%;\"><\/td>\n<\/tr>\n<tr>\n<td style=\"width: 41.806%;\">CHINA\/GB<\/td>\n<td style=\"width: 12.3746%;\">ISO<\/td>\n<td style=\"width: 11.8729%;\">GOST<\/td>\n<td style=\"width: 7.19064%;\">ASTM<\/td>\n<td style=\"width: 11.3712%;\">JIS<\/td>\n<td style=\"width: 66.388%;\">DIN<\/td>\n<\/tr>\n<tr>\n<td style=\"width: 41.806%;\">45<\/td>\n<td style=\"width: 12.3746%;\">C45E4<\/td>\n<td style=\"width: 11.8729%;\">45<\/td>\n<td style=\"width: 7.19064%;\">1045<\/td>\n<td style=\"width: 11.3712%;\">S45C<\/td>\n<td style=\"width: 66.388%;\">CK45<\/td>\n<\/tr>\n<tr>\n<td style=\"width: 41.806%;\">40Cr<\/td>\n<td style=\"width: 12.3746%;\">41Cr4<\/td>\n<td style=\"width: 11.8729%;\">40X<\/td>\n<td style=\"width: 7.19064%;\">5140<\/td>\n<td style=\"width: 11.3712%;\">SCr440<\/td>\n<td style=\"width: 66.388%;\">41Cr4<\/td>\n<\/tr>\n<tr>\n<td style=\"width: 41.806%;\">20CrMo<\/td>\n<td style=\"width: 12.3746%;\">18CrMo4<\/td>\n<td style=\"width: 11.8729%;\">20XM<\/td>\n<td style=\"width: 7.19064%;\">4118<\/td>\n<td style=\"width: 11.3712%;\">SCM22<\/td>\n<td style=\"width: 66.388%;\">25CrMo4<\/td>\n<\/tr>\n<tr>\n<td style=\"width: 41.806%;\">42CrMo<\/td>\n<td style=\"width: 12.3746%;\">42CrMo4<\/td>\n<td style=\"width: 11.8729%;\">38XM<\/td>\n<td style=\"width: 7.19064%;\">4140<\/td>\n<td style=\"width: 11.3712%;\">SCM440<\/td>\n<td style=\"width: 66.388%;\">42CrMo4<\/td>\n<\/tr>\n<tr>\n<td style=\"width: 41.806%;\">20CrMnTi<\/td>\n<td style=\"width: 12.3746%;\"><\/td>\n<td style=\"width: 11.8729%;\">18X\u0413T<\/td>\n<td style=\"width: 7.19064%;\"><\/td>\n<td style=\"width: 11.3712%;\">SMK22<\/td>\n<td style=\"width: 66.388%;\"><\/td>\n<\/tr>\n<tr>\n<td style=\"width: 41.806%;\">20Cr2Ni4<\/td>\n<td style=\"width: 12.3746%;\"><\/td>\n<td style=\"width: 11.8729%;\">20X2H4A<\/td>\n<td style=\"width: 7.19064%;\"><\/td>\n<td style=\"width: 11.3712%;\"><\/td>\n<td style=\"width: 66.388%;\"><\/td>\n<\/tr>\n<tr>\n<td style=\"width: 41.806%;\">20CrNiMo<\/td>\n<td style=\"width: 12.3746%;\">20CrNiMo2<\/td>\n<td style=\"width: 11.8729%;\">20XHM<\/td>\n<td style=\"width: 7.19064%;\">8720<\/td>\n<td style=\"width: 11.3712%;\">SNCM220<\/td>\n<td style=\"width: 66.388%;\">21NiCrMo2<\/td>\n<\/tr>\n<tr>\n<td style=\"width: 41.806%;\">40CrNiMoA<\/td>\n<td style=\"width: 12.3746%;\"><\/td>\n<td style=\"width: 11.8729%;\">40XH2MA\/<br \/>\n40XHMA<\/td>\n<td style=\"width: 7.19064%;\">4340<\/td>\n<td style=\"width: 11.3712%;\">SNCM439<\/td>\n<td style=\"width: 66.388%;\">40NiCrMo6\/<br \/>\n36NiCrMo4<\/td>\n<\/tr>\n<tr>\n<td style=\"width: 41.806%;\">20CrNi2Mo<\/td>\n<td style=\"width: 12.3746%;\">20NiCrMo7<\/td>\n<td style=\"width: 11.8729%;\">20XH2MA<\/td>\n<td style=\"width: 7.19064%;\">4320<\/td>\n<td style=\"width: 11.3712%;\">SNCM420<\/td>\n<td style=\"width: 66.388%;\"><\/td>\n<\/tr>\n<\/tbody>\n<\/table>\n<\/div>\n<p>Fresamento de dentes<\/p>\n<p>Pe\u00e7as personalizadas: fabricamos pe\u00e7as de acordo com desenhos ou amostras do cliente.<\/p>\n<p>Os softwares de engenharia que utilizamos s\u00e3o: AutoCAD e Solidworks.<\/p>\n<h3>FMP Company: Sua fonte confi\u00e1vel para engrenagens helicoidais duplas<\/h3>\n<div>Como fabricante l\u00edder de engrenagens helicoidais duplas para m\u00e1quinas agr\u00edcolas, a FMP Company oferece uma ampla gama de solu\u00e7\u00f5es de engrenagens padr\u00e3o e personalizadas para atender \u00e0s diversas necessidades do setor agr\u00edcola. Nossos produtos s\u00e3o fabricados com precis\u00e3o e qualidade para proporcionar desempenho ideal, mesmo nas aplica\u00e7\u00f5es agr\u00edcolas mais exigentes. Se voc\u00ea n\u00e3o encontrar o modelo de engrenagem espec\u00edfico que precisa em nossa lista de produtos, significa simplesmente que ainda n\u00e3o tivemos a oportunidade de adicion\u00e1-lo \u2014 n\u00e3o se preocupe! Basta nos enviar um e-mail com suas necessidades e nossa experiente equipe de engenharia responder\u00e1 em at\u00e9 24 horas, oferecendo suporte personalizado para garantir que voc\u00ea encontre a solu\u00e7\u00e3o de engrenagem perfeita para sua m\u00e1quina agr\u00edcola.<\/div>\n<div>\n<table style=\"border-collapse: collapse; width: 100.021%; height: 9px;\" border=\"0\" width=\"243\" cellspacing=\"0\" cellpadding=\"0\">\n<tbody>\n<tr style=\"height: 14.40pt;\">\n<td style=\"height: 14.4pt; width: 38.3298%;\" align=\"right\" width=\"81\" height=\"24\"><img loading=\"lazy\" decoding=\"async\" class=\"size-full wp-image-7360 aligncenter\" src=\"https:\/\/fmp-components.com\/wp-content\/uploads\/2025\/03\/Double-Helical-Gears-For-Agricultural-Machinery1.webp\" alt=\"Engrenagens helicoidais duplas para m\u00e1quinas agr\u00edcolas\" width=\"523\" height=\"400\" title=\"\" srcset=\"https:\/\/fmp-components.com\/wp-content\/uploads\/2025\/03\/Double-Helical-Gears-For-Agricultural-Machinery1.webp 523w, https:\/\/fmp-components.com\/wp-content\/uploads\/2025\/03\/Double-Helical-Gears-For-Agricultural-Machinery1-480x367.webp 480w\" sizes=\"(min-width: 0px) and (max-width: 480px) 480px, (min-width: 481px) 523px, 100vw\" \/><\/td>\n<td style=\"width: 29.6574%;\" align=\"right\" width=\"81\"><img loading=\"lazy\" decoding=\"async\" class=\"alignnone size-full wp-image-7361\" src=\"https:\/\/fmp-components.com\/wp-content\/uploads\/2025\/03\/Double-Helical-Gears-For-Agricultural-Machinery2.webp\" alt=\"Engrenagens helicoidais duplas para m\u00e1quinas agr\u00edcolas\" width=\"382\" height=\"400\" title=\"\" srcset=\"https:\/\/fmp-components.com\/wp-content\/uploads\/2025\/03\/Double-Helical-Gears-For-Agricultural-Machinery2.webp 382w, https:\/\/fmp-components.com\/wp-content\/uploads\/2025\/03\/Double-Helical-Gears-For-Agricultural-Machinery2-287x300.webp 287w, https:\/\/fmp-components.com\/wp-content\/uploads\/2025\/03\/Double-Helical-Gears-For-Agricultural-Machinery2-11x12.webp 11w\" sizes=\"(max-width: 382px) 100vw, 382px\" \/><\/td>\n<td style=\"width: 31.9057%;\" align=\"right\" width=\"81\"><img loading=\"lazy\" decoding=\"async\" class=\"size-full wp-image-7362 aligncenter\" src=\"https:\/\/fmp-components.com\/wp-content\/uploads\/2025\/03\/Double-Helical-Gears-For-Agricultural-Machinery3.webp\" alt=\"\" width=\"840\" height=\"800\" title=\"\" srcset=\"https:\/\/fmp-components.com\/wp-content\/uploads\/2025\/03\/Double-Helical-Gears-For-Agricultural-Machinery3.webp 840w, https:\/\/fmp-components.com\/wp-content\/uploads\/2025\/03\/Double-Helical-Gears-For-Agricultural-Machinery3-480x457.webp 480w\" sizes=\"(min-width: 0px) and (max-width: 480px) 480px, (min-width: 481px) 840px, 100vw\" \/><\/td>\n<\/tr>\n<\/tbody>\n<\/table>\n<\/div>","protected":false},"excerpt":{"rendered":"<p>Engrenagens helicoidais duplas para m\u00e1quinas agr\u00edcolas<br \/>\nDureza superficial: 40-45 HRC<br \/>\nGrau de precis\u00e3o da engrenagem: 8-10<\/p>","protected":false},"featured_media":7363,"comment_status":"open","ping_status":"closed","template":"","meta":{"_et_pb_use_builder":"","_et_pb_old_content":"","_et_gb_content_width":""},"product_brand":[],"product_cat":[108],"product_tag":[],"class_list":{"0":"post-7356","1":"product","2":"type-product","3":"status-publish","4":"has-post-thumbnail","6":"product_cat-helical-gear","8":"first","9":"instock","10":"shipping-taxable","11":"product-type-simple"},"_links":{"self":[{"href":"https:\/\/fmp-components.com\/pt\/wp-json\/wp\/v2\/product\/7356","targetHints":{"allow":["GET"]}}],"collection":[{"href":"https:\/\/fmp-components.com\/pt\/wp-json\/wp\/v2\/product"}],"about":[{"href":"https:\/\/fmp-components.com\/pt\/wp-json\/wp\/v2\/types\/product"}],"replies":[{"embeddable":true,"href":"https:\/\/fmp-components.com\/pt\/wp-json\/wp\/v2\/comments?post=7356"}],"wp:featuredmedia":[{"embeddable":true,"href":"https:\/\/fmp-components.com\/pt\/wp-json\/wp\/v2\/media\/7363"}],"wp:attachment":[{"href":"https:\/\/fmp-components.com\/pt\/wp-json\/wp\/v2\/media?parent=7356"}],"wp:term":[{"taxonomy":"product_brand","embeddable":true,"href":"https:\/\/fmp-components.com\/pt\/wp-json\/wp\/v2\/product_brand?post=7356"},{"taxonomy":"product_cat","embeddable":true,"href":"https:\/\/fmp-components.com\/pt\/wp-json\/wp\/v2\/product_cat?post=7356"},{"taxonomy":"product_tag","embeddable":true,"href":"https:\/\/fmp-components.com\/pt\/wp-json\/wp\/v2\/product_tag?post=7356"}],"curies":[{"name":"wp","href":"https:\/\/api.w.org\/{rel}","templated":true}]}}