{"id":7344,"date":"2025-03-23T08:16:42","date_gmt":"2025-03-23T08:16:42","guid":{"rendered":"https:\/\/fmp-components.com\/?post_type=product&#038;p=7344"},"modified":"2025-03-26T08:46:39","modified_gmt":"2025-03-26T08:46:39","slug":"industrial-double-helical-gears","status":"publish","type":"product","link":"https:\/\/fmp-components.com\/pt\/product\/industrial-double-helical-gears\/","title":{"rendered":"Engrenagens helicoidais duplas industriais"},"content":{"rendered":"<div>\n<h2>Engrenagens helicoidais duplas industriais premium da FMP<\/h2>\n<p class=\"break-words\">Engrenagens helicoidais duplas industriais s\u00e3o componentes vitais em m\u00e1quinas pesadas, valorizadas por sua capacidade de transmitir alto torque com suavidade excepcional e ru\u00eddo m\u00ednimo. Ao contr\u00e1rio das engrenagens cil\u00edndricas mais simples, seu design de dentes em forma de V as torna mais complexas e caras de produzir, mas a recompensa \u00e9 um desempenho incompar\u00e1vel em aplica\u00e7\u00f5es exigentes. Da alimenta\u00e7\u00e3o de guindastes e bombas de fluidos ao acionamento de sistemas de propuls\u00e3o em navios militares, essas engrenagens se destacam onde a opera\u00e7\u00e3o silenciosa e a redu\u00e7\u00e3o de vibra\u00e7\u00e3o s\u00e3o essenciais. Na FMP Company, temos orgulho de ser uma das principais fabricantes de engrenagens duplas. <a href=\"https:\/\/fmp-components.com\/pt\/helical-gears\/\">engrenagem helicoidal<\/a> fabricantes na China, oferecendo uma gama diversificada de engrenagens de alta qualidade. Nossas avan\u00e7adas capacidades de fabrica\u00e7\u00e3o nos permitem produzir engrenagens com di\u00e2metro externo m\u00e1ximo de 1370 mm (54 polegadas) e largura total de 250 mm (10 polegadas) em um \u00e2ngulo de h\u00e9lice de 30 graus, garantindo precis\u00e3o e durabilidade para os seus desafios mais dif\u00edceis.<\/p>\n<h3>Solu\u00e7\u00f5es personalizadas e suporte especializado<\/h3>\n<p class=\"break-words\">Com mais de uma d\u00e9cada de experi\u00eancia, a FMP Company se destaca como fornecedora confi\u00e1vel de Engrenagens Duplas Helicoidais Industriais na China, oferecendo solu\u00e7\u00f5es padr\u00e3o e personalizadas a pre\u00e7os competitivos. Nossa f\u00e1brica est\u00e1 equipada com uma ampla sele\u00e7\u00e3o de fresas de passo e aceita pedidos personalizados para atender \u00e0s suas especifica\u00e7\u00f5es exclusivas, seja para aplica\u00e7\u00f5es industriais, militares ou especializadas. N\u00e3o encontrou o modelo exato que precisa em nossa lista de produtos? Isso significa que ainda n\u00e3o tivemos a oportunidade de envi\u00e1-lo! Basta nos enviar um e-mail com suas necessidades e nossos engenheiros dedicados responder\u00e3o em at\u00e9 24 horas com suporte personalizado. Na FMP, temos o compromisso com a excel\u00eancia, o que nos torna seu parceiro ideal para engrenagens duplas helicoidais premium e excelente atendimento ao cliente. Entre em contato conosco hoje mesmo para consultas sobre atacado ou solu\u00e7\u00f5es personalizadas de engrenagens!<\/p>\n<\/div>\n<h2>Especifica\u00e7\u00e3o do produto<\/h2>\n<div class=\"table-responsive\">\n<table class=\"table\" style=\"width: 97.2464%; height: 208px;\" border=\"1\">\n<tbody>\n<tr style=\"height: 26px;\">\n<td style=\"height: 26px;\">Tipo de engrenagem<\/td>\n<td style=\"height: 26px;\">Espinha de peixe<\/td>\n<\/tr>\n<tr style=\"height: 26px;\">\n<td style=\"height: 26px;\">Uso\/Aplica\u00e7\u00e3o<\/td>\n<td style=\"height: 26px;\">Industrial<\/td>\n<\/tr>\n<tr style=\"height: 26px;\">\n<td style=\"height: 26px;\">Forma do dente<\/td>\n<td style=\"height: 26px;\">Espinha de peixe<\/td>\n<\/tr>\n<tr style=\"height: 26px;\">\n<td style=\"height: 26px;\">Material<\/td>\n<td style=\"height: 26px;\">Personalizado<\/td>\n<\/tr>\n<tr style=\"height: 26px;\">\n<td style=\"height: 26px;\">Forma<\/td>\n<td style=\"height: 26px;\">Redondo<\/td>\n<\/tr>\n<tr style=\"height: 26px;\">\n<td style=\"height: 26px;\">Capacidade<\/td>\n<td style=\"height: 26px;\">Personalizado<\/td>\n<\/tr>\n<tr style=\"height: 26px;\">\n<td style=\"height: 26px;\">Di\u00e2metro<\/td>\n<td style=\"height: 26px;\">Personalizado<\/td>\n<\/tr>\n<tr style=\"height: 26px;\">\n<td style=\"height: 26px;\">Tamanho<\/td>\n<td style=\"height: 26px;\">Personalizado<\/td>\n<\/tr>\n<\/tbody>\n<\/table>\n<\/div>","protected":false},"excerpt":{"rendered":"<p>Premium Industrial Double Helical Gears from FMP Industrial Double Helical Gears are vital components in heavy-duty machinery, prized for their ability to transmit high torque with exceptional smoothness and minimal noise. Unlike simpler spur gears, their V-shaped tooth design makes them more complex and costly to produce, but the payoff is unmatched performance in demanding [&hellip;]<\/p>","protected":false},"featured_media":4592,"comment_status":"open","ping_status":"closed","template":"","meta":{"_et_pb_use_builder":"","_et_pb_old_content":"","_et_gb_content_width":""},"product_brand":[],"product_cat":[108],"product_tag":[],"class_list":{"0":"post-7344","1":"product","2":"type-product","3":"status-publish","4":"has-post-thumbnail","6":"product_cat-helical-gear","8":"first","9":"instock","10":"shipping-taxable","11":"product-type-simple"},"_links":{"self":[{"href":"https:\/\/fmp-components.com\/pt\/wp-json\/wp\/v2\/product\/7344","targetHints":{"allow":["GET"]}}],"collection":[{"href":"https:\/\/fmp-components.com\/pt\/wp-json\/wp\/v2\/product"}],"about":[{"href":"https:\/\/fmp-components.com\/pt\/wp-json\/wp\/v2\/types\/product"}],"replies":[{"embeddable":true,"href":"https:\/\/fmp-components.com\/pt\/wp-json\/wp\/v2\/comments?post=7344"}],"wp:featuredmedia":[{"embeddable":true,"href":"https:\/\/fmp-components.com\/pt\/wp-json\/wp\/v2\/media\/4592"}],"wp:attachment":[{"href":"https:\/\/fmp-components.com\/pt\/wp-json\/wp\/v2\/media?parent=7344"}],"wp:term":[{"taxonomy":"product_brand","embeddable":true,"href":"https:\/\/fmp-components.com\/pt\/wp-json\/wp\/v2\/product_brand?post=7344"},{"taxonomy":"product_cat","embeddable":true,"href":"https:\/\/fmp-components.com\/pt\/wp-json\/wp\/v2\/product_cat?post=7344"},{"taxonomy":"product_tag","embeddable":true,"href":"https:\/\/fmp-components.com\/pt\/wp-json\/wp\/v2\/product_tag?post=7344"}],"curies":[{"name":"wp","href":"https:\/\/api.w.org\/{rel}","templated":true}]}}