{"id":7341,"date":"2025-03-23T08:09:22","date_gmt":"2025-03-23T08:09:22","guid":{"rendered":"https:\/\/fmp-components.com\/?post_type=product&#038;p=7341"},"modified":"2025-03-23T08:09:23","modified_gmt":"2025-03-23T08:09:23","slug":"automotive-double-helical-gear","status":"publish","type":"product","link":"https:\/\/fmp-components.com\/pt\/product\/automotive-double-helical-gear\/","title":{"rendered":"Engrenagem dupla helicoidal automotiva"},"content":{"rendered":"<p>Dimens\u00e3o: \u03a615<br \/>\nM\u00f3dulo: M0,25<br \/>\nTipo de material: Pl\u00e1stico, POM, Nylon\u2026conforme necess\u00e1rio pelo cliente<\/p>\n<div class=\"table-responsive\">\n<table class=\"table\" style=\"width: 101.036%; height: 352px;\" border=\"1\">\n<tbody>\n<tr>\n<td colspan=\"2\">Engrenagem dupla helicoidal automotiva<\/td>\n<\/tr>\n<tr>\n<td>Dimens\u00e3o<\/td>\n<td>\u03a63mm- \u03a6120mm<\/td>\n<\/tr>\n<tr>\n<td>M\u00f3dulo<\/td>\n<td>M0,15-M2,2<\/td>\n<\/tr>\n<tr>\n<td>Tipo de material<\/td>\n<td>POM, PA, PPA, PBT PEEK conforme personalizado<\/td>\n<\/tr>\n<tr>\n<td>Grau de malha<\/td>\n<td>GB 6, ISO 6, JGMA 1, JIS 6, AGMA 13, DIN 6,DIN5<\/td>\n<\/tr>\n<tr>\n<td>Aplicativo<\/td>\n<td>M\u00e9dico, Industrial, Automotivo, Militar, Aeron\u00e1utico, Mec\u00e2nico, Automotivo<\/td>\n<\/tr>\n<tr>\n<td>Personalizado<\/td>\n<td>ODM\/OEM<\/td>\n<\/tr>\n<tr>\n<td>Amostra<\/td>\n<td>Amostra dispon\u00edvel<\/td>\n<\/tr>\n<tr>\n<td>Modos de embalagem<\/td>\n<td>Embalado a v\u00e1cuo com bandeja de pl\u00e1stico<\/td>\n<\/tr>\n<tr>\n<td>Modos de entrega<\/td>\n<td>DHL e TNT e FedEx e UPS<\/td>\n<\/tr>\n<tr>\n<td>Certificado<\/td>\n<td>ISO 9001: 2008\/TS16949<\/td>\n<\/tr>\n<\/tbody>\n<\/table>\n<\/div>","protected":false},"excerpt":{"rendered":"<p>Dimension:\u03a615 Module: M0.25 Material Type: Plastic, POM, Nylon\u2026as customer required Automotive Double Helical Gear Dimension \u03a63mm- \u03a6120mm Module M0.15-M2.2 Material Type POM,PA,PPA,PBT PEEK as customized Meshing Grade GB 6, ISO 6, JGMA 1, JIS 6, AGMA 13, DIN 6\uff0cDIN5 Application Medical, Industrial, Automotive, Military, Aircraft, Mechanical, Auto Customized ODM\/OEM Sample Sample available Modes of Packing [&hellip;]<\/p>","protected":false},"featured_media":4581,"comment_status":"open","ping_status":"closed","template":"","meta":{"_et_pb_use_builder":"","_et_pb_old_content":"","_et_gb_content_width":""},"product_brand":[],"product_cat":[108],"product_tag":[],"class_list":{"0":"post-7341","1":"product","2":"type-product","3":"status-publish","4":"has-post-thumbnail","6":"product_cat-helical-gear","8":"first","9":"instock","10":"shipping-taxable","11":"product-type-simple"},"_links":{"self":[{"href":"https:\/\/fmp-components.com\/pt\/wp-json\/wp\/v2\/product\/7341","targetHints":{"allow":["GET"]}}],"collection":[{"href":"https:\/\/fmp-components.com\/pt\/wp-json\/wp\/v2\/product"}],"about":[{"href":"https:\/\/fmp-components.com\/pt\/wp-json\/wp\/v2\/types\/product"}],"replies":[{"embeddable":true,"href":"https:\/\/fmp-components.com\/pt\/wp-json\/wp\/v2\/comments?post=7341"}],"wp:featuredmedia":[{"embeddable":true,"href":"https:\/\/fmp-components.com\/pt\/wp-json\/wp\/v2\/media\/4581"}],"wp:attachment":[{"href":"https:\/\/fmp-components.com\/pt\/wp-json\/wp\/v2\/media?parent=7341"}],"wp:term":[{"taxonomy":"product_brand","embeddable":true,"href":"https:\/\/fmp-components.com\/pt\/wp-json\/wp\/v2\/product_brand?post=7341"},{"taxonomy":"product_cat","embeddable":true,"href":"https:\/\/fmp-components.com\/pt\/wp-json\/wp\/v2\/product_cat?post=7341"},{"taxonomy":"product_tag","embeddable":true,"href":"https:\/\/fmp-components.com\/pt\/wp-json\/wp\/v2\/product_tag?post=7341"}],"curies":[{"name":"wp","href":"https:\/\/api.w.org\/{rel}","templated":true}]}}