{"id":7243,"date":"2025-03-21T01:45:53","date_gmt":"2025-03-21T01:45:53","guid":{"rendered":"https:\/\/fmp-components.com\/?post_type=product&#038;p=7243"},"modified":"2025-04-05T06:52:39","modified_gmt":"2025-04-05T06:52:39","slug":"plastic-worm-gears","status":"publish","type":"product","link":"https:\/\/fmp-components.com\/pt\/product\/plastic-worm-gears\/","title":{"rendered":"Engrenagens sem-fim de pl\u00e1stico"},"content":{"rendered":"<h2>Engrenagens sem-fim de pl\u00e1stico: solu\u00e7\u00f5es dur\u00e1veis \u200b\u200be personaliz\u00e1veis \u200b\u200bda FMP Company<\/h2>\n<p class=\"break-words\">Engrenagens sem-fim de pl\u00e1stico s\u00e3o componentes vitais em m\u00e1quinas modernas, oferecendo uma combina\u00e7\u00e3o \u00fanica de durabilidade, versatilidade e efici\u00eancia. Na FMP Company, somos especializados na fabrica\u00e7\u00e3o de engrenagens sem-fim de pl\u00e1stico de alta qualidade. <a href=\"https:\/\/fmp-components.com\/pt\/worm-gear-and-worm-shaft-2\/\">engrenagens sem-fim<\/a> Projetados para atender \u00e0s diversas necessidades de ind\u00fastrias em toda a It\u00e1lia e no exterior. Sejam modelos padr\u00e3o ou solu\u00e7\u00f5es personalizadas, nossa expertise garante que voc\u00ea receba produtos confi\u00e1veis \u200b\u200be personalizados.<\/p>\n<p><img loading=\"lazy\" decoding=\"async\" class=\"size-full wp-image-7245 aligncenter\" src=\"https:\/\/fmp-components.com\/wp-content\/uploads\/2025\/03\/plastic-worm-gear-2.webp\" alt=\"engrenagem helicoidal de pl\u00e1stico\" width=\"975\" height=\"762\" title=\"\" srcset=\"https:\/\/fmp-components.com\/wp-content\/uploads\/2025\/03\/plastic-worm-gear-2.webp 975w, https:\/\/fmp-components.com\/wp-content\/uploads\/2025\/03\/plastic-worm-gear-2-480x375.webp 480w\" sizes=\"(min-width: 0px) and (max-width: 480px) 480px, (min-width: 481px) 975px, 100vw\" \/><\/p>\n<div>\n<h3>Por que escolher engrenagens helicoidais de pl\u00e1stico?<\/h3>\n<p class=\"break-words\">Engrenagens sem-fim de pl\u00e1stico oferecem benef\u00edcios distintos em rela\u00e7\u00e3o \u00e0s suas contrapartes de metal, tornando-as uma escolha preferida em diversas aplica\u00e7\u00f5es:<\/p>\n<ul class=\"marker:text-secondary\">\n<li class=\"break-words\"><strong>Design leve<\/strong>: Significativamente mais leves que as engrenagens de metal, as engrenagens sem-fim de pl\u00e1stico reduzem o peso da m\u00e1quina, aumentando a efici\u00eancia energ\u00e9tica.<\/li>\n<li class=\"break-words\"><strong>Durabilidade \u00e0 prova de ferrugem<\/strong>: Resistentes \u00e0 corros\u00e3o, eles se destacam em ambientes \u00famidos ou agressivos, garantindo desempenho a longo prazo.<\/li>\n<li class=\"break-words\"><strong>Opera\u00e7\u00e3o de baixo ru\u00eddo<\/strong>: Sua opera\u00e7\u00e3o suave minimiza o ru\u00eddo, ideal para aplica\u00e7\u00f5es que exigem desempenho silencioso, como dispositivos m\u00e9dicos ou eletr\u00f4nicos de consumo.<\/li>\n<li class=\"break-words\"><strong>Produ\u00e7\u00e3o com boa rela\u00e7\u00e3o custo-benef\u00edcio<\/strong>:A moldagem por inje\u00e7\u00e3o permite uma fabrica\u00e7\u00e3o acess\u00edvel e em larga escala sem comprometer a qualidade.<\/li>\n<li class=\"break-words\"><strong>Propriedades autolubrificantes<\/strong>:Feitos de materiais como poliacetal (POM) e nylon MC, eles geralmente operam sem lubrifica\u00e7\u00e3o adicional, reduzindo as necessidades de manuten\u00e7\u00e3o.<\/li>\n<\/ul>\n<p class=\"break-words\">Na It\u00e1lia, setores como produ\u00e7\u00e3o de alimentos, eletr\u00f4nicos de consumo e fabrica\u00e7\u00e3o de equipamentos m\u00e9dicos exigem cada vez mais essas qualidades. A leveza e a resist\u00eancia \u00e0 ferrugem das engrenagens helicoidais de pl\u00e1stico atendem perfeitamente \u00e0s necessidades das empresas italianas que buscam solu\u00e7\u00f5es eficientes e confi\u00e1veis.<\/p>\n<p><img loading=\"lazy\" decoding=\"async\" class=\"size-full wp-image-7247 aligncenter\" src=\"https:\/\/fmp-components.com\/wp-content\/uploads\/2025\/03\/plastic-worm-gear-3.webp\" alt=\"engrenagem helicoidal de pl\u00e1stico\" width=\"813\" height=\"473\" title=\"\" srcset=\"https:\/\/fmp-components.com\/wp-content\/uploads\/2025\/03\/plastic-worm-gear-3.webp 813w, https:\/\/fmp-components.com\/wp-content\/uploads\/2025\/03\/plastic-worm-gear-3-480x279.webp 480w\" sizes=\"(min-width: 0px) and (max-width: 480px) 480px, (min-width: 481px) 813px, 100vw\" \/><\/p>\n<h2>Especifica\u00e7\u00e3o<\/h2>\n<table style=\"width: 100%;\" border=\"1\" width=\"100%\" cellspacing=\"0\" cellpadding=\"0\">\n<tbody>\n<tr style=\"height: 15.15pt;\">\n<td style=\"height: 15.15pt; width: 48.00pt;\" align=\"right\" width=\"80\" height=\"25\">\u00a0\u00a0<img loading=\"lazy\" decoding=\"async\" class=\"wp-image-7796 aligncenter\" src=\"https:\/\/fmp-components.com\/wp-content\/uploads\/2025\/03\/plastic-worm-gear-manufacturer.jpg\" alt=\"fabricante de engrenagens helicoidais de pl\u00e1stico\" width=\"448\" height=\"356\" title=\"\" srcset=\"https:\/\/fmp-components.com\/wp-content\/uploads\/2025\/03\/plastic-worm-gear-manufacturer.jpg 195w, https:\/\/fmp-components.com\/wp-content\/uploads\/2025\/03\/plastic-worm-gear-manufacturer-15x12.jpg 15w\" sizes=\"(max-width: 448px) 100vw, 448px\" \/><\/td>\n<td style=\"width: 48.00pt;\" align=\"right\" width=\"80\"><img loading=\"lazy\" decoding=\"async\" class=\"wp-image-7795 aligncenter\" src=\"https:\/\/fmp-components.com\/wp-content\/uploads\/2025\/03\/worm-gear-manufacturer.jpg\" alt=\"especifica\u00e7\u00e3o de engrenagem sem-fim de pl\u00e1stico\" width=\"488\" height=\"334\" title=\"\" srcset=\"https:\/\/fmp-components.com\/wp-content\/uploads\/2025\/03\/worm-gear-manufacturer.jpg 190w, https:\/\/fmp-components.com\/wp-content\/uploads\/2025\/03\/worm-gear-manufacturer-18x12.jpg 18w\" sizes=\"(max-width: 488px) 100vw, 488px\" \/><\/td>\n<\/tr>\n<tr style=\"height: 15.15pt;\">\n<td class=\"et2\" style=\"height: 15.15pt; width: 48.00pt;\" width=\"80\" height=\"25\">Tipo<\/td>\n<td class=\"et3\" style=\"width: 48.00pt;\" width=\"80\">Minhoca<\/td>\n<\/tr>\n<tr style=\"height: 29.55pt;\">\n<td class=\"et2\" style=\"height: 29.55pt; width: 48.00pt;\" width=\"80\" height=\"49\">M\u00f3dulo<\/td>\n<td class=\"et3\" style=\"width: 48.00pt;\" width=\"80\">M0,2 \u2013 M2,0<\/td>\n<\/tr>\n<tr style=\"height: 58.35pt;\">\n<td class=\"et2\" style=\"height: 58.35pt; width: 48.00pt;\" width=\"80\" height=\"97\">Material<\/td>\n<td class=\"et3\" style=\"width: 48.00pt;\" width=\"80\">Poliacetal (POM) \/ Nylon<\/td>\n<\/tr>\n<tr style=\"height: 58.35pt;\">\n<td class=\"et2\" style=\"height: 58.35pt; width: 48.00pt;\" width=\"80\" height=\"97\">Furo<\/td>\n<td class=\"et3\" style=\"width: 48.00pt;\" width=\"80\">\u00d81,40 mm\/ \u00d81,90 mm<\/td>\n<\/tr>\n<tr style=\"height: 101.55pt;\">\n<td class=\"et2\" style=\"height: 101.55pt; width: 48.00pt;\" width=\"80\" height=\"169\">Di\u00e2metro externo<\/td>\n<td class=\"et3\" style=\"width: 48.00pt;\" width=\"80\">\u00d84,0 mm\/ \u00d85,0 mm\/ \u00d86,0 mm (Flex\u00edvel)<\/td>\n<\/tr>\n<tr style=\"height: 72.75pt;\">\n<td class=\"et2\" style=\"height: 72.75pt; width: 48.00pt;\" width=\"80\" height=\"121\">Comprimento<\/td>\n<td class=\"et3\" style=\"width: 48.00pt;\" width=\"80\">6,0 mm\/ 8,5 mm\/ 10,0 mm (Flex\u00edvel)<\/td>\n<\/tr>\n<\/tbody>\n<\/table>\n<div><\/div>\n<div>\n<table style=\"width: 100%;\" border=\"1\" width=\"100%\" cellspacing=\"0\" cellpadding=\"0\">\n<tbody>\n<tr style=\"height: 15.15pt;\">\n<td class=\"et2\" style=\"height: 15.15pt; width: 96.00pt;\" colspan=\"2\" width=\"160\" height=\"25\"><img loading=\"lazy\" decoding=\"async\" class=\"alignnone wp-image-7797\" src=\"https:\/\/fmp-components.com\/wp-content\/uploads\/2025\/03\/plastic-worm-gear-manufacturer-1.jpg\" alt=\"engrenagem helicoidal de pl\u00e1stico\" width=\"938\" height=\"376\" title=\"\" srcset=\"https:\/\/fmp-components.com\/wp-content\/uploads\/2025\/03\/plastic-worm-gear-manufacturer-1.jpg 938w, https:\/\/fmp-components.com\/wp-content\/uploads\/2025\/03\/plastic-worm-gear-manufacturer-1-480x192.jpg 480w\" sizes=\"(min-width: 0px) and (max-width: 480px) 480px, (min-width: 481px) 938px, 100vw\" \/><\/td>\n<\/tr>\n<tr style=\"height: 55.95pt;\">\n<td class=\"et3\" style=\"height: 55.95pt; width: 48.00pt;\" width=\"80\" height=\"93\">Item<\/td>\n<td class=\"et4\" style=\"width: 48.00pt;\" width=\"80\">Engrenagem M0.4*30T + Sem-fim<\/td>\n<\/tr>\n<tr style=\"height: 28.35pt;\">\n<td class=\"et3\" style=\"height: 28.35pt; width: 48.00pt;\" width=\"80\" height=\"47\">Material<\/td>\n<td class=\"et4\" style=\"width: 48.00pt;\" width=\"80\">TEPCON_M90-10<\/td>\n<\/tr>\n<tr style=\"height: 14.55pt;\">\n<td class=\"et3\" style=\"height: 14.55pt; width: 48.00pt;\" width=\"80\" height=\"24\">M\u00f3dulo<\/td>\n<td class=\"et4\" style=\"width: 48.00pt;\" width=\"80\">M0,4<\/td>\n<\/tr>\n<tr style=\"height: 28.35pt;\">\n<td class=\"et3\" style=\"height: 28.35pt; width: 48.00pt;\" width=\"80\" height=\"47\">N\u00famero de dentes<\/td>\n<td class=\"et4\" style=\"width: 48.00pt;\" width=\"80\">30T \/ 1T<\/td>\n<\/tr>\n<tr style=\"height: 28.35pt;\">\n<td class=\"et3\" style=\"height: 28.35pt; width: 48.00pt;\" width=\"80\" height=\"47\">Peso<\/td>\n<td class=\"et4\" style=\"width: 48.00pt;\" width=\"80\">0,75g \/ pe\u00e7as<\/td>\n<\/tr>\n<tr style=\"height: 55.95pt;\">\n<td class=\"et3\" style=\"height: 55.95pt; width: 48.00pt;\" width=\"80\" height=\"93\">Aplicativo<\/td>\n<td class=\"et4\" style=\"width: 48.00pt;\" width=\"80\">C\u00e2mera IP, monitor, etc.<\/td>\n<\/tr>\n<\/tbody>\n<\/table>\n<\/div>\n<\/div>\n<table style=\"width: 100%;\" border=\"1\" width=\"100%\" cellspacing=\"0\" cellpadding=\"0\">\n<tbody>\n<tr style=\"height: 15.15pt;\">\n<td class=\"et2\" style=\"height: 15.15pt; width: 96.00pt;\" colspan=\"2\" width=\"160\" height=\"25\"><img loading=\"lazy\" decoding=\"async\" class=\"alignnone wp-image-7798\" src=\"https:\/\/fmp-components.com\/wp-content\/uploads\/2025\/03\/plastic-worm-gear-manufacturer-2.jpg\" alt=\"engrenagem helicoidal de pl\u00e1stico\" width=\"930\" height=\"371\" title=\"\" srcset=\"https:\/\/fmp-components.com\/wp-content\/uploads\/2025\/03\/plastic-worm-gear-manufacturer-2.jpg 930w, https:\/\/fmp-components.com\/wp-content\/uploads\/2025\/03\/plastic-worm-gear-manufacturer-2-480x191.jpg 480w\" sizes=\"(min-width: 0px) and (max-width: 480px) 480px, (min-width: 481px) 930px, 100vw\" \/><\/td>\n<\/tr>\n<tr style=\"height: 28.35pt;\">\n<td class=\"et3\" style=\"height: 28.35pt; width: 48.00pt;\" width=\"80\" height=\"47\">Item<\/td>\n<td class=\"et4\" style=\"width: 48.00pt;\" width=\"80\">M0.4 RH Worm<\/td>\n<\/tr>\n<tr style=\"height: 28.35pt;\">\n<td class=\"et3\" style=\"height: 28.35pt; width: 48.00pt;\" width=\"80\" height=\"47\">Material<\/td>\n<td class=\"et4\" style=\"width: 48.00pt;\" width=\"80\">TEPCON_M90-10<\/td>\n<\/tr>\n<tr style=\"height: 14.55pt;\">\n<td class=\"et3\" style=\"height: 14.55pt; width: 48.00pt;\" width=\"80\" height=\"24\">M\u00f3dulo<\/td>\n<td class=\"et4\" style=\"width: 48.00pt;\" width=\"80\">M0,4<\/td>\n<\/tr>\n<tr style=\"height: 28.35pt;\">\n<td class=\"et3\" style=\"height: 28.35pt; width: 48.00pt;\" width=\"80\" height=\"47\">N\u00famero de dentes<\/td>\n<td class=\"et4\" style=\"width: 48.00pt;\" width=\"80\">1T (D)<\/td>\n<\/tr>\n<tr style=\"height: 28.35pt;\">\n<td class=\"et3\" style=\"height: 28.35pt; width: 48.00pt;\" width=\"80\" height=\"47\">Peso<\/td>\n<td class=\"et4\" style=\"width: 48.00pt;\" width=\"80\">0,22g \/ pe\u00e7as<\/td>\n<\/tr>\n<tr style=\"height: 124.95pt;\">\n<td class=\"et3\" style=\"height: 124.95pt; width: 48.00pt;\" width=\"80\" height=\"208\">Aplicativo<\/td>\n<td class=\"et4\" style=\"width: 48.00pt;\" width=\"80\">Aplica-se na caixa de engrenagens de ajuste do espelho retrovisor automotivo.<\/td>\n<\/tr>\n<\/tbody>\n<\/table>\n<div><\/div>\n<div>\n<div>\n<table style=\"width: 100%;\" border=\"1\" width=\"100%\" cellspacing=\"0\" cellpadding=\"0\">\n<tbody>\n<tr style=\"height: 15.15pt;\">\n<td class=\"et2\" style=\"height: 15.15pt; width: 96.00pt;\" colspan=\"2\" width=\"160\" height=\"25\"><img loading=\"lazy\" decoding=\"async\" class=\"wp-image-7794 aligncenter\" src=\"https:\/\/fmp-components.com\/wp-content\/uploads\/2025\/03\/plastic-worm-gear-manufacturer-3.jpg\" alt=\"fabricante de engrenagens helicoidais de pl\u00e1stico\" width=\"960\" height=\"378\" title=\"\" srcset=\"https:\/\/fmp-components.com\/wp-content\/uploads\/2025\/03\/plastic-worm-gear-manufacturer-3.jpg 960w, https:\/\/fmp-components.com\/wp-content\/uploads\/2025\/03\/plastic-worm-gear-manufacturer-3-480x189.jpg 480w\" sizes=\"(min-width: 0px) and (max-width: 480px) 480px, (min-width: 481px) 960px, 100vw\" \/><\/td>\n<\/tr>\n<tr style=\"height: 55.95pt;\">\n<td class=\"et3\" style=\"height: 55.95pt; width: 48.00pt;\" width=\"80\" height=\"93\">Item<\/td>\n<td class=\"et4\" style=\"width: 48.00pt;\" width=\"80\">Parafuso de engrenagem e porca de parafuso<\/td>\n<\/tr>\n<tr style=\"height: 14.55pt;\">\n<td class=\"et3\" style=\"height: 14.55pt; width: 48.00pt;\" width=\"80\" height=\"24\">Material<\/td>\n<td class=\"et4\" style=\"width: 48.00pt;\" width=\"80\">ODM<\/td>\n<\/tr>\n<tr style=\"height: 14.55pt;\">\n<td class=\"et3\" style=\"height: 14.55pt; width: 48.00pt;\" width=\"80\" height=\"24\">M\u00f3dulo<\/td>\n<td class=\"et4\" style=\"width: 48.00pt;\" width=\"80\">ODM<\/td>\n<\/tr>\n<tr style=\"height: 28.35pt;\">\n<td class=\"et3\" style=\"height: 28.35pt; width: 48.00pt;\" width=\"80\" height=\"47\">N\u00famero de dentes<\/td>\n<td class=\"et4\" style=\"width: 48.00pt;\" width=\"80\">ODM<\/td>\n<\/tr>\n<tr style=\"height: 14.55pt;\">\n<td class=\"et3\" style=\"height: 14.55pt; width: 48.00pt;\" width=\"80\" height=\"24\">Peso<\/td>\n<td class=\"et4\" style=\"width: 48.00pt;\" width=\"80\">ODM<\/td>\n<\/tr>\n<tr style=\"height: 97.35pt;\">\n<td class=\"et3\" style=\"height: 97.35pt; width: 48.00pt;\" width=\"80\" height=\"162\">Aplicativo<\/td>\n<td class=\"et4\" style=\"width: 48.00pt;\" width=\"80\">Aplica-se na caixa de engrenagens de ajuste da v\u00e1lvula de \u00e1gua.<\/td>\n<\/tr>\n<\/tbody>\n<\/table>\n<h2>Engrenagens sem-fim de pl\u00e1stico da FMP Company: qualidade e personaliza\u00e7\u00e3o<\/h2>\n<p class=\"break-words\">Na FMP Company, temos orgulho de fornecer uma ampla gama de engrenagens sem-fim de pl\u00e1stico para atender a diversas aplica\u00e7\u00f5es:<\/p>\n<ul class=\"marker:text-secondary\">\n<li class=\"break-words\"><strong>Gama diversificada de produtos<\/strong>: Nosso cat\u00e1logo inclui engrenagens helicoidais de pl\u00e1stico padr\u00e3o com m\u00f3dulos que variam de 0,5 a 3 e rela\u00e7\u00f5es de velocidade de 10 a 50, fabricadas em nylon MC ou POM de alta qualidade.<\/li>\n<li class=\"break-words\"><strong>Servi\u00e7os de Personaliza\u00e7\u00e3o<\/strong>: Entendemos que cada projeto possui requisitos \u00fanicos. Nossa equipe oferece engrenagens helicoidais de pl\u00e1stico personalizadas, adaptadas \u00e0s suas especifica\u00e7\u00f5es, garantindo o desempenho ideal para sua aplica\u00e7\u00e3o espec\u00edfica.<\/li>\n<li class=\"break-words\"><strong>N\u00e3o encontrou seu modelo?<\/strong>: Se o equipamento que voc\u00ea precisa n\u00e3o estiver listado, n\u00e3o se preocupe \u2014 ele pode n\u00e3o estar dispon\u00edvel em nossa lista de produtos. Basta nos enviar um e-mail para <a href=\"mailto:info@fmpcomponents.it\">info@fmpcomponents.it<\/a>\u00a0com suas necessidades, e nossos engenheiros responder\u00e3o dentro de 24 horas para ajud\u00e1-lo.<\/li>\n<\/ul>\n<p class=\"break-words\">Nosso compromisso com qualidade e flexibilidade faz da FMP Company uma parceira confi\u00e1vel para as ind\u00fastrias italianas que buscam engrenagens de pl\u00e1stico dur\u00e1veis.<\/p>\n<p><img loading=\"lazy\" decoding=\"async\" class=\"size-full wp-image-7248 aligncenter\" src=\"https:\/\/fmp-components.com\/wp-content\/uploads\/2025\/03\/plastic-worm-gear-4.webp\" alt=\"engrenagem helicoidal de pl\u00e1stico\" width=\"760\" height=\"518\" title=\"\" srcset=\"https:\/\/fmp-components.com\/wp-content\/uploads\/2025\/03\/plastic-worm-gear-4.webp 760w, https:\/\/fmp-components.com\/wp-content\/uploads\/2025\/03\/plastic-worm-gear-4-480x327.webp 480w\" sizes=\"(min-width: 0px) and (max-width: 480px) 480px, (min-width: 481px) 760px, 100vw\" \/><\/p>\n<div>\n<h3>Excel\u00eancia em Materiais e Fabrica\u00e7\u00e3o<\/h3>\n<p class=\"break-words\">O desempenho das engrenagens sem-fim de pl\u00e1stico depende dos materiais e processos usados \u200b\u200bem sua cria\u00e7\u00e3o:<\/p>\n<ul class=\"marker:text-secondary\">\n<li class=\"break-words\"><strong>Materiais Premium<\/strong>Utilizamos pl\u00e1sticos de engenharia como POM (poliacetal) e Nylon MC, conhecidos por sua resist\u00eancia, resist\u00eancia ao desgaste e capacidade de funcionar sem lubrifica\u00e7\u00e3o. Para aplica\u00e7\u00f5es exigentes com flutua\u00e7\u00f5es de temperatura ou cargas pesadas, podemos integrar cubos de metal (por exemplo, S45C ou a\u00e7o inoxid\u00e1vel) para maior estabilidade.<\/li>\n<li class=\"break-words\"><strong>Manufatura Avan\u00e7ada<\/strong>: Nossa produ\u00e7\u00e3o combina moldagem por inje\u00e7\u00e3o de precis\u00e3o com usinagem especializada, garantindo que cada engrenagem atenda a rigorosos padr\u00f5es de qualidade. Este processo garante durabilidade, precis\u00e3o dimensional e custo-benef\u00edcio.<\/li>\n<\/ul>\n<p class=\"break-words\">Essas capacidades nos permitem produzir engrenagens helicoidais de pl\u00e1stico que se destacam no diversificado cen\u00e1rio industrial da It\u00e1lia, desde plantas costeiras de processamento de alimentos at\u00e9 fabricantes de eletr\u00f4nicos de alta tecnologia.<\/p>\n<table style=\"border-collapse: collapse; width: 104.125%; height: 59px;\" border=\"0\" width=\"160\" cellspacing=\"0\" cellpadding=\"0\">\n<tbody>\n<tr style=\"height: 14.40pt;\">\n<td style=\"height: 14.4pt; width: 56.4815%;\" align=\"right\" width=\"80\" height=\"24\"><img loading=\"lazy\" decoding=\"async\" class=\"size-full wp-image-7799 aligncenter\" src=\"https:\/\/fmp-components.com\/wp-content\/uploads\/2025\/03\/nylon-Electronic-Power-Steering-System-Worm-Gear.webp\" alt=\"Sistema de dire\u00e7\u00e3o hidr\u00e1ulica eletr\u00f4nica de nylon com engrenagem helicoidal\" width=\"1920\" height=\"1440\" title=\"\" srcset=\"https:\/\/fmp-components.com\/wp-content\/uploads\/2025\/03\/nylon-Electronic-Power-Steering-System-Worm-Gear.webp 1920w, https:\/\/fmp-components.com\/wp-content\/uploads\/2025\/03\/nylon-Electronic-Power-Steering-System-Worm-Gear-1280x960.webp 1280w, https:\/\/fmp-components.com\/wp-content\/uploads\/2025\/03\/nylon-Electronic-Power-Steering-System-Worm-Gear-980x735.webp 980w, https:\/\/fmp-components.com\/wp-content\/uploads\/2025\/03\/nylon-Electronic-Power-Steering-System-Worm-Gear-480x360.webp 480w\" sizes=\"(min-width: 0px) and (max-width: 480px) 480px, (min-width: 481px) and (max-width: 980px) 980px, (min-width: 981px) and (max-width: 1280px) 1280px, (min-width: 1281px) 1920px, 100vw\" \/><\/td>\n<td style=\"width: 43.5185%;\" align=\"right\" width=\"80\"><img loading=\"lazy\" decoding=\"async\" class=\"size-full wp-image-7800 aligncenter\" src=\"https:\/\/fmp-components.com\/wp-content\/uploads\/2025\/03\/plastic-worm-gear-manufacturer-5.webp\" alt=\"fabricante de engrenagens helicoidais de pl\u00e1stico\" width=\"1920\" height=\"1792\" title=\"\" srcset=\"https:\/\/fmp-components.com\/wp-content\/uploads\/2025\/03\/plastic-worm-gear-manufacturer-5.webp 1920w, https:\/\/fmp-components.com\/wp-content\/uploads\/2025\/03\/plastic-worm-gear-manufacturer-5-1280x1195.webp 1280w, https:\/\/fmp-components.com\/wp-content\/uploads\/2025\/03\/plastic-worm-gear-manufacturer-5-980x915.webp 980w, https:\/\/fmp-components.com\/wp-content\/uploads\/2025\/03\/plastic-worm-gear-manufacturer-5-480x448.webp 480w\" sizes=\"(min-width: 0px) and (max-width: 480px) 480px, (min-width: 481px) and (max-width: 980px) 980px, (min-width: 981px) and (max-width: 1280px) 1280px, (min-width: 1281px) 1920px, 100vw\" \/><\/td>\n<\/tr>\n<\/tbody>\n<\/table>\n<h3>Aplica\u00e7\u00f5es na It\u00e1lia<\/h3>\n<p class=\"break-words\">As engrenagens helicoidais de pl\u00e1stico da FMP Company provaram seu valor nos mercados italianos:<\/p>\n<ul class=\"marker:text-secondary\">\n<li class=\"break-words\"><strong>Produ\u00e7\u00e3o de alimentos<\/strong>: Em m\u00e1quinas que exigem higiene e resist\u00eancia \u00e0 umidade, nossas engrenagens antiferrugem garantem uma opera\u00e7\u00e3o confi\u00e1vel sem riscos de contamina\u00e7\u00e3o.<\/li>\n<li class=\"break-words\"><strong>Eletr\u00f4nicos de consumo<\/strong>: Seu desempenho leve e silencioso aprimora dispositivos como impressoras e c\u00e2meras, atendendo \u00e0 demanda da It\u00e1lia por tecnologia inovadora.<\/li>\n<li class=\"break-words\"><strong>Equipamentos m\u00e9dicos<\/strong>: O baixo ru\u00eddo e a durabilidade de nossas engrenagens d\u00e3o suporte a instrumentos de precis\u00e3o, um setor crescente na ind\u00fastria de sa\u00fade da It\u00e1lia.<\/li>\n<\/ul>\n<\/div>\n<\/div>\n<\/div>","protected":false},"excerpt":{"rendered":"<p>Plastic Worm Gears: Durable, Customizable Solutions from FMP Company Plastic worm gears are vital components in modern machinery, offering a unique combination of durability, versatility, and efficiency. At FMP Company, we specialize in manufacturing high-quality plastic worm gears designed to meet the diverse needs of industries across Italy and beyond. Whether you require standard models [&hellip;]<\/p>","protected":false},"featured_media":7244,"comment_status":"open","ping_status":"closed","template":"","meta":{"_et_pb_use_builder":"","_et_pb_old_content":"","_et_gb_content_width":""},"product_brand":[],"product_cat":[107],"product_tag":[],"class_list":{"0":"post-7243","1":"product","2":"type-product","3":"status-publish","4":"has-post-thumbnail","6":"product_cat-worm-gear","8":"first","9":"instock","10":"shipping-taxable","11":"product-type-simple"},"_links":{"self":[{"href":"https:\/\/fmp-components.com\/pt\/wp-json\/wp\/v2\/product\/7243","targetHints":{"allow":["GET"]}}],"collection":[{"href":"https:\/\/fmp-components.com\/pt\/wp-json\/wp\/v2\/product"}],"about":[{"href":"https:\/\/fmp-components.com\/pt\/wp-json\/wp\/v2\/types\/product"}],"replies":[{"embeddable":true,"href":"https:\/\/fmp-components.com\/pt\/wp-json\/wp\/v2\/comments?post=7243"}],"wp:featuredmedia":[{"embeddable":true,"href":"https:\/\/fmp-components.com\/pt\/wp-json\/wp\/v2\/media\/7244"}],"wp:attachment":[{"href":"https:\/\/fmp-components.com\/pt\/wp-json\/wp\/v2\/media?parent=7243"}],"wp:term":[{"taxonomy":"product_brand","embeddable":true,"href":"https:\/\/fmp-components.com\/pt\/wp-json\/wp\/v2\/product_brand?post=7243"},{"taxonomy":"product_cat","embeddable":true,"href":"https:\/\/fmp-components.com\/pt\/wp-json\/wp\/v2\/product_cat?post=7243"},{"taxonomy":"product_tag","embeddable":true,"href":"https:\/\/fmp-components.com\/pt\/wp-json\/wp\/v2\/product_tag?post=7243"}],"curies":[{"name":"wp","href":"https:\/\/api.w.org\/{rel}","templated":true}]}}