{"id":7228,"date":"2025-03-21T00:55:52","date_gmt":"2025-03-21T00:55:52","guid":{"rendered":"https:\/\/fmp-components.com\/?post_type=product&#038;p=7228"},"modified":"2025-03-21T01:26:57","modified_gmt":"2025-03-21T01:26:57","slug":"worm-and-wheel","status":"publish","type":"product","link":"https:\/\/fmp-components.com\/pt\/product\/worm-and-wheel\/","title":{"rendered":"Minhoca e Roda"},"content":{"rendered":"<p><span style=\"color: #333333; font-size: 26px;\">O que s\u00e3o engrenagens helicoidais e engrenagens de coroa?<\/span><\/p>\n<div>\n<p class=\"break-words\">UM <strong>sistema de engrenagem helicoidal<\/strong> \u00c9 um tipo especializado de transmiss\u00e3o por engrenagens que transfere movimento entre dois eixos n\u00e3o concorrentes, geralmente em um \u00e2ngulo de 90 graus. O sistema compreende dois componentes principais:<\/p>\n<ul class=\"marker:text-secondary\">\n<li class=\"break-words\"><strong>Minhoca<\/strong>Componente cil\u00edndrico, semelhante a um parafuso, com roscas espirais.<\/li>\n<li class=\"break-words\"><strong>Roda sem-fim<\/strong>Uma engrenagem semelhante a uma engrenagem helicoidal, mas com dentes c\u00f4ncavos projetados para maximizar o contato com o parafuso sem-fim.<\/li>\n<\/ul>\n<p class=\"break-words\">Este design exclusivo permite altas rela\u00e7\u00f5es de redu\u00e7\u00e3o em um formato compacto, tornando as engrenagens helicoidais uma solu\u00e7\u00e3o ideal para aplica\u00e7\u00f5es que exigem redu\u00e7\u00e3o significativa de velocidade e aumento de torque.<\/p>\n<table style=\"width: 100%;\" border=\"1\" width=\"100%\" cellspacing=\"0\" cellpadding=\"0\">\n<tbody>\n<tr style=\"height: 14.40pt;\">\n<td style=\"height: 14.4pt; width: 23.927%;\" width=\"83\" height=\"24\">\u00a0\u00a0\u00a0<img loading=\"lazy\" decoding=\"async\" class=\"alignnone size-full wp-image-7234\" src=\"https:\/\/fmp-components.com\/wp-content\/uploads\/2025\/03\/worm-and-wheel-5.webp\" alt=\"sem-fim e roda\" width=\"768\" height=\"695\" title=\"\" srcset=\"https:\/\/fmp-components.com\/wp-content\/uploads\/2025\/03\/worm-and-wheel-5.webp 768w, https:\/\/fmp-components.com\/wp-content\/uploads\/2025\/03\/worm-and-wheel-5-480x434.webp 480w\" sizes=\"(min-width: 0px) and (max-width: 480px) 480px, (min-width: 481px) 768px, 100vw\" \/><\/td>\n<td style=\"width: 24.4635%;\" align=\"right\" width=\"80\">\u00a0<img loading=\"lazy\" decoding=\"async\" class=\"alignnone size-full wp-image-7238\" src=\"https:\/\/fmp-components.com\/wp-content\/uploads\/2025\/03\/worm-and-wheel-1-1.webp\" alt=\"verme e roda \" width=\"518\" height=\"345\" title=\"\" srcset=\"https:\/\/fmp-components.com\/wp-content\/uploads\/2025\/03\/worm-and-wheel-1-1.webp 518w, https:\/\/fmp-components.com\/wp-content\/uploads\/2025\/03\/worm-and-wheel-1-1-480x320.webp 480w\" sizes=\"(min-width: 0px) and (max-width: 480px) 480px, (min-width: 481px) 518px, 100vw\" \/><\/td>\n<td style=\"width: 27.146%;\" align=\"right\" width=\"154\"><img loading=\"lazy\" decoding=\"async\" class=\"alignnone size-full wp-image-7237\" src=\"https:\/\/fmp-components.com\/wp-content\/uploads\/2025\/03\/worm-and-wheel-2-1.webp\" alt=\"verme e roda \" width=\"518\" height=\"345\" title=\"\" srcset=\"https:\/\/fmp-components.com\/wp-content\/uploads\/2025\/03\/worm-and-wheel-2-1.webp 518w, https:\/\/fmp-components.com\/wp-content\/uploads\/2025\/03\/worm-and-wheel-2-1-480x320.webp 480w\" sizes=\"(min-width: 0px) and (max-width: 480px) 480px, (min-width: 481px) 518px, 100vw\" \/><\/td>\n<td style=\"width: 24.1416%;\" width=\"80\"><img loading=\"lazy\" decoding=\"async\" class=\"alignnone size-full wp-image-7231\" src=\"https:\/\/fmp-components.com\/wp-content\/uploads\/2025\/03\/worm-and-wheel-2.webp\" alt=\"sem-fim e roda\" width=\"768\" height=\"695\" title=\"\" srcset=\"https:\/\/fmp-components.com\/wp-content\/uploads\/2025\/03\/worm-and-wheel-2.webp 768w, https:\/\/fmp-components.com\/wp-content\/uploads\/2025\/03\/worm-and-wheel-2-480x434.webp 480w\" sizes=\"(min-width: 0px) and (max-width: 480px) 480px, (min-width: 481px) 768px, 100vw\" \/><\/td>\n<\/tr>\n<tr style=\"height: 14.40pt;\">\n<td style=\"height: 14.4pt; width: 23.927%;\" height=\"24\"><img loading=\"lazy\" decoding=\"async\" class=\"alignnone size-full wp-image-7235\" src=\"https:\/\/fmp-components.com\/wp-content\/uploads\/2025\/03\/worm-and-wheel-6.webp\" alt=\"sem-fim e roda\" width=\"768\" height=\"695\" title=\"\" srcset=\"https:\/\/fmp-components.com\/wp-content\/uploads\/2025\/03\/worm-and-wheel-6.webp 768w, https:\/\/fmp-components.com\/wp-content\/uploads\/2025\/03\/worm-and-wheel-6-480x434.webp 480w\" sizes=\"(min-width: 0px) and (max-width: 480px) 480px, (min-width: 481px) 768px, 100vw\" \/><\/td>\n<td style=\"width: 24.4635%;\" align=\"right\"><img loading=\"lazy\" decoding=\"async\" class=\"alignnone size-full wp-image-7233\" src=\"https:\/\/fmp-components.com\/wp-content\/uploads\/2025\/03\/worm-and-wheel-4.webp\" alt=\"sem-fim e roda\" width=\"768\" height=\"695\" title=\"\" srcset=\"https:\/\/fmp-components.com\/wp-content\/uploads\/2025\/03\/worm-and-wheel-4.webp 768w, https:\/\/fmp-components.com\/wp-content\/uploads\/2025\/03\/worm-and-wheel-4-480x434.webp 480w\" sizes=\"(min-width: 0px) and (max-width: 480px) 480px, (min-width: 481px) 768px, 100vw\" \/><\/td>\n<td style=\"width: 27.146%;\" align=\"right\"><img loading=\"lazy\" decoding=\"async\" class=\"alignnone size-full wp-image-7236\" src=\"https:\/\/fmp-components.com\/wp-content\/uploads\/2025\/03\/worm-and-wheel-1.webp\" alt=\"sem-fim e roda\" width=\"768\" height=\"695\" title=\"\" srcset=\"https:\/\/fmp-components.com\/wp-content\/uploads\/2025\/03\/worm-and-wheel-1.webp 768w, https:\/\/fmp-components.com\/wp-content\/uploads\/2025\/03\/worm-and-wheel-1-480x434.webp 480w\" sizes=\"(min-width: 0px) and (max-width: 480px) 480px, (min-width: 481px) 768px, 100vw\" \/><\/td>\n<td style=\"width: 24.1416%;\"><img loading=\"lazy\" decoding=\"async\" class=\"alignnone size-full wp-image-7232\" src=\"https:\/\/fmp-components.com\/wp-content\/uploads\/2025\/03\/worm-and-wheel-3.webp\" alt=\"sem-fim e roda\" width=\"768\" height=\"695\" title=\"\" srcset=\"https:\/\/fmp-components.com\/wp-content\/uploads\/2025\/03\/worm-and-wheel-3.webp 768w, https:\/\/fmp-components.com\/wp-content\/uploads\/2025\/03\/worm-and-wheel-3-480x434.webp 480w\" sizes=\"(min-width: 0px) and (max-width: 480px) 480px, (min-width: 481px) 768px, 100vw\" \/><\/td>\n<\/tr>\n<\/tbody>\n<\/table>\n<h3>Especifica\u00e7\u00e3o<\/h3>\n<p>Dimens\u00f5es: \u03a65mm - \u03a6120mm<br \/>\nM\u00f3dulo: M0.2-M2.2<br \/>\nTipo de material: Alum\u00ednio, bronze, a\u00e7o, liga met\u00e1lica, zinco, etc., conforme solicitado pelo cliente.<\/p>\n<div class=\"table-responsive\">\n<table style=\"width: 100%;\" border=\"1\" width=\"100%\" cellspacing=\"0\" cellpadding=\"0\">\n<tbody>\n<tr class=\"firstRow\">\n<td colspan=\"2\">Engrenagens helicoidais de precis\u00e3o em dispositivos automotivos<\/td>\n<\/tr>\n<tr>\n<td>Dimens\u00e3o<\/td>\n<td>\u03a65mm - \u03a6120mm<\/td>\n<\/tr>\n<tr>\n<td>M\u00f3dulo<\/td>\n<td>M0.2-M2.2<\/td>\n<\/tr>\n<tr>\n<td>Tipo de material<\/td>\n<td>Alum\u00ednio, bronze, a\u00e7o, liga met\u00e1lica, zinco, etc., conforme solicitado pelo cliente.<\/td>\n<\/tr>\n<tr>\n<td>Grau de malha<\/td>\n<td>JGMA1\/2\/3\/4\/5\/6\/7\/8 ISO 8\/7\/6\/5\/4<br \/>\nDIN 6\/5\/4\/3 AGME 12\/13\/14\/15\/16<\/td>\n<\/tr>\n<tr>\n<td>Tratamento t\u00e9rmico<\/td>\n<td>NITRETO DE \u00cdON<\/td>\n<\/tr>\n<tr>\n<td>Aplicativo<\/td>\n<td>Automotivo, M\u00e9dico, Industrial, Militar, Aeron\u00e1utico, Mec\u00e2nico etc.<\/td>\n<\/tr>\n<tr>\n<td>Personalizado<\/td>\n<td>ODM\/OEM<\/td>\n<\/tr>\n<tr>\n<td>Amostra<\/td>\n<td>Amostra dispon\u00edvel<\/td>\n<\/tr>\n<tr>\n<td>Modos de embalagem<\/td>\n<td>Embalado a v\u00e1cuo com bandeja de pl\u00e1stico<\/td>\n<\/tr>\n<tr>\n<td>Modos de entrega<\/td>\n<td>DHL e TNT e FedEx e UPS<\/td>\n<\/tr>\n<tr>\n<td>Certificado<\/td>\n<td>ISO9001:2008 e TS\/ISO16949:2008<\/td>\n<\/tr>\n<\/tbody>\n<\/table>\n<\/div>\n<\/div>\n<p><img loading=\"lazy\" decoding=\"async\" class=\"alignnone  wp-image-7240\" src=\"https:\/\/fmp-components.com\/wp-content\/uploads\/2025\/03\/worm-and-wheel-product-3.webp\" alt=\"sem-fim e roda\" width=\"938\" height=\"500\" title=\"\" srcset=\"https:\/\/fmp-components.com\/wp-content\/uploads\/2025\/03\/worm-and-wheel-product-3.webp 938w, https:\/\/fmp-components.com\/wp-content\/uploads\/2025\/03\/worm-and-wheel-product-3-480x256.webp 480w\" sizes=\"(min-width: 0px) and (max-width: 480px) 480px, (min-width: 481px) 938px, 100vw\" \/> <img loading=\"lazy\" decoding=\"async\" class=\"alignnone size-full wp-image-7241\" src=\"https:\/\/fmp-components.com\/wp-content\/uploads\/2025\/03\/worm-and-wheel-product-2.webp\" alt=\"sem-fim e roda\" width=\"937\" height=\"469\" title=\"\" srcset=\"https:\/\/fmp-components.com\/wp-content\/uploads\/2025\/03\/worm-and-wheel-product-2.webp 937w, https:\/\/fmp-components.com\/wp-content\/uploads\/2025\/03\/worm-and-wheel-product-2-480x240.webp 480w\" sizes=\"(min-width: 0px) and (max-width: 480px) 480px, (min-width: 481px) 937px, 100vw\" \/><\/p>\n<div>\n<h2>Principais recursos e benef\u00edcios<\/h2>\n<p class=\"break-words\">As engrenagens helicoidais oferecem vantagens distintas, tornando-as indispens\u00e1veis \u200b\u200bem diversos setores industriais:<\/p>\n<ul class=\"marker:text-secondary\">\n<li class=\"break-words\"><strong>Alta taxa de redu\u00e7\u00e3o<\/strong>Obtenha redu\u00e7\u00f5es de velocidade substanciais com facilidade, ideal para aplica\u00e7\u00f5es de alto torque.<\/li>\n<li class=\"break-words\"><strong>Design compacto<\/strong>Entre os sistemas de engrenagens mais compactos, proporcionam grandes redu\u00e7\u00f5es em um espa\u00e7o m\u00ednimo.<\/li>\n<li class=\"break-words\"><strong>Capacidade de travamento autom\u00e1tico<\/strong>Quando o \u00e2ngulo de inclina\u00e7\u00e3o e o coeficiente de atrito s\u00e3o otimizados, essas engrenagens podem evitar o retorno de marcha \u00e0 r\u00e9, aumentando a seguran\u00e7a em determinadas configura\u00e7\u00f5es.<\/li>\n<li class=\"break-words\"><strong>Opera\u00e7\u00e3o suave e silenciosa<\/strong>O contato deslizante entre o parafuso sem-fim e a engrenagem garante um funcionamento mais silencioso em compara\u00e7\u00e3o com outros tipos de engrenagens.<\/li>\n<\/ul>\n<p class=\"break-words\">Essas caracter\u00edsticas fazem das engrenagens helicoidais e de coroa uma escolha vers\u00e1til tanto para aplica\u00e7\u00f5es industriais quanto de precis\u00e3o.<\/p>\n<div>\n<h2>Aplica\u00e7\u00f5es de engrenagens helicoidais e de coroa<\/h2>\n<p class=\"break-words\">Engrenagens helicoidais e coroas s\u00e3o empregadas em uma ampla gama de cen\u00e1rios, incluindo:<\/p>\n<ul class=\"marker:text-secondary\">\n<li class=\"break-words\"><strong>Redutores de velocidade<\/strong>Comum em m\u00e1quinas que exigem velocidades de produ\u00e7\u00e3o controladas.<\/li>\n<li class=\"break-words\"><strong>Elevadores<\/strong>Fornecer mecanismos de eleva\u00e7\u00e3o confi\u00e1veis.<\/li>\n<li class=\"break-words\"><strong>M\u00e1quinas-ferramentas<\/strong>Garantir a precis\u00e3o e a transmiss\u00e3o de pot\u00eancia.<\/li>\n<li class=\"break-words\"><strong>Blocos de corrente<\/strong>Facilitando o levantamento de cargas pesadas com engrenagens compactas.<\/li>\n<li class=\"break-words\"><strong>Carret\u00e9is de pesca<\/strong>Oferece controle suave e de alta precis\u00e3o.<\/li>\n<li class=\"break-words\"><strong>Dire\u00e7\u00e3o hidr\u00e1ulica automotiva<\/strong>Melhorar a capacidade de manobra do ve\u00edculo.<\/li>\n<li class=\"break-words\"><strong>Rob\u00f3tica e Equipamentos M\u00e9dicos<\/strong>Utiliza\u00e7\u00e3o de engrenagens de m\u00f3dulo pequeno para tarefas de precis\u00e3o.<\/li>\n<\/ul>\n<p class=\"break-words\">Na It\u00e1lia, ind\u00fastrias como a automobil\u00edstica, a rob\u00f3tica e a produ\u00e7\u00e3o de m\u00e1quinas \u2014 setores-chave em regi\u00f5es como a Em\u00edlia-Romanha e a Lombardia \u2014 dependem dessas engrenagens por sua efici\u00eancia e confiabilidade.<\/p>\n<div>\n<h2>FMP Company: Seu fabricante de confian\u00e7a de engrenagens helicoidais na It\u00e1lia.<\/h2>\n<p class=\"break-words\">Na FMP Company, orgulhamo-nos de ser um fornecedor l\u00edder de engrenagens helicoidais e coroas, atendendo a diversas necessidades com nossa extensa gama de produtos e op\u00e7\u00f5es de personaliza\u00e7\u00e3o. Nossa oferta inclui:<\/p>\n<ul class=\"marker:text-secondary\">\n<li class=\"break-words\"><strong>Minhocas de in\u00edcio \u00fanico e m\u00faltiplo<\/strong>Dispon\u00edvel com diferentes contagens de fios para rela\u00e7\u00f5es de redu\u00e7\u00e3o personalizadas.<\/li>\n<li class=\"break-words\"><strong>Rodas sem-fim<\/strong>Produzido com diferentes n\u00fameros de dentes e m\u00f3dulos para atender a aplica\u00e7\u00f5es espec\u00edficas.<\/li>\n<li class=\"break-words\"><strong>Projetos personalizados<\/strong>Projetado para atender \u00e0s suas necessidades espec\u00edficas, independentemente da complexidade.<\/li>\n<\/ul>\n<p><img loading=\"lazy\" decoding=\"async\" class=\"size-full wp-image-7229 aligncenter\" src=\"https:\/\/fmp-components.com\/wp-content\/uploads\/2025\/03\/worm-wheel-factory.webp\" alt=\"f\u00e1brica de roda sem-fim\" width=\"1740\" height=\"630\" title=\"\" srcset=\"https:\/\/fmp-components.com\/wp-content\/uploads\/2025\/03\/worm-wheel-factory.webp 1740w, https:\/\/fmp-components.com\/wp-content\/uploads\/2025\/03\/worm-wheel-factory-1280x463.webp 1280w, https:\/\/fmp-components.com\/wp-content\/uploads\/2025\/03\/worm-wheel-factory-980x355.webp 980w, https:\/\/fmp-components.com\/wp-content\/uploads\/2025\/03\/worm-wheel-factory-480x174.webp 480w\" sizes=\"(min-width: 0px) and (max-width: 480px) 480px, (min-width: 481px) and (max-width: 980px) 980px, (min-width: 981px) and (max-width: 1280px) 1280px, (min-width: 1281px) 1740px, 100vw\" \/><\/p>\n<h3>N\u00e3o consegue encontrar o seu modelo?<\/h3>\n<p class=\"break-words\">Se voc\u00ea n\u00e3o encontrar a engrenagem sem-fim e coroa exata que precisa em nossa lista de produtos, n\u00e3o se preocupe \u2014 provavelmente ainda n\u00e3o tivemos a oportunidade de adicion\u00e1-la. Simplesmente <strong>envie-nos um e-mail<\/strong> Com as suas especifica\u00e7\u00f5es, os nossos engenheiros especializados responder\u00e3o em 24 horas com uma solu\u00e7\u00e3o personalizada para as suas necessidades. Esteja voc\u00ea em Mil\u00e3o, Turim ou em qualquer outro lugar da It\u00e1lia, estamos aqui para lhe oferecer um servi\u00e7o r\u00e1pido e personalizado.<\/p>\n<div>\n<h2>Considera\u00e7\u00f5es t\u00e9cnicas para engrenagens helicoidais e de coroa<\/h2>\n<p class=\"break-words\">Projetar um sistema de engrenagem helicoidal eficaz requer aten\u00e7\u00e3o a diversos par\u00e2metros cr\u00edticos:<\/p>\n<ul class=\"marker:text-secondary\">\n<li class=\"break-words\"><strong>M\u00f3dulo<\/strong>Define o tamanho dos dentes da engrenagem.<\/li>\n<li class=\"break-words\"><strong>\u00c2ngulo de press\u00e3o<\/strong>Influencia a capacidade de carga e a efici\u00eancia.<\/li>\n<li class=\"break-words\"><strong>N\u00famero de dentes na roda sem-fim<\/strong>Determina a taxa de redu\u00e7\u00e3o em fun\u00e7\u00e3o da quantidade de fios da rosca.<\/li>\n<li class=\"break-words\"><strong>N\u00famero de fios na rosca sem-fim<\/strong>Partidas simples, duplas ou triplas afetam a velocidade e o torque de sa\u00edda.<\/li>\n<li class=\"break-words\"><strong>Di\u00e2metro primitivo da rosca sem-fim<\/strong>: Afeta a geometria da engrenagem.<\/li>\n<li class=\"break-words\"><strong>Dist\u00e2ncia do centro<\/strong>Garante o alinhamento correto entre os eixos.<\/li>\n<\/ul>\n<p class=\"break-words\">Por exemplo, um sistema com m\u00f3dulo 3, di\u00e2metro primitivo da rosca sem-fim de 44 mm, dist\u00e2ncia entre centros de 67 mm e uma roda sem-fim com 30 dentes pode atingir rela\u00e7\u00f5es de redu\u00e7\u00e3o como 30:1 (rosca sem-fim simples) ou 15:1 (rosca sem-fim dupla), ajust\u00e1veis \u200b\u200bvariando-se o n\u00famero de fios.<\/p>\n<p class=\"break-words\"><img loading=\"lazy\" decoding=\"async\" class=\"wp-image-7242 aligncenter\" src=\"https:\/\/fmp-components.com\/wp-content\/uploads\/2025\/03\/worm-and-wheel-product-5.webp\" alt=\"produto-rosca-e-roda-5\" width=\"839\" height=\"581\" title=\"\" srcset=\"https:\/\/fmp-components.com\/wp-content\/uploads\/2025\/03\/worm-and-wheel-product-5.webp 390w, https:\/\/fmp-components.com\/wp-content\/uploads\/2025\/03\/worm-and-wheel-product-5-300x208.webp 300w, https:\/\/fmp-components.com\/wp-content\/uploads\/2025\/03\/worm-and-wheel-product-5-18x12.webp 18w\" sizes=\"(max-width: 839px) 100vw, 839px\" \/><\/p>\n<\/div>\n<\/div>\n<\/div>\n<\/div>","protected":false},"excerpt":{"rendered":"<p>What Are Worm and Wheel Gears? A worm and wheel gear system is a specialized type of gear transmission that transfers motion between two non-intersecting shafts, typically at a 90-degree angle. The system comprises two key components: Worm: A cylindrical, screw-like component with spiral threads. Worm Wheel: A gear resembling a helical gear, but with [&hellip;]<\/p>","protected":false},"featured_media":7239,"comment_status":"open","ping_status":"closed","template":"","meta":{"_et_pb_use_builder":"","_et_pb_old_content":"","_et_gb_content_width":""},"product_brand":[],"product_cat":[107],"product_tag":[],"class_list":{"0":"post-7228","1":"product","2":"type-product","3":"status-publish","4":"has-post-thumbnail","6":"product_cat-worm-gear","8":"first","9":"instock","10":"shipping-taxable","11":"product-type-simple"},"_links":{"self":[{"href":"https:\/\/fmp-components.com\/pt\/wp-json\/wp\/v2\/product\/7228","targetHints":{"allow":["GET"]}}],"collection":[{"href":"https:\/\/fmp-components.com\/pt\/wp-json\/wp\/v2\/product"}],"about":[{"href":"https:\/\/fmp-components.com\/pt\/wp-json\/wp\/v2\/types\/product"}],"replies":[{"embeddable":true,"href":"https:\/\/fmp-components.com\/pt\/wp-json\/wp\/v2\/comments?post=7228"}],"wp:featuredmedia":[{"embeddable":true,"href":"https:\/\/fmp-components.com\/pt\/wp-json\/wp\/v2\/media\/7239"}],"wp:attachment":[{"href":"https:\/\/fmp-components.com\/pt\/wp-json\/wp\/v2\/media?parent=7228"}],"wp:term":[{"taxonomy":"product_brand","embeddable":true,"href":"https:\/\/fmp-components.com\/pt\/wp-json\/wp\/v2\/product_brand?post=7228"},{"taxonomy":"product_cat","embeddable":true,"href":"https:\/\/fmp-components.com\/pt\/wp-json\/wp\/v2\/product_cat?post=7228"},{"taxonomy":"product_tag","embeddable":true,"href":"https:\/\/fmp-components.com\/pt\/wp-json\/wp\/v2\/product_tag?post=7228"}],"curies":[{"name":"wp","href":"https:\/\/api.w.org\/{rel}","templated":true}]}}