{"id":7189,"date":"2025-03-20T05:36:25","date_gmt":"2025-03-20T05:36:25","guid":{"rendered":"https:\/\/fmp-components.com\/?post_type=product&#038;p=7189"},"modified":"2025-03-26T08:51:16","modified_gmt":"2025-03-26T08:51:16","slug":"cylindrical-worm-wheel","status":"publish","type":"product","link":"https:\/\/fmp-components.com\/pt\/product\/cylindrical-worm-wheel\/","title":{"rendered":"Roda sem-fim cil\u00edndrica"},"content":{"rendered":"<p>Uma roda sem-fim cil\u00edndrica \u00e9 um componente chave em <a href=\"https:\/\/fmp-components.com\/pt\/worm-gear-and-worm-shaft-2\/\">engrenagem sem-fim<\/a> Sistemas projetados para se encaixar perfeitamente em um sem-fim, transmitindo pot\u00eancia de forma eficiente, mantendo uma opera\u00e7\u00e3o suave e alta capacidade de torque. Na FMP Company, somos especializados na produ\u00e7\u00e3o de uma gama diversificada de rodas sem-fim cil\u00edndricas, dispon\u00edveis em diversos tipos e especifica\u00e7\u00f5es para atender \u00e0s suas aplica\u00e7\u00f5es espec\u00edficas, com op\u00e7\u00f5es de personaliza\u00e7\u00e3o tamb\u00e9m dispon\u00edveis. Se voc\u00ea n\u00e3o encontrar o modelo exato que precisa em nossa lista de produtos, \u00e9 prov\u00e1vel que ainda n\u00e3o a tenhamos atualizado. Entre em contato conosco por e-mail com suas necessidades e nossos engenheiros especialistas responder\u00e3o em at\u00e9 24 horas para atend\u00ea-lo.<\/p>\n<p><img loading=\"lazy\" decoding=\"async\" class=\"alignnone size-full wp-image-7193\" src=\"https:\/\/fmp-components.com\/wp-content\/uploads\/2025\/03\/Cylindrical-Worm-Wheel-1.webp\" alt=\"Roda sem-fim cil\u00edndrica\" width=\"986\" height=\"657\" title=\"\" srcset=\"https:\/\/fmp-components.com\/wp-content\/uploads\/2025\/03\/Cylindrical-Worm-Wheel-1.webp 986w, https:\/\/fmp-components.com\/wp-content\/uploads\/2025\/03\/Cylindrical-Worm-Wheel-1-980x653.webp 980w, https:\/\/fmp-components.com\/wp-content\/uploads\/2025\/03\/Cylindrical-Worm-Wheel-1-480x320.webp 480w\" sizes=\"(min-width: 0px) and (max-width: 480px) 480px, (min-width: 481px) and (max-width: 980px) 980px, (min-width: 981px) 986px, 100vw\" \/><\/p>\n<h3>Caracter\u00edsticas da roda sem-fim cil\u00edndrica<\/h3>\n<div>\n<p class=\"break-words\">Rodas sem-fim cil\u00edndricas s\u00e3o parte integrante dos sistemas de engrenagens sem-fim e v\u00eam em duas configura\u00e7\u00f5es principais: um conjunto de &quot;engrenagem sem-fim e helicoidal&quot; e um conjunto de &quot;roda sem-fim e sem-fim&quot;. O primeiro tipo, um subconjunto de engrenagens helicoidais para eixos cruzados, apresenta um pinh\u00e3o com um n\u00famero m\u00ednimo de dentes (por exemplo, 1, 2 ou 3) e um \u00e2ngulo de h\u00e9lice pronunciado, calculado de forma semelhante \u00e0s engrenagens helicoidais padr\u00e3o usando m\u00f3dulos padr\u00e3o normalizados. No entanto, devido ao contato pontual entre os flancos dos dentes, essa configura\u00e7\u00e3o \u00e9 menos adequada para aplica\u00e7\u00f5es de alta carga. Em contraste, a configura\u00e7\u00e3o &quot;roda sem-fim e sem-fim&quot; envolve rodas sem-fim fresadas com uma fresa sem-fim que corresponde \u00e0s especifica\u00e7\u00f5es da rosca sem-fim, permitindo o contato linear entre os dentes e suportando for\u00e7as dentais mais altas para maior capacidade de carga.<\/p>\n<p class=\"break-words\">Recursos adicionais de projeto aprimoram a funcionalidade. Quando a imers\u00e3o em \u00f3leo do rolamento sem-fim atende aos requisitos, mas a profundidade do sem-fim \u00e9 insuficiente, um anel antirrespingo de \u00f3leo pode ser adicionado ao eixo do sem-fim. Este anel lubrifica os componentes da transmiss\u00e3o e os rolamentos, evitando a imers\u00e3o excessiva do rolamento sem-fim em \u00f3leo. Para aplica\u00e7\u00f5es de alta velocidade, onde a velocidade perif\u00e9rica (PI) do sem-fim excede 10 m\/s, a roda sem-fim \u00e9 substitu\u00edda por uma engrenagem sem-fim do tipo suspensa, posicionada acima do sem-fim. Este arranjo reduz a velocidade da engrenagem, minimiza as perdas por agita\u00e7\u00e3o do \u00f3leo e reduz o risco de impurezas ou abrasivos presentes na po\u00e7a de \u00f3leo entrarem na \u00e1rea de engrenamento, garantindo um desempenho confi\u00e1vel.<\/p>\n<p><img loading=\"lazy\" decoding=\"async\" class=\"alignnone size-full wp-image-7194\" src=\"https:\/\/fmp-components.com\/wp-content\/uploads\/2025\/03\/Cylindrical-Worm-Wheel-2.webp\" alt=\"Roda sem-fim cil\u00edndrica\" width=\"1000\" height=\"664\" title=\"\" srcset=\"https:\/\/fmp-components.com\/wp-content\/uploads\/2025\/03\/Cylindrical-Worm-Wheel-2.webp 1000w, https:\/\/fmp-components.com\/wp-content\/uploads\/2025\/03\/Cylindrical-Worm-Wheel-2-980x651.webp 980w, https:\/\/fmp-components.com\/wp-content\/uploads\/2025\/03\/Cylindrical-Worm-Wheel-2-480x319.webp 480w\" sizes=\"(min-width: 0px) and (max-width: 480px) 480px, (min-width: 481px) and (max-width: 980px) 980px, (min-width: 981px) 1000px, 100vw\" \/><\/p>\n<\/div>","protected":false},"excerpt":{"rendered":"<p>A Cylindrical Worm Wheel is a key component in worm gear systems, designed to mesh seamlessly with a worm to transmit power efficiently while maintaining smooth operation and high torque capacity. At FMP Company, we specialize in producing a diverse range of Cylindrical Worm Wheels, available in various types and specifications to suit your specific [&hellip;]<\/p>","protected":false},"featured_media":7195,"comment_status":"open","ping_status":"closed","template":"","meta":{"_et_pb_use_builder":"","_et_pb_old_content":"","_et_gb_content_width":""},"product_brand":[],"product_cat":[107],"product_tag":[],"class_list":{"0":"post-7189","1":"product","2":"type-product","3":"status-publish","4":"has-post-thumbnail","6":"product_cat-worm-gear","8":"first","9":"instock","10":"shipping-taxable","11":"product-type-simple"},"_links":{"self":[{"href":"https:\/\/fmp-components.com\/pt\/wp-json\/wp\/v2\/product\/7189","targetHints":{"allow":["GET"]}}],"collection":[{"href":"https:\/\/fmp-components.com\/pt\/wp-json\/wp\/v2\/product"}],"about":[{"href":"https:\/\/fmp-components.com\/pt\/wp-json\/wp\/v2\/types\/product"}],"replies":[{"embeddable":true,"href":"https:\/\/fmp-components.com\/pt\/wp-json\/wp\/v2\/comments?post=7189"}],"wp:featuredmedia":[{"embeddable":true,"href":"https:\/\/fmp-components.com\/pt\/wp-json\/wp\/v2\/media\/7195"}],"wp:attachment":[{"href":"https:\/\/fmp-components.com\/pt\/wp-json\/wp\/v2\/media?parent=7189"}],"wp:term":[{"taxonomy":"product_brand","embeddable":true,"href":"https:\/\/fmp-components.com\/pt\/wp-json\/wp\/v2\/product_brand?post=7189"},{"taxonomy":"product_cat","embeddable":true,"href":"https:\/\/fmp-components.com\/pt\/wp-json\/wp\/v2\/product_cat?post=7189"},{"taxonomy":"product_tag","embeddable":true,"href":"https:\/\/fmp-components.com\/pt\/wp-json\/wp\/v2\/product_tag?post=7189"}],"curies":[{"name":"wp","href":"https:\/\/api.w.org\/{rel}","templated":true}]}}