{"id":7168,"date":"2025-03-20T01:19:21","date_gmt":"2025-03-20T01:19:21","guid":{"rendered":"https:\/\/fmp-components.com\/?post_type=product&#038;p=7168"},"modified":"2025-03-26T08:52:09","modified_gmt":"2025-03-26T08:52:09","slug":"stainless-steel-worm-gear-for-cnc-machinery","status":"publish","type":"product","link":"https:\/\/fmp-components.com\/pt\/product\/stainless-steel-worm-gear-for-cnc-machinery\/","title":{"rendered":"Engrenagem sem-fim de a\u00e7o inoxid\u00e1vel para m\u00e1quinas CNC"},"content":{"rendered":"<p>Na FMP Company, somos especializados na fabrica\u00e7\u00e3o de uma ampla gama de produtos em a\u00e7o inoxid\u00e1vel. <a href=\"https:\/\/fmp-components.com\/pt\/worm-gear-and-worm-shaft-2\/\">Engrenagens sem-fim<\/a> Projetados para atender a diversas necessidades industriais. Al\u00e9m do nosso extenso cat\u00e1logo, tamb\u00e9m oferecemos solu\u00e7\u00f5es personalizadas, adaptadas \u00e0s suas necessidades espec\u00edficas. Se voc\u00ea n\u00e3o encontrar o modelo exato que procura em nossa lista de produtos, \u00e9 prov\u00e1vel que ainda n\u00e3o tenhamos tido a oportunidade de atualiz\u00e1-la. Sinta-se \u00e0 vontade para nos enviar um e-mail com os detalhes do modelo que voc\u00ea precisa, e nossos engenheiros responder\u00e3o em at\u00e9 24 horas para ajud\u00e1-lo.<\/p>\n<p><img loading=\"lazy\" decoding=\"async\" class=\"size-full wp-image-7172 aligncenter\" src=\"https:\/\/fmp-components.com\/wp-content\/uploads\/2025\/03\/Stainless-Steel-Worm-Gear-for-CNC-Machinery-4.webp\" alt=\"Engrenagem sem-fim de a\u00e7o inoxid\u00e1vel para m\u00e1quinas CNC\" width=\"500\" height=\"600\" title=\"\" srcset=\"https:\/\/fmp-components.com\/wp-content\/uploads\/2025\/03\/Stainless-Steel-Worm-Gear-for-CNC-Machinery-4.webp 500w, https:\/\/fmp-components.com\/wp-content\/uploads\/2025\/03\/Stainless-Steel-Worm-Gear-for-CNC-Machinery-4-480x576.webp 480w\" sizes=\"(min-width: 0px) and (max-width: 480px) 480px, (min-width: 481px) 500px, 100vw\" \/><\/p>\n<h2>Par\u00e2metros do produto<\/h2>\n<div class=\"rich-text-table\">\n<table border=\"1\">\n<colgroup>\n<col \/>\n<col \/><\/colgroup>\n<tbody>\n<tr>\n<td>Nome do produto<\/td>\n<td>Engrenagem sem-fim e roda sem-fim<\/td>\n<\/tr>\n<tr>\n<td>Materiais dispon\u00edveis<\/td>\n<td>A\u00e7o inoxid\u00e1vel, a\u00e7o carbono, lat\u00e3o, bronze, ferro, liga de alum\u00ednio, cobre, pl\u00e1stico, nylon, PA66, MC, PEER, MSM, POM, Derlin etc.<\/td>\n<\/tr>\n<tr>\n<td>Tratamento t\u00e9rmico<\/td>\n<td>T\u00eampera e revenimento, cementa\u00e7\u00e3o e t\u00eampera, t\u00eampera de alta frequ\u00eancia, carbonitreta\u00e7\u00e3o\u2026\u2026<\/td>\n<\/tr>\n<tr>\n<td>Tratamento de superf\u00edcie<\/td>\n<td>Cementa\u00e7\u00e3o e t\u00eampera, revenimento, t\u00eampera superficial do dente, endurecimento, revenimento.<\/td>\n<\/tr>\n<tr>\n<td>BORE<\/td>\n<td>Furo acabado, Furo piloto, Pedido especial<\/td>\n<\/tr>\n<tr>\n<td>M\u00e9todo de processamento<\/td>\n<td>Moldagem, aplainamento, fresagem, fura\u00e7\u00e3o, rosqueamento, alargamento, chanframento manual, retifica\u00e7\u00e3o, etc.<\/td>\n<\/tr>\n<tr>\n<td>\u00c2ngulo de press\u00e3o<\/td>\n<td>20 graus<\/td>\n<\/tr>\n<tr>\n<td>Dureza<\/td>\n<td>55-60HRC<\/td>\n<\/tr>\n<tr>\n<td>Tamanho<\/td>\n<td>Desenhos do cliente e norma ISO<\/td>\n<\/tr>\n<tr>\n<td>Pacote<\/td>\n<td>Caixa\/cont\u00eainer de madeira e palete, ou fabricado sob encomenda.<\/td>\n<\/tr>\n<tr>\n<td>Certificado<\/td>\n<td>ISO9001:2008<\/td>\n<\/tr>\n<tr>\n<td>Aplica\u00e7\u00f5es<\/td>\n<td>M\u00e1quinas el\u00e9tricas, m\u00e1quinas metal\u00fargicas, m\u00e1quinas para prote\u00e7\u00e3o ambiental, aparelhos eletr\u00f4nicos e el\u00e9tricos, m\u00e1quinas para constru\u00e7\u00e3o de estradas, m\u00e1quinas para a ind\u00fastria qu\u00edmica, m\u00e1quinas para a ind\u00fastria aliment\u00edcia, m\u00e1quinas para a ind\u00fastria leve, m\u00e1quinas para minera\u00e7\u00e3o, m\u00e1quinas para transporte, m\u00e1quinas de constru\u00e7\u00e3o, m\u00e1quinas para materiais de constru\u00e7\u00e3o, m\u00e1quinas para cimento, m\u00e1quinas para borracha, m\u00e1quinas para conserva\u00e7\u00e3o de \u00e1gua e m\u00e1quinas para petr\u00f3leo.<\/td>\n<\/tr>\n<tr>\n<td>Processo de Usinagem<\/td>\n<td>Prepara\u00e7\u00e3o do material, normaliza\u00e7\u00e3o, torneamento de desbaste, t\u00eampera e revenimento, torneamento semiacabado do anel externo, torneamento de desbaste da superf\u00edcie espiral, torneamento de acabamento (retifica\u00e7\u00e3o fina) da face da extremidade do furo interno, chaveta, torneamento semiacabado da superf\u00edcie espiral, pin\u00e7as (dentes incompletos restantes), retifica\u00e7\u00e3o semiacabada do anel externo, retifica\u00e7\u00e3o semiacabada da superf\u00edcie espiral, retifica\u00e7\u00e3o do furo central, retifica\u00e7\u00e3o delicada do anel externo, raspagem fina da superf\u00edcie helicoidal, inspe\u00e7\u00e3o do produto acabado.<\/td>\n<\/tr>\n<tr>\n<td>Vantagens<\/td>\n<td>1. Produzir seguindo rigorosamente as dimens\u00f5es padr\u00e3o ANSI ou DIN.<br \/>\n2. Material: A\u00e7o SCM 415<br \/>\n3. Di\u00e2metro interno: Di\u00e2metro interno final<br \/>\n4. Grau de precis\u00e3o: DIN 5 a DIN 7<br \/>\n5. Tratamento de superf\u00edcie: Cementa\u00e7\u00e3o e t\u00eampera<br \/>\n6. M\u00f3dulo: Do \u200b\u200b1 ao 4<br \/>\n7. Dente: De Z15 a Z70<\/td>\n<\/tr>\n<\/tbody>\n<\/table>\n<\/div>\n<h2>Especifica\u00e7\u00e3o:<\/h2>\n<div class=\"rich-text-table\">\n<table border=\"1\">\n<tbody>\n<tr>\n<td colspan=\"2\">N\u00famero<\/td>\n<td rowspan=\"2\">N\u00famero de dentes<\/td>\n<td colspan=\"2\">Di\u00e2metro do furo do eixo AH7 (incremento de 1 mm)<\/td>\n<td rowspan=\"2\">Dire\u00e7\u00e3o de tor\u00e7\u00e3o<\/td>\n<td rowspan=\"2\">B<\/td>\n<td rowspan=\"2\">C<\/td>\n<td rowspan=\"2\">D<\/td>\n<td rowspan=\"2\">E<\/td>\n<td rowspan=\"2\">F<\/td>\n<td rowspan=\"2\">G<\/td>\n<\/tr>\n<tr>\n<td>Tipo<\/td>\n<td>M\u00f3dulo<\/td>\n<td>Furo reto Furo reto + macho<\/td>\n<td>Chaveta+Toque<\/td>\n<\/tr>\n<tr>\n<td rowspan=\"22\">Cano reto<\/p>\n<p>Furo reto + Rosca<\/p>\n<p>Chaveta+Toque<\/td>\n<td rowspan=\"5\">1.0<\/td>\n<td>20<\/td>\n<td>6<\/td>\n<td>8<\/td>\n<td rowspan=\"22\">L (Esquerda)<\/p>\n<p>R (Direita)<\/td>\n<td>17<\/td>\n<td>20<\/td>\n<td>22<\/td>\n<td colspan=\"1\" rowspan=\"5\">8<\/td>\n<td rowspan=\"5\">10<\/td>\n<td rowspan=\"5\">18<\/td>\n<\/tr>\n<tr>\n<td>22~ 28<\/td>\n<td>8<\/td>\n<td>8~13<\/td>\n<td>18~20<\/td>\n<td>22~28<\/td>\n<td>24~30<\/td>\n<\/tr>\n<tr>\n<td>30~48<\/td>\n<td>10<\/td>\n<td>10~17<\/td>\n<td>25~30<\/td>\n<td>30~48<\/td>\n<td>32~50<\/td>\n<\/tr>\n<tr>\n<td>50~70<\/td>\n<td>12<\/td>\n<td>12~17<\/td>\n<td>35~40<\/td>\n<td>50~70<\/td>\n<td colspan=\"1\">52~72<\/td>\n<\/tr>\n<tr>\n<td>80~100<\/td>\n<td>15<\/td>\n<td>15~30<\/td>\n<td>50<\/td>\n<td>80~100<\/td>\n<td colspan=\"1\">82~102<\/td>\n<\/tr>\n<tr>\n<td rowspan=\"4\">1.5<\/td>\n<td>20~26<\/td>\n<td>12<\/td>\n<td>12~17<\/td>\n<td>24~32<\/td>\n<td>30~39<\/td>\n<td colspan=\"1\">33~42<\/td>\n<td colspan=\"1\" rowspan=\"4\">12<\/td>\n<td rowspan=\"4\">12<\/td>\n<td rowspan=\"4\">24<\/td>\n<\/tr>\n<tr>\n<td>28~44<\/td>\n<td>15<\/td>\n<td>15~30<\/td>\n<td>36~50<\/td>\n<td>42~67.5<\/td>\n<td colspan=\"1\">45~70.5<\/td>\n<\/tr>\n<tr>\n<td>45~52<\/td>\n<td>18<\/td>\n<td>18~40<\/td>\n<td>50~60<\/td>\n<td>72~78<\/td>\n<td colspan=\"1\">75~81<\/td>\n<\/tr>\n<tr>\n<td>60~100<\/td>\n<td>20<\/td>\n<td>20-50<\/td>\n<td>60~70<\/td>\n<td>90~150<\/td>\n<td colspan=\"1\">93\u00b7153<\/td>\n<\/tr>\n<tr>\n<td rowspan=\"5\">2.0<\/td>\n<td>15~18<\/td>\n<td>12<\/td>\n<td>12~17<\/td>\n<td>24~30<\/td>\n<td>30~36<\/td>\n<td>34~40<\/td>\n<td colspan=\"1\" rowspan=\"5\">16<\/td>\n<td rowspan=\"5\">13<\/td>\n<td rowspan=\"5\">29<\/td>\n<\/tr>\n<tr>\n<td>20~28<\/td>\n<td>15<\/td>\n<td>15\u00b722<\/td>\n<td>32~45<\/td>\n<td>40~56<\/td>\n<td>44~60<\/td>\n<\/tr>\n<tr>\n<td>30~36<\/td>\n<td>18<\/td>\n<td>18~40<\/td>\n<td>50<\/td>\n<td>60~72<\/td>\n<td>64~76<\/td>\n<\/tr>\n<tr>\n<td>40~48<\/td>\n<td>20<\/td>\n<td>20~44<\/td>\n<td>60<\/td>\n<td>80~96<\/td>\n<td>84~100<\/td>\n<\/tr>\n<tr>\n<td>50~100<\/td>\n<td>25<\/td>\n<td>25~60<\/td>\n<td>60~100<\/td>\n<td>100~200<\/td>\n<td>104~204<\/td>\n<\/tr>\n<tr>\n<td rowspan=\"4\">2.5<\/td>\n<td>15~18<\/td>\n<td>15<\/td>\n<td>15~30<\/td>\n<td>30~38<\/td>\n<td>37.5~45<\/td>\n<td>42.5~50<\/td>\n<td colspan=\"1\" rowspan=\"4\">20<\/td>\n<td rowspan=\"4\">14<\/td>\n<td rowspan=\"4\">34<\/td>\n<\/tr>\n<tr>\n<td>20~24<\/td>\n<td>18<\/td>\n<td>18~40<\/td>\n<td>40~48<\/td>\n<td>50~60<\/td>\n<td>55~65<\/td>\n<\/tr>\n<tr>\n<td>25~36<\/td>\n<td>20<\/td>\n<td>20~50<\/td>\n<td>50~70<\/td>\n<td>62.5~90<\/td>\n<td>67.5~95<\/td>\n<\/tr>\n<tr>\n<td>40~60<\/td>\n<td>25<\/td>\n<td>25~70<\/td>\n<td>70~80<\/td>\n<td>90~150<\/td>\n<td>95~155<\/td>\n<\/tr>\n<tr>\n<td rowspan=\"4\">3.0<\/td>\n<td>15~18<\/td>\n<td>18<\/td>\n<td>18~22<\/td>\n<td>36~40<\/td>\n<td>45~54<\/td>\n<td>51~60<\/td>\n<td colspan=\"1\" rowspan=\"4\">25<\/td>\n<td rowspan=\"4\">16<\/td>\n<td rowspan=\"4\">4<\/td>\n<\/tr>\n<\/tbody>\n<\/table>\n<h3>Produto relacionado<\/h3>\n<p><img loading=\"lazy\" decoding=\"async\" class=\"alignnone size-full wp-image-7170\" src=\"https:\/\/fmp-components.com\/wp-content\/uploads\/2025\/03\/Stainless-Steel-Worm-Gear-for-CNC-Machinery-3.webp\" alt=\"Engrenagem sem-fim de a\u00e7o inoxid\u00e1vel para m\u00e1quinas CNC\" width=\"1000\" height=\"400\" title=\"\" srcset=\"https:\/\/fmp-components.com\/wp-content\/uploads\/2025\/03\/Stainless-Steel-Worm-Gear-for-CNC-Machinery-3.webp 1000w, https:\/\/fmp-components.com\/wp-content\/uploads\/2025\/03\/Stainless-Steel-Worm-Gear-for-CNC-Machinery-3-980x392.webp 980w, https:\/\/fmp-components.com\/wp-content\/uploads\/2025\/03\/Stainless-Steel-Worm-Gear-for-CNC-Machinery-3-480x192.webp 480w\" sizes=\"(min-width: 0px) and (max-width: 480px) 480px, (min-width: 481px) and (max-width: 980px) 980px, (min-width: 981px) 1000px, 100vw\" \/><\/p>\n<p>Gostar\u00edamos de destacar que a FMP Company tamb\u00e9m fabrica com orgulho redutores de engrenagem helicoidal em a\u00e7o inoxid\u00e1vel, projetados especificamente para atender \u00e0s rigorosas exig\u00eancias da ind\u00fastria aliment\u00edcia. Esses redutores s\u00e3o fabricados com precis\u00e3o, garantindo durabilidade, resist\u00eancia \u00e0 corros\u00e3o e conformidade com os padr\u00f5es de higiene, tornando-os a escolha ideal para aplica\u00e7\u00f5es de processamento de alimentos. Se voc\u00ea tiver alguma necessidade ou d\u00favida sobre nossos redutores de engrenagem helicoidal em a\u00e7o inoxid\u00e1vel, n\u00e3o hesite em nos contatar. Nossa equipe dedicada est\u00e1 pronta para atend\u00ea-lo prontamente, fornecendo solu\u00e7\u00f5es personalizadas para otimizar suas opera\u00e7\u00f5es. Entre em contato conosco hoje mesmo para discutir suas necessidades!<\/p>\n<p><img loading=\"lazy\" decoding=\"async\" class=\"alignnone size-full wp-image-7173\" src=\"https:\/\/fmp-components.com\/wp-content\/uploads\/2025\/03\/Stainless-Steel-Worm-Gearbox.webp\" alt=\"Caixa de engrenagens helicoidais em a\u00e7o inoxid\u00e1vel\" width=\"1000\" height=\"668\" title=\"\" srcset=\"https:\/\/fmp-components.com\/wp-content\/uploads\/2025\/03\/Stainless-Steel-Worm-Gearbox.webp 1000w, https:\/\/fmp-components.com\/wp-content\/uploads\/2025\/03\/Stainless-Steel-Worm-Gearbox-980x655.webp 980w, https:\/\/fmp-components.com\/wp-content\/uploads\/2025\/03\/Stainless-Steel-Worm-Gearbox-480x321.webp 480w\" sizes=\"(min-width: 0px) and (max-width: 480px) 480px, (min-width: 481px) and (max-width: 980px) 980px, (min-width: 981px) 1000px, 100vw\" \/><\/p>\n<\/div>","protected":false},"excerpt":{"rendered":"<p>At FMP Company, we specialize in manufacturing a wide range of Stainless Steel Worm Gears designed to meet diverse industrial needs. In addition to our extensive catalog, we also offer custom solutions tailored to your specific requirements. If you don\u2019t find the exact model you\u2019re looking for in our product list, it\u2019s likely we haven\u2019t [&hellip;]<\/p>","protected":false},"featured_media":7169,"comment_status":"open","ping_status":"closed","template":"","meta":{"_et_pb_use_builder":"","_et_pb_old_content":"","_et_gb_content_width":""},"product_brand":[],"product_cat":[107],"product_tag":[],"class_list":{"0":"post-7168","1":"product","2":"type-product","3":"status-publish","4":"has-post-thumbnail","6":"product_cat-worm-gear","8":"first","9":"instock","10":"shipping-taxable","11":"product-type-simple"},"_links":{"self":[{"href":"https:\/\/fmp-components.com\/pt\/wp-json\/wp\/v2\/product\/7168","targetHints":{"allow":["GET"]}}],"collection":[{"href":"https:\/\/fmp-components.com\/pt\/wp-json\/wp\/v2\/product"}],"about":[{"href":"https:\/\/fmp-components.com\/pt\/wp-json\/wp\/v2\/types\/product"}],"replies":[{"embeddable":true,"href":"https:\/\/fmp-components.com\/pt\/wp-json\/wp\/v2\/comments?post=7168"}],"wp:featuredmedia":[{"embeddable":true,"href":"https:\/\/fmp-components.com\/pt\/wp-json\/wp\/v2\/media\/7169"}],"wp:attachment":[{"href":"https:\/\/fmp-components.com\/pt\/wp-json\/wp\/v2\/media?parent=7168"}],"wp:term":[{"taxonomy":"product_brand","embeddable":true,"href":"https:\/\/fmp-components.com\/pt\/wp-json\/wp\/v2\/product_brand?post=7168"},{"taxonomy":"product_cat","embeddable":true,"href":"https:\/\/fmp-components.com\/pt\/wp-json\/wp\/v2\/product_cat?post=7168"},{"taxonomy":"product_tag","embeddable":true,"href":"https:\/\/fmp-components.com\/pt\/wp-json\/wp\/v2\/product_tag?post=7168"}],"curies":[{"name":"wp","href":"https:\/\/api.w.org\/{rel}","templated":true}]}}