{"id":7147,"date":"2025-03-19T06:49:31","date_gmt":"2025-03-19T06:49:31","guid":{"rendered":"https:\/\/fmp-components.com\/?post_type=product&#038;p=7147"},"modified":"2025-03-26T08:52:30","modified_gmt":"2025-03-26T08:52:30","slug":"alloy-steel-worm-and-worm-gear-for-auto-parts","status":"publish","type":"product","link":"https:\/\/fmp-components.com\/pt\/product\/alloy-steel-worm-and-worm-gear-for-auto-parts\/","title":{"rendered":"Engrenagem sem-fim e rosca sem-fim de a\u00e7o-liga para pe\u00e7as automotivas"},"content":{"rendered":"<p>Na FMP Company, somos especializados na fabrica\u00e7\u00e3o de uma ampla gama de roscas sem-fim de a\u00e7o-liga e <a href=\"https:\/\/fmp-components.com\/pt\/worm-gear-and-worm-shaft-2\/\">Engrenagem sem-fim<\/a> Para autope\u00e7as, projetadas para atender \u00e0s diversas necessidades da ind\u00fastria com precis\u00e3o e durabilidade. Tamb\u00e9m oferecemos servi\u00e7os de personaliza\u00e7\u00e3o para garantir que nossos produtos se alinhem perfeitamente \u00e0s suas necessidades espec\u00edficas. Se voc\u00ea n\u00e3o encontrar o modelo que precisa em nossa lista de produtos, significa que ainda n\u00e3o tivemos a oportunidade de adicion\u00e1-lo \u2014 sinta-se \u00e0 vontade para nos enviar um e-mail com as especifica\u00e7\u00f5es desejadas. Nossos engenheiros responder\u00e3o em at\u00e9 24 horas para ajud\u00e1-lo.<\/p>\n<p><img loading=\"lazy\" decoding=\"async\" class=\"alignnone size-full wp-image-7148\" src=\"https:\/\/fmp-components.com\/wp-content\/uploads\/2025\/03\/Alloy-Steel-Worm-And-Worm-Gear-for-Auto-Parts-1.png\" alt=\"Engrenagem sem-fim e rosca sem-fim de a\u00e7o-liga para pe\u00e7as automotivas\" width=\"1018\" height=\"709\" title=\"\" srcset=\"https:\/\/fmp-components.com\/wp-content\/uploads\/2025\/03\/Alloy-Steel-Worm-And-Worm-Gear-for-Auto-Parts-1.png 1018w, https:\/\/fmp-components.com\/wp-content\/uploads\/2025\/03\/Alloy-Steel-Worm-And-Worm-Gear-for-Auto-Parts-1-980x683.png 980w, https:\/\/fmp-components.com\/wp-content\/uploads\/2025\/03\/Alloy-Steel-Worm-And-Worm-Gear-for-Auto-Parts-1-480x334.png 480w\" sizes=\"(min-width: 0px) and (max-width: 480px) 480px, (min-width: 481px) and (max-width: 980px) 980px, (min-width: 981px) 1018px, 100vw\" \/><\/p>\n<p>Dimens\u00f5es: \u03a65mm - \u03a6120mm<br \/>\nM\u00f3dulo: M0.2-M2.2<br \/>\nTipo de material: Alum\u00ednio, cobre, lat\u00e3o, a\u00e7o inoxid\u00e1vel, a\u00e7o, ferro, liga met\u00e1lica, tit\u00e2nio, etc., conforme solicitado pelo cliente.<\/p>\n<div class=\"table-responsive\">\n<table class=\"table\" style=\"height: 602px; width: 99.8413%; border-style: solid; border-color: #0d0b0b;\" border=\"1\">\n<tbody>\n<tr>\n<td style=\"width: 99.2693%;\" colspan=\"2\">\n<p style=\"text-align: center;\">Engrenagem sem-fim e rosca sem-fim de a\u00e7o-liga para pe\u00e7as automotivas<\/p>\n<\/td>\n<\/tr>\n<tr>\n<td style=\"width: 15.9708%;\">Dimens\u00e3o<\/td>\n<td style=\"width: 83.2985%;\">\u03a65mm - \u03a6120mm<\/td>\n<\/tr>\n<tr>\n<td style=\"width: 15.9708%;\">M\u00f3dulo<\/td>\n<td style=\"width: 83.2985%;\">M0.2-M2.2<\/td>\n<\/tr>\n<tr>\n<td style=\"width: 15.9708%;\">Tipo de material<\/td>\n<td style=\"width: 83.2985%;\">Alum\u00ednio, cobre, lat\u00e3o, a\u00e7o inoxid\u00e1vel, a\u00e7o, ferro, liga met\u00e1lica, tit\u00e2nio, etc., conforme solicitado pelo cliente.<\/td>\n<\/tr>\n<tr>\n<td style=\"width: 15.9708%;\">Tratamento de superf\u00edcie<\/td>\n<td style=\"width: 83.2985%;\">Anodiza\u00e7\u00e3o, escova\u00e7\u00e3o, galvaniza\u00e7\u00e3o, grava\u00e7\u00e3o a laser, serigrafia, polimento, pintura eletrost\u00e1tica a p\u00f3, etc.<\/td>\n<\/tr>\n<tr>\n<td style=\"width: 15.9708%;\">Processamento<\/td>\n<td style=\"width: 83.2985%;\">Torneamento CNC, fresagem, fura\u00e7\u00e3o, fresagem de engrenagens, polimento, bucha, tratamento de superf\u00edcie, etc.<\/td>\n<\/tr>\n<tr>\n<td style=\"width: 15.9708%;\">Aplicativo<\/td>\n<td style=\"width: 83.2985%;\">Automotivo, M\u00e9dico, Industrial, Militar, Aeron\u00e1utico, Mec\u00e2nico, etc.<\/td>\n<\/tr>\n<tr>\n<td style=\"width: 15.9708%;\">Personalizado<\/td>\n<td style=\"width: 83.2985%;\">ODM\/OEM<\/td>\n<\/tr>\n<tr>\n<td style=\"width: 15.9708%;\">Amostra<\/td>\n<td style=\"width: 83.2985%;\">Amostra dispon\u00edvel<\/td>\n<\/tr>\n<tr>\n<td style=\"width: 15.9708%;\">Modos de embalagem<\/td>\n<td style=\"width: 83.2985%;\">Embalagem: saco PE interno, caixa de papel\u00e3o externa, ou conforme as necessidades do cliente.<\/td>\n<\/tr>\n<tr>\n<td style=\"width: 15.9708%;\">Modos de entrega<\/td>\n<td style=\"width: 83.2985%;\">DHL e TNT e FedEx e UPS<\/td>\n<\/tr>\n<tr>\n<td style=\"width: 15.9708%;\">Toler\u00e2ncia<\/td>\n<td style=\"width: 83.2985%;\">0,001 mm-0,01 mm-0,1 mm<\/td>\n<\/tr>\n<\/tbody>\n<\/table>\n<h2>Caracter\u00edsticas do sem-fim e da engrenagem sem-fim em a\u00e7o liga<\/h2>\n<div>\n<ul>\n<li class=\"break-words\"><strong>Design compacto<\/strong>Os conjuntos de engrenagens helicoidais e sem-fim est\u00e3o entre os sistemas de engrenagens mais compactos, projetados para transmitir movimento entre eixos em \u00e2ngulo reto que n\u00e3o se cruzam, proporcionando altas rela\u00e7\u00f5es de redu\u00e7\u00e3o em uma \u00e1rea m\u00ednima.<\/li>\n<li class=\"break-words\"><strong>Alta resist\u00eancia e durabilidade<\/strong>Fabricado em a\u00e7o-liga, frequentemente temperado ou tratado termicamente, o parafuso sem-fim oferece excepcional resist\u00eancia \u00e0 tra\u00e7\u00e3o e ao desgaste, garantindo um desempenho duradouro em condi\u00e7\u00f5es exigentes.<\/li>\n<li class=\"break-words\"><strong>Funcionamento silencioso e suave<\/strong>Essa combina\u00e7\u00e3o de engrenagens proporciona o funcionamento mais silencioso e suave de todos os tipos de engrenagens, gra\u00e7as ao encaixe preciso do parafuso sem-fim e da engrenagem helicoidal em a\u00e7o-liga, reduzindo o ru\u00eddo e a vibra\u00e7\u00e3o.<\/li>\n<li class=\"break-words\"><strong>Manuseio de carga superior<\/strong>Os sem-fins de a\u00e7o-liga, combinados com materiais como bronze ou ferro fundido para a engrenagem sem-fim, destacam-se no gerenciamento de cargas pesadas e alto torque, tornando-os ideais para aplica\u00e7\u00f5es que exigem transmiss\u00e3o de pot\u00eancia robusta.<\/li>\n<li class=\"break-words\"><strong>Maior efici\u00eancia e versatilidade<\/strong>Gra\u00e7as \u00e0 usinabilidade do a\u00e7o-liga, os parafusos sem-fim podem ser retificados com precis\u00e3o para obter perfis de dentes ideais, melhorando a efici\u00eancia e permitindo projetos personalizados para diversas aplica\u00e7\u00f5es, como acionamentos de m\u00e1quinas ou elevadores.<\/li>\n<\/ul>\n<\/div>\n<table style=\"width: 100%;\" border=\"1\" width=\"100%\" cellspacing=\"0\" cellpadding=\"0\">\n<tbody>\n<tr style=\"height: 14.40pt;\">\n<td style=\"height: 14.40pt; width: 49.80pt;\" width=\"83\" height=\"24\"><img loading=\"lazy\" decoding=\"async\" class=\"alignnone size-full wp-image-7150\" src=\"https:\/\/fmp-components.com\/wp-content\/uploads\/2025\/03\/Alloy-Steel-Worm-And-Worm-Gear-for-Auto-Parts-3.webp\" alt=\"Engrenagem sem-fim e rosca sem-fim de a\u00e7o-liga para pe\u00e7as automotivas\" width=\"350\" height=\"350\" title=\"\" srcset=\"https:\/\/fmp-components.com\/wp-content\/uploads\/2025\/03\/Alloy-Steel-Worm-And-Worm-Gear-for-Auto-Parts-3.webp 350w, https:\/\/fmp-components.com\/wp-content\/uploads\/2025\/03\/Alloy-Steel-Worm-And-Worm-Gear-for-Auto-Parts-3-300x300.webp 300w, https:\/\/fmp-components.com\/wp-content\/uploads\/2025\/03\/Alloy-Steel-Worm-And-Worm-Gear-for-Auto-Parts-3-150x150.webp 150w, https:\/\/fmp-components.com\/wp-content\/uploads\/2025\/03\/Alloy-Steel-Worm-And-Worm-Gear-for-Auto-Parts-3-12x12.webp 12w, https:\/\/fmp-components.com\/wp-content\/uploads\/2025\/03\/Alloy-Steel-Worm-And-Worm-Gear-for-Auto-Parts-3-100x100.webp 100w\" sizes=\"(max-width: 350px) 100vw, 350px\" \/><\/td>\n<td style=\"width: 48.00pt;\" align=\"right\" width=\"80\"><img loading=\"lazy\" decoding=\"async\" class=\"alignnone size-full wp-image-7151\" src=\"https:\/\/fmp-components.com\/wp-content\/uploads\/2025\/03\/Alloy-Steel-Worm-And-Worm-Gear-for-Auto-Parts-2.webp\" alt=\"Engrenagem sem-fim e rosca sem-fim de a\u00e7o-liga para pe\u00e7as automotivas\" width=\"350\" height=\"350\" title=\"\" srcset=\"https:\/\/fmp-components.com\/wp-content\/uploads\/2025\/03\/Alloy-Steel-Worm-And-Worm-Gear-for-Auto-Parts-2.webp 350w, https:\/\/fmp-components.com\/wp-content\/uploads\/2025\/03\/Alloy-Steel-Worm-And-Worm-Gear-for-Auto-Parts-2-300x300.webp 300w, https:\/\/fmp-components.com\/wp-content\/uploads\/2025\/03\/Alloy-Steel-Worm-And-Worm-Gear-for-Auto-Parts-2-150x150.webp 150w, https:\/\/fmp-components.com\/wp-content\/uploads\/2025\/03\/Alloy-Steel-Worm-And-Worm-Gear-for-Auto-Parts-2-12x12.webp 12w, https:\/\/fmp-components.com\/wp-content\/uploads\/2025\/03\/Alloy-Steel-Worm-And-Worm-Gear-for-Auto-Parts-2-100x100.webp 100w\" sizes=\"(max-width: 350px) 100vw, 350px\" \/><\/td>\n<\/tr>\n<\/tbody>\n<\/table>\n<p>&nbsp;<\/p>\n<p><img loading=\"lazy\" decoding=\"async\" class=\"alignnone size-full wp-image-7149\" src=\"https:\/\/fmp-components.com\/wp-content\/uploads\/2025\/03\/Alloy-Steel-Worm-And-Worm-Gear-for-Auto-Parts-4.webp\" alt=\"Engrenagem sem-fim e rosca sem-fim de a\u00e7o-liga para pe\u00e7as automotivas\" width=\"773\" height=\"669\" title=\"\" srcset=\"https:\/\/fmp-components.com\/wp-content\/uploads\/2025\/03\/Alloy-Steel-Worm-And-Worm-Gear-for-Auto-Parts-4.webp 773w, https:\/\/fmp-components.com\/wp-content\/uploads\/2025\/03\/Alloy-Steel-Worm-And-Worm-Gear-for-Auto-Parts-4-480x415.webp 480w\" sizes=\"(min-width: 0px) and (max-width: 480px) 480px, (min-width: 481px) 773px, 100vw\" \/><\/p>\n<\/div>","protected":false},"excerpt":{"rendered":"<p>At FMP Company, we specialize in manufacturing a wide range of Alloy Steel Worm and Worm Gear for Auto Parts, designed to meet diverse industry needs with precision and durability. We also offer customization services to ensure our products perfectly align with your specific requirements. If you don\u2019t find the model you need in our [&hellip;]<\/p>","protected":false},"featured_media":7152,"comment_status":"open","ping_status":"closed","template":"","meta":{"_et_pb_use_builder":"","_et_pb_old_content":"","_et_gb_content_width":""},"product_brand":[],"product_cat":[107],"product_tag":[],"class_list":{"0":"post-7147","1":"product","2":"type-product","3":"status-publish","4":"has-post-thumbnail","6":"product_cat-worm-gear","8":"first","9":"instock","10":"shipping-taxable","11":"product-type-simple"},"_links":{"self":[{"href":"https:\/\/fmp-components.com\/pt\/wp-json\/wp\/v2\/product\/7147","targetHints":{"allow":["GET"]}}],"collection":[{"href":"https:\/\/fmp-components.com\/pt\/wp-json\/wp\/v2\/product"}],"about":[{"href":"https:\/\/fmp-components.com\/pt\/wp-json\/wp\/v2\/types\/product"}],"replies":[{"embeddable":true,"href":"https:\/\/fmp-components.com\/pt\/wp-json\/wp\/v2\/comments?post=7147"}],"wp:featuredmedia":[{"embeddable":true,"href":"https:\/\/fmp-components.com\/pt\/wp-json\/wp\/v2\/media\/7152"}],"wp:attachment":[{"href":"https:\/\/fmp-components.com\/pt\/wp-json\/wp\/v2\/media?parent=7147"}],"wp:term":[{"taxonomy":"product_brand","embeddable":true,"href":"https:\/\/fmp-components.com\/pt\/wp-json\/wp\/v2\/product_brand?post=7147"},{"taxonomy":"product_cat","embeddable":true,"href":"https:\/\/fmp-components.com\/pt\/wp-json\/wp\/v2\/product_cat?post=7147"},{"taxonomy":"product_tag","embeddable":true,"href":"https:\/\/fmp-components.com\/pt\/wp-json\/wp\/v2\/product_tag?post=7147"}],"curies":[{"name":"wp","href":"https:\/\/api.w.org\/{rel}","templated":true}]}}