{"id":7097,"date":"2025-03-18T03:11:18","date_gmt":"2025-03-18T03:11:18","guid":{"rendered":"https:\/\/fmp-components.com\/?post_type=product&#038;p=7097"},"modified":"2025-03-27T01:24:20","modified_gmt":"2025-03-27T01:24:20","slug":"bevel-gears-european-standard","status":"publish","type":"product","link":"https:\/\/fmp-components.com\/pt\/product\/bevel-gears-european-standard\/","title":{"rendered":"Engrenagens c\u00f4nicas (padr\u00e3o europeu)"},"content":{"rendered":"<p>As engrenagens c\u00f4nicas (padr\u00e3o europeu) s\u00e3o engrenagens de engenharia de precis\u00e3o projetadas para transmitir pot\u00eancia entre eixos que se cruzam, tipicamente em um \u00e2ngulo de 90\u00b0, seguindo rigorosos padr\u00f5es europeus de qualidade e dimens\u00f5es para um desempenho ideal em m\u00e1quinas e aplica\u00e7\u00f5es industriais. Na FMP Company, temos orgulho de fabricar uma ampla gama de engrenagens c\u00f4nicas. <a href=\"https:\/\/fmp-components.com\/pt\/bevel-gear-2\/\">Engrenagens c\u00f4nicas<\/a>Oferecemos solu\u00e7\u00f5es totalmente personalizadas, incluindo modelos retos, espirais e hipoides, adaptadas \u00e0s suas necessidades espec\u00edficas. Caso n\u00e3o encontre o modelo desejado em nossa lista de produtos, significa que ainda n\u00e3o o adicionamos ao cat\u00e1logo. Sinta-se \u00e0 vontade para nos enviar um e-mail com sua solicita\u00e7\u00e3o e nossos engenheiros especializados responder\u00e3o em at\u00e9 24 horas para ajud\u00e1-lo.<\/p>\n<h2>Engrenagens c\u00f4nicas tipo A: 1:1, 1:2, 1:3, 1:4\u00a0<img loading=\"lazy\" decoding=\"async\" class=\"alignnone size-full wp-image-7100\" src=\"https:\/\/fmp-components.com\/wp-content\/uploads\/2025\/03\/bevel-gear-2-1.webp\" alt=\"engrenagem c\u00f4nica\" width=\"739\" height=\"930\" title=\"\" srcset=\"https:\/\/fmp-components.com\/wp-content\/uploads\/2025\/03\/bevel-gear-2-1.webp 739w, https:\/\/fmp-components.com\/wp-content\/uploads\/2025\/03\/bevel-gear-2-1-480x604.webp 480w\" sizes=\"(min-width: 0px) and (max-width: 480px) 480px, (min-width: 481px) 739px, 100vw\" \/> <img loading=\"lazy\" decoding=\"async\" class=\"alignnone size-full wp-image-7101\" src=\"https:\/\/fmp-components.com\/wp-content\/uploads\/2025\/03\/bevel-gear-1_1.webp\" alt=\"engrenagem c\u00f4nica\" width=\"717\" height=\"943\" title=\"\" srcset=\"https:\/\/fmp-components.com\/wp-content\/uploads\/2025\/03\/bevel-gear-1_1.webp 717w, https:\/\/fmp-components.com\/wp-content\/uploads\/2025\/03\/bevel-gear-1_1-480x631.webp 480w\" sizes=\"(min-width: 0px) and (max-width: 480px) 480px, (min-width: 481px) 717px, 100vw\" \/><\/h2>\n<h2>Engrenagens c\u00f4nicas tipo B: 1:1, 1:2, 1:3, 1:4<\/h2>\n<p><img loading=\"lazy\" decoding=\"async\" class=\"alignnone size-full wp-image-7099\" src=\"https:\/\/fmp-components.com\/wp-content\/uploads\/2025\/03\/bevel-gear-3-1_1.webp\" alt=\"engrenagem c\u00f4nica\" width=\"722\" height=\"931\" title=\"\" srcset=\"https:\/\/fmp-components.com\/wp-content\/uploads\/2025\/03\/bevel-gear-3-1_1.webp 722w, https:\/\/fmp-components.com\/wp-content\/uploads\/2025\/03\/bevel-gear-3-1_1-480x619.webp 480w\" sizes=\"(min-width: 0px) and (max-width: 480px) 480px, (min-width: 481px) 722px, 100vw\" \/><\/p>\n<p><img loading=\"lazy\" decoding=\"async\" class=\"alignnone size-full wp-image-7098\" src=\"https:\/\/fmp-components.com\/wp-content\/uploads\/2025\/03\/bevel-gear-4-1.webp\" alt=\"engrenagem c\u00f4nica\" width=\"711\" height=\"942\" title=\"\" srcset=\"https:\/\/fmp-components.com\/wp-content\/uploads\/2025\/03\/bevel-gear-4-1.webp 711w, https:\/\/fmp-components.com\/wp-content\/uploads\/2025\/03\/bevel-gear-4-1-480x636.webp 480w\" sizes=\"(min-width: 0px) and (max-width: 480px) 480px, (min-width: 481px) 711px, 100vw\" \/><\/p>\n<p>&nbsp;<\/p>","protected":false},"excerpt":{"rendered":"<p>Bevel Gears (European Standard) are precision-engineered gears designed to transmit power between intersecting shafts, typically at a 90\u00b0 angle, adhering to strict European quality and dimensional standards for optimal performance in machinery and industrial applications. At FMP Company, we proudly manufacture a wide range of Bevel Gears, including straight, spiral, and hypoid types, and offer [&hellip;]<\/p>","protected":false},"featured_media":7102,"comment_status":"open","ping_status":"closed","template":"","meta":{"_et_pb_use_builder":"on","_et_pb_old_content":"Bevel Gears (European Standard) are precision-engineered gears designed to transmit power between intersecting shafts, typically at a 90\u00b0 angle, adhering to strict European quality and dimensional standards for optimal performance in machinery and industrial applications. At FMP Company, we proudly manufacture a wide range of <a href=\"https:\/\/fmp-components.com\/en\/bevel-gear-2\">Bevel Gears<\/a>, including straight, spiral, and hypoid types, and offer fully customized solutions tailored to your specific needs. If you don\u2019t see the model you require in our product list, it simply means we haven\u2019t uploaded it yet\u2014please feel free to email us with your inquiry, and our skilled engineers will respond within 24 hours to assist you.\r\n<h2>Bevel Gears Type A: 1:1, 1:2, 1:3, 1:4\u00a0<img class=\"alignnone size-full wp-image-7100\" src=\"https:\/\/fmp-components.com\/wp-content\/uploads\/2025\/03\/bevel-gear-2-1.webp\" alt=\"bevel-gear\" width=\"739\" height=\"930\" \/> <img class=\"alignnone size-full wp-image-7101\" src=\"https:\/\/fmp-components.com\/wp-content\/uploads\/2025\/03\/bevel-gear-1_1.webp\" alt=\"bevel-gear\" width=\"717\" height=\"943\" \/><\/h2>\r\n<h2>Bevel Gears Type B: 1:1, 1:2, 1:3, 1:4<\/h2>\r\n<img class=\"alignnone size-full wp-image-7099\" src=\"https:\/\/fmp-components.com\/wp-content\/uploads\/2025\/03\/bevel-gear-3-1_1.webp\" alt=\"bevel-gear\" width=\"722\" height=\"931\" \/>\r\n\r\n<img class=\"alignnone size-full wp-image-7098\" src=\"https:\/\/fmp-components.com\/wp-content\/uploads\/2025\/03\/bevel-gear-4-1.webp\" alt=\"bevel-gear\" width=\"711\" height=\"942\" \/>\r\n\r\n&nbsp;","_et_gb_content_width":""},"product_brand":[],"product_cat":[106],"product_tag":[],"class_list":{"0":"post-7097","1":"product","2":"type-product","3":"status-publish","4":"has-post-thumbnail","6":"product_cat-bevel-gears","8":"first","9":"instock","10":"shipping-taxable","11":"product-type-simple"},"_links":{"self":[{"href":"https:\/\/fmp-components.com\/pt\/wp-json\/wp\/v2\/product\/7097","targetHints":{"allow":["GET"]}}],"collection":[{"href":"https:\/\/fmp-components.com\/pt\/wp-json\/wp\/v2\/product"}],"about":[{"href":"https:\/\/fmp-components.com\/pt\/wp-json\/wp\/v2\/types\/product"}],"replies":[{"embeddable":true,"href":"https:\/\/fmp-components.com\/pt\/wp-json\/wp\/v2\/comments?post=7097"}],"wp:featuredmedia":[{"embeddable":true,"href":"https:\/\/fmp-components.com\/pt\/wp-json\/wp\/v2\/media\/7102"}],"wp:attachment":[{"href":"https:\/\/fmp-components.com\/pt\/wp-json\/wp\/v2\/media?parent=7097"}],"wp:term":[{"taxonomy":"product_brand","embeddable":true,"href":"https:\/\/fmp-components.com\/pt\/wp-json\/wp\/v2\/product_brand?post=7097"},{"taxonomy":"product_cat","embeddable":true,"href":"https:\/\/fmp-components.com\/pt\/wp-json\/wp\/v2\/product_cat?post=7097"},{"taxonomy":"product_tag","embeddable":true,"href":"https:\/\/fmp-components.com\/pt\/wp-json\/wp\/v2\/product_tag?post=7097"}],"curies":[{"name":"wp","href":"https:\/\/api.w.org\/{rel}","templated":true}]}}