{"id":7032,"date":"2025-03-14T08:14:15","date_gmt":"2025-03-14T08:14:15","guid":{"rendered":"https:\/\/fmp-components.com\/?post_type=product&#038;p=7032"},"modified":"2025-03-27T01:24:51","modified_gmt":"2025-03-27T01:24:51","slug":"spiral-miter-gears","status":"publish","type":"product","link":"https:\/\/fmp-components.com\/pt\/product\/spiral-miter-gears\/","title":{"rendered":"Engrenagens de esquadria espiral"},"content":{"rendered":"<p>Engrenagens de esquadria espirais s\u00e3o um tipo de <a href=\"https:\/\/fmp-components.com\/pt\/bevel-gear-2\/\">engrenagem c\u00f4nica<\/a> Com dentes helicoidais projetados para transmitir pot\u00eancia entre eixos que se cruzam em \u00e2ngulo reto, proporcionando uma opera\u00e7\u00e3o mais suave e maior capacidade de carga em compara\u00e7\u00e3o com engrenagens de meia-esquadria retas. Na FMP Company, fabricamos uma ampla variedade de Engrenagens de Meia-Esquadria Espirais e tamb\u00e9m oferecemos personaliza\u00e7\u00e3o para atender \u00e0s suas necessidades espec\u00edficas. Se voc\u00ea n\u00e3o encontrar o modelo que procura em nossa lista de produtos, ele pode n\u00e3o ter sido carregado ainda \u2014 sinta-se \u00e0 vontade para nos enviar um e-mail com suas necessidades e nossos engenheiros responder\u00e3o em at\u00e9 24 horas.<\/p>\n<div data-scroll-horizontal=\"wrap-body\">\n<h2>Especifica\u00e7\u00f5es da engrenagem de esquadria espiral<\/h2>\n<table style=\"width: 100%;\" border=\"1\" width=\"100%\" cellspacing=\"0\" cellpadding=\"0\">\n<tbody>\n<tr style=\"height: 43.20pt;\">\n<td class=\"et2\" style=\"height: 43.2pt; width: 13.9447%;\" width=\"83\" height=\"72\">Modelo<\/td>\n<td class=\"et2\" style=\"width: 1.25628%;\" width=\"80\">M\u00f3dulo<\/td>\n<td class=\"et2\" style=\"width: 6.03015%;\" width=\"154\">Dentes<\/td>\n<td class=\"et2\" style=\"width: 10.6784%;\" width=\"80\">Dire\u00e7\u00e3o espiral<\/td>\n<td class=\"et2\" style=\"width: 8.54269%;\" width=\"153\">Di\u00e2metro do passo (mm)<\/td>\n<td class=\"et2\" style=\"width: 8.54272%;\" width=\"80\">Di\u00e2metro do furo (mm)<\/td>\n<td class=\"et2\" style=\"width: 10.3015%;\" width=\"144\">Largura da face (mm)<\/td>\n<td class=\"et2\" style=\"width: 13.3166%;\" width=\"192\">Material<\/td>\n<td class=\"et2\" style=\"width: 8.0402%;\" width=\"101\">\u00c2ngulo de press\u00e3o<\/td>\n<td class=\"et2\" style=\"width: 6.40699%;\" width=\"181\">\u00c2ngulo da h\u00e9lice<\/td>\n<td class=\"et2\" style=\"width: 14.5729%;\" width=\"80\">Aplicativo<\/td>\n<\/tr>\n<tr style=\"height: 14.40pt;\">\n<td style=\"height: 14.4pt; width: 13.9447%;\" height=\"24\">SMG-20-2-RH<\/td>\n<td style=\"width: 1.25628%;\" align=\"right\">2<\/td>\n<td style=\"width: 6.03015%;\" align=\"right\">20<\/td>\n<td style=\"width: 10.6784%;\">M\u00e3o direita<\/td>\n<td style=\"width: 8.54269%;\" align=\"right\">40<\/td>\n<td style=\"width: 8.54272%;\" align=\"right\">12<\/td>\n<td style=\"width: 10.3015%;\" align=\"right\">9<\/td>\n<td style=\"width: 13.3166%;\">A\u00e7o temperado<\/td>\n<td style=\"width: 8.0402%;\">20\u00b0<\/td>\n<td style=\"width: 6.40699%;\">35\u00b0<\/td>\n<td style=\"width: 14.5729%;\">M\u00e1quinas industriais em geral<\/td>\n<\/tr>\n<tr style=\"height: 14.40pt;\">\n<td style=\"height: 14.4pt; width: 13.9447%;\" height=\"24\">SMG-25-3-LH<\/td>\n<td style=\"width: 1.25628%;\" align=\"right\">3<\/td>\n<td style=\"width: 6.03015%;\" align=\"right\">25<\/td>\n<td style=\"width: 10.6784%;\">M\u00e3o esquerda<\/td>\n<td style=\"width: 8.54269%;\" align=\"right\">75<\/td>\n<td style=\"width: 8.54272%;\" align=\"right\">20<\/td>\n<td style=\"width: 10.3015%;\" align=\"right\">15<\/td>\n<td style=\"width: 13.3166%;\">A\u00e7o Carburizado<\/td>\n<td style=\"width: 8.0402%;\">20\u00b0<\/td>\n<td style=\"width: 6.40699%;\">35\u00b0<\/td>\n<td style=\"width: 14.5729%;\">Transmiss\u00e3o de alto torque<\/td>\n<\/tr>\n<tr style=\"height: 14.40pt;\">\n<td style=\"height: 14.4pt; width: 13.9447%;\" height=\"24\">SMG-15-1.5-RH<\/td>\n<td style=\"width: 1.25628%;\" align=\"right\">1.5<\/td>\n<td style=\"width: 6.03015%;\" align=\"right\">15<\/td>\n<td style=\"width: 10.6784%;\">M\u00e3o direita<\/td>\n<td style=\"width: 8.54269%;\" align=\"right\">22.5<\/td>\n<td style=\"width: 8.54272%;\" align=\"right\">8<\/td>\n<td style=\"width: 10.3015%;\" align=\"right\">7<\/td>\n<td style=\"width: 13.3166%;\">A\u00e7o inoxid\u00e1vel (SUS303)<\/td>\n<td style=\"width: 8.0402%;\">20\u00b0<\/td>\n<td style=\"width: 6.40699%;\">35\u00b0<\/td>\n<td style=\"width: 14.5729%;\">Equipamentos de processamento de alimentos<\/td>\n<\/tr>\n<tr style=\"height: 14.40pt;\">\n<td style=\"height: 14.4pt; width: 13.9447%;\" height=\"24\">SMG-30-4-LH<\/td>\n<td style=\"width: 1.25628%;\" align=\"right\">4<\/td>\n<td style=\"width: 6.03015%;\" align=\"right\">30<\/td>\n<td style=\"width: 10.6784%;\">M\u00e3o esquerda<\/td>\n<td style=\"width: 8.54269%;\" align=\"right\">120<\/td>\n<td style=\"width: 8.54272%;\" align=\"right\">25<\/td>\n<td style=\"width: 10.3015%;\" align=\"right\">20<\/td>\n<td style=\"width: 13.3166%;\">A\u00e7o Ligado (SCM415)<\/td>\n<td style=\"width: 8.0402%;\">20\u00b0<\/td>\n<td style=\"width: 6.40699%;\">35\u00b0<\/td>\n<td style=\"width: 14.5729%;\">Transportadores de alta resist\u00eancia<\/td>\n<\/tr>\n<tr style=\"height: 14.40pt;\">\n<td style=\"height: 14.4pt; width: 13.9447%;\" height=\"24\">SMG-18-2.5-RH<\/td>\n<td style=\"width: 1.25628%;\" align=\"right\">2.5<\/td>\n<td style=\"width: 6.03015%;\" align=\"right\">18<\/td>\n<td style=\"width: 10.6784%;\">M\u00e3o direita<\/td>\n<td style=\"width: 8.54269%;\" align=\"right\">45<\/td>\n<td style=\"width: 8.54272%;\" align=\"right\">15<\/td>\n<td style=\"width: 10.3015%;\" align=\"right\">12<\/td>\n<td style=\"width: 13.3166%;\">A\u00e7o temperado (\u00f3xido preto)<\/td>\n<td style=\"width: 8.0402%;\">20\u00b0<\/td>\n<td style=\"width: 6.40699%;\">35\u00b0<\/td>\n<td style=\"width: 14.5729%;\">Sistemas automotivos<\/td>\n<\/tr>\n<tr style=\"height: 14.40pt;\">\n<td style=\"height: 14.4pt; width: 13.9447%;\" height=\"24\">SMG-12-1-RH<\/td>\n<td style=\"width: 1.25628%;\" align=\"right\">1<\/td>\n<td style=\"width: 6.03015%;\" align=\"right\">12<\/td>\n<td style=\"width: 10.6784%;\">M\u00e3o direita<\/td>\n<td style=\"width: 8.54269%;\" align=\"right\">12<\/td>\n<td style=\"width: 8.54272%;\" align=\"right\">6<\/td>\n<td style=\"width: 10.3015%;\" align=\"right\">5<\/td>\n<td style=\"width: 13.3166%;\">Lat\u00e3o<\/td>\n<td style=\"width: 8.0402%;\">20\u00b0<\/td>\n<td style=\"width: 6.40699%;\">35\u00b0<\/td>\n<td style=\"width: 14.5729%;\">Instrumentos de precis\u00e3o<\/td>\n<\/tr>\n<tr style=\"height: 14.40pt;\">\n<td style=\"height: 14.4pt; width: 13.9447%;\" height=\"24\">SMG-35-5-LH<\/td>\n<td style=\"width: 1.25628%;\" align=\"right\">5<\/td>\n<td style=\"width: 6.03015%;\" align=\"right\">35<\/td>\n<td style=\"width: 10.6784%;\">M\u00e3o esquerda<\/td>\n<td style=\"width: 8.54269%;\" align=\"right\">175<\/td>\n<td style=\"width: 8.54272%;\" align=\"right\">30<\/td>\n<td style=\"width: 10.3015%;\" align=\"right\">25<\/td>\n<td style=\"width: 13.3166%;\">A\u00e7o temperado<\/td>\n<td style=\"width: 8.0402%;\">20\u00b0<\/td>\n<td style=\"width: 6.40699%;\">35\u00b0<\/td>\n<td style=\"width: 14.5729%;\">Equipamentos de minera\u00e7\u00e3o<\/td>\n<\/tr>\n<tr style=\"height: 14.40pt;\">\n<td style=\"height: 14.4pt; width: 13.9447%;\" height=\"24\">SMG-16-2-LH<\/td>\n<td style=\"width: 1.25628%;\" align=\"right\">2<\/td>\n<td style=\"width: 6.03015%;\" align=\"right\">16<\/td>\n<td style=\"width: 10.6784%;\">M\u00e3o esquerda<\/td>\n<td style=\"width: 8.54269%;\" align=\"right\">32<\/td>\n<td style=\"width: 8.54272%;\" align=\"right\">10<\/td>\n<td style=\"width: 10.3015%;\" align=\"right\">8<\/td>\n<td style=\"width: 13.3166%;\">A\u00e7o inoxid\u00e1vel (SUS304)<\/td>\n<td style=\"width: 8.0402%;\">20\u00b0<\/td>\n<td style=\"width: 6.40699%;\">35\u00b0<\/td>\n<td style=\"width: 14.5729%;\">Aplica\u00e7\u00f5es mar\u00edtimas<\/td>\n<\/tr>\n<tr style=\"height: 14.40pt;\">\n<td style=\"height: 14.4pt; width: 13.9447%;\" height=\"24\">SMG-22-3-RH<\/td>\n<td style=\"width: 1.25628%;\" align=\"right\">3<\/td>\n<td style=\"width: 6.03015%;\" align=\"right\">22<\/td>\n<td style=\"width: 10.6784%;\">M\u00e3o direita<\/td>\n<td style=\"width: 8.54269%;\" align=\"right\">66<\/td>\n<td style=\"width: 8.54272%;\" align=\"right\">18<\/td>\n<td style=\"width: 10.3015%;\" align=\"right\">14<\/td>\n<td style=\"width: 13.3166%;\">A\u00e7o Ligado (SCM435)<\/td>\n<td style=\"width: 8.0402%;\">20\u00b0<\/td>\n<td style=\"width: 6.40699%;\">35\u00b0<\/td>\n<td style=\"width: 14.5729%;\">Rob\u00f3tica<\/td>\n<\/tr>\n<tr style=\"height: 14.40pt;\">\n<td style=\"height: 14.4pt; width: 13.9447%;\" height=\"24\">SMG-28-4-RH<\/td>\n<td style=\"width: 1.25628%;\" align=\"right\">4<\/td>\n<td style=\"width: 6.03015%;\" align=\"right\">28<\/td>\n<td style=\"width: 10.6784%;\">M\u00e3o direita<\/td>\n<td style=\"width: 8.54269%;\" align=\"right\">112<\/td>\n<td style=\"width: 8.54272%;\" align=\"right\">22<\/td>\n<td style=\"width: 10.3015%;\" align=\"right\">18<\/td>\n<td style=\"width: 13.3166%;\">A\u00e7o Carburizado<\/td>\n<td style=\"width: 8.0402%;\">20\u00b0<\/td>\n<td style=\"width: 6.40699%;\">35\u00b0<\/td>\n<td style=\"width: 14.5729%;\">M\u00e1quinas de constru\u00e7\u00e3o<\/td>\n<\/tr>\n<\/tbody>\n<\/table>\n<h2>Caracter\u00edsticas das engrenagens de esquadria espiral<\/h2>\n<div>\n<ul>\n<li class=\"break-words\"><strong>Design de dente helicoidal<\/strong>: As engrenagens de esquadria espiral apresentam dentes helicoidais curvos, permitindo engate gradual, opera\u00e7\u00e3o mais suave e ru\u00eddo reduzido em compara\u00e7\u00e3o com engrenagens de corte reto.<\/li>\n<li class=\"break-words\"><strong>Alta capacidade de carga<\/strong>:A configura\u00e7\u00e3o dos dentes em espiral distribui as for\u00e7as de forma mais uniforme entre os dentes da engrenagem, permitindo que essas engrenagens lidem com torque mais alto e cargas mais pesadas de forma eficaz.<\/li>\n<li class=\"break-words\"><strong>Transmiss\u00e3o de pot\u00eancia em \u00e2ngulo reto<\/strong>:Essas engrenagens s\u00e3o projetadas para transmitir pot\u00eancia entre dois eixos que se cruzam em um \u00e2ngulo de 90 graus, tornando-as ideais para sistemas mec\u00e2nicos compactos.<\/li>\n<li class=\"break-words\"><strong>Efici\u00eancia melhorada<\/strong>: O design helicoidal minimiza a vibra\u00e7\u00e3o e a folga, resultando em maior efici\u00eancia e precis\u00e3o em aplica\u00e7\u00f5es de transfer\u00eancia de energia.<\/li>\n<li class=\"break-words\"><strong>Durabilidade e Longevidade<\/strong>:Feitas com materiais de alta qualidade e projetadas para contato ideal entre os dentes, as engrenagens de esquadria espiral oferecem maior resist\u00eancia ao desgaste e uma vida \u00fatil mais longa.<\/li>\n<\/ul>\n<p><img loading=\"lazy\" decoding=\"async\" class=\"alignnone size-full wp-image-7034\" src=\"https:\/\/fmp-components.com\/wp-content\/uploads\/2025\/03\/Spiral-Miter-Gears-Product.webp\" alt=\"Produto de engrenagens de esquadria espiral\" width=\"1200\" height=\"1200\" title=\"\" srcset=\"https:\/\/fmp-components.com\/wp-content\/uploads\/2025\/03\/Spiral-Miter-Gears-Product.webp 1200w, https:\/\/fmp-components.com\/wp-content\/uploads\/2025\/03\/Spiral-Miter-Gears-Product-980x980.webp 980w, https:\/\/fmp-components.com\/wp-content\/uploads\/2025\/03\/Spiral-Miter-Gears-Product-480x480.webp 480w\" sizes=\"(min-width: 0px) and (max-width: 480px) 480px, (min-width: 481px) and (max-width: 980px) 980px, (min-width: 981px) 1200px, 100vw\" \/><\/p>\n<\/div>\n<\/div>\n<div data-scroll-horizontal=\"wrap-body\">\n<h2>Sobre a FMP<\/h2>\n<p>A FMP \u00e9 uma fabricante italiana l\u00edder em engrenagens e cremalheiras, reconhecida por sua expertise na produ\u00e7\u00e3o de componentes padr\u00e3o e solu\u00e7\u00f5es personalizadas. Al\u00e9m da nossa linha de pe\u00e7as padr\u00e3o, a FMP \u00e9 especializada na fabrica\u00e7\u00e3o de engrenagens padr\u00e3o e especializadas, com base em desenhos ou amostras fornecidas por nossos clientes. Nossas engrenagens est\u00e3o dispon\u00edveis em diversos materiais, incluindo a\u00e7o carbono, a\u00e7o inoxid\u00e1vel, alum\u00ednio, cobre, lat\u00e3o e configura\u00e7\u00f5es helicoidais ou cil\u00edndricas de pl\u00e1stico. Caso tenha alguma necessidade de engrenagens personalizadas, entre em contato conosco por e-mail. A equipe dedicada de engenheiros profissionais da FMP responder\u00e1 \u00e0 sua solicita\u00e7\u00e3o em at\u00e9 24 horas.<\/p>\n<p><img loading=\"lazy\" decoding=\"async\" class=\"alignnone size-full wp-image-7010\" src=\"https:\/\/fmp-components.com\/wp-content\/uploads\/2025\/03\/bevel-gear-3.webp\" alt=\"engrenagem c\u00f4nica\" width=\"1076\" height=\"721\" title=\"\" srcset=\"https:\/\/fmp-components.com\/wp-content\/uploads\/2025\/03\/bevel-gear-3.webp 1076w, https:\/\/fmp-components.com\/wp-content\/uploads\/2025\/03\/bevel-gear-3-980x657.webp 980w, https:\/\/fmp-components.com\/wp-content\/uploads\/2025\/03\/bevel-gear-3-480x322.webp 480w\" sizes=\"(min-width: 0px) and (max-width: 480px) 480px, (min-width: 481px) and (max-width: 980px) 980px, (min-width: 981px) 1076px, 100vw\" \/><\/p>\n<\/div>","protected":false},"excerpt":{"rendered":"<p>Spiral Miter Gears are a type of bevel gear with helical teeth designed to transmit power between intersecting shafts at a right angle, offering smoother operation and higher load capacity compared to straight miter gears. At FMP Company, we manufacture a wide variety of Spiral Miter Gears and also offer customization to meet your specific [&hellip;]<\/p>","protected":false},"featured_media":4344,"comment_status":"open","ping_status":"closed","template":"","meta":{"_et_pb_use_builder":"","_et_pb_old_content":"","_et_gb_content_width":""},"product_brand":[],"product_cat":[15],"product_tag":[],"class_list":{"0":"post-7032","1":"product","2":"type-product","3":"status-publish","4":"has-post-thumbnail","6":"product_cat-uncategorized","8":"first","9":"instock","10":"shipping-taxable","11":"product-type-simple"},"_links":{"self":[{"href":"https:\/\/fmp-components.com\/pt\/wp-json\/wp\/v2\/product\/7032","targetHints":{"allow":["GET"]}}],"collection":[{"href":"https:\/\/fmp-components.com\/pt\/wp-json\/wp\/v2\/product"}],"about":[{"href":"https:\/\/fmp-components.com\/pt\/wp-json\/wp\/v2\/types\/product"}],"replies":[{"embeddable":true,"href":"https:\/\/fmp-components.com\/pt\/wp-json\/wp\/v2\/comments?post=7032"}],"wp:featuredmedia":[{"embeddable":true,"href":"https:\/\/fmp-components.com\/pt\/wp-json\/wp\/v2\/media\/4344"}],"wp:attachment":[{"href":"https:\/\/fmp-components.com\/pt\/wp-json\/wp\/v2\/media?parent=7032"}],"wp:term":[{"taxonomy":"product_brand","embeddable":true,"href":"https:\/\/fmp-components.com\/pt\/wp-json\/wp\/v2\/product_brand?post=7032"},{"taxonomy":"product_cat","embeddable":true,"href":"https:\/\/fmp-components.com\/pt\/wp-json\/wp\/v2\/product_cat?post=7032"},{"taxonomy":"product_tag","embeddable":true,"href":"https:\/\/fmp-components.com\/pt\/wp-json\/wp\/v2\/product_tag?post=7032"}],"curies":[{"name":"wp","href":"https:\/\/api.w.org\/{rel}","templated":true}]}}