{"id":7026,"date":"2025-03-14T07:30:53","date_gmt":"2025-03-14T07:30:53","guid":{"rendered":"https:\/\/fmp-components.com\/?post_type=product&#038;p=7026"},"modified":"2025-03-27T01:25:36","modified_gmt":"2025-03-27T01:25:36","slug":"helical-bevel-gear","status":"publish","type":"product","link":"https:\/\/fmp-components.com\/pt\/product\/helical-bevel-gear\/","title":{"rendered":"Engrenagem c\u00f4nica helicoidal"},"content":{"rendered":"<table style=\"border-collapse: collapse; width: 99.2%; height: 7px;\" border=\"0\" width=\"163\" cellspacing=\"0\" cellpadding=\"0\">\n<tbody>\n<tr style=\"height: 14.40pt;\">\n<td style=\"height: 14.40pt; width: 49.80pt;\" width=\"83\" height=\"24\"><img loading=\"lazy\" decoding=\"async\" class=\"alignnone size-full wp-image-7027\" src=\"https:\/\/fmp-components.com\/wp-content\/uploads\/2025\/03\/helical-bevel-gear-3.webp\" alt=\"engrenagem helicoidal c\u00f4nica\" width=\"850\" height=\"589\" title=\"\" srcset=\"https:\/\/fmp-components.com\/wp-content\/uploads\/2025\/03\/helical-bevel-gear-3.webp 850w, https:\/\/fmp-components.com\/wp-content\/uploads\/2025\/03\/helical-bevel-gear-3-480x333.webp 480w\" sizes=\"(min-width: 0px) and (max-width: 480px) 480px, (min-width: 481px) 850px, 100vw\" \/><\/td>\n<td style=\"width: 48.00pt;\" align=\"right\" width=\"80\"><img loading=\"lazy\" decoding=\"async\" class=\"alignnone size-full wp-image-7028\" src=\"https:\/\/fmp-components.com\/wp-content\/uploads\/2025\/03\/helical-bevel-gear-2.webp\" alt=\"engrenagem helicoidal c\u00f4nica\" width=\"835\" height=\"612\" title=\"\" srcset=\"https:\/\/fmp-components.com\/wp-content\/uploads\/2025\/03\/helical-bevel-gear-2.webp 835w, https:\/\/fmp-components.com\/wp-content\/uploads\/2025\/03\/helical-bevel-gear-2-480x352.webp 480w\" sizes=\"(min-width: 0px) and (max-width: 480px) 480px, (min-width: 481px) 835px, 100vw\" \/><\/td>\n<\/tr>\n<\/tbody>\n<\/table>\n<table class=\"table\" border=\"1\" width=\"100%\" cellspacing=\"0\" cellpadding=\"0\">\n<tbody>\n<tr class=\"firstRow\">\n<td valign=\"center\" width=\"132\">N\u00famero do modelo<\/td>\n<td valign=\"center\" width=\"491\">M3, M4, M5, M8, M12 e etc.<\/td>\n<\/tr>\n<tr>\n<td valign=\"center\" width=\"132\">Material<\/td>\n<td valign=\"center\" width=\"491\">Lat\u00e3o, a\u00e7o C45, a\u00e7o inoxid\u00e1vel, cobre, POM, alum\u00ednio, liga e assim por diante<\/td>\n<\/tr>\n<tr>\n<td valign=\"center\" width=\"132\">Tratamento de superf\u00edcie<\/td>\n<td valign=\"center\" width=\"491\">Zincado, Niquelado, Passiva\u00e7\u00e3o, Oxida\u00e7\u00e3o, Anodiza\u00e7\u00e3o,<br \/>\nGeomet, Dacromet, \u00d3xido Preto, Fosfatiza\u00e7\u00e3o, Revestimento em P\u00f3 e Eletroforese<\/td>\n<\/tr>\n<tr>\n<td valign=\"center\" width=\"132\">Padr\u00e3o<\/td>\n<td valign=\"center\" width=\"491\">ISO, DIN, ANSI, JIS, BS e n\u00e3o padr\u00e3o.<\/td>\n<\/tr>\n<tr>\n<td valign=\"center\" width=\"132\">Precis\u00e3o<\/td>\n<td valign=\"center\" width=\"491\">DIN6, DIN7, DIN8, DIN9.<\/td>\n<\/tr>\n<tr>\n<td valign=\"center\" width=\"132\">Tratamento dent\u00e1rio<\/td>\n<td valign=\"center\" width=\"491\">Endurecido, fresado ou mo\u00eddo<\/td>\n<\/tr>\n<tr>\n<td valign=\"center\" width=\"132\">Toler\u00e2ncia<\/td>\n<td valign=\"center\" width=\"491\">0,001 mm-0,01 mm-0,1 mm<\/td>\n<\/tr>\n<tr>\n<td valign=\"center\" width=\"132\">Terminar<\/td>\n<td valign=\"center\" width=\"491\">jateamento de areia, tratamento t\u00e9rmico, recozimento, t\u00eampera, polimento, anodiza\u00e7\u00e3o, zincagem<\/td>\n<\/tr>\n<tr>\n<td valign=\"center\" width=\"132\">Embalagem de itens<\/td>\n<td valign=\"center\" width=\"491\">Saco pl\u00e1stico + caixas ou embalagem de madeira<\/td>\n<\/tr>\n<tr>\n<td valign=\"center\" width=\"132\">Condi\u00e7\u00f5es de pagamento<\/td>\n<td valign=\"center\" width=\"491\">T\/T, L\/C<\/td>\n<\/tr>\n<tr>\n<td valign=\"center\" width=\"132\">Prazo de produ\u00e7\u00e3o<\/td>\n<td valign=\"center\" width=\"491\">20 dias \u00fateis para amostra, 25 dias para a granel<\/td>\n<\/tr>\n<tr>\n<td valign=\"center\" width=\"132\">Amostras<\/td>\n<td valign=\"center\" width=\"491\">Faixa de pre\u00e7o de amostra de $2 a $100.<br \/>\nexemplo de solicita\u00e7\u00e3o expressa paga pelos clientes<\/td>\n<\/tr>\n<tr>\n<td valign=\"center\" width=\"132\">Aplicativo<\/td>\n<td valign=\"center\" width=\"491\">1. M\u00e1quina de controle autom\u00e1tico<br \/>\n2. Ind\u00fastria de semicondutores<br \/>\n3. M\u00e1quinas industriais em geral<br \/>\n4. Equipamentos m\u00e9dicos<br \/>\n5. Equipamentos de energia solar<br \/>\n6. M\u00e1quina-ferramenta<br \/>\n7. Sistema de estacionamento<br \/>\n8. Equipamentos de transporte ferrovi\u00e1rio e a\u00e9reo de alta velocidade, etc.<\/td>\n<\/tr>\n<\/tbody>\n<\/table>\n<h2>Caracter\u00edsticas da engrenagem c\u00f4nica helicoidal<\/h2>\n<div>\n<ul>\n<li class=\"break-words\"><strong>Configura\u00e7\u00e3o de dente helicoidal<\/strong>As engrenagens c\u00f4nicas helicoidais combinam os dentes angulares de <a href=\"https:\/\/fmp-components.com\/pt\/bevel-gear-2\/\">engrenagens c\u00f4nicas<\/a> Com uma tor\u00e7\u00e3o helicoidal, onde os dentes s\u00e3o curvos e inclinados, permitindo um contato gradual e um engate mais suave em compara\u00e7\u00e3o com as engrenagens c\u00f4nicas retas.<\/li>\n<li class=\"break-words\"><strong>Capacidade de carga aprimorada<\/strong>O design helicoidal distribui as for\u00e7as por v\u00e1rios dentes durante o engrenamento, aumentando a capacidade da engrenagem de suportar cargas e torques mais elevados, tornando-a adequada para aplica\u00e7\u00f5es automotivas e industriais de servi\u00e7o pesado.<\/li>\n<li class=\"break-words\"><strong>Ru\u00eddo e vibra\u00e7\u00e3o reduzidos<\/strong>O engate gradual dos dentes devido ao \u00e2ngulo helicoidal minimiza o impacto e o deslizamento, resultando em uma opera\u00e7\u00e3o mais silenciosa e menor vibra\u00e7\u00e3o, ideal para m\u00e1quinas de precis\u00e3o e transmiss\u00f5es de ve\u00edculos.<\/li>\n<li class=\"break-words\"><strong>Transmiss\u00e3o de pot\u00eancia angular<\/strong>Assim como outras engrenagens c\u00f4nicas, as engrenagens c\u00f4nicas helicoidais transmitem pot\u00eancia entre eixos que se cruzam (normalmente a 90 graus), oferecendo versatilidade em configura\u00e7\u00f5es compactas, como caixas de engrenagens e sistemas diferenciais.<\/li>\n<li class=\"break-words\"><strong>Alta efici\u00eancia e durabilidade<\/strong>Fabricadas com materiais robustos, como a\u00e7o temperado, e com lubrifica\u00e7\u00e3o adequada, essas engrenagens proporcionam excelente efici\u00eancia e durabilidade a longo prazo em condi\u00e7\u00f5es exigentes, equilibrando desempenho e resist\u00eancia ao desgaste.<\/li>\n<\/ul>\n<\/div>\n<p><img loading=\"lazy\" decoding=\"async\" class=\"alignnone size-full wp-image-7029\" src=\"https:\/\/fmp-components.com\/wp-content\/uploads\/2025\/03\/helical-bevel-gear-1.webp\" alt=\"engrenagem helicoidal c\u00f4nica\" width=\"1000\" height=\"1000\" title=\"\" srcset=\"https:\/\/fmp-components.com\/wp-content\/uploads\/2025\/03\/helical-bevel-gear-1.webp 1000w, https:\/\/fmp-components.com\/wp-content\/uploads\/2025\/03\/helical-bevel-gear-1-980x980.webp 980w, https:\/\/fmp-components.com\/wp-content\/uploads\/2025\/03\/helical-bevel-gear-1-480x480.webp 480w\" sizes=\"(min-width: 0px) and (max-width: 480px) 480px, (min-width: 481px) and (max-width: 980px) 980px, (min-width: 981px) 1000px, 100vw\" \/><\/p>\n<h2>Sobre a FMP<\/h2>\n<p>A FMP \u00e9 uma fabricante italiana l\u00edder em engrenagens e cremalheiras, reconhecida por sua expertise na produ\u00e7\u00e3o de componentes padr\u00e3o e solu\u00e7\u00f5es personalizadas. Al\u00e9m da nossa linha de pe\u00e7as padr\u00e3o, a FMP \u00e9 especializada na fabrica\u00e7\u00e3o de engrenagens padr\u00e3o e especializadas, com base em desenhos ou amostras fornecidas por nossos clientes. Nossas engrenagens est\u00e3o dispon\u00edveis em diversos materiais, incluindo a\u00e7o carbono, a\u00e7o inoxid\u00e1vel, alum\u00ednio, cobre, lat\u00e3o e configura\u00e7\u00f5es helicoidais ou cil\u00edndricas de pl\u00e1stico. Caso tenha alguma necessidade de engrenagens personalizadas, entre em contato conosco por e-mail. A equipe dedicada de engenheiros profissionais da FMP responder\u00e1 \u00e0 sua solicita\u00e7\u00e3o em at\u00e9 24 horas.<\/p>\n<p><img loading=\"lazy\" decoding=\"async\" class=\"alignnone size-full wp-image-7010\" src=\"https:\/\/fmp-components.com\/wp-content\/uploads\/2025\/03\/bevel-gear-3.webp\" alt=\"engrenagem c\u00f4nica\" width=\"1076\" height=\"721\" title=\"\" srcset=\"https:\/\/fmp-components.com\/wp-content\/uploads\/2025\/03\/bevel-gear-3.webp 1076w, https:\/\/fmp-components.com\/wp-content\/uploads\/2025\/03\/bevel-gear-3-980x657.webp 980w, https:\/\/fmp-components.com\/wp-content\/uploads\/2025\/03\/bevel-gear-3-480x322.webp 480w\" sizes=\"(min-width: 0px) and (max-width: 480px) 480px, (min-width: 481px) and (max-width: 980px) 980px, (min-width: 981px) 1076px, 100vw\" \/><\/p>","protected":false},"excerpt":{"rendered":"<p>N\u00fameros de modelo: M3, M4, M5, M8, M12 e outros. Material: Lat\u00e3o, a\u00e7o C45, a\u00e7o inoxid\u00e1vel, cobre, POM, alum\u00ednio, liga met\u00e1lica, etc. Tratamento de superf\u00edcie: Zincado, niquelado, passiva\u00e7\u00e3o, oxida\u00e7\u00e3o, anodiza\u00e7\u00e3o, Geomet, Dacromet, \u00f3xido preto, fosfatiza\u00e7\u00e3o, pintura a p\u00f3 e eletroforese. Normas: ISO, DIN, ANSI, JIS, BS e n\u00e3o padronizadas. Precis\u00e3o: DIN 6, DIN 7, DIN 8, DIN 9. Tratamento dos dentes: Endurecidos, fresados \u200b\u200bou retificados. Toler\u00e2ncia: 0,001 mm - 0,01 mm - 0,1 mm. Acabamento: Jateamento de areia\/granulado, [\u2026]<\/p>","protected":false},"featured_media":4335,"comment_status":"open","ping_status":"closed","template":"","meta":{"_et_pb_use_builder":"","_et_pb_old_content":"","_et_gb_content_width":""},"product_brand":[],"product_cat":[106],"product_tag":[],"class_list":{"0":"post-7026","1":"product","2":"type-product","3":"status-publish","4":"has-post-thumbnail","6":"product_cat-bevel-gears","8":"first","9":"instock","10":"shipping-taxable","11":"product-type-simple"},"_links":{"self":[{"href":"https:\/\/fmp-components.com\/pt\/wp-json\/wp\/v2\/product\/7026","targetHints":{"allow":["GET"]}}],"collection":[{"href":"https:\/\/fmp-components.com\/pt\/wp-json\/wp\/v2\/product"}],"about":[{"href":"https:\/\/fmp-components.com\/pt\/wp-json\/wp\/v2\/types\/product"}],"replies":[{"embeddable":true,"href":"https:\/\/fmp-components.com\/pt\/wp-json\/wp\/v2\/comments?post=7026"}],"wp:featuredmedia":[{"embeddable":true,"href":"https:\/\/fmp-components.com\/pt\/wp-json\/wp\/v2\/media\/4335"}],"wp:attachment":[{"href":"https:\/\/fmp-components.com\/pt\/wp-json\/wp\/v2\/media?parent=7026"}],"wp:term":[{"taxonomy":"product_brand","embeddable":true,"href":"https:\/\/fmp-components.com\/pt\/wp-json\/wp\/v2\/product_brand?post=7026"},{"taxonomy":"product_cat","embeddable":true,"href":"https:\/\/fmp-components.com\/pt\/wp-json\/wp\/v2\/product_cat?post=7026"},{"taxonomy":"product_tag","embeddable":true,"href":"https:\/\/fmp-components.com\/pt\/wp-json\/wp\/v2\/product_tag?post=7026"}],"curies":[{"name":"wp","href":"https:\/\/api.w.org\/{rel}","templated":true}]}}