{"id":7020,"date":"2025-03-14T06:42:58","date_gmt":"2025-03-14T06:42:58","guid":{"rendered":"https:\/\/fmp-components.com\/?post_type=product&#038;p=7020"},"modified":"2025-03-27T01:27:19","modified_gmt":"2025-03-27T01:27:19","slug":"industrial-bevel-gears","status":"publish","type":"product","link":"https:\/\/fmp-components.com\/pt\/product\/industrial-bevel-gears\/","title":{"rendered":"Engrenagens c\u00f4nicas industriais"},"content":{"rendered":"<p><a href=\"https:\/\/fmp-components.com\/pt\/bevel-gear-2\/\">Engrenagem c\u00f4nica<\/a> Di\u00e2metro M3-M20 dentro de 1200 mm feito de 20crmiti\/20crmnmo\/42CrMo para redutor\/m\u00e1quina de \u00f3leo\/m\u00e1quina de constru\u00e7\u00e3o\/caminh\u00e3o\/m\u00e1quina agr\u00edcola<\/p>\n<h2>Especifica\u00e7\u00e3o do produto<\/h2>\n<div class=\"table-responsive\">\n<table class=\"table\" style=\"width: 99.8343%; height: 197px;\" border=\"1\">\n<tbody>\n<tr>\n<td style=\"width: 29.443%;\">Aplicativo:<\/td>\n<td style=\"width: 75.199%;\">M\u00e1quinas, Marinha, M\u00e1quinas Agr\u00edcolas, M\u00e1quinas de Petr\u00f3leo<\/td>\n<\/tr>\n<tr>\n<td style=\"width: 29.443%;\">Dureza:<\/td>\n<td style=\"width: 75.199%;\">Superf\u00edcie do dente endurecida<\/td>\n<\/tr>\n<tr>\n<td style=\"width: 29.443%;\">Posi\u00e7\u00e3o da marcha:<\/td>\n<td style=\"width: 75.199%;\">Engrenagem externa<\/td>\n<\/tr>\n<tr>\n<td style=\"width: 29.443%;\">M\u00e9todo de fabrica\u00e7\u00e3o:<\/td>\n<td style=\"width: 75.199%;\">Engrenagem de moagem<\/td>\n<\/tr>\n<tr>\n<td style=\"width: 29.443%;\">Formato da por\u00e7\u00e3o dentada:<\/td>\n<td style=\"width: 75.199%;\">Roda c\u00f4nica<\/td>\n<\/tr>\n<tr>\n<td style=\"width: 29.443%;\">Material:<\/td>\n<td style=\"width: 75.199%;\">20crmnti<\/td>\n<\/tr>\n<\/tbody>\n<tbody>\n<tr>\n<td>Modelo de eixo de engrenagem<\/td>\n<td>Engrenagem personalizada de acordo com amostra ou desenho do cliente<\/td>\n<\/tr>\n<tr>\n<td>M\u00e1quina de processamento<\/td>\n<td>M\u00e1quina CNC<\/td>\n<\/tr>\n<tr>\n<td>Material<\/td>\n<td>A\u00e7o 20CrMnTi\/ 20CrMnMo\/ 42CrMo\/ 45#\/ 40Cr\/ 20CrNi2MoA<\/td>\n<\/tr>\n<tr>\n<td>Tratamento t\u00e9rmico<\/td>\n<td>Cementa\u00e7\u00e3o e t\u00eampera\/ Revenimento\/ Nitreta\u00e7\u00e3o\/ Carbonitreta\u00e7\u00e3o\/ Endurecimento por indu\u00e7\u00e3o<\/td>\n<\/tr>\n<tr>\n<td>Dureza<\/td>\n<td>58-62HRC<\/td>\n<\/tr>\n<tr>\n<td>Padr\u00e3o de qualidade<\/td>\n<td>GB\/ DIN\/ JIS\/ AGMA<\/td>\n<\/tr>\n<tr>\n<td>Classe de precis\u00e3o<\/td>\n<td>5\u00aa \u00e0 8\u00aa s\u00e9rie<\/td>\n<\/tr>\n<tr>\n<td>Envio<\/td>\n<td>Transporte mar\u00edtimo\/ Transporte a\u00e9reo\/ Expresso<\/td>\n<\/tr>\n<tr>\n<td>Prazo de entrega<\/td>\n<td>30 dias<\/td>\n<\/tr>\n<\/tbody>\n<\/table>\n<h2>Sobre a FMP<\/h2>\n<p>A FMP \u00e9 uma fabricante italiana l\u00edder em engrenagens e cremalheiras, reconhecida por sua expertise na produ\u00e7\u00e3o de componentes padr\u00e3o e solu\u00e7\u00f5es personalizadas. Al\u00e9m da nossa linha de pe\u00e7as padr\u00e3o, a FMP \u00e9 especializada na fabrica\u00e7\u00e3o de engrenagens padr\u00e3o e especializadas, com base em desenhos ou amostras fornecidas por nossos clientes. Nossas engrenagens est\u00e3o dispon\u00edveis em diversos materiais, incluindo a\u00e7o carbono, a\u00e7o inoxid\u00e1vel, alum\u00ednio, cobre, lat\u00e3o e configura\u00e7\u00f5es helicoidais ou cil\u00edndricas de pl\u00e1stico. Caso tenha alguma necessidade de engrenagens personalizadas, entre em contato conosco por e-mail. A equipe dedicada de engenheiros profissionais da FMP responder\u00e1 \u00e0 sua solicita\u00e7\u00e3o em at\u00e9 24 horas.<\/p>\n<p><img loading=\"lazy\" decoding=\"async\" class=\"alignnone size-full wp-image-7010\" src=\"https:\/\/fmp-components.com\/wp-content\/uploads\/2025\/03\/bevel-gear-3.webp\" alt=\"engrenagem c\u00f4nica\" width=\"1076\" height=\"721\" title=\"\" srcset=\"https:\/\/fmp-components.com\/wp-content\/uploads\/2025\/03\/bevel-gear-3.webp 1076w, https:\/\/fmp-components.com\/wp-content\/uploads\/2025\/03\/bevel-gear-3-980x657.webp 980w, https:\/\/fmp-components.com\/wp-content\/uploads\/2025\/03\/bevel-gear-3-480x322.webp 480w\" sizes=\"(min-width: 0px) and (max-width: 480px) 480px, (min-width: 481px) and (max-width: 980px) 980px, (min-width: 981px) 1076px, 100vw\" \/><\/p>\n<\/div>","protected":false},"excerpt":{"rendered":"<p>Bevel Gear M3-M20 Diameter Within 1200mm Made of 20crmiti\/20crmnmo\/42CrMo for Reducer\/ Oil Machine\/ Construction Machinery\/ Truck\/ Agricultural Machinery Product Specification Application: Machinery, Marine, Agricultural Machinery, Oil Machinery Hardness: Hardened Tooth Surface Gear Position: External Gear Manufacturing Method: Grinding Gear Toothed Portion Shape: Bevel Wheel Material: 20crmnti Gear shaft model Customized gear accoding to customers sample [&hellip;]<\/p>","protected":false},"featured_media":4336,"comment_status":"open","ping_status":"closed","template":"","meta":{"_et_pb_use_builder":"","_et_pb_old_content":"","_et_gb_content_width":""},"product_brand":[],"product_cat":[106],"product_tag":[],"class_list":{"0":"post-7020","1":"product","2":"type-product","3":"status-publish","4":"has-post-thumbnail","6":"product_cat-bevel-gears","8":"first","9":"instock","10":"shipping-taxable","11":"product-type-simple"},"_links":{"self":[{"href":"https:\/\/fmp-components.com\/pt\/wp-json\/wp\/v2\/product\/7020","targetHints":{"allow":["GET"]}}],"collection":[{"href":"https:\/\/fmp-components.com\/pt\/wp-json\/wp\/v2\/product"}],"about":[{"href":"https:\/\/fmp-components.com\/pt\/wp-json\/wp\/v2\/types\/product"}],"replies":[{"embeddable":true,"href":"https:\/\/fmp-components.com\/pt\/wp-json\/wp\/v2\/comments?post=7020"}],"wp:featuredmedia":[{"embeddable":true,"href":"https:\/\/fmp-components.com\/pt\/wp-json\/wp\/v2\/media\/4336"}],"wp:attachment":[{"href":"https:\/\/fmp-components.com\/pt\/wp-json\/wp\/v2\/media?parent=7020"}],"wp:term":[{"taxonomy":"product_brand","embeddable":true,"href":"https:\/\/fmp-components.com\/pt\/wp-json\/wp\/v2\/product_brand?post=7020"},{"taxonomy":"product_cat","embeddable":true,"href":"https:\/\/fmp-components.com\/pt\/wp-json\/wp\/v2\/product_cat?post=7020"},{"taxonomy":"product_tag","embeddable":true,"href":"https:\/\/fmp-components.com\/pt\/wp-json\/wp\/v2\/product_tag?post=7020"}],"curies":[{"name":"wp","href":"https:\/\/api.w.org\/{rel}","templated":true}]}}