{"id":7011,"date":"2025-03-14T06:16:24","date_gmt":"2025-03-14T06:16:24","guid":{"rendered":"https:\/\/fmp-components.com\/?post_type=product&#038;p=7011"},"modified":"2025-03-27T01:30:59","modified_gmt":"2025-03-27T01:30:59","slug":"metal-bevel-gear","status":"publish","type":"product","link":"https:\/\/fmp-components.com\/pt\/product\/metal-bevel-gear\/","title":{"rendered":"Engrenagem c\u00f4nica de metal"},"content":{"rendered":"<p>Dimens\u00e3o: \u03a63mm- \u03a6120mm<br \/>\nM\u00f3dulo: M1.5<br \/>\nTipo de material: Metal conforme necessidade do cliente<\/p>\n<h2>Especifica\u00e7\u00e3o do produto<\/h2>\n<div class=\"table-responsive\">\n<table class=\"table\" style=\"width: 100%; height: 367px;\" border=\"1\">\n<tbody>\n<tr>\n<td colspan=\"2\">Engrenagem c\u00f4nica de metal<\/td>\n<\/tr>\n<tr>\n<td>Dimens\u00e3o<\/td>\n<td>\u03a68mm<\/td>\n<\/tr>\n<tr>\n<td>M\u00f3dulo<\/td>\n<td>M0,15-M2,0<\/td>\n<\/tr>\n<tr>\n<td>Tipo de material<\/td>\n<td>Metal, bronze, a\u00e7o, liga, POM, zinco, alum\u00ednio, ferro, a\u00e7o inoxid\u00e1vel, lat\u00e3o, cobre<\/td>\n<\/tr>\n<tr>\n<td>Grau de malha<\/td>\n<td>JGMA 1, JIS 6, AGMA 13, DIN 6,Din5,AGMA12<\/td>\n<\/tr>\n<tr>\n<td>Aplicativo<\/td>\n<td>Automotivo, Militar, Aeron\u00e1utico, Mec\u00e2nico, Industrial, M\u00e9dico<\/td>\n<\/tr>\n<tr>\n<td>Personalizado<\/td>\n<td>ODM\/OEM<\/td>\n<\/tr>\n<tr>\n<td>Amostra<\/td>\n<td>Amostra dispon\u00edvel<\/td>\n<\/tr>\n<tr>\n<td>Modos de embalagem<\/td>\n<td>Embalado a v\u00e1cuo com bandeja de pl\u00e1stico<\/td>\n<\/tr>\n<tr>\n<td>Modos de entrega<\/td>\n<td>DHL e UPS<\/td>\n<\/tr>\n<tr>\n<td>Certificado<\/td>\n<td>ISO 9001: 2008\/TS16949<\/td>\n<\/tr>\n<\/tbody>\n<\/table>\n<\/div>\n<h2>Caracter\u00edsticas da engrenagem c\u00f4nica met\u00e1lica<\/h2>\n<p>Formato c\u00f4nico com dentes angulares: Metal <a href=\"https:\/\/fmp-components.com\/pt\/bevel-gear-2\/\">engrenagens c\u00f4nicas<\/a> Possuem uma estrutura c\u00f4nica e afilada com dentes cortados em \u00e2ngulo, permitindo que transmitam energia entre eixos que se cruzam, geralmente em um \u00e2ngulo de 90 graus.<br \/>\nAlta resist\u00eancia e durabilidade: Constru\u00eddos com metais robustos como a\u00e7o, alum\u00ednio ou lat\u00e3o, s\u00e3o projetados para suportar tens\u00f5es mec\u00e2nicas significativas, desgaste e cargas pesadas ao longo do tempo.<br \/>\nEngenharia de Precis\u00e3o: S\u00e3o fabricados com toler\u00e2ncias rigorosas para garantir um encaixe perfeito, transfer\u00eancia de pot\u00eancia eficiente e folga m\u00ednima, tornando-os adequados para aplica\u00e7\u00f5es de alto desempenho.<br \/>\nResist\u00eancia \u00e0 corros\u00e3o: Dependendo do metal utilizado (por exemplo, a\u00e7o inoxid\u00e1vel ou ligas revestidas), geralmente apresentam resist\u00eancia \u00e0 ferrugem e \u00e0 degrada\u00e7\u00e3o ambiental, aumentando a vida \u00fatil em condi\u00e7\u00f5es adversas.<br \/>\nPerfis de dentes personaliz\u00e1veis: Dispon\u00edveis em v\u00e1rios designs de dentes \u2014 como retos, espirais ou zerol \u2014 oferecendo versatilidade para reduzir o ru\u00eddo, melhorar a distribui\u00e7\u00e3o da carga e atender a necessidades operacionais espec\u00edficas.<\/p>\n<div class=\"table-responsive\">\n<h2>Sobre a FMP<\/h2>\n<p>A FMP \u00e9 uma fabricante italiana l\u00edder em engrenagens e cremalheiras, reconhecida por sua expertise na produ\u00e7\u00e3o de componentes padr\u00e3o e solu\u00e7\u00f5es personalizadas. Al\u00e9m da nossa linha de pe\u00e7as padr\u00e3o, a FMP \u00e9 especializada na fabrica\u00e7\u00e3o de engrenagens padr\u00e3o e especializadas, com base em desenhos ou amostras fornecidas por nossos clientes. Nossas engrenagens est\u00e3o dispon\u00edveis em diversos materiais, incluindo a\u00e7o carbono, a\u00e7o inoxid\u00e1vel, alum\u00ednio, cobre, lat\u00e3o e configura\u00e7\u00f5es helicoidais ou cil\u00edndricas de pl\u00e1stico. Caso tenha alguma necessidade de engrenagens personalizadas, entre em contato conosco por e-mail. A equipe dedicada de engenheiros profissionais da FMP responder\u00e1 \u00e0 sua solicita\u00e7\u00e3o em at\u00e9 24 horas.<\/p>\n<p><img loading=\"lazy\" decoding=\"async\" class=\"alignnone size-full wp-image-7010\" src=\"https:\/\/fmp-components.com\/wp-content\/uploads\/2025\/03\/bevel-gear-3.webp\" alt=\"engrenagem c\u00f4nica\" width=\"1076\" height=\"721\" title=\"\" srcset=\"https:\/\/fmp-components.com\/wp-content\/uploads\/2025\/03\/bevel-gear-3.webp 1076w, https:\/\/fmp-components.com\/wp-content\/uploads\/2025\/03\/bevel-gear-3-980x657.webp 980w, https:\/\/fmp-components.com\/wp-content\/uploads\/2025\/03\/bevel-gear-3-480x322.webp 480w\" sizes=\"(min-width: 0px) and (max-width: 480px) 480px, (min-width: 481px) and (max-width: 980px) 980px, (min-width: 981px) 1076px, 100vw\" \/><\/p>\n<\/div>","protected":false},"excerpt":{"rendered":"<p>Dimension:\u03a63mm- \u03a6120mm Module: M1.5 Material Type: Metal as customer required Product Specification Metal Bevel Gear Dimension \u03a68mm Module M0.15-M2.0 Material Type Metal, Bronze, Steel, Alloy, POM, Zinc, Aluminum, Iron, Stainless, Brass, Copper Meshing Grade JGMA 1, JIS 6, AGMA 13, DIN 6,Din5,AGMA12 Application Automotive, Military, Aircraft, Mechanical, industrial, Medical Customized ODM\/OEM Sample Sample available Modes [&hellip;]<\/p>","protected":false},"featured_media":4337,"comment_status":"open","ping_status":"closed","template":"","meta":{"_et_pb_use_builder":"","_et_pb_old_content":"","_et_gb_content_width":""},"product_brand":[],"product_cat":[106],"product_tag":[],"class_list":{"0":"post-7011","1":"product","2":"type-product","3":"status-publish","4":"has-post-thumbnail","6":"product_cat-bevel-gears","8":"first","9":"instock","10":"shipping-taxable","11":"product-type-simple"},"_links":{"self":[{"href":"https:\/\/fmp-components.com\/pt\/wp-json\/wp\/v2\/product\/7011","targetHints":{"allow":["GET"]}}],"collection":[{"href":"https:\/\/fmp-components.com\/pt\/wp-json\/wp\/v2\/product"}],"about":[{"href":"https:\/\/fmp-components.com\/pt\/wp-json\/wp\/v2\/types\/product"}],"replies":[{"embeddable":true,"href":"https:\/\/fmp-components.com\/pt\/wp-json\/wp\/v2\/comments?post=7011"}],"wp:featuredmedia":[{"embeddable":true,"href":"https:\/\/fmp-components.com\/pt\/wp-json\/wp\/v2\/media\/4337"}],"wp:attachment":[{"href":"https:\/\/fmp-components.com\/pt\/wp-json\/wp\/v2\/media?parent=7011"}],"wp:term":[{"taxonomy":"product_brand","embeddable":true,"href":"https:\/\/fmp-components.com\/pt\/wp-json\/wp\/v2\/product_brand?post=7011"},{"taxonomy":"product_cat","embeddable":true,"href":"https:\/\/fmp-components.com\/pt\/wp-json\/wp\/v2\/product_cat?post=7011"},{"taxonomy":"product_tag","embeddable":true,"href":"https:\/\/fmp-components.com\/pt\/wp-json\/wp\/v2\/product_tag?post=7011"}],"curies":[{"name":"wp","href":"https:\/\/api.w.org\/{rel}","templated":true}]}}