{"id":7006,"date":"2025-03-14T06:03:43","date_gmt":"2025-03-14T06:03:43","guid":{"rendered":"https:\/\/fmp-components.com\/?post_type=product&#038;p=7006"},"modified":"2025-03-27T01:32:14","modified_gmt":"2025-03-27T01:32:14","slug":"aircraft-bevel-gear","status":"publish","type":"product","link":"https:\/\/fmp-components.com\/pt\/product\/aircraft-bevel-gear\/","title":{"rendered":"Engrenagem c\u00f4nica de aeronaves"},"content":{"rendered":"<p>Dimens\u00e3o: \u03a63mm- \u03a6120mm<br \/>\nM\u00f3dulo: M2.0<br \/>\nTipo de material: Metal conforme necessidade do cliente<\/p>\n<h2>Especifica\u00e7\u00e3o do produto<\/h2>\n<div class=\"table-responsive\">\n<table class=\"table\" style=\"width: 99.125%; height: 352px;\" border=\"1\">\n<tbody>\n<tr>\n<td style=\"width: 99.2395%;\" colspan=\"2\">Engrenagem c\u00f4nica de aeronaves<\/td>\n<\/tr>\n<tr>\n<td style=\"width: 18.5044%;\">Dimens\u00e3o<\/td>\n<td style=\"width: 80.7351%;\">\u03a610mm<\/td>\n<\/tr>\n<tr>\n<td style=\"width: 18.5044%;\">M\u00f3dulo<\/td>\n<td style=\"width: 80.7351%;\">M0,15-M2,2<\/td>\n<\/tr>\n<tr>\n<td style=\"width: 18.5044%;\">Tipo de material<\/td>\n<td style=\"width: 80.7351%;\">Metal, bronze, a\u00e7o, liga, POM, zinco, alum\u00ednio, ferro, a\u00e7o inoxid\u00e1vel, lat\u00e3o, cobre<\/td>\n<\/tr>\n<tr>\n<td style=\"width: 18.5044%;\">Grau de malha<\/td>\n<td style=\"width: 80.7351%;\">JGMA 1, JIS 6, AGMA 13, DIN 6,Din5,AGMA12<\/td>\n<\/tr>\n<tr>\n<td style=\"width: 18.5044%;\">Aplicativo<\/td>\n<td style=\"width: 80.7351%;\">Automotivo, Militar, Aeron\u00e1utico, Mec\u00e2nico, Industrial, M\u00e9dico<\/td>\n<\/tr>\n<tr>\n<td style=\"width: 18.5044%;\">Personalizado<\/td>\n<td style=\"width: 80.7351%;\">ODM\/OEM<\/td>\n<\/tr>\n<tr>\n<td style=\"width: 18.5044%;\">Amostra<\/td>\n<td style=\"width: 80.7351%;\">Amostra dispon\u00edvel<\/td>\n<\/tr>\n<tr>\n<td style=\"width: 18.5044%;\">Modos de embalagem<\/td>\n<td style=\"width: 80.7351%;\">Embalado a v\u00e1cuo com bandeja de pl\u00e1stico<\/td>\n<\/tr>\n<tr>\n<td style=\"width: 18.5044%;\">Modos de entrega<\/td>\n<td style=\"width: 80.7351%;\">DHL e UPS<\/td>\n<\/tr>\n<tr>\n<td style=\"width: 18.5044%;\">Certificado<\/td>\n<td style=\"width: 80.7351%;\">ISO 9001: 2008\/TS16949<\/td>\n<\/tr>\n<\/tbody>\n<\/table>\n<h2>Caracter\u00edsticas da engrenagem c\u00f4nica de aeronaves<\/h2>\n<div>\n<ul>\n<li class=\"break-words\"><strong>Design de dentes angulares<\/strong>: O <a href=\"https:\/\/fmp-components.com\/pt\/bevel-gear-2\/\">engrenagem c\u00f4nica<\/a> Possui dentes cortados em \u00e2ngulo em uma superf\u00edcie c\u00f4nica, permitindo que se encaixe com outra engrenagem para transmitir pot\u00eancia entre eixos que se cruzam, normalmente em um \u00e2ngulo de 90 graus.<\/li>\n<li class=\"break-words\"><strong>Alta precis\u00e3o<\/strong>Ele \u00e9 projetado com toler\u00e2ncias rigorosas para garantir uma transfer\u00eancia de energia suave, precisa e confi\u00e1vel, essencial para as exig\u00eancias de precis\u00e3o dos sistemas de aeronaves.<\/li>\n<li class=\"break-words\"><strong>Compacto e leve<\/strong>O projeto foi otimizado para ser compacto e leve, reduzindo o peso total da aeronave e, ao mesmo tempo, mantendo a integridade estrutural em espa\u00e7os confinados.<\/li>\n<li class=\"break-words\"><strong>Capacidade de carga<\/strong>Fabricado com materiais dur\u00e1veis \u200b\u200bcomo a\u00e7o endurecido ou tit\u00e2nio, ele suporta alto torque e cargas pesadas, garantindo desempenho sob as tens\u00f5es do voo.<\/li>\n<li class=\"break-words\"><strong>Versatilidade<\/strong>Suporta diversas configura\u00e7\u00f5es (por exemplo, dentes retos, espirais ou zerol), oferecendo flexibilidade para se adequar a diferentes aplica\u00e7\u00f5es aeron\u00e1uticas, como motores ou mecanismos de controle, com vibra\u00e7\u00e3o e ru\u00eddo m\u00ednimos.<\/li>\n<\/ul>\n<p><img loading=\"lazy\" decoding=\"async\" class=\"size-full wp-image-4330 aligncenter\" src=\"https:\/\/fmp-components.com\/wp-content\/uploads\/2025\/01\/Aircraft-Bevel-Gear.webp\" alt=\"Engrenagem c\u00f4nica de aeronaves\" width=\"600\" height=\"600\" title=\"\" srcset=\"https:\/\/fmp-components.com\/wp-content\/uploads\/2025\/01\/Aircraft-Bevel-Gear.webp 600w, https:\/\/fmp-components.com\/wp-content\/uploads\/2025\/01\/Aircraft-Bevel-Gear-480x480.webp 480w\" sizes=\"(min-width: 0px) and (max-width: 480px) 480px, (min-width: 481px) 600px, 100vw\" \/><\/p>\n<\/div>\n<\/div>\n<div class=\"table-responsive\">\n<h2>Sobre a FMP<\/h2>\n<p>A FMP \u00e9 uma fabricante italiana l\u00edder em engrenagens e cremalheiras, reconhecida por sua expertise na produ\u00e7\u00e3o de componentes padr\u00e3o e solu\u00e7\u00f5es personalizadas. Al\u00e9m da nossa linha de pe\u00e7as padr\u00e3o, a FMP \u00e9 especializada na fabrica\u00e7\u00e3o de engrenagens padr\u00e3o e especializadas, com base em desenhos ou amostras fornecidas por nossos clientes. Nossas engrenagens est\u00e3o dispon\u00edveis em diversos materiais, incluindo a\u00e7o carbono, a\u00e7o inoxid\u00e1vel, alum\u00ednio, cobre, lat\u00e3o e configura\u00e7\u00f5es helicoidais ou cil\u00edndricas de pl\u00e1stico. Caso tenha alguma necessidade de engrenagens personalizadas, entre em contato conosco por e-mail. A equipe dedicada de engenheiros profissionais da FMP responder\u00e1 \u00e0 sua solicita\u00e7\u00e3o em at\u00e9 24 horas.<\/p>\n<p><img loading=\"lazy\" decoding=\"async\" class=\"alignnone size-full wp-image-7010\" src=\"https:\/\/fmp-components.com\/wp-content\/uploads\/2025\/03\/bevel-gear-3.webp\" alt=\"engrenagem c\u00f4nica\" width=\"1076\" height=\"721\" title=\"\" srcset=\"https:\/\/fmp-components.com\/wp-content\/uploads\/2025\/03\/bevel-gear-3.webp 1076w, https:\/\/fmp-components.com\/wp-content\/uploads\/2025\/03\/bevel-gear-3-980x657.webp 980w, https:\/\/fmp-components.com\/wp-content\/uploads\/2025\/03\/bevel-gear-3-480x322.webp 480w\" sizes=\"(min-width: 0px) and (max-width: 480px) 480px, (min-width: 481px) and (max-width: 980px) 980px, (min-width: 981px) 1076px, 100vw\" \/><\/p>\n<\/div>","protected":false},"excerpt":{"rendered":"<p>Dimens\u00f5es: \u03a63mm - \u03a6120mm M\u00f3dulo: M2.0 Tipo de material: Metal conforme solicita\u00e7\u00e3o do cliente Especifica\u00e7\u00f5es do produto Engrenagem c\u00f4nica para aeronaves Dimens\u00f5es: \u03a610mm M\u00f3dulo: M0.15-M2.2 Tipo de material: Metal, Bronze, A\u00e7o, Liga, POM, Zinco, Alum\u00ednio, Ferro, A\u00e7o inoxid\u00e1vel, Lat\u00e3o, Cobre Grau de engrenamento: JGMA 1, JIS 6, AGMA 13, DIN 6, DIN 5, AGMA 12 Aplica\u00e7\u00e3o: Automotiva, Militar, Aeron\u00e1utica, Mec\u00e2nica, Industrial, M\u00e9dica Personaliza\u00e7\u00e3o: ODM\/OEM Amostra: Amostra dispon\u00edvel Modos [\u2026]<\/p>","protected":false},"featured_media":4330,"comment_status":"open","ping_status":"closed","template":"","meta":{"_et_pb_use_builder":"","_et_pb_old_content":"","_et_gb_content_width":""},"product_brand":[],"product_cat":[106],"product_tag":[],"class_list":{"0":"post-7006","1":"product","2":"type-product","3":"status-publish","4":"has-post-thumbnail","6":"product_cat-bevel-gears","8":"first","9":"instock","10":"shipping-taxable","11":"product-type-simple"},"_links":{"self":[{"href":"https:\/\/fmp-components.com\/pt\/wp-json\/wp\/v2\/product\/7006","targetHints":{"allow":["GET"]}}],"collection":[{"href":"https:\/\/fmp-components.com\/pt\/wp-json\/wp\/v2\/product"}],"about":[{"href":"https:\/\/fmp-components.com\/pt\/wp-json\/wp\/v2\/types\/product"}],"replies":[{"embeddable":true,"href":"https:\/\/fmp-components.com\/pt\/wp-json\/wp\/v2\/comments?post=7006"}],"wp:featuredmedia":[{"embeddable":true,"href":"https:\/\/fmp-components.com\/pt\/wp-json\/wp\/v2\/media\/4330"}],"wp:attachment":[{"href":"https:\/\/fmp-components.com\/pt\/wp-json\/wp\/v2\/media?parent=7006"}],"wp:term":[{"taxonomy":"product_brand","embeddable":true,"href":"https:\/\/fmp-components.com\/pt\/wp-json\/wp\/v2\/product_brand?post=7006"},{"taxonomy":"product_cat","embeddable":true,"href":"https:\/\/fmp-components.com\/pt\/wp-json\/wp\/v2\/product_cat?post=7006"},{"taxonomy":"product_tag","embeddable":true,"href":"https:\/\/fmp-components.com\/pt\/wp-json\/wp\/v2\/product_tag?post=7006"}],"curies":[{"name":"wp","href":"https:\/\/api.w.org\/{rel}","templated":true}]}}