{"id":6946,"date":"2025-03-13T03:46:50","date_gmt":"2025-03-13T03:46:50","guid":{"rendered":"https:\/\/fmp-components.com\/?post_type=product&#038;p=6946"},"modified":"2025-03-27T01:34:39","modified_gmt":"2025-03-27T01:34:39","slug":"sintered-metal-bevel-gears","status":"publish","type":"product","link":"https:\/\/fmp-components.com\/pt\/product\/sintered-metal-bevel-gears\/","title":{"rendered":"Engrenagens c\u00f4nicas de metal sinterizado"},"content":{"rendered":"<div>\n<h3>Sobre engrenagens c\u00f4nicas de metal sinterizado<\/h3>\n<p class=\"break-words\">Metal sinterizado <a href=\"https:\/\/fmp-components.com\/pt\/bevel-gear-2\/\">engrenagens c\u00f4nicas<\/a> S\u00e3o componentes de engenharia de precis\u00e3o fabricados por meio de um processo de sinteriza\u00e7\u00e3o, no qual p\u00f3s met\u00e1licos s\u00e3o compactados e aquecidos para formar engrenagens fortes e dur\u00e1veis \u200b\u200bcom formato c\u00f4nico. Essas engrenagens s\u00e3o amplamente utilizadas em diversos setores industriais devido \u00e0 sua capacidade de transmitir movimento e pot\u00eancia entre eixos que se cruzam, geralmente em um \u00e2ngulo de 90 graus. Elas oferecem vantagens como alta resist\u00eancia, resist\u00eancia ao desgaste e custo-benef\u00edcio, gra\u00e7as ao processo de metalurgia do p\u00f3.<\/p>\n<p class=\"break-words\">Na FMP Company, somos especializados na produ\u00e7\u00e3o de uma ampla gama de engrenagens c\u00f4nicas de metal sinterizado para atender a diversas necessidades de aplica\u00e7\u00e3o. Tamb\u00e9m oferecemos servi\u00e7os de personaliza\u00e7\u00e3o para adaptar nossos produtos \u00e0s suas necessidades espec\u00edficas. Se voc\u00ea n\u00e3o encontrar o modelo exato que precisa em nossa lista de produtos, significa simplesmente que ainda n\u00e3o tivemos a oportunidade de atualiz\u00e1-la. Sinta-se \u00e0 vontade para nos enviar um e-mail com as especifica\u00e7\u00f5es desejadas e nossos engenheiros responder\u00e3o em at\u00e9 24 horas para ajud\u00e1-lo.\u00a0<img loading=\"lazy\" decoding=\"async\" class=\"alignnone size-full wp-image-6952\" src=\"https:\/\/fmp-components.com\/wp-content\/uploads\/2025\/03\/Sintered-Metal-bevel-gear-maintain.webp\" alt=\"Engrenagem c\u00f4nica de metal sinterizado\" width=\"1300\" height=\"946\" title=\"\" srcset=\"https:\/\/fmp-components.com\/wp-content\/uploads\/2025\/03\/Sintered-Metal-bevel-gear-maintain.webp 1300w, https:\/\/fmp-components.com\/wp-content\/uploads\/2025\/03\/Sintered-Metal-bevel-gear-maintain-1280x931.webp 1280w, https:\/\/fmp-components.com\/wp-content\/uploads\/2025\/03\/Sintered-Metal-bevel-gear-maintain-980x713.webp 980w, https:\/\/fmp-components.com\/wp-content\/uploads\/2025\/03\/Sintered-Metal-bevel-gear-maintain-480x349.webp 480w\" sizes=\"(min-width: 0px) and (max-width: 480px) 480px, (min-width: 481px) and (max-width: 980px) 980px, (min-width: 981px) and (max-width: 1280px) 1280px, (min-width: 1281px) 1300px, 100vw\" \/><\/p>\n<h3>Especifica\u00e7\u00e3o<\/h3>\n<\/div>\n<table class=\"table\" border=\"1\" width=\"100%\" cellspacing=\"0\" cellpadding=\"0\">\n<tbody>\n<tr class=\"firstRow\">\n<td valign=\"center\" width=\"132\">N\u00famero do modelo<\/td>\n<td valign=\"center\" width=\"491\">M3, M4, M5, M8, M12 e etc.<\/td>\n<\/tr>\n<tr>\n<td valign=\"center\" width=\"132\">Material<\/td>\n<td valign=\"center\" width=\"491\">Lat\u00e3o, a\u00e7o C45, a\u00e7o inoxid\u00e1vel, cobre, POM, alum\u00ednio, liga e assim por diante<\/td>\n<\/tr>\n<tr>\n<td valign=\"center\" width=\"132\">Tratamento de superf\u00edcie<\/td>\n<td valign=\"center\" width=\"491\">Zincado, Niquelado, Passiva\u00e7\u00e3o, Oxida\u00e7\u00e3o, Anodiza\u00e7\u00e3o,<br \/>\nGeomet, Dacromet, \u00d3xido Preto, Fosfatiza\u00e7\u00e3o, Revestimento em P\u00f3 e Eletroforese<\/td>\n<\/tr>\n<tr>\n<td valign=\"center\" width=\"132\">Padr\u00e3o<\/td>\n<td valign=\"center\" width=\"491\">ISO, DIN, ANSI, JIS, BS e n\u00e3o padr\u00e3o.<\/td>\n<\/tr>\n<tr>\n<td valign=\"center\" width=\"132\">Precis\u00e3o<\/td>\n<td valign=\"center\" width=\"491\">DIN6, DIN7, DIN8, DIN9.<\/td>\n<\/tr>\n<tr>\n<td valign=\"center\" width=\"132\">Tratamento dent\u00e1rio<\/td>\n<td valign=\"center\" width=\"491\">Endurecido, fresado ou mo\u00eddo<\/td>\n<\/tr>\n<tr>\n<td valign=\"center\" width=\"132\">Toler\u00e2ncia<\/td>\n<td valign=\"center\" width=\"491\">0,001 mm-0,01 mm-0,1 mm<\/td>\n<\/tr>\n<tr>\n<td valign=\"center\" width=\"132\">Terminar<\/td>\n<td valign=\"center\" width=\"491\">jateamento de areia, tratamento t\u00e9rmico, recozimento, t\u00eampera, polimento, anodiza\u00e7\u00e3o, zincagem<\/td>\n<\/tr>\n<tr>\n<td valign=\"center\" width=\"132\">Embalagem de itens<\/td>\n<td valign=\"center\" width=\"491\">Saco pl\u00e1stico + caixas ou embalagem de madeira<\/td>\n<\/tr>\n<tr>\n<td valign=\"center\" width=\"132\">Condi\u00e7\u00f5es de pagamento<\/td>\n<td valign=\"center\" width=\"491\">T\/T, L\/C<\/td>\n<\/tr>\n<tr>\n<td valign=\"center\" width=\"132\">Prazo de produ\u00e7\u00e3o<\/td>\n<td valign=\"center\" width=\"491\">20 dias \u00fateis para amostra, 25 dias para a granel<\/td>\n<\/tr>\n<tr>\n<td valign=\"center\" width=\"132\">Amostras<\/td>\n<td valign=\"center\" width=\"491\">Faixa de pre\u00e7o de amostra de $2 a $100.<br \/>\nexemplo de solicita\u00e7\u00e3o expressa paga pelos clientes<\/td>\n<\/tr>\n<tr>\n<td valign=\"center\" width=\"132\">Aplicativo<\/td>\n<td valign=\"center\" width=\"491\">1. M\u00e1quina de controle autom\u00e1tico<br \/>\n2. Ind\u00fastria de semicondutores<br \/>\n3. M\u00e1quinas industriais em geral<br \/>\n4. Equipamentos m\u00e9dicos<br \/>\n5. Equipamentos de energia solar<br \/>\n6. M\u00e1quina-ferramenta<br \/>\n7. Sistema de estacionamento<br \/>\n8. Equipamentos de transporte ferrovi\u00e1rio e a\u00e9reo de alta velocidade, etc.<\/td>\n<\/tr>\n<\/tbody>\n<\/table>\n<p><img loading=\"lazy\" decoding=\"async\" class=\"alignnone wp-image-6953\" src=\"https:\/\/fmp-components.com\/wp-content\/uploads\/2025\/03\/Sintered-Metal-bevel-gear-work.webp\" alt=\"Engrenagem c\u00f4nica de metal sinterizado\" width=\"772\" height=\"587\" title=\"\" srcset=\"https:\/\/fmp-components.com\/wp-content\/uploads\/2025\/03\/Sintered-Metal-bevel-gear-work.webp 772w, https:\/\/fmp-components.com\/wp-content\/uploads\/2025\/03\/Sintered-Metal-bevel-gear-work-480x365.webp 480w\" sizes=\"(min-width: 0px) and (max-width: 480px) 480px, (min-width: 481px) 772px, 100vw\" \/><\/p>","protected":false},"excerpt":{"rendered":"<p>About Sintered Metal bevel gears Sintered metal bevel gears are precision-engineered components made through a sintering process, where metal powders are compacted and heated to form strong, durable gears with a conical shape. These gears are widely used in various industries for their ability to transmit motion and power between intersecting shafts, typically at a [&hellip;]<\/p>","protected":false},"featured_media":6951,"comment_status":"open","ping_status":"closed","template":"","meta":{"_et_pb_use_builder":"","_et_pb_old_content":"","_et_gb_content_width":""},"product_brand":[],"product_cat":[106],"product_tag":[],"class_list":{"0":"post-6946","1":"product","2":"type-product","3":"status-publish","4":"has-post-thumbnail","6":"product_cat-bevel-gears","8":"first","9":"instock","10":"shipping-taxable","11":"product-type-simple"},"_links":{"self":[{"href":"https:\/\/fmp-components.com\/pt\/wp-json\/wp\/v2\/product\/6946","targetHints":{"allow":["GET"]}}],"collection":[{"href":"https:\/\/fmp-components.com\/pt\/wp-json\/wp\/v2\/product"}],"about":[{"href":"https:\/\/fmp-components.com\/pt\/wp-json\/wp\/v2\/types\/product"}],"replies":[{"embeddable":true,"href":"https:\/\/fmp-components.com\/pt\/wp-json\/wp\/v2\/comments?post=6946"}],"wp:featuredmedia":[{"embeddable":true,"href":"https:\/\/fmp-components.com\/pt\/wp-json\/wp\/v2\/media\/6951"}],"wp:attachment":[{"href":"https:\/\/fmp-components.com\/pt\/wp-json\/wp\/v2\/media?parent=6946"}],"wp:term":[{"taxonomy":"product_brand","embeddable":true,"href":"https:\/\/fmp-components.com\/pt\/wp-json\/wp\/v2\/product_brand?post=6946"},{"taxonomy":"product_cat","embeddable":true,"href":"https:\/\/fmp-components.com\/pt\/wp-json\/wp\/v2\/product_cat?post=6946"},{"taxonomy":"product_tag","embeddable":true,"href":"https:\/\/fmp-components.com\/pt\/wp-json\/wp\/v2\/product_tag?post=6946"}],"curies":[{"name":"wp","href":"https:\/\/api.w.org\/{rel}","templated":true}]}}