{"id":6943,"date":"2025-03-13T03:22:40","date_gmt":"2025-03-13T03:22:40","guid":{"rendered":"https:\/\/fmp-components.com\/?post_type=product&#038;p=6943"},"modified":"2025-03-27T01:33:31","modified_gmt":"2025-03-27T01:33:31","slug":"90-degree-bevel-gears","status":"publish","type":"product","link":"https:\/\/fmp-components.com\/pt\/product\/90-degree-bevel-gears\/","title":{"rendered":"Engrenagens c\u00f4nicas de 90 graus"},"content":{"rendered":"<div>\n<h2>Engrenagens c\u00f4nicas de aproximadamente 90 graus<\/h2>\n<p>90 graus <a href=\"https:\/\/fmp-components.com\/pt\/bevel-gear-2\/\">Engrenagens c\u00f4nicas<\/a> As engrenagens s\u00e3o pe\u00e7as incr\u00edveis que ajudam a transmitir energia entre duas hastes conectadas em um canto, formando um \u00e2ngulo de 90 graus. Elas est\u00e3o presentes em diversos objetos \u2014 como carros, avi\u00f5es, m\u00e1quinas enormes e at\u00e9 rob\u00f4s \u2014 porque s\u00e3o excelentes em transmitir energia em pequenas e precisas rota\u00e7\u00f5es. Essas engrenagens t\u00eam formato c\u00f4nico e diferentes tipos de dentes: retos, espirais ou um tipo especial chamado zerol. Isso significa que elas podem ser usadas tanto em tarefas f\u00e1ceis e lentas quanto em tarefas r\u00e1pidas e complexas, o que as torna extremamente \u00fateis na constru\u00e7\u00e3o de objetos modernos.<\/p>\n<p>Na FMP Company, fabricamos todos os tipos de engrenagens c\u00f4nicas de 90 graus, como as retas, as helicoidais e at\u00e9 mesmo conjuntos em caixas, todas robustas e de alta qualidade. Tamb\u00e9m podemos fabric\u00e1-las exatamente como voc\u00ea precisa, com o n\u00famero ideal de dentes, o material certo (como metal ou pl\u00e1stico) e o tamanho que voc\u00ea necessita. Se voc\u00ea n\u00e3o encontrar a engrenagem que procura em nossa lista, n\u00e3o se preocupe \u2014 significa apenas que ainda n\u00e3o a adicionamos. Basta nos enviar um e-mail informando suas necessidades e nossos engenheiros responder\u00e3o em 24 horas com uma \u00f3tima solu\u00e7\u00e3o para o seu projeto!<\/p>\n<table style=\"width: 100%;\" border=\"0\" width=\"100%\" cellspacing=\"0\" cellpadding=\"0\">\n<tbody>\n<tr style=\"height: 14.40pt;\">\n<td style=\"height: 14.4pt; width: 50.6281%;\" align=\"right\" width=\"80\" height=\"24\"><img loading=\"lazy\" decoding=\"async\" class=\"alignnone wp-image-6949\" src=\"https:\/\/fmp-components.com\/wp-content\/uploads\/2025\/03\/90-degree-bevel-gears-maintain.webp\" alt=\"engrenagens c\u00f4nicas de 90 graus - manuten\u00e7\u00e3o\" width=\"413\" height=\"413\" title=\"\"><\/td>\n<td style=\"width: 49.2462%;\" align=\"right\" width=\"154\"><img loading=\"lazy\" decoding=\"async\" class=\"alignnone wp-image-6950\" src=\"https:\/\/fmp-components.com\/wp-content\/uploads\/2025\/03\/90-degree-bevel-gears-advantages.webp\" alt=\"Engrenagens c\u00f4nicas de 90 graus\" width=\"392\" height=\"392\" title=\"\"><\/td>\n<\/tr>\n<\/tbody>\n<\/table>\n<\/div>\n<h3>1. Engrenagem C\u00f4nica Reta Padr\u00e3o \u2013 Modelo A<\/h3>\n<table style=\"width: 100%;\" border=\"1\" width=\"100%\" cellspacing=\"0\" cellpadding=\"0\">\n<tbody>\n<tr style=\"height: 57.60pt;\">\n<td class=\"et2\" style=\"height: 57.60pt; width: 106.80pt;\" width=\"178\" height=\"96\"><strong>Nome do modelo<\/strong><\/td>\n<td class=\"et2\" style=\"width: 49.80pt;\" width=\"83\"><strong>M\u00f3dulo<\/strong><\/td>\n<td class=\"et2\" style=\"width: 48.00pt;\" width=\"80\"><strong>Contagem de dentes<\/strong><\/td>\n<td class=\"et2\" style=\"width: 92.40pt;\" width=\"154\"><strong>Raz\u00e3o<\/strong><\/td>\n<td class=\"et2\" style=\"width: 48.00pt;\" width=\"80\"><strong>Di\u00e2metro do furo do eixo<\/strong><\/td>\n<td class=\"et2\" style=\"width: 91.80pt;\" width=\"153\"><strong>Material<\/strong><\/td>\n<td class=\"et2\" style=\"width: 48.00pt;\" width=\"80\"><strong>\u00c2ngulo de press\u00e3o<\/strong><\/td>\n<td class=\"et2\" style=\"width: 86.40pt;\" width=\"144\"><strong>Di\u00e2metro externo<\/strong><\/td>\n<td class=\"et2\" style=\"width: 115.20pt;\" width=\"192\"><strong>Dureza da superf\u00edcie do dente<\/strong><\/td>\n<td class=\"et2\" style=\"width: 60.60pt;\" width=\"101\"><strong>Velocidade m\u00e1xima<\/strong><\/td>\n<td class=\"et2\" style=\"width: 108.60pt;\" width=\"181\"><strong>Aplicativo<\/strong><\/td>\n<\/tr>\n<tr style=\"height: 14.40pt;\">\n<td style=\"height: 14.40pt;\" height=\"24\">Engrenagem C\u00f4nica Reta A<\/td>\n<td align=\"right\">1<\/td>\n<td align=\"right\">20<\/td>\n<td>1:1 (Engrenagem de Mitra)<\/td>\n<td>10 mm<\/td>\n<td>A\u00e7o carbono 45#<\/td>\n<td>20\u00b0<\/td>\n<td>22 mm<\/td>\n<td>Endurecido (HRC 40-45)<\/td>\n<td>1000 RPM<\/td>\n<td>M\u00e1quinas de baixa velocidade<\/td>\n<\/tr>\n<\/tbody>\n<\/table>\n<h3>2. Engrenagem C\u00f4nica Reta Padr\u00e3o \u2013 Modelo B<\/h3>\n<table style=\"width: 100%;\" border=\"1\" width=\"100%\" cellspacing=\"0\" cellpadding=\"0\">\n<tbody>\n<tr style=\"height: 57.60pt;\">\n<td class=\"et2\" style=\"height: 57.60pt; width: 106.80pt;\" width=\"178\" height=\"96\"><strong>Nome do modelo<\/strong><\/td>\n<td class=\"et2\" style=\"width: 49.80pt;\" width=\"83\"><strong>M\u00f3dulo<\/strong><\/td>\n<td class=\"et2\" style=\"width: 48.00pt;\" width=\"80\"><strong>Contagem de dentes<\/strong><\/td>\n<td class=\"et2\" style=\"width: 92.40pt;\" width=\"154\"><strong>Raz\u00e3o<\/strong><\/td>\n<td class=\"et2\" style=\"width: 48.00pt;\" width=\"80\"><strong>Di\u00e2metro do furo do eixo<\/strong><\/td>\n<td class=\"et2\" style=\"width: 91.80pt;\" width=\"153\"><strong>Material<\/strong><\/td>\n<td class=\"et2\" style=\"width: 48.00pt;\" width=\"80\"><strong>\u00c2ngulo de press\u00e3o<\/strong><\/td>\n<td class=\"et2\" style=\"width: 86.40pt;\" width=\"144\"><strong>Di\u00e2metro externo<\/strong><\/td>\n<td class=\"et2\" style=\"width: 115.20pt;\" width=\"192\"><strong>Dureza da superf\u00edcie do dente<\/strong><\/td>\n<td class=\"et2\" style=\"width: 60.60pt;\" width=\"101\"><strong>Velocidade m\u00e1xima<\/strong><\/td>\n<td class=\"et2\" style=\"width: 108.60pt;\" width=\"181\"><strong>Aplicativo<\/strong><\/td>\n<\/tr>\n<tr style=\"height: 14.40pt;\">\n<td style=\"height: 14.40pt;\" height=\"24\">Engrenagem c\u00f4nica reta B<\/td>\n<td align=\"right\">2<\/td>\n<td align=\"right\">30<\/td>\n<td class=\"et3\" align=\"right\">2:01<\/td>\n<td>14 mm<\/td>\n<td>A\u00e7o inoxid\u00e1vel<\/td>\n<td>20\u00b0<\/td>\n<td>64 mm<\/td>\n<td>Endurecido (HRC 45-50)<\/td>\n<td>800 RPM<\/td>\n<td>transmiss\u00f5es de servi\u00e7o m\u00e9dio<\/td>\n<\/tr>\n<\/tbody>\n<\/table>\n<h3>3. Engrenagem C\u00f4nica Espiral \u2013 Modelo C<\/h3>\n<table style=\"width: 100%;\" border=\"1\" width=\"100%\" cellspacing=\"0\" cellpadding=\"0\">\n<thead class=\"border-b border-primary\/20\">\n<tr class=\"border-primary\/10\">\n<th class=\"break-words\">Nome do modelo<\/th>\n<th class=\"break-words\">M\u00f3dulo<\/th>\n<th class=\"break-words\">Contagem de dentes<\/th>\n<th class=\"break-words\">Raz\u00e3o<\/th>\n<th class=\"break-words\">Di\u00e2metro do furo do eixo<\/th>\n<th class=\"break-words\">Material<\/th>\n<th class=\"break-words\">\u00c2ngulo de press\u00e3o<\/th>\n<th class=\"break-words\">Di\u00e2metro externo<\/th>\n<th class=\"break-words\">Dureza da superf\u00edcie do dente<\/th>\n<th class=\"break-words\">Retalia\u00e7\u00e3o<\/th>\n<th class=\"break-words\">Velocidade m\u00e1xima<\/th>\n<th class=\"break-words\">Aplicativo<\/th>\n<\/tr>\n<\/thead>\n<tbody>\n<tr class=\"border-primary\/10\">\n<td class=\"break-words\">Engrenagem C\u00f4nica Espiral C<\/td>\n<td class=\"break-words\">1.5<\/td>\n<td class=\"break-words\">25<\/td>\n<td class=\"break-words\">1:1<\/td>\n<td class=\"break-words\">12 mm<\/td>\n<td class=\"break-words\">A\u00e7o Carburizado<\/td>\n<td class=\"break-words\">20\u00b0<\/td>\n<td class=\"break-words\">40 mm<\/td>\n<td class=\"break-words\">Endurecido (HRC 50-55)<\/td>\n<td class=\"break-words\">5-10 minutos de arco<\/td>\n<td class=\"break-words\">2000 RPM<\/td>\n<td class=\"break-words\">Rob\u00f3tica de alta velocidade<\/td>\n<\/tr>\n<\/tbody>\n<\/table>\n<h4>4. Engrenagem C\u00f4nica Espiral \u2013 Modelo D<\/h4>\n<table style=\"width: 100%;\" border=\"1\" width=\"100%\" cellspacing=\"0\" cellpadding=\"0\">\n<tbody>\n<tr style=\"height: 57.60pt;\">\n<td class=\"et2\" style=\"height: 57.60pt; width: 106.80pt;\" width=\"178\" height=\"96\"><strong>Nome do modelo<\/strong><\/td>\n<td class=\"et2\" style=\"width: 49.80pt;\" width=\"83\"><strong>M\u00f3dulo<\/strong><\/td>\n<td class=\"et2\" style=\"width: 48.00pt;\" width=\"80\"><strong>Contagem de dentes<\/strong><\/td>\n<td class=\"et2\" style=\"width: 92.40pt;\" width=\"154\"><strong>Raz\u00e3o<\/strong><\/td>\n<td class=\"et2\" style=\"width: 48.00pt;\" width=\"80\"><strong>Di\u00e2metro do furo do eixo<\/strong><\/td>\n<td class=\"et2\" style=\"width: 91.80pt;\" width=\"153\"><strong>Material<\/strong><\/td>\n<td class=\"et2\" style=\"width: 48.00pt;\" width=\"80\"><strong>\u00c2ngulo de press\u00e3o<\/strong><\/td>\n<td class=\"et2\" style=\"width: 86.40pt;\" width=\"144\"><strong>Di\u00e2metro externo<\/strong><\/td>\n<td class=\"et2\" style=\"width: 115.20pt;\" width=\"192\"><strong>Dureza da superf\u00edcie do dente<\/strong><\/td>\n<td class=\"et2\" style=\"width: 60.60pt;\" width=\"101\"><strong>Retalia\u00e7\u00e3o<\/strong><\/td>\n<td class=\"et2\" style=\"width: 108.60pt;\" width=\"181\"><strong>Velocidade m\u00e1xima<\/strong><\/td>\n<td class=\"et2\" style=\"width: 48.00pt;\" width=\"80\"><strong>Aplicativo<\/strong><\/td>\n<\/tr>\n<tr style=\"height: 14.40pt;\">\n<td style=\"height: 14.40pt;\" height=\"24\">Engrenagem C\u00f4nica Espiral D<\/td>\n<td align=\"right\">3<\/td>\n<td align=\"right\">40<\/td>\n<td>1.5:1<\/td>\n<td>16 mm<\/td>\n<td>A\u00e7o temperado<\/td>\n<td>20\u00b0<\/td>\n<td>126 mm<\/td>\n<td>Endurecido (HRC 55-60)<\/td>\n<td>3-8 minutos de arco<\/td>\n<td>1500 RPM<\/td>\n<td>m\u00e1quinas pesadas<\/td>\n<\/tr>\n<\/tbody>\n<\/table>\n<h3>5. Caixa de Engrenagens C\u00f4nicas de 90 Graus \u2013 Modelo E (Sa\u00edda \u00danica)<\/h3>\n<table style=\"width: 100%; height: 57px;\" border=\"1\" width=\"100%\" cellspacing=\"0\" cellpadding=\"0\">\n<tbody>\n<tr style=\"height: 43.20pt;\">\n<td class=\"et2\" style=\"height: 43px; width: 106.8pt;\" width=\"178\" height=\"72\"><strong>Nome do modelo<\/strong><\/td>\n<td class=\"et2\" style=\"width: 49.8pt; height: 43px;\" width=\"83\"><strong>Tipo<\/strong><\/td>\n<td class=\"et2\" style=\"width: 48pt; height: 43px;\" width=\"80\"><strong>M\u00f3dulo<\/strong><\/td>\n<td class=\"et2\" style=\"width: 92.4pt; height: 43px;\" width=\"154\"><strong>Contagem de dentes<\/strong><\/td>\n<td class=\"et2\" style=\"width: 48pt; height: 43px;\" width=\"80\"><strong>Raz\u00e3o<\/strong><\/td>\n<td class=\"et2\" style=\"width: 91.8pt; height: 43px;\" width=\"153\"><strong>Di\u00e2metro do eixo<\/strong><\/td>\n<td class=\"et2\" style=\"width: 48pt; height: 43px;\" width=\"80\"><strong>Material da caixa<\/strong><\/td>\n<td class=\"et2\" style=\"width: 86.4pt; height: 43px;\" width=\"144\"><strong>Torque de sa\u00edda nominal<\/strong><\/td>\n<td class=\"et2\" style=\"width: 115.2pt; height: 43px;\" width=\"192\"><strong>Velocidade m\u00e1xima<\/strong><\/td>\n<td class=\"et2\" style=\"width: 60.6pt; height: 43px;\" width=\"101\"><strong>Classifica\u00e7\u00e3o de prote\u00e7\u00e3o<\/strong><\/td>\n<td class=\"et2\" style=\"width: 108.6pt; height: 43px;\" width=\"181\"><strong>Peso<\/strong><\/td>\n<td class=\"et2\" style=\"width: 48pt; height: 43px;\" width=\"80\"><strong>Aplicativo<\/strong><\/td>\n<\/tr>\n<tr style=\"height: 14.40pt;\">\n<td style=\"height: 14px;\" height=\"24\">Caixa de engrenagens c\u00f4nicas E<\/td>\n<td style=\"height: 14px;\">Eixo de sa\u00edda \u00fanico<\/td>\n<td style=\"height: 14px;\" align=\"right\">1<\/td>\n<td style=\"height: 14px;\" align=\"right\">20<\/td>\n<td class=\"et3\" style=\"height: 14px;\" align=\"right\">1:01<\/td>\n<td style=\"height: 14px;\">8 mm<\/td>\n<td style=\"height: 14px;\">Alum\u00ednio fundido<\/td>\n<td style=\"height: 14px;\">50 Nm<\/td>\n<td style=\"height: 14px;\">1800 RPM<\/td>\n<td style=\"height: 14px;\">IP65<\/td>\n<td style=\"height: 14px;\">0,8 kg<\/td>\n<td style=\"height: 14px;\">projetos mec\u00e2nicos fa\u00e7a voc\u00ea mesmo<\/td>\n<\/tr>\n<\/tbody>\n<\/table>\n<h3>6. Caixa de Engrenagens C\u00f4nicas de 90 Graus \u2013 Modelo F (Sa\u00edda Dupla)<\/h3>\n<table style=\"width: 100%;\" border=\"1\" width=\"100%\" cellspacing=\"0\" cellpadding=\"0\">\n<thead class=\"border-b border-primary\/20\">\n<tr class=\"border-primary\/10\">\n<th class=\"break-words\">Nome do modelo<\/th>\n<th class=\"break-words\">Tipo<\/th>\n<th class=\"break-words\">M\u00f3dulo<\/th>\n<th class=\"break-words\">Contagem de dentes<\/th>\n<th class=\"break-words\">Raz\u00e3o<\/th>\n<th class=\"break-words\">Di\u00e2metro do eixo<\/th>\n<th class=\"break-words\">Material da caixa<\/th>\n<th class=\"break-words\">Torque de sa\u00edda nominal<\/th>\n<th class=\"break-words\">Velocidade m\u00e1xima<\/th>\n<th class=\"break-words\">Classifica\u00e7\u00e3o de prote\u00e7\u00e3o<\/th>\n<th class=\"break-words\">Peso<\/th>\n<th class=\"break-words\">Aplicativo<\/th>\n<\/tr>\n<\/thead>\n<tbody>\n<tr class=\"border-primary\/10\">\n<td class=\"break-words\">Caixa de engrenagens c\u00f4nicas F<\/td>\n<td class=\"break-words\">Eixo de sa\u00edda duplo<\/td>\n<td class=\"break-words\">2<\/td>\n<td class=\"break-words\">30<\/td>\n<td class=\"break-words\">2:1<\/td>\n<td class=\"break-words\">12 mm<\/td>\n<td class=\"break-words\">Alum\u00ednio niquelado<\/td>\n<td class=\"break-words\">120 Nm<\/td>\n<td class=\"break-words\">1200 RPM<\/td>\n<td class=\"break-words\">IP67<\/td>\n<td class=\"break-words\">1,5 kg<\/td>\n<td class=\"break-words\">transportadores industriais<\/td>\n<\/tr>\n<\/tbody>\n<\/table>\n<h3>7. Engrenagem C\u00f4nica Reta Padr\u00e3o \u2013 Modelo G<\/h3>\n<table style=\"width: 100%;\" border=\"1\" width=\"100%\" cellspacing=\"0\" cellpadding=\"0\">\n<thead class=\"border-b border-primary\/20\">\n<tr class=\"border-primary\/10\">\n<th class=\"break-words\">Nome do modelo<\/th>\n<th class=\"break-words\">M\u00f3dulo<\/th>\n<th class=\"break-words\">Contagem de dentes<\/th>\n<th class=\"break-words\">Raz\u00e3o<\/th>\n<th class=\"break-words\">Di\u00e2metro do furo do eixo<\/th>\n<th class=\"break-words\">Material<\/th>\n<th class=\"break-words\">\u00c2ngulo de press\u00e3o<\/th>\n<th class=\"break-words\">Di\u00e2metro externo<\/th>\n<th class=\"break-words\">Dureza da superf\u00edcie do dente<\/th>\n<th class=\"break-words\">Velocidade m\u00e1xima<\/th>\n<th class=\"break-words\">Aplicativo<\/th>\n<\/tr>\n<\/thead>\n<tbody>\n<tr class=\"border-primary\/10\">\n<td class=\"break-words\">Engrenagem c\u00f4nica reta G<\/td>\n<td class=\"break-words\">2.5<\/td>\n<td class=\"break-words\">16<\/td>\n<td class=\"break-words\">1:1 (Engrenagem de Mitra)<\/td>\n<td class=\"break-words\">12 mm<\/td>\n<td class=\"break-words\">Alum\u00ednio<\/td>\n<td class=\"break-words\">14,5\u00b0<\/td>\n<td class=\"break-words\">42 mm<\/td>\n<td class=\"break-words\">N\u00e3o endurecido<\/td>\n<td class=\"break-words\">900 RPM<\/td>\n<td class=\"break-words\">Sistemas leves<\/td>\n<\/tr>\n<\/tbody>\n<\/table>\n<h3>8. Engrenagem C\u00f4nica Espiral \u2013 Modelo H<\/h3>\n<table style=\"width: 100%;\" border=\"1\" width=\"100%\" cellspacing=\"0\" cellpadding=\"0\">\n<tbody>\n<tr style=\"height: 57.60pt;\">\n<td class=\"et2\" style=\"height: 57.60pt; width: 106.80pt;\" width=\"178\" height=\"96\"><strong>Nome do modelo<\/strong><\/td>\n<td class=\"et2\" style=\"width: 49.80pt;\" width=\"83\"><strong>M\u00f3dulo<\/strong><\/td>\n<td class=\"et2\" style=\"width: 48.00pt;\" width=\"80\"><strong>Contagem de dentes<\/strong><\/td>\n<td class=\"et2\" style=\"width: 92.40pt;\" width=\"154\"><strong>Raz\u00e3o<\/strong><\/td>\n<td class=\"et2\" style=\"width: 48.00pt;\" width=\"80\"><strong>Di\u00e2metro do furo do eixo<\/strong><\/td>\n<td class=\"et2\" style=\"width: 91.80pt;\" width=\"153\"><strong>Material<\/strong><\/td>\n<td class=\"et2\" style=\"width: 48.00pt;\" width=\"80\"><strong>\u00c2ngulo de press\u00e3o<\/strong><\/td>\n<td class=\"et2\" style=\"width: 86.40pt;\" width=\"144\"><strong>Di\u00e2metro externo<\/strong><\/td>\n<td class=\"et2\" style=\"width: 115.20pt;\" width=\"192\"><strong>Dureza da superf\u00edcie do dente<\/strong><\/td>\n<td class=\"et2\" style=\"width: 60.60pt;\" width=\"101\"><strong>Retalia\u00e7\u00e3o<\/strong><\/td>\n<td class=\"et2\" style=\"width: 108.60pt;\" width=\"181\"><strong>Velocidade m\u00e1xima<\/strong><\/td>\n<td class=\"et2\" style=\"width: 48.00pt;\" width=\"80\"><strong>Aplicativo<\/strong><\/td>\n<\/tr>\n<tr style=\"height: 14.40pt;\">\n<td style=\"height: 14.40pt;\" height=\"24\">Engrenagem C\u00f4nica Espiral H<\/td>\n<td align=\"right\">2.5<\/td>\n<td align=\"right\">35<\/td>\n<td class=\"et3\" align=\"right\">2:01<\/td>\n<td>14 mm<\/td>\n<td>A\u00e7o Carburizado<\/td>\n<td>20\u00b0<\/td>\n<td>90 mm<\/td>\n<td>Endurecido (HRC 50-55)<\/td>\n<td>4-12 minutos de arco<\/td>\n<td>1800 RPM<\/td>\n<td>Diferenciais automotivos<\/td>\n<\/tr>\n<\/tbody>\n<\/table>\n<div>\n<h3>Caracter\u00edsticas das engrenagens c\u00f4nicas de 90 graus<\/h3>\n<p class=\"break-words\">Engrenagens c\u00f4nicas de 90 graus s\u00e3o engrenagens especiais em formato de cone que transmitem pot\u00eancia entre dois eixos que se encontram em um \u00e2ngulo de 90 graus, como uma quina. Elas podem ser encontradas em carros, avi\u00f5es e m\u00e1quinas. Existem dois tipos principais: as engrenagens c\u00f4nicas retas t\u00eam dentes simples e retos e funcionam bem para aplica\u00e7\u00f5es mais lentas, como em impressoras, mas n\u00e3o podem ser polidas ap\u00f3s serem endurecidas pelo calor. As engrenagens c\u00f4nicas helicoidais t\u00eam dentes curvos que se torcem, tornando-as mais silenciosas e melhores para aplica\u00e7\u00f5es r\u00e1pidas ou pesadas, como em motores de carros. Elas podem ser polidas para obter extrema precis\u00e3o. Essas engrenagens podem ser feitas de materiais resistentes como a\u00e7o ou at\u00e9 mesmo pl\u00e1stico. As engrenagens helicoidais s\u00e3o mais complexas de fabricar, mas s\u00e3o mais resistentes e est\u00e3o se tornando cada vez mais populares devido \u00e0 sua alta efici\u00eancia!<\/p>\n<\/div>","protected":false},"excerpt":{"rendered":"<p>About 90 Degree Bevel Gears 90 Degree Bevel Gears are awesome parts that help pass energy between two rods that connect at a corner, making a 90-degree angle. You can find them in lots of things\u2014like cars, planes, huge machines, and even robots\u2014because they\u2019re really good at sending energy in small, careful twists. These gears [&hellip;]<\/p>","protected":false},"featured_media":6944,"comment_status":"open","ping_status":"closed","template":"","meta":{"_et_pb_use_builder":"","_et_pb_old_content":"","_et_gb_content_width":""},"product_brand":[],"product_cat":[91,106],"product_tag":[],"class_list":{"0":"post-6943","1":"product","2":"type-product","3":"status-publish","4":"has-post-thumbnail","6":"product_cat-gear-racks","7":"product_cat-bevel-gears","9":"first","10":"instock","11":"shipping-taxable","12":"product-type-simple"},"_links":{"self":[{"href":"https:\/\/fmp-components.com\/pt\/wp-json\/wp\/v2\/product\/6943","targetHints":{"allow":["GET"]}}],"collection":[{"href":"https:\/\/fmp-components.com\/pt\/wp-json\/wp\/v2\/product"}],"about":[{"href":"https:\/\/fmp-components.com\/pt\/wp-json\/wp\/v2\/types\/product"}],"replies":[{"embeddable":true,"href":"https:\/\/fmp-components.com\/pt\/wp-json\/wp\/v2\/comments?post=6943"}],"wp:featuredmedia":[{"embeddable":true,"href":"https:\/\/fmp-components.com\/pt\/wp-json\/wp\/v2\/media\/6944"}],"wp:attachment":[{"href":"https:\/\/fmp-components.com\/pt\/wp-json\/wp\/v2\/media?parent=6943"}],"wp:term":[{"taxonomy":"product_brand","embeddable":true,"href":"https:\/\/fmp-components.com\/pt\/wp-json\/wp\/v2\/product_brand?post=6943"},{"taxonomy":"product_cat","embeddable":true,"href":"https:\/\/fmp-components.com\/pt\/wp-json\/wp\/v2\/product_cat?post=6943"},{"taxonomy":"product_tag","embeddable":true,"href":"https:\/\/fmp-components.com\/pt\/wp-json\/wp\/v2\/product_tag?post=6943"}],"curies":[{"name":"wp","href":"https:\/\/api.w.org\/{rel}","templated":true}]}}